{"id":910,"date":"2023-09-07T07:04:26","date_gmt":"2023-09-07T07:04:26","guid":{"rendered":"https:\/\/tongkholaptop.vn\/sanpham\/laptop-dell-latitude-e5570-i5-8g-ssd128-fhd-15-6\/"},"modified":"2023-09-07T10:35:36","modified_gmt":"2023-09-07T10:35:36","slug":"laptop-dell-latitude-e5570-i5-8g-ssd128-fhd-15-6","status":"publish","type":"product","link":"https:\/\/tongkholaptop.vn\/?product=laptop-dell-latitude-e5570-i5-8g-ssd128-fhd-15-6","title":{"rendered":"Laptop Dell Latitude E5570 i5\/8G\/SSD128\/FHD 15.6"},"content":{"rendered":"<\/p>\n<div id=\"protab0\" class=\"pro-tabcontent\">\n<h3><strong><span>Dell Latitude E5570 &#8211; Ultrabook si\u00eau b\u1ec1n<\/span><\/strong><\/h3>\n<p><span>Dell Latitude E5570 l\u00e0 m\u1ed9t chi\u1ebfc laptop d\u00e0nh cho doanh nh\u00e2n v\u1edbi c\u1ea5u h\u00ecnh \u0111\u1ee7 t\u1ed1t \u0111\u1ec3 c\u00f3 th\u1ec3 l\u00e0m c\u00e1c t\u00e1c v\u1ee5 c\u01a1 b\u1ea3n v\u1edbi t\u1ed1c \u0111\u1ed9 nhanh v\u00e0 h\u01a1n h\u1ebft \u0111\u00f3 l\u00e0 s\u1ef1 b\u1ec1n b\u1ec9 theo n\u0103m th\u00e1ng<\/span><\/p>\n<p><img decoding=\"async\" src=\"https:\/\/tongkholaptop.vn\/wp-content\/uploads\/2023\/09\/5570-2_50435c37e48e46769427252e4836a2ce_grande.jpg\" title=\"5570-2_50435c37e48e46769427252e4836a2ce_grande\" srcset=\"https:\/\/tongkholaptop.vn\/wp-content\/uploads\/2023\/09\/5570-2_50435c37e48e46769427252e4836a2ce_grande-296x300.jpg 296w, https:\/\/tongkholaptop.vn\/wp-content\/uploads\/2023\/09\/5570-2_50435c37e48e46769427252e4836a2ce_grande-100x100.jpg 100w, https:\/\/tongkholaptop.vn\/wp-content\/uploads\/2023\/09\/5570-2_50435c37e48e46769427252e4836a2ce_grande.jpg 592w\">\u00a0<\/p>\n<p><strong><span>Thi\u1ebft k\u1ebf <\/span><\/strong><\/p>\n<p><span>M\u00e1y v\u1eabn \u0111\u01b0\u1ee3c s\u1eed d\u1ee5ng thi\u1ebft k\u1ebf ph\u1ed5 bi\u1ebfn, th\u01b0\u1eddng th\u1ea5y c\u1ee7a d\u00f2ng Latitude. M\u1eb7t tr\u00ean c\u1ee7a v\u1ecf m\u00e1y c\u00f3 m\u00e0u \u0111en nh\u00e1m k\u1ebft h\u1ee3p v\u1edbi \u0111\u01b0\u1eddng vi\u1ec1n m\u00e0u b\u1ea1c t\u1ea1o cho ng\u01b0\u1eddi d\u00f9ng c\u1ea3m gi\u00e1c tinh t\u1ebf, thanh l\u1ecbch m\u00e0 kh\u00f4ng c\u1ea7n s\u1ef1 c\u1ea7u k\u1ef3. Tuy nhi\u00ean b\u1ec1 m\u1eb7t c\u1ee7a m\u00e1y l\u1ea1i kh\u00e1 b\u00e1m v\u00e2n tay.<\/span><\/p>\n<p><\/p>\n<p><span>Chi\u1ebfc m\u00e1y n\u00e0y ch\u1ec9 n\u1eb7ng 1,9kg m\u00e0 th\u00f4i tuy nhi\u00ean khi c\u1ea7m m\u00e1y l\u00ean m\u1edbi c\u1ea3m nh\u1eadn \u0111\u01b0\u1ee3c s\u1ef1 ch\u1eafc ch\u1eafn, ki\u00ean c\u1ed1. Ph\u1ea7n khung v\u00e0 b\u1ea3n l\u1ec1 c\u1ee7a m\u00e1y \u0111\u01b0\u1ee3c Dell ho\u00e0n thi\u1ec7n kh\u00e1 t\u1ed1t.<\/span><\/p>\n<p><span>N\u00f3i v\u1ec1 Dell th\u00ec b\u1ea1n s\u1ebd ho\u00e0n to\u00e0n y\u00ean t\u00e2m v\u1ec1 \u0111\u1ed9 b\u1ec1n b\u1ec9 c\u1ee7a em n\u00f3 k\u1ebft h\u1ee3p v\u1edbi tr\u1ecdng l\u01b0\u1ee3ng kh\u00e1 nh\u1eb9 n\u00ean r\u1ea5t d\u1ec5 d\u00e0ng trong qu\u00e1 tr\u00ecnh di chuy\u1ec3n, n\u00ean b\u1ea1n c\u00f3 th\u1ec3 mang em n\u00f3 \u0111i kh\u1eafp n\u01a1i m\u00e0 kh\u00f4ng c\u1ea7n qu\u00e1 lo l\u1eafng \u0111\u00e2u nh\u00e9.<\/span><\/p>\n<p>\u00a0<\/p>\n<p><strong><span>M\u00e0n h\u00ecnh<\/span><\/strong><\/p>\n<p><span>Dell Latitude 5570 Full HD 1920&#215;1080 pixels. \u0110\u1ed9 s\u00e1ng tr\u00ean m\u00e0n h\u00ecnh \u0111o \u0111\u01b0\u1ee3c l\u00e0 322 lux, \u0111\u00e2y l\u00e0 \u0111i\u1ec3m s\u1ed1 kh\u00e1 cao n\u00ean vi\u1ec7c s\u1eed d\u1ee5ng m\u00e1y \u1edf ngo\u00e0i tr\u1eddi l\u00e0 kh\u00f4ng th\u00e0nh v\u1ea5n \u0111\u1ec1. <\/span><\/p>\n<p><span>M\u00e0n h\u00ecnh hi\u1ec3n th\u1ecb m\u00e0u s\u1eafc r\u1ea5t trung th\u1ef1c v\u00e0 \u1ea5n t\u01b0\u1ee3ng. C\u00e1c d\u1ea3i m\u00e0u r\u00f5 r\u00e0ng, t\u01b0\u01a1i s\u00e1ng. Ch\u1ea5t l\u01b0\u1ee3ng h\u00ecnh \u1ea3nh hi\u1ec3n th\u1ecb r\u1ea5t s\u1eafc n\u00e9t. \u0110\u1ed9 t\u01b0\u01a1ng ph\u1ea3n kh\u00e1 t\u1ed1t gi\u00fap cho h\u00ecnh \u1ea3nh s\u1ed1ng \u0111\u1ed9ng v\u00e0 c\u00f3 chi\u1ec1u s\u00e2u, \u0111i\u1ec1u ki\u1ec7n l\u00fd t\u01b0\u1edfng khi l\u00e0m vi\u1ec7c v\u0103n ph\u00f2ng hay xem phim.<\/span><\/p>\n<p><\/p>\n<p><\/p>\n<p><strong><span>B\u00e0n ph\u00edm v\u00e0 touchpad<\/span><\/strong><\/p>\n<p><span>B\u00e0n ph\u00edm tr\u00ean Dell Latitude 5570 c\u00f3 k\u00edch th\u01b0\u1edbc l\u1edbn v\u00e0 bao g\u1ed3m b\u00e0n ph\u00edm s\u1ed1. C\u00e1c ph\u00edm c\u00e1ch nhau r\u1ed9ng r\u00e3i tho\u1ea3i m\u00e1i v\u00e0 gi\u00fap h\u1ea1n ch\u1ebf nh\u1ea7m l\u1eabn khi b\u1ea5m. \u0110\u1ed9 ph\u1ea3n h\u1ed3i c\u1ee7a ph\u00edm v\u1eeba ph\u1ea3i v\u00e0 ch\u00ednh x\u00e1c \u0111em l\u1ea1i c\u1ea3m gi\u00e1c b\u1ea5m t\u1ed1t. B\u00e0n ph\u00edm \u0111\u01b0\u1ee3c trang b\u1ecb \u0111\u00e8n n\u1ec1n t\u0103ng c\u1ea3m gi\u00e1c sang tr\u1ecdng v\u00e0 gi\u00fap tr\u1ea3i nghi\u1ec7m \u0111\u00e1nh m\u00e1y d\u1ec5 d\u00e0ng h\u01a1n. Dell c\u0169ng kh\u00f4ng qu\u00ean c\u1ea3i ti\u1ebfn n\u00fat track-point gi\u1eefa b\u00e0n ph\u00edm b\u1eb1ng c\u00e1ch th\u00eam v\u00e0o 1 l\u1edbp cao su gi\u00fap c\u1ea3m gi\u00e1c tay th\u1eadt h\u01a1n v\u00e0 ch\u00ednh x\u00e1c h\u01a1n.<\/span><\/p>\n<p><\/p>\n<p><span>Touchpad c\u1ee7a Dell Latitude 5570 c\u0169ng r\u1ea5t t\u1ed1t. M\u1eb7c d\u00f9 k\u00edch th\u01b0\u1edbc kh\u00f4ng \u0111\u01b0\u1ee3c l\u1edbn l\u1eafm nh\u01b0ng \u0111\u01b0\u1ee3c trang b\u1ecb 2 h\u00e0ng n\u00fat v\u1eadt l\u00fd b\u00ean tr\u00ean v\u00e0 b\u00ean d\u01b0\u1edbi r\u1ea5t ti\u1ec7n d\u1ee5ng. Touchpad ph\u1ea3n h\u1ed3i nhanh v\u00e0 di chuy\u1ec3n m\u01b0\u1ee3t m\u00e0.<\/span><\/p>\n<p><img decoding=\"async\" src=\"https:\/\/tongkholaptop.vn\/wp-content\/uploads\/2023\/09\/5570_95415ca7b65145ef85648f51758ad1b6_grande.jpg\" title=\"5570_95415ca7b65145ef85648f51758ad1b6_grande\" srcset=\"https:\/\/tongkholaptop.vn\/wp-content\/uploads\/2023\/09\/5570_95415ca7b65145ef85648f51758ad1b6_grande-296x300.jpg 296w, https:\/\/tongkholaptop.vn\/wp-content\/uploads\/2023\/09\/5570_95415ca7b65145ef85648f51758ad1b6_grande-100x100.jpg 100w, https:\/\/tongkholaptop.vn\/wp-content\/uploads\/2023\/09\/5570_95415ca7b65145ef85648f51758ad1b6_grande.jpg 592w\"><\/p>\n<p>\u00a0<\/p>\n<p><strong><span>Hi\u1ec7u n\u0103ng<\/span><\/strong><\/p>\n<p><span>Dell Latitude 5570 \u0111\u01b0\u1ee3c trang b\u1ecb chip core i5 6300U, RAM kh\u1ee7ng l\u00ean \u0111\u1ebfn 8GB. V\u1edbi c\u1ea5u h\u00ecnh n\u00e0y, m\u00e1y c\u00f3 th\u1ec3 m\u1edf 10 tab chrome kh\u00f4ng lag \u0111\u1ed3ng th\u1eddi \u0111\u1ea3m nh\u1eadn v\u00e0 th\u1ef1c thi m\u1ecdi t\u00e1c v\u1ee5 v\u0103n ph\u00f2ng m\u1ed9t c\u00e1ch m\u01b0\u1ee3t m\u00e0 v\u00e0 tr\u01a1n tru nh\u1ea5t. Ngo\u00e0i ra, khi b\u1ea1n ch\u01a1i nh\u1eefng game nh\u1eb9 nh\u00e0ng hay s\u1eed d\u1ee5ng c\u00e1c ph\u1ea7n m\u1ec1m thi\u1ebft k\u1ebf c\u01a1 b\u1ea3n tr\u00ean m\u00e1y th\u00ec m\u1ecdi th\u1ee9 v\u1eabn OK nh\u00e9.<\/span><\/p>\n<p><span>B\u1ea1n c\u00f3 th\u1ec3 tho\u1ea3i m\u00e1i l\u01b0u tr\u1eef d\u1eef li\u1ec7u m\u00e0 kh\u00f4ng lo \u0111\u1ea7y b\u1ed9 nh\u1edb v\u1edbi \u1ed5 c\u1ee9ng SSD 512GB gi\u00fap \u0111\u1ea9y nhanh t\u1ed1c \u0111\u1ed9 truy xu\u1ea5t d\u1eef li\u1ec7u v\u00e0 gi\u00fap m\u00e1y kh\u1edfi \u0111\u1ed9ng nhanh h\u01a1n, cho b\u1ea1n nh\u1eefng tr\u1ea3i nghi\u1ec7m m\u01b0\u1ee3t m\u00e0 h\u01a1n.<\/span><\/p>\n<p><\/p>\n<p><strong><span>C\u1ed5ng k\u1ebft n\u1ed1i<\/span><\/strong><\/p>\n<p><span>Dell Latitude 5570 c\u00f3 ba c\u1ed5ng USB 3.0, hai b\u00ean ph\u1ea3i v\u00e0 m\u1ed9t \u1edf m\u1eb7t sau. C\u00f3 m\u1ed9t c\u1ed5ng Thunderbolt 3 trong 1 \u1edf d\u1ea1ng USB Type-C. C\u00f3 m\u1ed9t \u0111\u1ea7u \u0111\u1ecdc th\u1ebb SD v\u00e0 \u0111\u1ea7u \u0111\u1ecdc th\u1ebb MicroSD.<\/span><\/p>\n<p><span>Dell c\u0169ng cung c\u1ea5p \u0111\u1ea7y \u0111\u1ee7 c\u1ed5ng HDMI v\u00e0 VGA tr\u00ean Dell Latitude 5570. Ngo\u00e0i ra ch\u00fang ta c\u00f3 1 jack audio v\u00e0 1 c\u1ed5ng Ethernet tr\u00ean Precision 3510. \u00a0K\u1ebft n\u1ed1i kh\u00f4ng d\u00e2y tr\u00ean Dell Latitude 5570 \u0111\u01b0\u1ee3c \u0111\u1ea3m nhi\u1ec7m b\u1edfi card m\u1ea1ng Intel Dual-Band Wireless-AC 8260 h\u1ed7 tr\u1ee3 Wifi 802.11ac v\u00e0 Bluetooth 4.1.<\/span><\/p>\n<p><img decoding=\"async\" src=\"https:\/\/tongkholaptop.vn\/wp-content\/uploads\/2023\/09\/5570-1.jpg\" title=\"5570-1\" srcset=\"https:\/\/tongkholaptop.vn\/wp-content\/uploads\/2023\/09\/5570-1-220x300.jpg 220w, https:\/\/tongkholaptop.vn\/wp-content\/uploads\/2023\/09\/5570-1.jpg 440w\">\u00a0<\/p>\n<p><\/p>\n<p><img decoding=\"async\" src=\"https:\/\/tongkholaptop.vn\/wp-content\/uploads\/2023\/09\/71780826_836735603394842_5692592006790905856_n_6921e73732564c059ad7ee983ff46c3f_grande.jpg\" title=\"71780826_836735603394842_5692592006790905856_n_6921e73732564c059ad7ee983ff46c3f_grande\" srcset=\"https:\/\/tongkholaptop.vn\/wp-content\/uploads\/2023\/09\/71780826_836735603394842_5692592006790905856_n_6921e73732564c059ad7ee983ff46c3f_grande-300x225.jpg 300w, https:\/\/tongkholaptop.vn\/wp-content\/uploads\/2023\/09\/71780826_836735603394842_5692592006790905856_n_6921e73732564c059ad7ee983ff46c3f_grande.jpg 600w\"><\/p>\n<p><strong><span>T\u1ed5ng k\u1ebft<\/span><\/strong><\/p>\n<p><span><em>\u01afu \u0111i\u1ec3m<\/em> <\/span><\/p>\n<p><span>&#8211; Thi\u1ebft k\u1ebf \u0111\u1eb9p, b\u1ec1n<\/span><\/p>\n<p><span>&#8211; B\u00e0n ph\u00edm t\u1ed1t<\/span><\/p>\n<p><span>&#8211; Hi\u1ec7u n\u0103ng m\u1ea1nh m\u1ebd so v\u1edbi m\u1ed9t chi\u1ebfc m\u00e1y v\u0103n ph\u00f2ng b\u00ecnh th\u01b0\u1eddng<\/span><\/p>\n<p><span>&#8211; Gi\u00e1 t\u1ed1t<\/span><\/p>\n<p><em><span>Nh\u01b0\u1ee3c \u0111i\u1ec3m<\/span><\/em><\/p>\n<p><span>&#8211; Loa k\u00e9m<\/span><\/p>\n<p><span>&#8211; M\u00e0n h\u00ecnh trung b\u00ecnh<\/span><\/p>\n<\/p>\n<\/div>\n","protected":false},"excerpt":{"rendered":"<div class=\"pro-short-desc\">\n<ul>\n<li><span style=\"font-size: 15pt;\"><sup><strong>B\u1ed9 vi x\u1eed l\u00fd:<\/strong>\u00a0Intel Core i5 6300U\u00a0\/ i5 6440HQ<br \/><\/sup><\/span><\/li>\n<li><span style=\"font-size: 15pt;\"><sup><strong>RAM:<\/strong>\u00a08 GB DDR4 2133Mhz \/\u00a0<strong>\u1ed4 \u0111\u0129a c\u1ee9ng:<\/strong>\u00a0SSD 128GB \/\u00a0<strong>C\u1ea1c m\u00e0n hinh:<\/strong>\u00a0Intel UHD Graphics 520<\/sup><\/span><\/li>\n<li><span style=\"font-size: 15pt;\"><sup><strong>M\u00e0n h\u00ecnh:<\/strong>\u00a0C\u1ea3m \u1ee9ng 15.6 inch FHD<\/sup><\/span><span style=\"font-size: 15pt;\"><sup><br \/><\/sup><\/span><\/li>\n<li><span style=\"font-size: 15pt;\"><sup><strong>K\u00edch th\u01b0\u1edbc:<\/strong>\u00a0<\/sup><sup>377 x 252 x 23.8 mm<br \/><\/sup><\/span><\/li>\n<li><span style=\"font-size: 15pt;\"><span style=\"font-size: 15pt;\"><sup><strong>Tr\u1ecdng l\u01b0\u1ee3ng:<\/strong>\u00a01.98 kg<\/sup><\/span><\/span>\n<p>T\u1eb7ng Full Combo b\u1ed9 qu\u00e0 Balo, Chu\u1ed9t kh\u00f4ng d\u00e2y, b\u00e0n di chu\u1ed9t&#8230; Cam k\u1ebft gi\u00e1 r\u1ebb v\u00f4 \u0111\u1ecbch<\/p>\n<p><span>B\u1ea3o H\u00e0nh: 1 \u0111\u1ed5i 1 trong v\u00f2ng 12 th\u00e1ng<\/span><\/p>\n<\/li>\n<\/ul>\n<\/div>\n","protected":false},"featured_media":911,"comment_status":"open","ping_status":"closed","template":"","meta":[],"thuong-hieu":[],"product_cat":[15,16],"product_tag":[],"class_list":{"0":"post-910","1":"product","2":"type-product","3":"status-publish","4":"has-post-thumbnail","6":"product_cat-laptop-dell","7":"product_cat-laptop-dell-cu-core-i5","9":"first","10":"instock","11":"sale","12":"taxable","13":"shipping-taxable","14":"purchasable","15":"product-type-simple"},"acf":[],"yoast_head":"<!-- This site is optimized with the Yoast SEO plugin v23.4 - https:\/\/yoast.com\/wordpress\/plugins\/seo\/ -->\n<title>Laptop Dell Latitude E5570 i5\/8G\/SSD128\/FHD 15.6 - T\u1ed5ng Kho Laptop<\/title>\n<meta name=\"robots\" content=\"index, follow, max-snippet:-1, max-image-preview:large, max-video-preview:-1\" \/>\n<link rel=\"canonical\" href=\"https:\/\/tongkholaptop.vn\/?product=laptop-dell-latitude-e5570-i5-8g-ssd128-fhd-15-6\" \/>\n<meta property=\"og:locale\" content=\"vi_VN\" \/>\n<meta property=\"og:type\" content=\"article\" \/>\n<meta property=\"og:title\" content=\"Laptop Dell Latitude E5570 i5\/8G\/SSD128\/FHD 15.6 - T\u1ed5ng Kho Laptop\" \/>\n<meta property=\"og:description\" content=\"B\u1ed9 vi x\u1eed l\u00fd:\u00a0Intel Core i5 6300U\u00a0\/ i5 6440HQRAM:\u00a08 GB DDR4 2133Mhz \/\u00a0\u1ed4 \u0111\u0129a c\u1ee9ng:\u00a0SSD 128GB \/\u00a0C\u1ea1c m\u00e0n hinh:\u00a0Intel UHD Graphics 520M\u00e0n h\u00ecnh:\u00a0C\u1ea3m \u1ee9ng 15.6 inch FHDK\u00edch th\u01b0\u1edbc:\u00a0377 x 252 x 23.8 mmTr\u1ecdng l\u01b0\u1ee3ng:\u00a01.98 kgT\u1eb7ng Full Combo b\u1ed9 qu\u00e0 Balo, Chu\u1ed9t kh\u00f4ng d\u00e2y, b\u00e0n di chu\u1ed9t... Cam k\u1ebft gi\u00e1 r\u1ebb v\u00f4 \u0111\u1ecbchB\u1ea3o H\u00e0nh: 1 \u0111\u1ed5i 1 trong v\u00f2ng 12 th\u00e1ng\" \/>\n<meta property=\"og:url\" content=\"https:\/\/tongkholaptop.vn\/?product=laptop-dell-latitude-e5570-i5-8g-ssd128-fhd-15-6\" \/>\n<meta property=\"og:site_name\" content=\"T\u1ed5ng Kho Laptop\" \/>\n<meta property=\"article:modified_time\" content=\"2023-09-07T10:35:36+00:00\" \/>\n<meta property=\"og:image\" content=\"https:\/\/tongkholaptop.vn\/wp-content\/uploads\/2023\/09\/5570_eea7350f95c04dbab35aff3017a64efc_master.jpg\" \/>\n\t<meta property=\"og:image:width\" content=\"948\" \/>\n\t<meta property=\"og:image:height\" content=\"960\" \/>\n\t<meta property=\"og:image:type\" content=\"image\/jpeg\" \/>\n<meta name=\"twitter:card\" content=\"summary_large_image\" \/>\n<meta name=\"twitter:label1\" content=\"\u01af\u1edbc t\u00ednh th\u1eddi gian \u0111\u1ecdc\" \/>\n\t<meta name=\"twitter:data1\" content=\"5 ph\u00fat\" \/>\n<script type=\"application\/ld+json\" class=\"yoast-schema-graph\">{\"@context\":\"https:\/\/schema.org\",\"@graph\":[{\"@type\":\"WebPage\",\"@id\":\"https:\/\/tongkholaptop.vn\/?product=laptop-dell-latitude-e5570-i5-8g-ssd128-fhd-15-6\",\"url\":\"https:\/\/tongkholaptop.vn\/?product=laptop-dell-latitude-e5570-i5-8g-ssd128-fhd-15-6\",\"name\":\"Laptop Dell Latitude E5570 i5\/8G\/SSD128\/FHD 15.6 - T\u1ed5ng Kho Laptop\",\"isPartOf\":{\"@id\":\"https:\/\/tongkholaptop.vn\/#website\"},\"primaryImageOfPage\":{\"@id\":\"https:\/\/tongkholaptop.vn\/?product=laptop-dell-latitude-e5570-i5-8g-ssd128-fhd-15-6#primaryimage\"},\"image\":{\"@id\":\"https:\/\/tongkholaptop.vn\/?product=laptop-dell-latitude-e5570-i5-8g-ssd128-fhd-15-6#primaryimage\"},\"thumbnailUrl\":\"https:\/\/tongkholaptop.vn\/wp-content\/uploads\/2023\/09\/5570_eea7350f95c04dbab35aff3017a64efc_master.jpg\",\"datePublished\":\"2023-09-07T07:04:26+00:00\",\"dateModified\":\"2023-09-07T10:35:36+00:00\",\"breadcrumb\":{\"@id\":\"https:\/\/tongkholaptop.vn\/?product=laptop-dell-latitude-e5570-i5-8g-ssd128-fhd-15-6#breadcrumb\"},\"inLanguage\":\"vi\",\"potentialAction\":[{\"@type\":\"ReadAction\",\"target\":[\"https:\/\/tongkholaptop.vn\/?product=laptop-dell-latitude-e5570-i5-8g-ssd128-fhd-15-6\"]}]},{\"@type\":\"ImageObject\",\"inLanguage\":\"vi\",\"@id\":\"https:\/\/tongkholaptop.vn\/?product=laptop-dell-latitude-e5570-i5-8g-ssd128-fhd-15-6#primaryimage\",\"url\":\"https:\/\/tongkholaptop.vn\/wp-content\/uploads\/2023\/09\/5570_eea7350f95c04dbab35aff3017a64efc_master.jpg\",\"contentUrl\":\"https:\/\/tongkholaptop.vn\/wp-content\/uploads\/2023\/09\/5570_eea7350f95c04dbab35aff3017a64efc_master.jpg\",\"width\":948,\"height\":960,\"caption\":\"Laptop Dell Latitude E5570 i5\/8G\/SSD128\/FHD 15.6\"},{\"@type\":\"BreadcrumbList\",\"@id\":\"https:\/\/tongkholaptop.vn\/?product=laptop-dell-latitude-e5570-i5-8g-ssd128-fhd-15-6#breadcrumb\",\"itemListElement\":[{\"@type\":\"ListItem\",\"position\":1,\"name\":\"Trang ch\u1ee7\",\"item\":\"https:\/\/tongkholaptop.vn\/\"},{\"@type\":\"ListItem\",\"position\":2,\"name\":\"T\u1ea5t c\u1ea3 s\u1ea3n ph\u1ea9m\",\"item\":\"https:\/\/tongkholaptop.vn\/collections\/all\"},{\"@type\":\"ListItem\",\"position\":3,\"name\":\"Laptop Dell Latitude E5570 i5\/8G\/SSD128\/FHD 15.6\"}]},{\"@type\":\"WebSite\",\"@id\":\"https:\/\/tongkholaptop.vn\/#website\",\"url\":\"https:\/\/tongkholaptop.vn\/\",\"name\":\"T\u1ed5ng Kho Laptop\",\"description\":\"\",\"potentialAction\":[{\"@type\":\"SearchAction\",\"target\":{\"@type\":\"EntryPoint\",\"urlTemplate\":\"https:\/\/tongkholaptop.vn\/?s={search_term_string}\"},\"query-input\":{\"@type\":\"PropertyValueSpecification\",\"valueRequired\":true,\"valueName\":\"search_term_string\"}}],\"inLanguage\":\"vi\"}]}<\/script>\n<!-- \/ Yoast SEO plugin. -->","yoast_head_json":{"title":"Laptop Dell Latitude E5570 i5\/8G\/SSD128\/FHD 15.6 - T\u1ed5ng Kho Laptop","robots":{"index":"index","follow":"follow","max-snippet":"max-snippet:-1","max-image-preview":"max-image-preview:large","max-video-preview":"max-video-preview:-1"},"canonical":"https:\/\/tongkholaptop.vn\/?product=laptop-dell-latitude-e5570-i5-8g-ssd128-fhd-15-6","og_locale":"vi_VN","og_type":"article","og_title":"Laptop Dell Latitude E5570 i5\/8G\/SSD128\/FHD 15.6 - T\u1ed5ng Kho Laptop","og_description":"B\u1ed9 vi x\u1eed l\u00fd:\u00a0Intel Core i5 6300U\u00a0\/ i5 6440HQRAM:\u00a08 GB DDR4 2133Mhz \/\u00a0\u1ed4 \u0111\u0129a c\u1ee9ng:\u00a0SSD 128GB \/\u00a0C\u1ea1c m\u00e0n hinh:\u00a0Intel UHD Graphics 520M\u00e0n h\u00ecnh:\u00a0C\u1ea3m \u1ee9ng 15.6 inch FHDK\u00edch th\u01b0\u1edbc:\u00a0377 x 252 x 23.8 mmTr\u1ecdng l\u01b0\u1ee3ng:\u00a01.98 kgT\u1eb7ng Full Combo b\u1ed9 qu\u00e0 Balo, Chu\u1ed9t kh\u00f4ng d\u00e2y, b\u00e0n di chu\u1ed9t... Cam k\u1ebft gi\u00e1 r\u1ebb v\u00f4 \u0111\u1ecbchB\u1ea3o H\u00e0nh: 1 \u0111\u1ed5i 1 trong v\u00f2ng 12 th\u00e1ng","og_url":"https:\/\/tongkholaptop.vn\/?product=laptop-dell-latitude-e5570-i5-8g-ssd128-fhd-15-6","og_site_name":"T\u1ed5ng Kho Laptop","article_modified_time":"2023-09-07T10:35:36+00:00","og_image":[{"width":948,"height":960,"url":"https:\/\/tongkholaptop.vn\/wp-content\/uploads\/2023\/09\/5570_eea7350f95c04dbab35aff3017a64efc_master.jpg","type":"image\/jpeg"}],"twitter_card":"summary_large_image","twitter_misc":{"\u01af\u1edbc t\u00ednh th\u1eddi gian \u0111\u1ecdc":"5 ph\u00fat"},"schema":{"@context":"https:\/\/schema.org","@graph":[{"@type":"WebPage","@id":"https:\/\/tongkholaptop.vn\/?product=laptop-dell-latitude-e5570-i5-8g-ssd128-fhd-15-6","url":"https:\/\/tongkholaptop.vn\/?product=laptop-dell-latitude-e5570-i5-8g-ssd128-fhd-15-6","name":"Laptop Dell Latitude E5570 i5\/8G\/SSD128\/FHD 15.6 - T\u1ed5ng Kho Laptop","isPartOf":{"@id":"https:\/\/tongkholaptop.vn\/#website"},"primaryImageOfPage":{"@id":"https:\/\/tongkholaptop.vn\/?product=laptop-dell-latitude-e5570-i5-8g-ssd128-fhd-15-6#primaryimage"},"image":{"@id":"https:\/\/tongkholaptop.vn\/?product=laptop-dell-latitude-e5570-i5-8g-ssd128-fhd-15-6#primaryimage"},"thumbnailUrl":"https:\/\/tongkholaptop.vn\/wp-content\/uploads\/2023\/09\/5570_eea7350f95c04dbab35aff3017a64efc_master.jpg","datePublished":"2023-09-07T07:04:26+00:00","dateModified":"2023-09-07T10:35:36+00:00","breadcrumb":{"@id":"https:\/\/tongkholaptop.vn\/?product=laptop-dell-latitude-e5570-i5-8g-ssd128-fhd-15-6#breadcrumb"},"inLanguage":"vi","potentialAction":[{"@type":"ReadAction","target":["https:\/\/tongkholaptop.vn\/?product=laptop-dell-latitude-e5570-i5-8g-ssd128-fhd-15-6"]}]},{"@type":"ImageObject","inLanguage":"vi","@id":"https:\/\/tongkholaptop.vn\/?product=laptop-dell-latitude-e5570-i5-8g-ssd128-fhd-15-6#primaryimage","url":"https:\/\/tongkholaptop.vn\/wp-content\/uploads\/2023\/09\/5570_eea7350f95c04dbab35aff3017a64efc_master.jpg","contentUrl":"https:\/\/tongkholaptop.vn\/wp-content\/uploads\/2023\/09\/5570_eea7350f95c04dbab35aff3017a64efc_master.jpg","width":948,"height":960,"caption":"Laptop Dell Latitude E5570 i5\/8G\/SSD128\/FHD 15.6"},{"@type":"BreadcrumbList","@id":"https:\/\/tongkholaptop.vn\/?product=laptop-dell-latitude-e5570-i5-8g-ssd128-fhd-15-6#breadcrumb","itemListElement":[{"@type":"ListItem","position":1,"name":"Trang ch\u1ee7","item":"https:\/\/tongkholaptop.vn\/"},{"@type":"ListItem","position":2,"name":"T\u1ea5t c\u1ea3 s\u1ea3n ph\u1ea9m","item":"https:\/\/tongkholaptop.vn\/collections\/all"},{"@type":"ListItem","position":3,"name":"Laptop Dell Latitude E5570 i5\/8G\/SSD128\/FHD 15.6"}]},{"@type":"WebSite","@id":"https:\/\/tongkholaptop.vn\/#website","url":"https:\/\/tongkholaptop.vn\/","name":"T\u1ed5ng Kho Laptop","description":"","potentialAction":[{"@type":"SearchAction","target":{"@type":"EntryPoint","urlTemplate":"https:\/\/tongkholaptop.vn\/?s={search_term_string}"},"query-input":{"@type":"PropertyValueSpecification","valueRequired":true,"valueName":"search_term_string"}}],"inLanguage":"vi"}]}},"_links":{"self":[{"href":"https:\/\/tongkholaptop.vn\/index.php?rest_route=\/wp\/v2\/product\/910"}],"collection":[{"href":"https:\/\/tongkholaptop.vn\/index.php?rest_route=\/wp\/v2\/product"}],"about":[{"href":"https:\/\/tongkholaptop.vn\/index.php?rest_route=\/wp\/v2\/types\/product"}],"replies":[{"embeddable":true,"href":"https:\/\/tongkholaptop.vn\/index.php?rest_route=%2Fwp%2Fv2%2Fcomments&post=910"}],"wp:featuredmedia":[{"embeddable":true,"href":"https:\/\/tongkholaptop.vn\/index.php?rest_route=\/wp\/v2\/media\/911"}],"wp:attachment":[{"href":"https:\/\/tongkholaptop.vn\/index.php?rest_route=%2Fwp%2Fv2%2Fmedia&parent=910"}],"wp:term":[{"taxonomy":"thuong-hieu","embeddable":true,"href":"https:\/\/tongkholaptop.vn\/index.php?rest_route=%2Fwp%2Fv2%2Fthuong-hieu&post=910"},{"taxonomy":"product_cat","embeddable":true,"href":"https:\/\/tongkholaptop.vn\/index.php?rest_route=%2Fwp%2Fv2%2Fproduct_cat&post=910"},{"taxonomy":"product_tag","embeddable":true,"href":"https:\/\/tongkholaptop.vn\/index.php?rest_route=%2Fwp%2Fv2%2Fproduct_tag&post=910"}],"curies":[{"name":"wp","href":"https:\/\/api.w.org\/{rel}","templated":true}]}}