{"id":852,"date":"2023-09-07T07:03:03","date_gmt":"2023-09-07T07:03:03","guid":{"rendered":"https:\/\/tongkholaptop.vn\/sanpham\/dell-latitude-e7250-i5-ram-4g-ssd-128-12-5-inch\/"},"modified":"2023-09-07T10:35:59","modified_gmt":"2023-09-07T10:35:59","slug":"dell-latitude-e7250-i5-ram-4g-ssd-128-12-5-inch","status":"publish","type":"product","link":"https:\/\/tongkholaptop.vn\/?product=dell-latitude-e7250-i5-ram-4g-ssd-128-12-5-inch","title":{"rendered":"Dell latitude E7250 i5 &#8211; RAM 4G &#8211; SSD 128 &#8211; 12.5 inch"},"content":{"rendered":"<\/p>\n<div id=\"protab0\" class=\"pro-tabcontent\">\n<p style=\"text-align: center;\"><strong>M\u00d4 T\u1ea2 CHI TI\u1ebeT V\u1ec0\u00a0DELL LATULADE E7250 I5<\/strong>\u00a0<\/p>\n<p><strong><span>Thi\u1ebft k\u1ebf<\/span><\/strong><\/p>\n<p><span>E7250 c\u00f3 k\u00edch th\u01b0\u1edbc 19.4&#215;310.5&#215;211 mm v\u00e0 c\u00e2n n\u1eb7ng 1.5kg. V\u1edbi k\u00edch th\u01b0\u1edbc v\u00e0 c\u00e2n n\u1eb7ng nh\u01b0 v\u1eady, c\u00f3 th\u1ec3 th\u1ea5y E7250 l\u00e0 m\u1ed9t chi\u1ebfc ultrabook r\u1ea5t m\u1ecfng nh\u1eb9, c\u00f3 th\u1ec3 mang theo m\u1ecdi l\u00fac, m\u1ecdi n\u01a1i.<\/span><\/p>\n<p><span>7250 c\u00f3 ph\u1ea7n<\/span>\u00a0v\u1ecf \u0111\u01b0\u1ee3c l\u00e0m t\u1eeb h\u1ee3p kim Nh\u00f4m-Magie, kh\u00e1 l\u00e0 c\u1ee9ng c\u00e1p v\u00e0 ch\u1eafc ch\u1eafn. Latitude E7250 \u0111\u00e3 v\u01b0\u1ee3t qua c\u00e1c b\u00e0i test kh\u1eafc nghi\u1ec7t chu\u1ea9n qu\u00e2n s\u1ef1 M\u1ef9 MIL-STD-810G v\u1ec1 \u0111\u1ed9 ch\u1ed1ng ch\u1ecbu va \u0111\u1eadp, b\u1ee5i b\u1ea9n v\u00e0 nhi\u1ec7t \u0111\u1ed9 kh\u1eafc nghi\u1ec7t.<\/p>\n<p>\u00a0<span>B\u1ea3n l\u1ec1 c\u1ee7a E7250 \u0111\u01b0\u1ee3c l\u00e0m b\u1eb1ng kim lo\u1ea1i, g\u1eafn k\u1ebft gi\u1eefa m\u00e0n h\u00ecnh v\u00e0 th\u00e2n m\u00e1y kh\u00e1 l\u00e0 ch\u1eafc ch\u1eafn. Khi g\u00f5 ph\u00edm kh\u00f4ng h\u1ec1 c\u00f3 hi\u1ec7n t\u01b0\u1ee3ng m\u00e0n h\u00ecnh b\u1ecb rung. Ngo\u00e0i ra, ng\u01b0\u1eddi d\u00f9ng ho\u00e0n to\u00e0n c\u00f3 th\u1ec3 m\u1edf m\u00e1y b\u1eb1ng 1 tay kh\u00e1 l\u00e0 d\u1ec5 d\u00e0ng theo c\u1ea3 hai chi\u1ec1u \u0111\u00f3ng v\u00e0 m\u1edf m\u00e1y, m\u1ed9t \u0111i\u1ec3m kh\u00e1 l\u00e0 t\u1ed1t.<\/span><\/p>\n<p><img decoding=\"async\" src=\"https:\/\/tongkholaptop.vn\/wp-content\/uploads\/2023\/09\/7e6447a3b9f940a719e8_cd6d8bff6e9a48d69ed1428e1633c82b_grande.jpg\" title=\"7e6447a3b9f940a719e8_cd6d8bff6e9a48d69ed1428e1633c82b_grande\" srcset=\"https:\/\/tongkholaptop.vn\/wp-content\/uploads\/2023\/09\/7e6447a3b9f940a719e8_cd6d8bff6e9a48d69ed1428e1633c82b_grande-300x300.jpg 300w, https:\/\/tongkholaptop.vn\/wp-content\/uploads\/2023\/09\/7e6447a3b9f940a719e8_cd6d8bff6e9a48d69ed1428e1633c82b_grande-150x150.jpg 150w, https:\/\/tongkholaptop.vn\/wp-content\/uploads\/2023\/09\/7e6447a3b9f940a719e8_cd6d8bff6e9a48d69ed1428e1633c82b_grande-100x100.jpg 100w, https:\/\/tongkholaptop.vn\/wp-content\/uploads\/2023\/09\/7e6447a3b9f940a719e8_cd6d8bff6e9a48d69ed1428e1633c82b_grande.jpg 600w\"><\/p>\n<p><strong><span><\/span><\/strong><span><\/span><\/p>\n<p><strong><span>C\u1ed5ng k\u1ebft n\u1ed1i <\/span><\/strong><\/p>\n<p><span>Tuy l\u00e0 chi\u1ebfc ultrabook m\u1ecfng nh\u1eb9 nh\u01b0ng E7250 \u0111\u01b0\u1ee3c trang b\u1ecb t\u01b0\u01a1ng \u0111\u1ed1i \u0111\u1ea7y \u0111\u1ee7 c\u00e1c c\u1ed5ng k\u1ebft n\u1ed1i. Ph\u00eda c\u1ea1nh ph\u1ea3i, E7250 \u0111\u01b0\u1ee3c trang b\u1ecb 1 kh\u00f3a Kensington, 1 c\u1ed5ng mini DisplayPort, 1 c\u1ed5ng USB 3.0 v\u00e0 1 jack audio 3.5mm combo. <\/span><\/p>\n<p>\u00a0<\/p>\n<p><span>Chuy\u1ec3n qua ph\u00eda c\u1ea1nh sau, chi\u1ebfc m\u00e1y n\u00e0y c\u00f3 1 khe c\u1eafm s\u1ea1c, 2 c\u1ed5ng USB 3.0, 1 c\u1ed5ng HDMI ph\u1ee5c v\u1ee5 cho vi\u1ec7c tr\u00ecnh chi\u1ebfu, 1 c\u1ed5ng Ethernet (RJ- 45) d\u00f9ng \u0111\u1ec3 k\u1ebft n\u1ed1i m\u1ea1ng d\u00e2y. <\/span><\/p>\n<p><span>C\u1ea1nh tr\u00e1i c\u1ee7a m\u00e1y ch\u1ec9 c\u00f3 1 khe Smart Card v\u00e0 khe t\u1ea3n nhi\u1ec7t.<\/span><\/p>\n<p><span> C\u00e1c c\u1ed5ng k\u1ebft n\u1ed1i \u0111\u01b0\u1ee3c s\u1eafp x\u1ebfp, b\u1ed1 tr\u00ed kh\u00e1 l\u00e0 h\u1ee3p l\u00ed, khi c\u1eafm s\u1ea1c, chu\u1ed9t g\u1eafn ngo\u00e0i, d\u00e2y m\u1ea1ng v\u1ec1 ph\u00eda \u0111\u1eb1ng sau s\u1ebd cho ng\u01b0\u1eddi d\u00f9ng c\u00f3 c\u1ea3m gi\u00e1c g\u1ecdn g\u00e0ng v\u00e0 s\u1ebd kh\u00f4ng b\u1ecb v\u01b0\u1edbng \u1edf hai b\u00ean.<\/span><\/p>\n<p><img decoding=\"async\" src=\"https:\/\/tongkholaptop.vn\/wp-content\/uploads\/2023\/09\/d17349a8b7f24eac17e3_91f26fb6285e41fba9584a1b1875caad_grande.jpg\" title=\"d17349a8b7f24eac17e3_91f26fb6285e41fba9584a1b1875caad_grande\" srcset=\"https:\/\/tongkholaptop.vn\/wp-content\/uploads\/2023\/09\/d17349a8b7f24eac17e3_91f26fb6285e41fba9584a1b1875caad_grande-300x300.jpg 300w, https:\/\/tongkholaptop.vn\/wp-content\/uploads\/2023\/09\/d17349a8b7f24eac17e3_91f26fb6285e41fba9584a1b1875caad_grande-150x150.jpg 150w, https:\/\/tongkholaptop.vn\/wp-content\/uploads\/2023\/09\/d17349a8b7f24eac17e3_91f26fb6285e41fba9584a1b1875caad_grande-100x100.jpg 100w, https:\/\/tongkholaptop.vn\/wp-content\/uploads\/2023\/09\/d17349a8b7f24eac17e3_91f26fb6285e41fba9584a1b1875caad_grande.jpg 600w\"><\/p>\n<p><strong><span>B\u00e0n ph\u00edm v\u00e0 Touchpad<\/span><\/strong><\/p>\n<p><img decoding=\"async\" src=\"https:\/\/tongkholaptop.vn\/wp-content\/uploads\/2023\/09\/512c1d07fa5d03035a4c_9e3444fa39d54a42a7c80bcb0e19138b_grande.jpg\" title=\"512c1d07fa5d03035a4c_9e3444fa39d54a42a7c80bcb0e19138b_grande\" srcset=\"https:\/\/tongkholaptop.vn\/wp-content\/uploads\/2023\/09\/512c1d07fa5d03035a4c_9e3444fa39d54a42a7c80bcb0e19138b_grande-300x300.jpg 300w, https:\/\/tongkholaptop.vn\/wp-content\/uploads\/2023\/09\/512c1d07fa5d03035a4c_9e3444fa39d54a42a7c80bcb0e19138b_grande-150x150.jpg 150w, https:\/\/tongkholaptop.vn\/wp-content\/uploads\/2023\/09\/512c1d07fa5d03035a4c_9e3444fa39d54a42a7c80bcb0e19138b_grande-100x100.jpg 100w, https:\/\/tongkholaptop.vn\/wp-content\/uploads\/2023\/09\/512c1d07fa5d03035a4c_9e3444fa39d54a42a7c80bcb0e19138b_grande.jpg 600w\"><\/p>\n<p><span><\/span><span> <\/span><\/p>\n<p><span>V\u1ec1 b\u00e0n ph\u00edm, E7250 c\u00f3 m\u1ed9t b\u00e0n ph\u00edm v\u1edbi ph\u00edm c\u1ee1 trung b\u00ecnh ph\u00edm h\u01a1i cong m\u1ed9t ch\u00fat, gi\u00fap ng\u01b0\u1eddi d\u00f9ng c\u00f3 c\u1ea3m gi\u00e1c \u00f4m tay khi g\u00f5 ph\u00edm. H\u00e0nh tr\u00ecnh ph\u00edm s\u00e2u, ph\u00edm g\u00f5 n\u1ea3y, khi g\u00f5 ph\u00e1t ra kh\u00e1 \u00edt ti\u1ebfng \u1ed3n n\u00ean ng\u01b0\u1eddi d\u00f9ng s\u1ebd c\u00f3 c\u1ea3m gi\u00e1c kh\u00e1 d\u1ec5 ch\u1ecbu. Ph\u00edm c\u00f3 \u0111\u00e8n LED v\u1edbi 3 m\u1ee9c \u00e1nh s\u00e1ng c\u00f3 th\u1ec3 t\u00f9y ch\u1ec9nh l\u00e0m cho b\u00e0n ph\u00edm nh\u00ecn b\u1eaft m\u1eaft h\u01a1n v\u00e0 gi\u00fap ng\u01b0\u1eddi d\u00f9ng c\u00f3 th\u1ec3 d\u1ec5 d\u00e0ng g\u00f5 ph\u00edm k\u1ec3 c\u1ea3 trong \u0111i\u1ec1u ki\u1ec7n \u00e1nh s\u00e1ng kh\u00f4ng t\u1ed1t. <\/span><\/p>\n<p><span>\u200b<\/span><strong><span>M\u00e0n h\u00ecnh v\u00e0 Loa<\/span><\/strong><\/p>\n<p><span><\/span><span><\/span><\/p>\n<p><span>Dell trang b\u1ecb cho E7250 m\u1ed9t m\u00e0n h\u00ecnh 12.5 inch v\u1edbi \u0111\u1ed9 ph\u00e2n gi\u1ea3i HD 1366&#215;768. M\u00e0n h\u00ecnh c\u1ee7a chi\u1ebfc m\u00e1y n\u00e0y s\u1eed d\u1ee5ng t\u1ea5m n\u1ec1n TN nh\u01b0ng v\u1eabn cho h\u00ecnh \u1ea3nh kh\u00e1 \u1ed5n \u0111\u1ecbnh v\u00e0 \u1edf g\u00f3c nh\u00ecn l\u00e0m vi\u1ec7c th\u00f4ng th\u01b0\u1eddng. Ch\u1ec9 khi thay \u0111\u1ed5i g\u00f3c nh\u00ecn theo chi\u1ec1u d\u1ecdc, h\u00ecnh \u1ea3nh m\u1edbi b\u1eaft \u0111\u1ea7u c\u00f3 hi\u1ec7n t\u01b0\u1ee3ng thay \u0111\u1ed5i m\u00e0u. M\u00e0n h\u00ecnh c\u00f3 \u0111\u1ed9 s\u00e1ng trung b\u00ecnh r\u1ea5t cao l\u00ean t\u1edbi 330 nits, ph\u00f9 h\u1ee3p cho c\u1ea3 l\u00e0m vi\u1ec7c ngo\u00e0i tr\u1eddi v\u00e0 trong v\u0103n ph\u00f2ng.<\/span><\/p>\n<p><span>C\u1ea1nh tr\u01b0\u1edbc c\u1ee7a m\u00e1y \u0111\u01b0\u1ee3c thi\u1ebft k\u1ebf v\u00e1t ch\u00e9o v\u00e0 n\u1eb1m tr\u00ean \u0111\u00f3 c\u00f3 2 loa \u0111\u01b0\u1ee3c \u0111\u1eb7t \u0111\u1ed1i x\u1ee9ng hai b\u00ean. V\u1edbi thi\u1ebft k\u1ebf \u0111\u00f3, \u00e2m thanh truy\u1ec1n t\u1ea3i \u0111\u1ebfn tai ng\u01b0\u1eddi d\u00f9ng ch\u00e2n th\u1ef1c v\u00e0 s\u1ed1ng \u0111\u1ed9ng. \u00c2m l\u01b0\u1ee3ng c\u1ee7a loa l\u1edbn, l\u00ean t\u1edbi 90dB, khi b\u1eadt max volume \u00e2m thanh kh\u00f4ng c\u00f3 hi\u1ec7n t\u01b0\u1ee3ng b\u1ecb r\u00e8. Nh\u01b0ng n\u1ebfu mu\u1ed1n tr\u1ea3i nghi\u1ec7m \u00e2m thanh ch\u1ea5t h\u01a1n th\u00ec b\u1ea1n v\u1eabn n\u00ean d\u00f9ng tai nghe ho\u1eb7c loa g\u1eafn ngo\u00e0i.<\/span><\/p>\n<p><img decoding=\"async\" src=\"https:\/\/tongkholaptop.vn\/wp-content\/uploads\/2023\/09\/9e54b0435719ae47f708_38b6f27628bf427a9e88fff0a1b3ab01_grande.jpg\" title=\"9e54b0435719ae47f708_38b6f27628bf427a9e88fff0a1b3ab01_grande\" srcset=\"https:\/\/tongkholaptop.vn\/wp-content\/uploads\/2023\/09\/9e54b0435719ae47f708_38b6f27628bf427a9e88fff0a1b3ab01_grande-300x300.jpg 300w, https:\/\/tongkholaptop.vn\/wp-content\/uploads\/2023\/09\/9e54b0435719ae47f708_38b6f27628bf427a9e88fff0a1b3ab01_grande-150x150.jpg 150w, https:\/\/tongkholaptop.vn\/wp-content\/uploads\/2023\/09\/9e54b0435719ae47f708_38b6f27628bf427a9e88fff0a1b3ab01_grande-100x100.jpg 100w, https:\/\/tongkholaptop.vn\/wp-content\/uploads\/2023\/09\/9e54b0435719ae47f708_38b6f27628bf427a9e88fff0a1b3ab01_grande.jpg 600w\"><\/p>\n<p><strong><span>Hi\u1ec7u n\u0103ng<\/span><\/strong><\/p>\n<p><span>V\u1ec1 hi\u1ec7u n\u0103ng, Dell Latitude E7250 \u0111\u01b0\u1ee3c trang b\u1ecb m\u1ed9t con chip i5 \u0111\u1eddi 5 5300U, RAM 4GB DDR3 1600MHz, \u1ed5 c\u1ee9ng SSD 120 GB v\u00e0 card \u0111\u1ed3 h\u1ecda onboard Intel HD Graphics 5500. V\u1edbi c\u1ea5u h\u00ecnh tr\u00ean, E7250 c\u00f3 th\u1ec3 ph\u1ee5c v\u1ee5 t\u1ed1t c\u00e1c ch\u01b0\u01a1ng tr\u00ecnh v\u0103n ph\u00f2ng nh\u01b0 Word, Excel, Powerpoint,&#8230; Khi l\u01b0\u1edbt web, b\u1ea1n c\u00f3 th\u1ec3 \u00a0m\u1edf c\u1ea3 ch\u1ee5c tab chrome m\u00e0 m\u00e1y v\u1eabn kh\u00f4ng c\u00f3 hi\u1ec7n t\u01b0\u1ee3ng treo m\u00e1y. V\u1edbi m\u00e0n h\u00ecnh 12.5\u201d, E7250 kh\u00f4ng ph\u00f9 h\u1ee3p l\u1eafm cho vi\u1ec7c ch\u01a1i game nh\u01b0ng n\u1ebfu b\u1ea1n mu\u1ed1n th\u00ec n\u00f3 v\u1eabn c\u00f3 th\u1ec3 \u0111\u00e1p \u1ee9ng t\u1ed1t. M\u00e1y c\u00f3 th\u1ec3 chi\u1ebfn t\u1ed1t nh\u1eefng t\u1ef1a game y\u00eau c\u1ea7u c\u1ea5u h\u00ecnh kh\u00f4ng qu\u00e1 cao nh\u01b0 Li\u00ean minh huy\u1ec1n tho\u1ea1i hay PUBG Mobile.<\/span><\/p>\n<p><span><\/span><span><\/span><\/p>\n<p><span><br \/><\/span><\/p>\n<p><strong><span>Th\u1eddi l\u01b0\u1ee3ng Pin<\/span><\/strong><\/p>\n<p><span>Th\u1eddi l\u01b0\u1ee3ng pin tr\u00ean m\u00e1y c\u0169ng \u0111\u01b0\u1ee3c ng\u01b0\u1eddi d\u00f9ng \u0111\u00e1nh gi\u00e1 r\u1ea5t cao, tr\u1ee5 \u0111\u01b0\u1ee3c kho\u1ea3ng h\u01a1n 5 ti\u1ebfng trong su\u1ed1t qu\u00e1 tr\u00ecnh l\u00e0m vi\u1ec7c v\u1edbi c\u00e1c t\u00e1c v\u1ee5 v\u0103n ph\u00f2ng th\u00f4ng th\u01b0\u1eddng, xem phim, ch\u01a1i game gi\u1ea3i tr\u00ed m\u00e0 kh\u00f4ng ph\u1ea3i lo s\u1ea1c pin. <\/span><\/p>\n<p><strong><span>Nhi\u1ec7t \u0111\u1ed9<\/span><\/strong><\/p>\n<p><span>V\u1ec1 nhi\u1ec7t \u0111\u1ed9 m\u00e1y , khi l\u00e0m vi\u1ec7c nh\u1eb9 nh\u00e0ng nhi\u1ec7t \u0111\u1ed9 chip \u1edf m\u1ee9c 40 \u0111\u1ed9 C kh\u00e1 l\u00e0 m\u00e1t m\u1ebb, khi l\u00e0m vi\u1ec7c v\u1edbi c\u00f4ng su\u1ea5t cao nh\u01b0 ch\u01a1i game th\u00ec nhi\u1ec7t \u0111\u1ed9 \u1edf m\u1ee9c x\u1ea5p x\u1ec9 90 \u0111\u1ed9 C, kh\u00e1 d\u1ec5 hi\u1ec3u v\u1edbi 1 chi\u1ebfc laptop m\u1ecfng nh\u1eb9 c\u1ee1 n\u00e0y. Ng\u01b0\u1eddi d\u00f9ng s\u1ebd ch\u1ec9 c\u1ea3m th\u1ea5y h\u01a1i \u1ea5m m\u1ed9t ch\u00fat \u1edf b\u00ean tr\u00e1i c\u1ee7a m\u1eb7t b\u00e0n ph\u00edm nh\u01b0ng nh\u01b0 v\u1eady c\u0169ng kh\u00f4ng v\u1ea5n \u0111\u1ec1 g\u00ec c\u1ea3.<\/span><\/p>\n<p><span>\u200b<\/span><strong><span>T\u1ed5ng k\u1ebft<\/span><\/strong><\/p>\n<p><span>Dell Latitude l\u00e0 m\u1ed9t chi\u1ebfc ultrabook t\u01b0\u01a1ng \u0111\u1ed1i ho\u00e0n thi\u1ec7n t\u1eeb v\u1ebb ngo\u00e0i cho \u0111\u1ebfn b\u00ean trong. N\u00f3 c\u00f3 ngo\u1ea1i h\u00ecnh nh\u1ecf g\u1ecdn, ch\u1eafc ch\u1eafn, c\u1ea5u h\u00ecnh t\u1ed1t, x\u1eed l\u00fd c\u00f4ng vi\u1ec7c v\u0103n ph\u00f2ng nhanh ch\u00f3ng. Ch\u1eafc h\u1eb3n \u0111\u00e2y s\u1ebd l\u00e0 m\u1ed9t chi\u1ebfc laptop m\u00e0 nhi\u1ec1u ng\u01b0\u1eddi l\u00e0m vi\u1ec7c v\u0103n ph\u00f2ng mong mu\u1ed1n. <\/span><\/p>\n<\/p>\n<\/div>\n","protected":false},"excerpt":{"rendered":"<div class=\"pro-short-desc\">\n<p><b>\u00a0 \u00a0DELL LATULADE E7250 I5\u00a0 &#8211; RAM 4G &#8211; SSD 128 &#8211; 12.5 inch\u00a0<\/b><\/p>\n<ul>\n<li><span><strong>CPU<\/strong>: Intel Core i5 5300U<\/span><\/li>\n<li><span><strong>RAM<\/strong>: 4GB DDR3 1600MHz<\/span><\/li>\n<li><span><strong>Hard Disk<\/strong>: SSD 120 GB<\/span><\/li>\n<li><span><strong>GPU:<\/strong> Intel HD Graphics 5500<\/span><\/li>\n<li><span><strong>K\u00edch th\u01b0\u1edbc<\/strong>: 19.4 x 310.5 x 211mm<\/span><\/li>\n<li><span><strong>Kh\u1ed1i l\u01b0\u1ee3ng<\/strong>: 1.3kg<\/span>\u00a0<\/li>\n<li>\n<p><span>T\u1eb7ng Full Combo b\u1ed9 qu\u00e0 Balo, Chu\u1ed9t kh\u00f4ng d\u00e2y, b\u00e0n di chu\u1ed9t&#8230; Cam k\u1ebft gi\u00e1 r\u1ebb v\u00f4 \u0111\u1ecbch<\/span><\/p>\n<p><span>B\u1ea3o H\u00e0nh: 1 \u0111\u1ed5i 1 trong v\u00f2ng 12 th\u00e1ng<\/span><\/p>\n<p><span><\/span><span><\/span><\/li>\n<\/ul>\n<\/div>\n","protected":false},"featured_media":853,"comment_status":"open","ping_status":"closed","template":"","meta":[],"thuong-hieu":[],"product_cat":[15,16],"product_tag":[],"class_list":{"0":"post-852","1":"product","2":"type-product","3":"status-publish","4":"has-post-thumbnail","6":"product_cat-laptop-dell","7":"product_cat-laptop-dell-cu-core-i5","9":"first","10":"instock","11":"sale","12":"taxable","13":"shipping-taxable","14":"purchasable","15":"product-type-simple"},"acf":[],"yoast_head":"<!-- This site is optimized with the Yoast SEO plugin v23.4 - https:\/\/yoast.com\/wordpress\/plugins\/seo\/ -->\n<title>Dell latitude E7250 i5 - RAM 4G - SSD 128 - 12.5 inch - T\u1ed5ng Kho Laptop<\/title>\n<meta name=\"robots\" content=\"index, follow, max-snippet:-1, max-image-preview:large, max-video-preview:-1\" \/>\n<link rel=\"canonical\" href=\"https:\/\/tongkholaptop.vn\/?product=dell-latitude-e7250-i5-ram-4g-ssd-128-12-5-inch\" \/>\n<meta property=\"og:locale\" content=\"vi_VN\" \/>\n<meta property=\"og:type\" content=\"article\" \/>\n<meta property=\"og:title\" content=\"Dell latitude E7250 i5 - RAM 4G - SSD 128 - 12.5 inch - T\u1ed5ng Kho Laptop\" \/>\n<meta property=\"og:description\" content=\"\u00a0 \u00a0DELL LATULADE E7250 I5\u00a0 - RAM 4G - SSD 128 - 12.5 inch\u00a0CPU: Intel Core i5 5300URAM: 4GB DDR3 1600MHzHard Disk: SSD 120 GBGPU: Intel HD Graphics 5500K\u00edch th\u01b0\u1edbc: 19.4 x 310.5 x 211mmKh\u1ed1i l\u01b0\u1ee3ng: 1.3kg\u00a0T\u1eb7ng Full Combo b\u1ed9 qu\u00e0 Balo, Chu\u1ed9t kh\u00f4ng d\u00e2y, b\u00e0n di chu\u1ed9t... Cam k\u1ebft gi\u00e1 r\u1ebb v\u00f4 \u0111\u1ecbchB\u1ea3o H\u00e0nh: 1 \u0111\u1ed5i 1 trong v\u00f2ng 12 th\u00e1ng\" \/>\n<meta property=\"og:url\" content=\"https:\/\/tongkholaptop.vn\/?product=dell-latitude-e7250-i5-ram-4g-ssd-128-12-5-inch\" \/>\n<meta property=\"og:site_name\" content=\"T\u1ed5ng Kho Laptop\" \/>\n<meta property=\"article:modified_time\" content=\"2023-09-07T10:35:59+00:00\" \/>\n<meta property=\"og:image\" content=\"https:\/\/tongkholaptop.vn\/wp-content\/uploads\/2023\/09\/7250_e8d99f09adbd4a9fb008321badb4439b_master.jpg\" \/>\n\t<meta property=\"og:image:width\" content=\"960\" \/>\n\t<meta property=\"og:image:height\" content=\"960\" \/>\n\t<meta property=\"og:image:type\" content=\"image\/jpeg\" \/>\n<meta name=\"twitter:card\" content=\"summary_large_image\" \/>\n<meta name=\"twitter:label1\" content=\"\u01af\u1edbc t\u00ednh th\u1eddi gian \u0111\u1ecdc\" \/>\n\t<meta name=\"twitter:data1\" content=\"6 ph\u00fat\" \/>\n<script type=\"application\/ld+json\" class=\"yoast-schema-graph\">{\"@context\":\"https:\/\/schema.org\",\"@graph\":[{\"@type\":\"WebPage\",\"@id\":\"https:\/\/tongkholaptop.vn\/?product=dell-latitude-e7250-i5-ram-4g-ssd-128-12-5-inch\",\"url\":\"https:\/\/tongkholaptop.vn\/?product=dell-latitude-e7250-i5-ram-4g-ssd-128-12-5-inch\",\"name\":\"Dell latitude E7250 i5 - RAM 4G - SSD 128 - 12.5 inch - T\u1ed5ng Kho Laptop\",\"isPartOf\":{\"@id\":\"https:\/\/tongkholaptop.vn\/#website\"},\"primaryImageOfPage\":{\"@id\":\"https:\/\/tongkholaptop.vn\/?product=dell-latitude-e7250-i5-ram-4g-ssd-128-12-5-inch#primaryimage\"},\"image\":{\"@id\":\"https:\/\/tongkholaptop.vn\/?product=dell-latitude-e7250-i5-ram-4g-ssd-128-12-5-inch#primaryimage\"},\"thumbnailUrl\":\"https:\/\/tongkholaptop.vn\/wp-content\/uploads\/2023\/09\/7250_e8d99f09adbd4a9fb008321badb4439b_master.jpg\",\"datePublished\":\"2023-09-07T07:03:03+00:00\",\"dateModified\":\"2023-09-07T10:35:59+00:00\",\"breadcrumb\":{\"@id\":\"https:\/\/tongkholaptop.vn\/?product=dell-latitude-e7250-i5-ram-4g-ssd-128-12-5-inch#breadcrumb\"},\"inLanguage\":\"vi\",\"potentialAction\":[{\"@type\":\"ReadAction\",\"target\":[\"https:\/\/tongkholaptop.vn\/?product=dell-latitude-e7250-i5-ram-4g-ssd-128-12-5-inch\"]}]},{\"@type\":\"ImageObject\",\"inLanguage\":\"vi\",\"@id\":\"https:\/\/tongkholaptop.vn\/?product=dell-latitude-e7250-i5-ram-4g-ssd-128-12-5-inch#primaryimage\",\"url\":\"https:\/\/tongkholaptop.vn\/wp-content\/uploads\/2023\/09\/7250_e8d99f09adbd4a9fb008321badb4439b_master.jpg\",\"contentUrl\":\"https:\/\/tongkholaptop.vn\/wp-content\/uploads\/2023\/09\/7250_e8d99f09adbd4a9fb008321badb4439b_master.jpg\",\"width\":960,\"height\":960,\"caption\":\"Dell latitude E7250 i5 - RAM 4G - SSD 128 - 12.5 inch\"},{\"@type\":\"BreadcrumbList\",\"@id\":\"https:\/\/tongkholaptop.vn\/?product=dell-latitude-e7250-i5-ram-4g-ssd-128-12-5-inch#breadcrumb\",\"itemListElement\":[{\"@type\":\"ListItem\",\"position\":1,\"name\":\"Trang ch\u1ee7\",\"item\":\"https:\/\/tongkholaptop.vn\/\"},{\"@type\":\"ListItem\",\"position\":2,\"name\":\"T\u1ea5t c\u1ea3 s\u1ea3n ph\u1ea9m\",\"item\":\"https:\/\/tongkholaptop.vn\/collections\/all\"},{\"@type\":\"ListItem\",\"position\":3,\"name\":\"Dell latitude E7250 i5 &#8211; RAM 4G &#8211; SSD 128 &#8211; 12.5 inch\"}]},{\"@type\":\"WebSite\",\"@id\":\"https:\/\/tongkholaptop.vn\/#website\",\"url\":\"https:\/\/tongkholaptop.vn\/\",\"name\":\"T\u1ed5ng Kho Laptop\",\"description\":\"\",\"potentialAction\":[{\"@type\":\"SearchAction\",\"target\":{\"@type\":\"EntryPoint\",\"urlTemplate\":\"https:\/\/tongkholaptop.vn\/?s={search_term_string}\"},\"query-input\":{\"@type\":\"PropertyValueSpecification\",\"valueRequired\":true,\"valueName\":\"search_term_string\"}}],\"inLanguage\":\"vi\"}]}<\/script>\n<!-- \/ Yoast SEO plugin. -->","yoast_head_json":{"title":"Dell latitude E7250 i5 - RAM 4G - SSD 128 - 12.5 inch - T\u1ed5ng Kho Laptop","robots":{"index":"index","follow":"follow","max-snippet":"max-snippet:-1","max-image-preview":"max-image-preview:large","max-video-preview":"max-video-preview:-1"},"canonical":"https:\/\/tongkholaptop.vn\/?product=dell-latitude-e7250-i5-ram-4g-ssd-128-12-5-inch","og_locale":"vi_VN","og_type":"article","og_title":"Dell latitude E7250 i5 - RAM 4G - SSD 128 - 12.5 inch - T\u1ed5ng Kho Laptop","og_description":"\u00a0 \u00a0DELL LATULADE E7250 I5\u00a0 - RAM 4G - SSD 128 - 12.5 inch\u00a0CPU: Intel Core i5 5300URAM: 4GB DDR3 1600MHzHard Disk: SSD 120 GBGPU: Intel HD Graphics 5500K\u00edch th\u01b0\u1edbc: 19.4 x 310.5 x 211mmKh\u1ed1i l\u01b0\u1ee3ng: 1.3kg\u00a0T\u1eb7ng Full Combo b\u1ed9 qu\u00e0 Balo, Chu\u1ed9t kh\u00f4ng d\u00e2y, b\u00e0n di chu\u1ed9t... Cam k\u1ebft gi\u00e1 r\u1ebb v\u00f4 \u0111\u1ecbchB\u1ea3o H\u00e0nh: 1 \u0111\u1ed5i 1 trong v\u00f2ng 12 th\u00e1ng","og_url":"https:\/\/tongkholaptop.vn\/?product=dell-latitude-e7250-i5-ram-4g-ssd-128-12-5-inch","og_site_name":"T\u1ed5ng Kho Laptop","article_modified_time":"2023-09-07T10:35:59+00:00","og_image":[{"width":960,"height":960,"url":"https:\/\/tongkholaptop.vn\/wp-content\/uploads\/2023\/09\/7250_e8d99f09adbd4a9fb008321badb4439b_master.jpg","type":"image\/jpeg"}],"twitter_card":"summary_large_image","twitter_misc":{"\u01af\u1edbc t\u00ednh th\u1eddi gian \u0111\u1ecdc":"6 ph\u00fat"},"schema":{"@context":"https:\/\/schema.org","@graph":[{"@type":"WebPage","@id":"https:\/\/tongkholaptop.vn\/?product=dell-latitude-e7250-i5-ram-4g-ssd-128-12-5-inch","url":"https:\/\/tongkholaptop.vn\/?product=dell-latitude-e7250-i5-ram-4g-ssd-128-12-5-inch","name":"Dell latitude E7250 i5 - RAM 4G - SSD 128 - 12.5 inch - T\u1ed5ng Kho Laptop","isPartOf":{"@id":"https:\/\/tongkholaptop.vn\/#website"},"primaryImageOfPage":{"@id":"https:\/\/tongkholaptop.vn\/?product=dell-latitude-e7250-i5-ram-4g-ssd-128-12-5-inch#primaryimage"},"image":{"@id":"https:\/\/tongkholaptop.vn\/?product=dell-latitude-e7250-i5-ram-4g-ssd-128-12-5-inch#primaryimage"},"thumbnailUrl":"https:\/\/tongkholaptop.vn\/wp-content\/uploads\/2023\/09\/7250_e8d99f09adbd4a9fb008321badb4439b_master.jpg","datePublished":"2023-09-07T07:03:03+00:00","dateModified":"2023-09-07T10:35:59+00:00","breadcrumb":{"@id":"https:\/\/tongkholaptop.vn\/?product=dell-latitude-e7250-i5-ram-4g-ssd-128-12-5-inch#breadcrumb"},"inLanguage":"vi","potentialAction":[{"@type":"ReadAction","target":["https:\/\/tongkholaptop.vn\/?product=dell-latitude-e7250-i5-ram-4g-ssd-128-12-5-inch"]}]},{"@type":"ImageObject","inLanguage":"vi","@id":"https:\/\/tongkholaptop.vn\/?product=dell-latitude-e7250-i5-ram-4g-ssd-128-12-5-inch#primaryimage","url":"https:\/\/tongkholaptop.vn\/wp-content\/uploads\/2023\/09\/7250_e8d99f09adbd4a9fb008321badb4439b_master.jpg","contentUrl":"https:\/\/tongkholaptop.vn\/wp-content\/uploads\/2023\/09\/7250_e8d99f09adbd4a9fb008321badb4439b_master.jpg","width":960,"height":960,"caption":"Dell latitude E7250 i5 - RAM 4G - SSD 128 - 12.5 inch"},{"@type":"BreadcrumbList","@id":"https:\/\/tongkholaptop.vn\/?product=dell-latitude-e7250-i5-ram-4g-ssd-128-12-5-inch#breadcrumb","itemListElement":[{"@type":"ListItem","position":1,"name":"Trang ch\u1ee7","item":"https:\/\/tongkholaptop.vn\/"},{"@type":"ListItem","position":2,"name":"T\u1ea5t c\u1ea3 s\u1ea3n ph\u1ea9m","item":"https:\/\/tongkholaptop.vn\/collections\/all"},{"@type":"ListItem","position":3,"name":"Dell latitude E7250 i5 &#8211; RAM 4G &#8211; SSD 128 &#8211; 12.5 inch"}]},{"@type":"WebSite","@id":"https:\/\/tongkholaptop.vn\/#website","url":"https:\/\/tongkholaptop.vn\/","name":"T\u1ed5ng Kho Laptop","description":"","potentialAction":[{"@type":"SearchAction","target":{"@type":"EntryPoint","urlTemplate":"https:\/\/tongkholaptop.vn\/?s={search_term_string}"},"query-input":{"@type":"PropertyValueSpecification","valueRequired":true,"valueName":"search_term_string"}}],"inLanguage":"vi"}]}},"_links":{"self":[{"href":"https:\/\/tongkholaptop.vn\/index.php?rest_route=\/wp\/v2\/product\/852"}],"collection":[{"href":"https:\/\/tongkholaptop.vn\/index.php?rest_route=\/wp\/v2\/product"}],"about":[{"href":"https:\/\/tongkholaptop.vn\/index.php?rest_route=\/wp\/v2\/types\/product"}],"replies":[{"embeddable":true,"href":"https:\/\/tongkholaptop.vn\/index.php?rest_route=%2Fwp%2Fv2%2Fcomments&post=852"}],"wp:featuredmedia":[{"embeddable":true,"href":"https:\/\/tongkholaptop.vn\/index.php?rest_route=\/wp\/v2\/media\/853"}],"wp:attachment":[{"href":"https:\/\/tongkholaptop.vn\/index.php?rest_route=%2Fwp%2Fv2%2Fmedia&parent=852"}],"wp:term":[{"taxonomy":"thuong-hieu","embeddable":true,"href":"https:\/\/tongkholaptop.vn\/index.php?rest_route=%2Fwp%2Fv2%2Fthuong-hieu&post=852"},{"taxonomy":"product_cat","embeddable":true,"href":"https:\/\/tongkholaptop.vn\/index.php?rest_route=%2Fwp%2Fv2%2Fproduct_cat&post=852"},{"taxonomy":"product_tag","embeddable":true,"href":"https:\/\/tongkholaptop.vn\/index.php?rest_route=%2Fwp%2Fv2%2Fproduct_tag&post=852"}],"curies":[{"name":"wp","href":"https:\/\/api.w.org\/{rel}","templated":true}]}}