{"id":800,"date":"2023-09-07T06:55:13","date_gmt":"2023-09-07T06:55:13","guid":{"rendered":"https:\/\/tongkholaptop.vn\/sanpham\/dell-latitude-e5470-i5-6300u-8gb-ssd256gb\/"},"modified":"2023-09-07T10:36:20","modified_gmt":"2023-09-07T10:36:20","slug":"dell-latitude-e5470-i5-6300u-8gb-ssd256gb","status":"publish","type":"product","link":"https:\/\/tongkholaptop.vn\/?product=dell-latitude-e5470-i5-6300u-8gb-ssd256gb","title":{"rendered":"DELL LATITUDE E5470 &#8211; i5-6300U\/8GB\/SSD256GB"},"content":{"rendered":"<\/p>\n<div id=\"protab0\" class=\"pro-tabcontent\">\n\t\t\t\t\t\t\t\t<span><\/span><\/p>\n<h3><strong><span>Dell Latitude E5470 &#8211; Laptop v\u0103n ph\u00f2ng nh\u1ecf m\u00e0 c\u00f3 v\u00f5<\/span><\/strong><\/h3>\n<p><span>Dell Latitude E5470 l\u00e0 chi\u1ebfc laptop m\u00e0n h\u00ecnh 14 inch nh\u1ecf g\u1ecdn th\u00edch h\u1ee3p l\u00e0m v\u0103n ph\u00f2ng gi\u00e1 r\u1ebb v\u1edbi thi\u1ebft k\u1ebf b\u1ec1n b\u1ec9, k\u1ebft n\u1ed1i \u0111a d\u1ea1ng.<\/span><\/p>\n<p><img decoding=\"async\" src=\"https:\/\/tongkholaptop.vn\/wp-content\/uploads\/2023\/09\/5470-5.jpg\" title=\"5470-5\" srcset=\"https:\/\/tongkholaptop.vn\/wp-content\/uploads\/2023\/09\/5470-5-300x300.jpg 300w, https:\/\/tongkholaptop.vn\/wp-content\/uploads\/2023\/09\/5470-5-150x150.jpg 150w, https:\/\/tongkholaptop.vn\/wp-content\/uploads\/2023\/09\/5470-5-100x100.jpg 100w, https:\/\/tongkholaptop.vn\/wp-content\/uploads\/2023\/09\/5470-5.jpg 600w\"><\/p>\n<h3><span>Thi\u1ebft k\u1ebf b\u1ec1n b\u1ec9<\/span><\/h3>\n<p><span>Dell latitude E5470 \u0111\u01b0\u1ee3c l\u00e0m b\u1eb1ng carbon cao c\u1ea5p b\u00ean ngo\u00e0i \u0111\u01b0\u1ee3c thi\u1ebft k\u1ebf b\u1edfi m\u00e0u \u0111en v\u00e2n nh\u00e1m to\u00e1t l\u00ean s\u1ef1 sang tr\u1ecdng. M\u00e1y \u0111\u1ea1t \u0111\u1ed9 b\u1ec1n theo ti\u00eau chu\u1ea9n qu\u00e2n s\u1ef1 MIL-STD-810G. \u0110i\u1ec1u \u0111\u00f3 c\u00f3 ngh\u0129a l\u00e0 Dell Latitude E5470 c\u00f3 th\u1ec3 ho\u1ea1t \u0111\u1ed9ng \u1edf m\u00f4i tr\u01b0\u1eddng t\u1eeb -20 \u0111\u1ed9 C \u0111\u1ebfn 60 \u0111\u1ed9 C, \u1edf \u0111\u1ed9 cao 4,572 km so v\u1edbi m\u1ef1c n\u01b0\u1edbc bi\u1ec3n. N\u00f3 c\u0169ng c\u00f3 th\u1ec3 ho\u1ea1t \u0111\u1ed9ng t\u1ed1t trong m\u00f4i tr\u01b0\u1eddng c\u00e1t b\u1ee5i li\u00ean t\u1ee5c 12 gi\u1edd.<\/span><\/p>\n<p><span>Dell E5470 c\u00f3 th\u1ec3 m\u1edf r\u1ed9ng 180 \u0111\u1ed9, gi\u00fap ng\u01b0\u1eddi s\u1eed d\u1ee5ng c\u00f3 th\u1ec3 thay \u0111\u1ed5i g\u00f3c nh\u00ecn khi c\u1ea7n thi\u1ebft<\/span><span><\/span><\/p>\n<p><img decoding=\"async\" src=\"https:\/\/tongkholaptop.vn\/wp-content\/uploads\/2023\/09\/5470-6.jpg\" title=\"5470-6\" srcset=\"https:\/\/tongkholaptop.vn\/wp-content\/uploads\/2023\/09\/5470-6-300x300.jpg 300w, https:\/\/tongkholaptop.vn\/wp-content\/uploads\/2023\/09\/5470-6-150x150.jpg 150w, https:\/\/tongkholaptop.vn\/wp-content\/uploads\/2023\/09\/5470-6-100x100.jpg 100w, https:\/\/tongkholaptop.vn\/wp-content\/uploads\/2023\/09\/5470-6.jpg 600w\"><\/p>\n<h3><span>C\u1ed5ng k\u1ebft n\u1ed1i \u0111a d\u1ea1ng<\/span><\/h3>\n<p><span>Dell E5470 c\u00f3 \u0111\u1ea7y \u0111\u1ee7 c\u00e1c c\u1ed5ng k\u00e9t n\u1ed1i c\u1ea7n thi\u1ebft ph\u1ee5c v\u1ee5 cho c\u00f4ng vi\u1ec7c. B\u00ean c\u1ea1nh tr\u00e1i c\u1ee7a Dell E5470 ta th\u1ea5y \u0111\u01b0\u1ee3c 1 c\u1ed5ng USB 3.0 v\u00e0 1 khe \u0111\u1ecdc SmartCard. B\u00ean c\u1ea1nh ph\u1ea3i g\u1ed3m c\u00f3 khe kh\u00f3a an to\u00e0n, 1 c\u1ed5ng USB 3.0 khe \u0111\u1ecdc th\u1ebb SD v\u00e0 jack combo audio. Ph\u00eda \u0111u\u00f4i m\u00e1y ch\u00fang ta c\u00f3 c\u1ed5ng Ethernet, c\u1ed5ng VGA, khe c\u1eafm SIM, c\u1ed5ng HDMI, 1 c\u1ed5ng USB 3.0 v\u00e0 c\u1ed5ng s\u1ea1c.<\/span><\/p>\n<p><img decoding=\"async\" src=\"https:\/\/tongkholaptop.vn\/wp-content\/uploads\/2023\/09\/5470-7.jpg\" title=\"5470-7\" srcset=\"https:\/\/tongkholaptop.vn\/wp-content\/uploads\/2023\/09\/5470-7-300x300.jpg 300w, https:\/\/tongkholaptop.vn\/wp-content\/uploads\/2023\/09\/5470-7-150x150.jpg 150w, https:\/\/tongkholaptop.vn\/wp-content\/uploads\/2023\/09\/5470-7-100x100.jpg 100w, https:\/\/tongkholaptop.vn\/wp-content\/uploads\/2023\/09\/5470-7.jpg 600w\"><\/p>\n<p><img decoding=\"async\" src=\"https:\/\/tongkholaptop.vn\/wp-content\/uploads\/2023\/09\/5470-8.jpg\" title=\"5470-8\" srcset=\"https:\/\/tongkholaptop.vn\/wp-content\/uploads\/2023\/09\/5470-8-300x300.jpg 300w, https:\/\/tongkholaptop.vn\/wp-content\/uploads\/2023\/09\/5470-8-150x150.jpg 150w, https:\/\/tongkholaptop.vn\/wp-content\/uploads\/2023\/09\/5470-8-100x100.jpg 100w, https:\/\/tongkholaptop.vn\/wp-content\/uploads\/2023\/09\/5470-8.jpg 600w\"><\/p>\n<p><\/p>\n<h3><span>M\u00e0n h\u00ecnh<\/span><\/h3>\n<p><span>M\u00e0n h\u00ecnh c\u1ee7a Dell Latitude E5470 c\u00f3 \u0111\u1ed9 ph\u00e2n gi\u1ea3i HD, \u0111\u1ed9 s\u00e1ng \u0111\u1ea1t 278 nits. G\u00f3c nh\u00ecn c\u1ee7a m\u00e0n h\u00ecnh r\u1ea5t r\u1ed9ng, \u0111\u1ea1t 75 \u0111\u1ed9 m\u1ed7i b\u00ean tr\u00e1i ph\u1ea3i m\u00e0 v\u1eabn duy tr\u00ec \u0111\u1ed9 t\u01b0\u01a1i v\u00e0 ch\u00ednh x\u00e1c c\u1ee7a m\u00e0u s\u1eafc.<\/span><\/p>\n<h3><span>\u00c2m Thanh<\/span><\/h3>\n<p><span>Dell Latitude E5470 t\u00edch h\u1ee3p loa r\u1ea5t t\u1ed1t, \u00e2m thanh tr\u1ea7m, ghe \u1ea5m v\u00e0 trong tr\u1ebbo, n\u00f3 \u0111\u1ee7 s\u1ee9c ph\u00e1t ra \u00e2m thanh c\u00f3 th\u1ec3 tr\u00e0n ng\u1eadp m\u1ed9t kh\u00e1n ph\u00f2ng l\u1edbn. T\u1eebng n\u1ed1t cao \u0111\u1ed9 trong b\u00e0i h\u00e1t \u0111\u01b0\u1ee3c th\u1ec3 hi\u1ec7n ng\u1ecdt ng\u00e0o v\u00e0 m\u1ea1nh m\u1ebd, c\u00e1c bass c\u1ee7a b\u00e0i h\u00e1t c\u00f9ng v\u1edbi t\u1eebng ph\u00edm nh\u1ea1c \u0111\u01b0\u1ee3c th\u1ec3 hi\u1ec7n r\u00f5 n\u00e9t. Ti\u1ec7n \u00edch Dell Audio tr\u00ean Dell Latitude E5470 cho ph\u00e9p ng\u01b0\u1eddi d\u00f9ng thay \u0111\u1ed5i c\u00e0i \u0111\u1eb7t b\u1ed9 ch\u1ec9nh \u00e2m v\u00e0 \u0111\u1ed9 nh\u1ea1y c\u1ee7a micro.<\/span><\/p>\n<h3><span>B\u00e0n ph\u00edm v\u00e0 Touchpad<\/span><\/h3>\n<p><span>B\u00e0n ph\u00edm c\u00f3 h\u00e0nh tr\u00ecnh l\u00ean t\u1edbi 1,93mm mang l\u1ea1i \u0111\u1ed9 n\u1ea3y r\u1ea5t cao, c\u1ea3m gi\u00e1c g\u00f5 tr\u00ean b\u00e0n ph\u00edm c\u1ef1c ch\u1eafc tay. Kho\u1ea3ng c\u00e1ch c\u00e1c ph\u00edm r\u1ed9ng r\u00e3i, b\u00e0n ph\u00edm cong nh\u1eb9 mang l\u1ea1i c\u1ea3m gi\u00e1c l\u01b0\u1edbt tay tho\u1ea3i m\u00e1i. Tr\u1ea3i nghi\u1ec7m \u0111\u00e1nh m\u00e1y tr\u00ean Dell Latitude E5470 c\u1ef1c ch\u00ednh x\u00e1c.<\/span><br \/><span>Touchpad c\u1ee7a Dell Latitude E5470 c\u0169ng \u0111\u01b0\u1ee3c s\u1ea3n xu\u1ea5t v\u1edbi y\u00eau c\u1ea7u k\u1ef9 thu\u1eadt cao, s\u1ef1 m\u1ecbn m\u00e0ng c\u00f9ng v\u1edbi kh\u1ea3 n\u0103ng \u0111i\u1ec1u h\u01b0\u1edbng t\u1ed1t g\u00f3p ph\u1ea7n n\u00e2ng t\u1ea7m ch\u1ea5t l\u01b0\u1ee3ng c\u1ee7a Dell Latitude E5470.<\/span><\/p>\n<p><img decoding=\"async\" src=\"https:\/\/tongkholaptop.vn\/wp-content\/uploads\/2023\/09\/5470-9.jpg\" title=\"5470-9\" srcset=\"https:\/\/tongkholaptop.vn\/wp-content\/uploads\/2023\/09\/5470-9-300x300.jpg 300w, https:\/\/tongkholaptop.vn\/wp-content\/uploads\/2023\/09\/5470-9-150x150.jpg 150w, https:\/\/tongkholaptop.vn\/wp-content\/uploads\/2023\/09\/5470-9-100x100.jpg 100w, https:\/\/tongkholaptop.vn\/wp-content\/uploads\/2023\/09\/5470-9.jpg 600w\"><\/p>\n<h3><span>C\u1ea5u h\u00ecnh t\u1ed1i \u01b0u<\/span><\/h3>\n<p><span>M\u00e1y \u0111\u01b0\u1ee3c trang b\u1ecb c\u00f4ng ngh\u1ec7 CPU Intel Core i5 th\u1ebf h\u1ec7 th\u1ee9 6 t\u1ed1c \u0111\u1ed9 cao. B\u00ean c\u1ea1nh \u0111\u00f3 m\u00e1y c\u00f2n s\u1edf h\u1eefu 8GB RAM DDR4 c\u00f9ng \u1ed5 c\u1ee9ng si\u00eau t\u1ed1c SSD 256GB. V\u1edbi c\u00e1c t\u00e1c v\u1ee5 v\u0103n ph\u00f2ng, gi\u1ea3i tr\u00ed h\u00e0ng ng\u00e0y, Dell E5470 ch\u1ea1y c\u1ef1c k\u00ec m\u01b0\u1ee3t m\u00e0.<\/span><\/p>\n<p><span><\/span><\/p>\n<p><span><strong>L\u1eddi k\u1ebft<\/strong><\/span><\/p>\n<p><span>V\u1edbi m\u1ed9t c\u1ea5u h\u00ecnh t\u1ed1t, m\u00e0n h\u00ecnh s\u1eafc n\u00e9t c\u0169ng nh\u1eefng \u01b0u \u0111i\u1ec3m v\u1ec1 k\u1ebft n\u1ed1i, Dell Latitude E5470 th\u1ef1c s\u1ef1 l\u00e0 m\u1ed9t s\u1ef1 l\u1ef1a ch\u1ecdn s\u00e1ng gi\u00e1 cho nh\u1eefng ai c\u1ea7n m\u1ed9t chi\u1ebfc m\u00e1y t\u00ednh b\u1ec1n b\u1ec9, hi\u1ec7u su\u1ea5t cao, hi\u1ec7u qu\u1ea3 cho c\u00f4ng vi\u1ec7c.<\/span><\/p>\n<p><span><br \/>\n\t\t\t\t\t\t\t<\/span><\/p>\n<\/div>\n","protected":false},"excerpt":{"rendered":"<div class=\"pro-short-desc\">\n<p><span style=\"font-size: 15pt;\"><sup><strong>B\u1ed9 vi x\u1eed l\u00fd:<\/strong>\u00a0Intel Core i5 &#8211; 6300U<br \/><\/sup><\/span><\/p>\n<p><span style=\"font-size: 15pt;\"><sup><strong>RAM:<\/strong>\u00a08GB DDR4 \/ <strong>\u1ed4 C\u1ee9ng<\/strong> SSD 256 \/ <strong>Card on<\/strong><\/sup><\/span><span style=\"font-size: 15pt;\"><sup><\/sup><\/span><span style=\"font-size: 15pt;\"><sup><br \/><\/sup><\/span><\/p>\n<p><span style=\"font-size: 15pt;\"><sup><strong>M\u00e0n h\u00ecnh:<\/strong>\u00a0\u00a014 inch\u00a0HD<\/sup><\/span><span style=\"font-size: 15pt;\"><sup><\/sup><\/span><\/p>\n<p><span style=\"font-size: 15pt;\"><sup><strong>Tr\u1ecdng l\u01b0\u1ee3ng:<\/strong>\u00a01.67 kg<\/sup><\/span><span style=\"font-size: 15pt;\"><sup><\/sup><\/span><span style=\"font-size: 15pt;\"><sup><br \/>Mi\u1ec5n ph\u00ed \u0111\u1ed5i tr\u1ea3\/ ho\u00e0n ti\u1ec1n trong v\u00f2ng 15 ng\u00e0y \u0111\u1ea7u.<br \/>B\u1ea3o h\u00e0nh v\u00e0ng 12 th\u00e1ng 1 \u0111\u1ed5i 1 v\u00e0 b\u1ea3o d\u01b0\u1ee1ng m\u00e1y tr\u1ecdn \u0111\u1eddi.<\/sup><\/span><\/p>\n<\/p>\n<\/div>\n","protected":false},"featured_media":801,"comment_status":"open","ping_status":"closed","template":"","meta":[],"thuong-hieu":[],"product_cat":[15,16],"product_tag":[],"class_list":{"0":"post-800","1":"product","2":"type-product","3":"status-publish","4":"has-post-thumbnail","6":"product_cat-laptop-dell","7":"product_cat-laptop-dell-cu-core-i5","9":"first","10":"instock","11":"sale","12":"taxable","13":"shipping-taxable","14":"purchasable","15":"product-type-simple"},"acf":[],"yoast_head":"<!-- This site is optimized with the Yoast SEO plugin v23.4 - https:\/\/yoast.com\/wordpress\/plugins\/seo\/ -->\n<title>DELL LATITUDE E5470 - i5-6300U\/8GB\/SSD256GB - T\u1ed5ng Kho Laptop<\/title>\n<meta name=\"robots\" content=\"index, follow, max-snippet:-1, max-image-preview:large, max-video-preview:-1\" \/>\n<link rel=\"canonical\" href=\"https:\/\/tongkholaptop.vn\/?product=dell-latitude-e5470-i5-6300u-8gb-ssd256gb\" \/>\n<meta property=\"og:locale\" content=\"vi_VN\" \/>\n<meta property=\"og:type\" content=\"article\" \/>\n<meta property=\"og:title\" content=\"DELL LATITUDE E5470 - i5-6300U\/8GB\/SSD256GB - T\u1ed5ng Kho Laptop\" \/>\n<meta property=\"og:description\" content=\"B\u1ed9 vi x\u1eed l\u00fd:\u00a0Intel Core i5 - 6300URAM:\u00a08GB DDR4 \/ \u1ed4 C\u1ee9ng SSD 256 \/ Card onM\u00e0n h\u00ecnh:\u00a0\u00a014 inch\u00a0HDTr\u1ecdng l\u01b0\u1ee3ng:\u00a01.67 kgMi\u1ec5n ph\u00ed \u0111\u1ed5i tr\u1ea3\/ ho\u00e0n ti\u1ec1n trong v\u00f2ng 15 ng\u00e0y \u0111\u1ea7u.B\u1ea3o h\u00e0nh v\u00e0ng 12 th\u00e1ng 1 \u0111\u1ed5i 1 v\u00e0 b\u1ea3o d\u01b0\u1ee1ng m\u00e1y tr\u1ecdn \u0111\u1eddi.\" \/>\n<meta property=\"og:url\" content=\"https:\/\/tongkholaptop.vn\/?product=dell-latitude-e5470-i5-6300u-8gb-ssd256gb\" \/>\n<meta property=\"og:site_name\" content=\"T\u1ed5ng Kho Laptop\" \/>\n<meta property=\"article:modified_time\" content=\"2023-09-07T10:36:20+00:00\" \/>\n<meta property=\"og:image\" content=\"https:\/\/tongkholaptop.vn\/wp-content\/uploads\/2023\/09\/5470.jpg\" \/>\n\t<meta property=\"og:image:width\" content=\"720\" \/>\n\t<meta property=\"og:image:height\" content=\"720\" \/>\n\t<meta property=\"og:image:type\" content=\"image\/jpeg\" \/>\n<meta name=\"twitter:card\" content=\"summary_large_image\" \/>\n<meta name=\"twitter:label1\" content=\"\u01af\u1edbc t\u00ednh th\u1eddi gian \u0111\u1ecdc\" \/>\n\t<meta name=\"twitter:data1\" content=\"4 ph\u00fat\" \/>\n<script type=\"application\/ld+json\" class=\"yoast-schema-graph\">{\"@context\":\"https:\/\/schema.org\",\"@graph\":[{\"@type\":\"WebPage\",\"@id\":\"https:\/\/tongkholaptop.vn\/?product=dell-latitude-e5470-i5-6300u-8gb-ssd256gb\",\"url\":\"https:\/\/tongkholaptop.vn\/?product=dell-latitude-e5470-i5-6300u-8gb-ssd256gb\",\"name\":\"DELL LATITUDE E5470 - i5-6300U\/8GB\/SSD256GB - T\u1ed5ng Kho Laptop\",\"isPartOf\":{\"@id\":\"https:\/\/tongkholaptop.vn\/#website\"},\"primaryImageOfPage\":{\"@id\":\"https:\/\/tongkholaptop.vn\/?product=dell-latitude-e5470-i5-6300u-8gb-ssd256gb#primaryimage\"},\"image\":{\"@id\":\"https:\/\/tongkholaptop.vn\/?product=dell-latitude-e5470-i5-6300u-8gb-ssd256gb#primaryimage\"},\"thumbnailUrl\":\"https:\/\/tongkholaptop.vn\/wp-content\/uploads\/2023\/09\/5470.jpg\",\"datePublished\":\"2023-09-07T06:55:13+00:00\",\"dateModified\":\"2023-09-07T10:36:20+00:00\",\"breadcrumb\":{\"@id\":\"https:\/\/tongkholaptop.vn\/?product=dell-latitude-e5470-i5-6300u-8gb-ssd256gb#breadcrumb\"},\"inLanguage\":\"vi\",\"potentialAction\":[{\"@type\":\"ReadAction\",\"target\":[\"https:\/\/tongkholaptop.vn\/?product=dell-latitude-e5470-i5-6300u-8gb-ssd256gb\"]}]},{\"@type\":\"ImageObject\",\"inLanguage\":\"vi\",\"@id\":\"https:\/\/tongkholaptop.vn\/?product=dell-latitude-e5470-i5-6300u-8gb-ssd256gb#primaryimage\",\"url\":\"https:\/\/tongkholaptop.vn\/wp-content\/uploads\/2023\/09\/5470.jpg\",\"contentUrl\":\"https:\/\/tongkholaptop.vn\/wp-content\/uploads\/2023\/09\/5470.jpg\",\"width\":720,\"height\":720,\"caption\":\"DELL LATITUDE E5470 - i5-6300U\/8GB\/SSD256GB\"},{\"@type\":\"BreadcrumbList\",\"@id\":\"https:\/\/tongkholaptop.vn\/?product=dell-latitude-e5470-i5-6300u-8gb-ssd256gb#breadcrumb\",\"itemListElement\":[{\"@type\":\"ListItem\",\"position\":1,\"name\":\"Trang ch\u1ee7\",\"item\":\"https:\/\/tongkholaptop.vn\/\"},{\"@type\":\"ListItem\",\"position\":2,\"name\":\"T\u1ea5t c\u1ea3 s\u1ea3n ph\u1ea9m\",\"item\":\"https:\/\/tongkholaptop.vn\/collections\/all\"},{\"@type\":\"ListItem\",\"position\":3,\"name\":\"DELL LATITUDE E5470 &#8211; i5-6300U\/8GB\/SSD256GB\"}]},{\"@type\":\"WebSite\",\"@id\":\"https:\/\/tongkholaptop.vn\/#website\",\"url\":\"https:\/\/tongkholaptop.vn\/\",\"name\":\"T\u1ed5ng Kho Laptop\",\"description\":\"\",\"potentialAction\":[{\"@type\":\"SearchAction\",\"target\":{\"@type\":\"EntryPoint\",\"urlTemplate\":\"https:\/\/tongkholaptop.vn\/?s={search_term_string}\"},\"query-input\":{\"@type\":\"PropertyValueSpecification\",\"valueRequired\":true,\"valueName\":\"search_term_string\"}}],\"inLanguage\":\"vi\"}]}<\/script>\n<!-- \/ Yoast SEO plugin. -->","yoast_head_json":{"title":"DELL LATITUDE E5470 - i5-6300U\/8GB\/SSD256GB - T\u1ed5ng Kho Laptop","robots":{"index":"index","follow":"follow","max-snippet":"max-snippet:-1","max-image-preview":"max-image-preview:large","max-video-preview":"max-video-preview:-1"},"canonical":"https:\/\/tongkholaptop.vn\/?product=dell-latitude-e5470-i5-6300u-8gb-ssd256gb","og_locale":"vi_VN","og_type":"article","og_title":"DELL LATITUDE E5470 - i5-6300U\/8GB\/SSD256GB - T\u1ed5ng Kho Laptop","og_description":"B\u1ed9 vi x\u1eed l\u00fd:\u00a0Intel Core i5 - 6300URAM:\u00a08GB DDR4 \/ \u1ed4 C\u1ee9ng SSD 256 \/ Card onM\u00e0n h\u00ecnh:\u00a0\u00a014 inch\u00a0HDTr\u1ecdng l\u01b0\u1ee3ng:\u00a01.67 kgMi\u1ec5n ph\u00ed \u0111\u1ed5i tr\u1ea3\/ ho\u00e0n ti\u1ec1n trong v\u00f2ng 15 ng\u00e0y \u0111\u1ea7u.B\u1ea3o h\u00e0nh v\u00e0ng 12 th\u00e1ng 1 \u0111\u1ed5i 1 v\u00e0 b\u1ea3o d\u01b0\u1ee1ng m\u00e1y tr\u1ecdn \u0111\u1eddi.","og_url":"https:\/\/tongkholaptop.vn\/?product=dell-latitude-e5470-i5-6300u-8gb-ssd256gb","og_site_name":"T\u1ed5ng Kho Laptop","article_modified_time":"2023-09-07T10:36:20+00:00","og_image":[{"width":720,"height":720,"url":"https:\/\/tongkholaptop.vn\/wp-content\/uploads\/2023\/09\/5470.jpg","type":"image\/jpeg"}],"twitter_card":"summary_large_image","twitter_misc":{"\u01af\u1edbc t\u00ednh th\u1eddi gian \u0111\u1ecdc":"4 ph\u00fat"},"schema":{"@context":"https:\/\/schema.org","@graph":[{"@type":"WebPage","@id":"https:\/\/tongkholaptop.vn\/?product=dell-latitude-e5470-i5-6300u-8gb-ssd256gb","url":"https:\/\/tongkholaptop.vn\/?product=dell-latitude-e5470-i5-6300u-8gb-ssd256gb","name":"DELL LATITUDE E5470 - i5-6300U\/8GB\/SSD256GB - T\u1ed5ng Kho Laptop","isPartOf":{"@id":"https:\/\/tongkholaptop.vn\/#website"},"primaryImageOfPage":{"@id":"https:\/\/tongkholaptop.vn\/?product=dell-latitude-e5470-i5-6300u-8gb-ssd256gb#primaryimage"},"image":{"@id":"https:\/\/tongkholaptop.vn\/?product=dell-latitude-e5470-i5-6300u-8gb-ssd256gb#primaryimage"},"thumbnailUrl":"https:\/\/tongkholaptop.vn\/wp-content\/uploads\/2023\/09\/5470.jpg","datePublished":"2023-09-07T06:55:13+00:00","dateModified":"2023-09-07T10:36:20+00:00","breadcrumb":{"@id":"https:\/\/tongkholaptop.vn\/?product=dell-latitude-e5470-i5-6300u-8gb-ssd256gb#breadcrumb"},"inLanguage":"vi","potentialAction":[{"@type":"ReadAction","target":["https:\/\/tongkholaptop.vn\/?product=dell-latitude-e5470-i5-6300u-8gb-ssd256gb"]}]},{"@type":"ImageObject","inLanguage":"vi","@id":"https:\/\/tongkholaptop.vn\/?product=dell-latitude-e5470-i5-6300u-8gb-ssd256gb#primaryimage","url":"https:\/\/tongkholaptop.vn\/wp-content\/uploads\/2023\/09\/5470.jpg","contentUrl":"https:\/\/tongkholaptop.vn\/wp-content\/uploads\/2023\/09\/5470.jpg","width":720,"height":720,"caption":"DELL LATITUDE E5470 - i5-6300U\/8GB\/SSD256GB"},{"@type":"BreadcrumbList","@id":"https:\/\/tongkholaptop.vn\/?product=dell-latitude-e5470-i5-6300u-8gb-ssd256gb#breadcrumb","itemListElement":[{"@type":"ListItem","position":1,"name":"Trang ch\u1ee7","item":"https:\/\/tongkholaptop.vn\/"},{"@type":"ListItem","position":2,"name":"T\u1ea5t c\u1ea3 s\u1ea3n ph\u1ea9m","item":"https:\/\/tongkholaptop.vn\/collections\/all"},{"@type":"ListItem","position":3,"name":"DELL LATITUDE E5470 &#8211; i5-6300U\/8GB\/SSD256GB"}]},{"@type":"WebSite","@id":"https:\/\/tongkholaptop.vn\/#website","url":"https:\/\/tongkholaptop.vn\/","name":"T\u1ed5ng Kho Laptop","description":"","potentialAction":[{"@type":"SearchAction","target":{"@type":"EntryPoint","urlTemplate":"https:\/\/tongkholaptop.vn\/?s={search_term_string}"},"query-input":{"@type":"PropertyValueSpecification","valueRequired":true,"valueName":"search_term_string"}}],"inLanguage":"vi"}]}},"_links":{"self":[{"href":"https:\/\/tongkholaptop.vn\/index.php?rest_route=\/wp\/v2\/product\/800"}],"collection":[{"href":"https:\/\/tongkholaptop.vn\/index.php?rest_route=\/wp\/v2\/product"}],"about":[{"href":"https:\/\/tongkholaptop.vn\/index.php?rest_route=\/wp\/v2\/types\/product"}],"replies":[{"embeddable":true,"href":"https:\/\/tongkholaptop.vn\/index.php?rest_route=%2Fwp%2Fv2%2Fcomments&post=800"}],"wp:featuredmedia":[{"embeddable":true,"href":"https:\/\/tongkholaptop.vn\/index.php?rest_route=\/wp\/v2\/media\/801"}],"wp:attachment":[{"href":"https:\/\/tongkholaptop.vn\/index.php?rest_route=%2Fwp%2Fv2%2Fmedia&parent=800"}],"wp:term":[{"taxonomy":"thuong-hieu","embeddable":true,"href":"https:\/\/tongkholaptop.vn\/index.php?rest_route=%2Fwp%2Fv2%2Fthuong-hieu&post=800"},{"taxonomy":"product_cat","embeddable":true,"href":"https:\/\/tongkholaptop.vn\/index.php?rest_route=%2Fwp%2Fv2%2Fproduct_cat&post=800"},{"taxonomy":"product_tag","embeddable":true,"href":"https:\/\/tongkholaptop.vn\/index.php?rest_route=%2Fwp%2Fv2%2Fproduct_tag&post=800"}],"curies":[{"name":"wp","href":"https:\/\/api.w.org\/{rel}","templated":true}]}}