{"id":766,"date":"2023-09-07T06:54:28","date_gmt":"2023-09-07T06:54:28","guid":{"rendered":"https:\/\/tongkholaptop.vn\/sanpham\/dell-latitude-e3440-intel-core-i5-4200u-4g-ssd-128gb-14-inch\/"},"modified":"2023-09-07T10:36:38","modified_gmt":"2023-09-07T10:36:38","slug":"dell-latitude-e3440-intel-core-i5-4200u-4g-ssd-128gb-14-inch","status":"publish","type":"product","link":"https:\/\/tongkholaptop.vn\/?product=dell-latitude-e3440-intel-core-i5-4200u-4g-ssd-128gb-14-inch","title":{"rendered":"Dell Latitude E3440 &#8211; Intel Core i5-4200U\/4G\/SSD 128GB\/14 inch"},"content":{"rendered":"<\/p>\n<div id=\"protab0\" class=\"pro-tabcontent\">\n<p><span><strong>\u00a0 \u00a0 \u00a0 \u00a0 \u00a0 \u00a0 <span style=\"font-size:32pt\">Dell Latitude 3440<\/span><\/strong><span style=\"font-size:32pt\"><strong>\u00a0<\/strong><\/span><\/span><\/p>\n<h3 style=\"text-align: left;\"><strong>Thi\u1ebft k\u1ebf cao c\u1ea5p, m\u00e0n h\u00ecnh s\u1eafc n\u00e9t c\u00f9ng c\u1ea5u h\u00ecnh h\u00e0ng \u0111\u1ea7u<\/strong><\/h3>\n<p><span style=\"font-size:12pt\"><span style=\"font-size:11pt\">Khi nh\u00ecn v\u00e0o Dell Latitude 3440 b\u1ea1n s\u1ebd c\u00f3 m\u1ed9t c\u1ea3m nh\u1eadn l\u00e0 cao c\u1ea5p v\u00e0 hi\u1ec7n \u0111\u1ea1i. M\u1eb7t ngo\u00e0i \u0111\u01b0\u1ee3c ph\u1ee7 m\u1ed9t l\u1edbp v\u1ecf kim lo\u1ea1i x\u01b0\u1edbc tr\u00f4ng r\u1ea5t b\u1eaft m\u1eaft v\u00e0 m\u1ea1nh m\u1ebd. Xung quanh m\u00e1y l\u00e0 vi\u1ec1n nh\u1ef1a \u0111en, t\u1ea1o \u0111i\u1ec3m nh\u1ea5n th\u1eddi trang, t\u0103ng th\u00eam v\u1ebb \u0111\u1eb9p cho s\u1ea3n ph\u1ea9m.<\/span><\/span><br \/>\u00a0<\/p>\n<p><img loading=\"lazy\" decoding=\"async\" width=\"608\" height=\"811\" src=\"https:\/\/tongkholaptop.vn\/wp-content\/uploads\/2023\/09\/img_9484_27df633210e04b7a98aa24ccd7d477f1_grande.jpg\" title=\"img_9484_27df633210e04b7a98aa24ccd7d477f1_grande\" srcset=\"https:\/\/tongkholaptop.vn\/wp-content\/uploads\/2023\/09\/img_9484_27df633210e04b7a98aa24ccd7d477f1_grande-225x300.jpg 225w, https:\/\/tongkholaptop.vn\/wp-content\/uploads\/2023\/09\/img_9484_27df633210e04b7a98aa24ccd7d477f1_grande.jpg 450w\"><\/p>\n<p><span style=\"font-size:12pt\"><span style=\"font-size:11pt\">\u1ede gi\u1eefa m\u1eb7t ngo\u00e0i l\u00e0 logo tr\u00f2n c\u1ee7a\u00a0Dell, \u0111\u01b0\u1ee3c in s\u00e2u v\u00e0o b\u00ean trong, th\u00eam m\u1ed9t \u0111i\u1ec3m nh\u1ea5n cho s\u1ea3n ph\u1ea9m. B\u00ean trong m\u00e1y, b\u1ec1 m\u1eb7t \u0111\u1ec3 tay c\u0169ng \u0111\u01b0\u1ee3c ph\u1ee7 m\u1ed9t l\u1edbp s\u01a1n kim lo\u1ea1i x\u01b0\u1edbc, v\u1eeba b\u1eaft m\u1eaft l\u1ea1i v\u1eeba c\u1ea3m th\u1ea5y c\u1ee9ng c\u00e1p, an to\u00e0n.<\/span><\/span><br \/>\u00a0<\/p>\n<p><img decoding=\"async\" src=\"https:\/\/tongkholaptop.vn\/wp-content\/uploads\/2023\/09\/img_9485_097796dd7f9a4ced91aa0f5755ea29c8_grande.jpg\" title=\"img_9485_097796dd7f9a4ced91aa0f5755ea29c8_grande\" srcset=\"https:\/\/tongkholaptop.vn\/wp-content\/uploads\/2023\/09\/img_9485_097796dd7f9a4ced91aa0f5755ea29c8_grande-300x225.jpg 300w, https:\/\/tongkholaptop.vn\/wp-content\/uploads\/2023\/09\/img_9485_097796dd7f9a4ced91aa0f5755ea29c8_grande.jpg 600w\"><\/p>\n<p><span>C\u1ea1nh tr\u01b0\u1edbc c\u1ee7a\u00a0<\/span><strong>Latitude 3440<span>\u00a0<\/span><\/strong><span>\u0111\u01b0\u1ee3c b\u1ed1 tr\u00ed 2 l\u01b0\u1edbi loa \u1edf hai b\u00ean, h\u01a1i l\u00f5m v\u00e0o b\u00ean trong, kh\u00e1 h\u1ea7m h\u1ed1 v\u00e0 m\u1ea1nh m\u1ebd. \u1ede gi\u1eefa l\u00e0 khe c\u1eafm th\u1ebb microSD khi\u1ebfn ng\u01b0\u1eddi d\u00f9ng c\u00f3 c\u1ea3m gi\u00e1c c\u00e2n \u0111\u1ed1i v\u00e0 ho\u00e0n h\u1ea3o. M\u1eb7c d\u00f9 l\u00e0 m\u1ed9t laptop cao c\u1ea5p nh\u01b0ng thi\u1ebft b\u1ecb l\u1ea1i c\u00f3 thi\u1ebft k\u1ebf kh\u00e1 d\u00e0y, l\u00ean \u0111\u1ebfn 25 mm.<\/span><br \/>\u00a0<\/p>\n<h2><span style=\"font-size:12pt\"><strong>C\u1ea5u h\u00ecnh h\u00e0ng \u0111\u1ea7u<\/strong>\u00a0<\/span><\/h2>\n<p><span style=\"font-size:11pt\"><strong>Dell Latitude<span>\u00a0<\/span>3440<\/strong><span>\u00a0v\u1edbi vi x\u1eed l\u00fd\u00a0<\/span>Core i5 4200U\u00a0Haswell<span>\u00a0th\u1ebf h\u1ec7 4 l\u00e0 d\u00f2ng chip m\u1edbi nh\u1ea5t hi\u1ec7n nay c\u1ee7a Intel gi\u00fap ti\u1ebft ki\u1ec7m \u0111i\u1ec7n n\u0103ng hi\u1ec7u qu\u1ea3. B\u1ed9 vi x\u1eed l\u00fd h\u00e0ng \u0111\u1ea7u k\u1ebft h\u1ee3p v\u1edbi b\u1ed9 nh\u1edb RAM 4GB cho kh\u1ea3 n\u0103ng \u0111a nhi\u1ec7m tuy\u1ec7t v\u1eddi, c\u00f3 th\u1ec3 ch\u1ea1y c\u00f9ng l\u00fac nhi\u1ec1u \u1ee9ng d\u1ee5ng, m\u1edf nhi\u1ec1u tab duy\u1ec7t web\u2026m\u00e0 v\u1eabn m\u01b0\u1ee3t m\u00e0, nhanh ch\u00f3ng.<\/span><\/span><br \/>\u00a0<\/p>\n<p><img loading=\"lazy\" decoding=\"async\" width=\"593\" height=\"791\" src=\"https:\/\/tongkholaptop.vn\/wp-content\/uploads\/2023\/09\/img_9489_ce6c0dfe8826419bb3910085ccf847d3_grande.jpg\" title=\"img_9489_ce6c0dfe8826419bb3910085ccf847d3_grande\" srcset=\"https:\/\/tongkholaptop.vn\/wp-content\/uploads\/2023\/09\/img_9489_ce6c0dfe8826419bb3910085ccf847d3_grande-225x300.jpg 225w, https:\/\/tongkholaptop.vn\/wp-content\/uploads\/2023\/09\/img_9489_ce6c0dfe8826419bb3910085ccf847d3_grande.jpg 450w\"><\/p>\n<p>\u00a0<\/p>\n<h3>M\u00e0n h\u00ecnh anti-glare 14 inch HD s\u1eafc n\u00e9t<\/h3>\n<p>M\u00e0n h\u00ecnh 14 inch \u0111\u1ed9 ph\u00e2n gi\u1ea3i HD 1366 x 768 pixels c\u00f9ng c\u00f4ng ngh\u1ec7 ch\u1ed1ng ch\u00f3i \u0111em \u0111\u1ebfn h\u00ecnh \u1ea3nh\u00a0t\u01b0\u01a1i s\u00e1ng,\u00a0s\u1eafc n\u00e9t, g\u00f3c nh\u00ecn r\u1ed9ng r\u00e3i k\u1ec3 c\u1ea3 khi b\u1ea1n \u0111ang ng\u1ed3i d\u01b0\u1edbi \u00e1nh s\u00e1ng m\u1eb7t tr\u1eddi. M\u00e0n h\u00ecnh s\u1eafc n\u00e9t t\u0103ng th\u00eam tr\u1ea3i nghi\u1ec7m xem phim, ch\u01a1i game, gi\u00fap b\u1ea1n th\u00edch th\u00fa h\u01a1n trong nh\u1eefng gi\u00e2y ph\u00fat gi\u1ea3i tr\u00ed.<\/p>\n<p><img loading=\"lazy\" decoding=\"async\" width=\"588\" height=\"784\" src=\"https:\/\/tongkholaptop.vn\/wp-content\/uploads\/2023\/09\/img_9490_6cc1b2f287cb4a8db2152e81e22f644f_grande.jpg\" title=\"img_9490_6cc1b2f287cb4a8db2152e81e22f644f_grande\" srcset=\"https:\/\/tongkholaptop.vn\/wp-content\/uploads\/2023\/09\/img_9490_6cc1b2f287cb4a8db2152e81e22f644f_grande-225x300.jpg 225w, https:\/\/tongkholaptop.vn\/wp-content\/uploads\/2023\/09\/img_9490_6cc1b2f287cb4a8db2152e81e22f644f_grande.jpg 450w\"><\/p>\n<p>\u00a0<\/p>\n<h3>Hi\u1ec7u su\u1ea5t<span>\u00a0<\/span>\u0111\u1ed3 h\u1ecda<span>\u00a0<\/span>tuy\u1ec7t v\u1eddi<\/h3>\n<p>C\u00f3 th\u1ec3 coi<span>\u00a0<\/span><strong>Latitude 3440<\/strong><span>\u00a0<\/span>l\u00e0 m\u1ed9t laptop d\u00e0nh cho game th\u1ee7 b\u1edfi m\u00e1y c\u00f3 hi\u1ec7u su\u1ea5t \u0111\u1ed3 h\u1ecda tuy\u1ec7t v\u1eddi. Nh\u1edd \u0111\u01b0\u1ee3c t\u00edch h\u1ee3p card <span>Intel HD Graphics 4000<\/span>, b\u1ea1n s\u1ebd kh\u00f4ng c\u1ea7n ph\u1ea3i lo l\u1eafng khi ch\u01a1i nh\u1eefng game ho\u1eb7c x\u1eed l\u00fd c\u00e1c c\u00f4ng vi\u1ec7c \u0111\u1ed3 h\u1ecda.<br \/>\u00a0<\/p>\n<p><img loading=\"lazy\" decoding=\"async\" width=\"597\" height=\"796\" src=\"https:\/\/tongkholaptop.vn\/wp-content\/uploads\/2023\/09\/img_9488_c2414b01e0a84759aaf703733065da58_grande.jpg\" title=\"img_9488_c2414b01e0a84759aaf703733065da58_grande\" srcset=\"https:\/\/tongkholaptop.vn\/wp-content\/uploads\/2023\/09\/img_9488_c2414b01e0a84759aaf703733065da58_grande-225x300.jpg 225w, https:\/\/tongkholaptop.vn\/wp-content\/uploads\/2023\/09\/img_9488_c2414b01e0a84759aaf703733065da58_grande.jpg 450w\"><\/p>\n<p>\u00a0<\/p>\n<h3>\u00c2m nh\u1ea1c ch\u1ea5t l\u01b0\u1ee3ng cao<\/h3>\n<p>Kh\u00f4ng nh\u1eefng v\u1eady b\u1ed9 loa 2.0 h\u1ed7 tr\u1ee3 c\u00f4ng ngh\u1ec7 \u00e2m thanh<span>\u00a0<\/span><strong>Waves MaxxAudio 4<span>\u00a0<\/span><\/strong>\u0111\u1ea3m b\u1ea3o \u00e2m thanh\u00a0ph\u00e1t ra trong r\u00f5, t\u0103ng c\u01b0\u1eddng \u00e2m bass, \u0111em \u0111\u1ebfn nh\u1eefng tr\u1ea3i nghi\u1ec7m ch\u00e2n th\u1ef1c h\u01a1n.<br \/>\u00a0<\/p>\n<p><img loading=\"lazy\" decoding=\"async\" width=\"591\" height=\"788\" src=\"https:\/\/tongkholaptop.vn\/wp-content\/uploads\/2023\/09\/img_9487_b369bf37f34c46529df758a9cec9461c_grande.jpg\" title=\"img_9487_b369bf37f34c46529df758a9cec9461c_grande\" srcset=\"https:\/\/tongkholaptop.vn\/wp-content\/uploads\/2023\/09\/img_9487_b369bf37f34c46529df758a9cec9461c_grande-225x300.jpg 225w, https:\/\/tongkholaptop.vn\/wp-content\/uploads\/2023\/09\/img_9487_b369bf37f34c46529df758a9cec9461c_grande.jpg 450w\"><\/p>\n<p>\u00a0<\/p>\n<p><span>M\u00e1y c\u0169ng c\u00f3 k\u1ebft n\u1ed1i USB 3.0 cho t\u1ed1c \u0111\u1ed9 truy\u1ec1n t\u1ea3i d\u1eef li\u1ec7u nhanh g\u1ea5p 10 l\u1ea7n chu\u1ea9n USB 2.0 c\u0169.<\/span><br \/>\u00a0<\/p>\n<h3>K\u1ebft Lu\u1eadn\u00a0<\/h3>\n<p><strong>Dell Latitude 3440<\/strong><span>\u00a0<\/span>l\u00e0 m\u1ed9t laptop cao c\u1ea5p v\u1edbi thi\u1ebft k\u1ebf \u0111\u1eb9p m\u1eaft, c\u1ea5u h\u00ecnh h\u00e0ng \u0111\u1ea7u, th\u00edch h\u1ee3p cho c\u1ea3 gi\u1ea3i tr\u00ed l\u1eabn c\u00f4ng vi\u1ec7c. \u0110\u00e2y l\u00e0 m\u1ed9t m\u00e1y t\u00ednh x\u00e1ch tay d\u00e0nh cho nh\u1eefng ai th\u00edch ch\u01a1i game ho\u1eb7c l\u00e0m c\u00e1c c\u00f4ng vi\u1ec7c \u0111\u1ed3 h\u1ecda tr\u00ean m\u1ed9t<span>\u00a0<\/span>laptop.<\/p>\n<p>M\u00e1y b\u00e1n c\u00f3 k\u00e8m theo \u0111\u1ea7y \u0111\u1ee7 c\u1eb7p chu\u1ed9t,di chu\u1ed9t v\u00e0 s\u1ea1c zin, b\u1ea3o h\u00e0nh 12 th\u00e1ng 1 \u0111\u1ed5i 1 t\u1ea1i T\u1ed5ng Kho Laptop.<br \/>\u00a0<\/p>\n<p><span>N\u1ebfu b\u1ea1n \u0111ang quan t\u00e2m v\u1ec1 s\u1ea3n ph\u1ea9m ho\u1eb7c c\u1ea7n t\u01b0 v\u1ea5n mua h\u00e0ng, Livechat ngay cho Tongkholaptop \u0111\u1ec3 \u0111\u01b0\u1ee3c h\u1ed7 tr\u1ee3 mi\u1ec5n ph\u00ed nh\u00e9!<\/span><\/p>\n<\/p>\n<\/div>\n","protected":false},"excerpt":{"rendered":"<div class=\"pro-short-desc\">\n<ul>\n<li>B\u1ed9 vi x\u1eed l\u00fd:Intel Core i5-4200U<\/li>\n<li><span>RAM: 4GB<\/span><\/li>\n<li><span>\u1ed4 \u0111\u0129a c\u1ee9ng: SSD 128GB<\/span><\/li>\n<li><span>Card m\u00e0n h\u00ecnh: \u00a0Intel HD Graphics 4000<\/span><\/li>\n<li><span>M\u00e0n h\u00ecnh:\u00a0 14&#8243; HD<\/span><\/li>\n<li><span>Pin: 4-cell<\/span><\/li>\n<li><span>Webcam: 1.3 Megapixels<\/span><\/li>\n<li><span>K\u1ebft n\u1ed1i :LAN, Wi-Fi, USB 2.0, USB 3.0, HDMI<\/span><\/li>\n<li>K\u00edch c\u1ee1:\u00a0346 x 245 x 329.6 mm<\/li>\n<li><span>Tr\u1ecdng l\u01b0\u1ee3ng: 1.9kg<\/span><\/li>\n<\/ul>\n<p>\u00a0<\/p>\n<p><span>T\u1eb7ng Full Combo b\u1ed9 qu\u00e0 Balo, Chu\u1ed9t kh\u00f4ng d\u00e2y, b\u00e0n di chu\u1ed9t&#8230; Cam k\u1ebft gi\u00e1 r\u1ebb v\u00f4 \u0111\u1ecbch<\/span><\/p>\n<p><span>B\u1ea3o H\u00e0nh: 1 \u0111\u1ed5i 1 trong v\u00f2ng 12 th\u00e1ng<\/span><\/p>\n<\/p>\n<\/div>\n","protected":false},"featured_media":767,"comment_status":"open","ping_status":"closed","template":"","meta":[],"thuong-hieu":[],"product_cat":[15,16],"product_tag":[],"class_list":{"0":"post-766","1":"product","2":"type-product","3":"status-publish","4":"has-post-thumbnail","6":"product_cat-laptop-dell","7":"product_cat-laptop-dell-cu-core-i5","9":"first","10":"instock","11":"sale","12":"taxable","13":"shipping-taxable","14":"purchasable","15":"product-type-simple"},"acf":[],"yoast_head":"<!-- This site is optimized with the Yoast SEO plugin v23.4 - https:\/\/yoast.com\/wordpress\/plugins\/seo\/ -->\n<title>Dell Latitude E3440 - Intel Core i5-4200U\/4G\/SSD 128GB\/14 inch - T\u1ed5ng Kho Laptop<\/title>\n<meta name=\"robots\" content=\"index, follow, max-snippet:-1, max-image-preview:large, max-video-preview:-1\" \/>\n<link rel=\"canonical\" href=\"https:\/\/tongkholaptop.vn\/?product=dell-latitude-e3440-intel-core-i5-4200u-4g-ssd-128gb-14-inch\" \/>\n<meta property=\"og:locale\" content=\"vi_VN\" \/>\n<meta property=\"og:type\" content=\"article\" \/>\n<meta property=\"og:title\" content=\"Dell Latitude E3440 - Intel Core i5-4200U\/4G\/SSD 128GB\/14 inch - T\u1ed5ng Kho Laptop\" \/>\n<meta property=\"og:description\" content=\"B\u1ed9 vi x\u1eed l\u00fd:Intel Core i5-4200URAM: 4GB\u1ed4 \u0111\u0129a c\u1ee9ng: SSD 128GBCard m\u00e0n h\u00ecnh: \u00a0Intel HD Graphics 4000M\u00e0n h\u00ecnh:\u00a0 14&quot; HDPin: 4-cellWebcam: 1.3 MegapixelsK\u1ebft n\u1ed1i :LAN, Wi-Fi, USB 2.0, USB 3.0, HDMIK\u00edch c\u1ee1:\u00a0346 x 245 x 329.6 mmTr\u1ecdng l\u01b0\u1ee3ng: 1.9kg\u00a0T\u1eb7ng Full Combo b\u1ed9 qu\u00e0 Balo, Chu\u1ed9t kh\u00f4ng d\u00e2y, b\u00e0n di chu\u1ed9t... Cam k\u1ebft gi\u00e1 r\u1ebb v\u00f4 \u0111\u1ecbchB\u1ea3o H\u00e0nh: 1 \u0111\u1ed5i 1 trong v\u00f2ng 12 th\u00e1ng\" \/>\n<meta property=\"og:url\" content=\"https:\/\/tongkholaptop.vn\/?product=dell-latitude-e3440-intel-core-i5-4200u-4g-ssd-128gb-14-inch\" \/>\n<meta property=\"og:site_name\" content=\"T\u1ed5ng Kho Laptop\" \/>\n<meta property=\"article:modified_time\" content=\"2023-09-07T10:36:38+00:00\" \/>\n<meta property=\"og:image\" content=\"https:\/\/tongkholaptop.vn\/wp-content\/uploads\/2023\/09\/img_9484_89ef4192323a490faa3ab24000aad81a_master.jpg\" \/>\n\t<meta property=\"og:image:width\" content=\"1536\" \/>\n\t<meta property=\"og:image:height\" content=\"2048\" \/>\n\t<meta property=\"og:image:type\" content=\"image\/jpeg\" \/>\n<meta name=\"twitter:card\" content=\"summary_large_image\" \/>\n<meta name=\"twitter:label1\" content=\"\u01af\u1edbc t\u00ednh th\u1eddi gian \u0111\u1ecdc\" \/>\n\t<meta name=\"twitter:data1\" content=\"4 ph\u00fat\" \/>\n<script type=\"application\/ld+json\" class=\"yoast-schema-graph\">{\"@context\":\"https:\/\/schema.org\",\"@graph\":[{\"@type\":\"WebPage\",\"@id\":\"https:\/\/tongkholaptop.vn\/?product=dell-latitude-e3440-intel-core-i5-4200u-4g-ssd-128gb-14-inch\",\"url\":\"https:\/\/tongkholaptop.vn\/?product=dell-latitude-e3440-intel-core-i5-4200u-4g-ssd-128gb-14-inch\",\"name\":\"Dell Latitude E3440 - Intel Core i5-4200U\/4G\/SSD 128GB\/14 inch - T\u1ed5ng Kho Laptop\",\"isPartOf\":{\"@id\":\"https:\/\/tongkholaptop.vn\/#website\"},\"primaryImageOfPage\":{\"@id\":\"https:\/\/tongkholaptop.vn\/?product=dell-latitude-e3440-intel-core-i5-4200u-4g-ssd-128gb-14-inch#primaryimage\"},\"image\":{\"@id\":\"https:\/\/tongkholaptop.vn\/?product=dell-latitude-e3440-intel-core-i5-4200u-4g-ssd-128gb-14-inch#primaryimage\"},\"thumbnailUrl\":\"https:\/\/tongkholaptop.vn\/wp-content\/uploads\/2023\/09\/img_9484_89ef4192323a490faa3ab24000aad81a_master.jpg\",\"datePublished\":\"2023-09-07T06:54:28+00:00\",\"dateModified\":\"2023-09-07T10:36:38+00:00\",\"breadcrumb\":{\"@id\":\"https:\/\/tongkholaptop.vn\/?product=dell-latitude-e3440-intel-core-i5-4200u-4g-ssd-128gb-14-inch#breadcrumb\"},\"inLanguage\":\"vi\",\"potentialAction\":[{\"@type\":\"ReadAction\",\"target\":[\"https:\/\/tongkholaptop.vn\/?product=dell-latitude-e3440-intel-core-i5-4200u-4g-ssd-128gb-14-inch\"]}]},{\"@type\":\"ImageObject\",\"inLanguage\":\"vi\",\"@id\":\"https:\/\/tongkholaptop.vn\/?product=dell-latitude-e3440-intel-core-i5-4200u-4g-ssd-128gb-14-inch#primaryimage\",\"url\":\"https:\/\/tongkholaptop.vn\/wp-content\/uploads\/2023\/09\/img_9484_89ef4192323a490faa3ab24000aad81a_master.jpg\",\"contentUrl\":\"https:\/\/tongkholaptop.vn\/wp-content\/uploads\/2023\/09\/img_9484_89ef4192323a490faa3ab24000aad81a_master.jpg\",\"width\":1536,\"height\":2048,\"caption\":\"Dell Latitude E3440 - Intel Core i5-4200U\/4G\/SSD 128GB\/14 inch\"},{\"@type\":\"BreadcrumbList\",\"@id\":\"https:\/\/tongkholaptop.vn\/?product=dell-latitude-e3440-intel-core-i5-4200u-4g-ssd-128gb-14-inch#breadcrumb\",\"itemListElement\":[{\"@type\":\"ListItem\",\"position\":1,\"name\":\"Trang ch\u1ee7\",\"item\":\"https:\/\/tongkholaptop.vn\/\"},{\"@type\":\"ListItem\",\"position\":2,\"name\":\"T\u1ea5t c\u1ea3 s\u1ea3n ph\u1ea9m\",\"item\":\"https:\/\/tongkholaptop.vn\/collections\/all\"},{\"@type\":\"ListItem\",\"position\":3,\"name\":\"Dell Latitude E3440 &#8211; Intel Core i5-4200U\/4G\/SSD 128GB\/14 inch\"}]},{\"@type\":\"WebSite\",\"@id\":\"https:\/\/tongkholaptop.vn\/#website\",\"url\":\"https:\/\/tongkholaptop.vn\/\",\"name\":\"T\u1ed5ng Kho Laptop\",\"description\":\"\",\"potentialAction\":[{\"@type\":\"SearchAction\",\"target\":{\"@type\":\"EntryPoint\",\"urlTemplate\":\"https:\/\/tongkholaptop.vn\/?s={search_term_string}\"},\"query-input\":{\"@type\":\"PropertyValueSpecification\",\"valueRequired\":true,\"valueName\":\"search_term_string\"}}],\"inLanguage\":\"vi\"}]}<\/script>\n<!-- \/ Yoast SEO plugin. -->","yoast_head_json":{"title":"Dell Latitude E3440 - Intel Core i5-4200U\/4G\/SSD 128GB\/14 inch - T\u1ed5ng Kho Laptop","robots":{"index":"index","follow":"follow","max-snippet":"max-snippet:-1","max-image-preview":"max-image-preview:large","max-video-preview":"max-video-preview:-1"},"canonical":"https:\/\/tongkholaptop.vn\/?product=dell-latitude-e3440-intel-core-i5-4200u-4g-ssd-128gb-14-inch","og_locale":"vi_VN","og_type":"article","og_title":"Dell Latitude E3440 - Intel Core i5-4200U\/4G\/SSD 128GB\/14 inch - T\u1ed5ng Kho Laptop","og_description":"B\u1ed9 vi x\u1eed l\u00fd:Intel Core i5-4200URAM: 4GB\u1ed4 \u0111\u0129a c\u1ee9ng: SSD 128GBCard m\u00e0n h\u00ecnh: \u00a0Intel HD Graphics 4000M\u00e0n h\u00ecnh:\u00a0 14\" HDPin: 4-cellWebcam: 1.3 MegapixelsK\u1ebft n\u1ed1i :LAN, Wi-Fi, USB 2.0, USB 3.0, HDMIK\u00edch c\u1ee1:\u00a0346 x 245 x 329.6 mmTr\u1ecdng l\u01b0\u1ee3ng: 1.9kg\u00a0T\u1eb7ng Full Combo b\u1ed9 qu\u00e0 Balo, Chu\u1ed9t kh\u00f4ng d\u00e2y, b\u00e0n di chu\u1ed9t... Cam k\u1ebft gi\u00e1 r\u1ebb v\u00f4 \u0111\u1ecbchB\u1ea3o H\u00e0nh: 1 \u0111\u1ed5i 1 trong v\u00f2ng 12 th\u00e1ng","og_url":"https:\/\/tongkholaptop.vn\/?product=dell-latitude-e3440-intel-core-i5-4200u-4g-ssd-128gb-14-inch","og_site_name":"T\u1ed5ng Kho Laptop","article_modified_time":"2023-09-07T10:36:38+00:00","og_image":[{"width":1536,"height":2048,"url":"https:\/\/tongkholaptop.vn\/wp-content\/uploads\/2023\/09\/img_9484_89ef4192323a490faa3ab24000aad81a_master.jpg","type":"image\/jpeg"}],"twitter_card":"summary_large_image","twitter_misc":{"\u01af\u1edbc t\u00ednh th\u1eddi gian \u0111\u1ecdc":"4 ph\u00fat"},"schema":{"@context":"https:\/\/schema.org","@graph":[{"@type":"WebPage","@id":"https:\/\/tongkholaptop.vn\/?product=dell-latitude-e3440-intel-core-i5-4200u-4g-ssd-128gb-14-inch","url":"https:\/\/tongkholaptop.vn\/?product=dell-latitude-e3440-intel-core-i5-4200u-4g-ssd-128gb-14-inch","name":"Dell Latitude E3440 - Intel Core i5-4200U\/4G\/SSD 128GB\/14 inch - T\u1ed5ng Kho Laptop","isPartOf":{"@id":"https:\/\/tongkholaptop.vn\/#website"},"primaryImageOfPage":{"@id":"https:\/\/tongkholaptop.vn\/?product=dell-latitude-e3440-intel-core-i5-4200u-4g-ssd-128gb-14-inch#primaryimage"},"image":{"@id":"https:\/\/tongkholaptop.vn\/?product=dell-latitude-e3440-intel-core-i5-4200u-4g-ssd-128gb-14-inch#primaryimage"},"thumbnailUrl":"https:\/\/tongkholaptop.vn\/wp-content\/uploads\/2023\/09\/img_9484_89ef4192323a490faa3ab24000aad81a_master.jpg","datePublished":"2023-09-07T06:54:28+00:00","dateModified":"2023-09-07T10:36:38+00:00","breadcrumb":{"@id":"https:\/\/tongkholaptop.vn\/?product=dell-latitude-e3440-intel-core-i5-4200u-4g-ssd-128gb-14-inch#breadcrumb"},"inLanguage":"vi","potentialAction":[{"@type":"ReadAction","target":["https:\/\/tongkholaptop.vn\/?product=dell-latitude-e3440-intel-core-i5-4200u-4g-ssd-128gb-14-inch"]}]},{"@type":"ImageObject","inLanguage":"vi","@id":"https:\/\/tongkholaptop.vn\/?product=dell-latitude-e3440-intel-core-i5-4200u-4g-ssd-128gb-14-inch#primaryimage","url":"https:\/\/tongkholaptop.vn\/wp-content\/uploads\/2023\/09\/img_9484_89ef4192323a490faa3ab24000aad81a_master.jpg","contentUrl":"https:\/\/tongkholaptop.vn\/wp-content\/uploads\/2023\/09\/img_9484_89ef4192323a490faa3ab24000aad81a_master.jpg","width":1536,"height":2048,"caption":"Dell Latitude E3440 - Intel Core i5-4200U\/4G\/SSD 128GB\/14 inch"},{"@type":"BreadcrumbList","@id":"https:\/\/tongkholaptop.vn\/?product=dell-latitude-e3440-intel-core-i5-4200u-4g-ssd-128gb-14-inch#breadcrumb","itemListElement":[{"@type":"ListItem","position":1,"name":"Trang ch\u1ee7","item":"https:\/\/tongkholaptop.vn\/"},{"@type":"ListItem","position":2,"name":"T\u1ea5t c\u1ea3 s\u1ea3n ph\u1ea9m","item":"https:\/\/tongkholaptop.vn\/collections\/all"},{"@type":"ListItem","position":3,"name":"Dell Latitude E3440 &#8211; Intel Core i5-4200U\/4G\/SSD 128GB\/14 inch"}]},{"@type":"WebSite","@id":"https:\/\/tongkholaptop.vn\/#website","url":"https:\/\/tongkholaptop.vn\/","name":"T\u1ed5ng Kho Laptop","description":"","potentialAction":[{"@type":"SearchAction","target":{"@type":"EntryPoint","urlTemplate":"https:\/\/tongkholaptop.vn\/?s={search_term_string}"},"query-input":{"@type":"PropertyValueSpecification","valueRequired":true,"valueName":"search_term_string"}}],"inLanguage":"vi"}]}},"_links":{"self":[{"href":"https:\/\/tongkholaptop.vn\/index.php?rest_route=\/wp\/v2\/product\/766"}],"collection":[{"href":"https:\/\/tongkholaptop.vn\/index.php?rest_route=\/wp\/v2\/product"}],"about":[{"href":"https:\/\/tongkholaptop.vn\/index.php?rest_route=\/wp\/v2\/types\/product"}],"replies":[{"embeddable":true,"href":"https:\/\/tongkholaptop.vn\/index.php?rest_route=%2Fwp%2Fv2%2Fcomments&post=766"}],"wp:featuredmedia":[{"embeddable":true,"href":"https:\/\/tongkholaptop.vn\/index.php?rest_route=\/wp\/v2\/media\/767"}],"wp:attachment":[{"href":"https:\/\/tongkholaptop.vn\/index.php?rest_route=%2Fwp%2Fv2%2Fmedia&parent=766"}],"wp:term":[{"taxonomy":"thuong-hieu","embeddable":true,"href":"https:\/\/tongkholaptop.vn\/index.php?rest_route=%2Fwp%2Fv2%2Fthuong-hieu&post=766"},{"taxonomy":"product_cat","embeddable":true,"href":"https:\/\/tongkholaptop.vn\/index.php?rest_route=%2Fwp%2Fv2%2Fproduct_cat&post=766"},{"taxonomy":"product_tag","embeddable":true,"href":"https:\/\/tongkholaptop.vn\/index.php?rest_route=%2Fwp%2Fv2%2Fproduct_tag&post=766"}],"curies":[{"name":"wp","href":"https:\/\/api.w.org\/{rel}","templated":true}]}}