{"id":730,"date":"2023-09-07T06:53:06","date_gmt":"2023-09-07T06:53:06","guid":{"rendered":"https:\/\/tongkholaptop.vn\/sanpham\/dell-latitude-3410-intel-core-i5-10210u-8g-hdd-1tb-14-inch-hd\/"},"modified":"2023-09-07T10:36:50","modified_gmt":"2023-09-07T10:36:50","slug":"dell-latitude-3410-intel-core-i5-10210u-8g-hdd-1tb-14-inch-hd","status":"publish","type":"product","link":"https:\/\/tongkholaptop.vn\/?product=dell-latitude-3410-intel-core-i5-10210u-8g-hdd-1tb-14-inch-hd","title":{"rendered":"Dell Latitude 3410 &#8211; Intel Core i5-10210U\/8G\/HDD 1TB\/14 inch HD"},"content":{"rendered":"<\/p>\n<div id=\"protab0\" class=\"pro-tabcontent\">\n<h2 style=\"text-align: center;\" data-mce-style=\"text-align: center;\"><span style=\"font-size: 32pt;\" data-mce-style=\"font-size: 32pt;\"><strong>Dell Latitude 3410<\/strong><\/span><\/h2>\n<p><span style=\"font-size: 15pt;\" data-mce-style=\"font-size: 15pt;\"><strong>\u0110\u00e1nh gi\u00e1 chi ti\u1ebft<br \/><\/strong><\/span><\/p>\n<p><span style=\"font-size: 11pt;\" data-mce-style=\"font-size: 11pt;\">B\u1ea1n l\u00e0 doanh nh\u00e2n, nh\u00e2n vi\u00ean v\u0103n ph\u00f2ng hay sinh vi\u00ean v\u1edbi nhu c\u1ea7u s\u1eed d\u1ee5ng laptop c\u00f3 hi\u1ec7u n\u0103ng x\u1eed l\u00fd nhanh, b\u1ec1n b\u1ec9 v\u00e0 m\u1ea1nh m\u1ebd m\u00e0 v\u1eabn m\u1ecfng nh\u1eb9 \u0111\u1ec3 ti\u1ec7n cho vi\u1ec7c di chuy\u1ec3n. Dell Latitude 3410 \u0111\u01b0\u1ee3c thi\u1ebft k\u1ebf d\u00e0nh cho b\u1ea1n. V\u1edbi \u01b0u \u0111i\u1ec3m \u0111a d\u1ea1ng c\u1ea5u h\u00ecnh \u0111\u1ec3 l\u1ef1a ch\u1ecdn theo nhu c\u1ea7u, Dell Latitude 3410 h\u1ed7 tr\u1ee3 h\u1ecdc t\u1eadp v\u1edbi chi ph\u00ed h\u1ee3p l\u00fd, l\u00e0 m\u1ed9t trong nh\u1eefng laptop doanh nh\u00e2n sang tr\u1ecdng m\u1ea1nh m\u1ebd trong t\u1ea7m gi\u00e1.<\/span><\/p>\n<p><img loading=\"lazy\" decoding=\"async\" src=\"https:\/\/tongkholaptop.vn\/wp-content\/uploads\/2023\/09\/dell_latitude_14_3410_70216824-longbinh-7.jpg\" data-mce-src=\"https:\/\/tongkholaptop.vn\/wp-content\/uploads\/2023\/09\/dell_latitude_14_3410_70216824-longbinh-7.jpg\" width=\"596\" height=\"484\" title=\"dell_latitude_14_3410_70216824-longbinh-7\" srcset=\"https:\/\/tongkholaptop.vn\/wp-content\/uploads\/2023\/09\/dell_latitude_14_3410_70216824-longbinh-7-300x243.jpg 300w, https:\/\/tongkholaptop.vn\/wp-content\/uploads\/2023\/09\/dell_latitude_14_3410_70216824-longbinh-7.jpg 515w\"><\/p>\n<p><span style=\"font-size: 15pt;\" data-mce-style=\"font-size: 15pt;\"><strong>Thi\u1ebft k\u1ebf cao c\u1ea5p m\u1ecfng nh\u1eb9<\/strong><\/span><\/p>\n<p><span style=\"font-size: 11pt;\" data-mce-style=\"font-size: 11pt;\">V\u1ecf m\u00e1y \u0111\u01b0\u1ee3c thi\u1ebft k\u1ebf ch\u1eafc ch\u1eafn, c\u00e1c c\u1ea1nh b\u00ean \u0111\u01b0\u1ee3c v\u00e1t m\u1ecfng, trau chu\u1ed1t, kh\u00f4ng nh\u1eefng c\u00f3 \u0111\u1ed9 b\u1ec1n cao m\u00e0 c\u00f2n r\u1ea5t h\u1ee3p th\u1eddi trang,\u00a0Latitude 3410 t\u1ea1o c\u1ea3m gi\u00e1c sang tr\u1ecdng h\u01a1n khi s\u1eed d\u1ee5ng. C\u0169ng nh\u1edd \u0111\u01b0\u1ee3c ch\u1ebf t\u00e1c t\u1eeb v\u1eadt li\u1ec7u \u201cx\u1ecbn\u201d n\u00ean d\u00f2ng s\u1ea3n ph\u1ea9m n\u00e0y c\u00f3 tr\u1ecdng l\u01b0\u1ee3ng t\u01b0\u01a1ng \u0111\u1ed1i nh\u1eb9 so v\u1edbi k\u00edch th\u01b0\u1edbc m\u00e0n h\u00ecnh, c\u1ee5 th\u1ec3, Latitude 3410 ch\u1ec9 n\u1eb7ng kho\u1ea3ng 1.61kg, kh\u00e1 l\u00fd t\u01b0\u1edfng \u0111\u1ec3 d\u1ecbch chuy\u1ec3n. Latitude 3410 \u0111\u01b0\u1ee3c trang b\u1ecb\u00a0t\u00f9y ch\u1ecdn\u00a0m\u00e0n h\u00ecnh HD pixel, cung c\u1ea5p h\u00ecnh \u1ea3nh s\u1eafc n\u00e9t, hi\u1ec3n th\u1ecb m\u00e0u s\u1eafc ch\u00e2n th\u1ef1c nh\u1edd \u0111\u1ed9 t\u01b0\u01a1ng ph\u1ea3n cao. H\u01a1n th\u1ebf, k\u1ebft h\u1ee3p c\u00f9ng vi\u1ec1n m\u00e0n h\u00ecnh \u0111\u01b0\u1ee3c v\u00e1t m\u1ecfng h\u01a1n so v\u1edbi c\u00e1c d\u00f2ng s\u1ea3n ph\u1ea9m tr\u01b0\u1edbc \u0111\u00e2y, Latitude mang \u0111\u1ebfn tr\u1ea3i nghi\u1ec7m h\u00ecnh \u1ea3nh \u201c\u0111\u00e3 m\u1eaft\u201d v\u00e0 tho\u1ea3i m\u00e1i.\u00a0<\/span><\/p>\n<p><img decoding=\"async\" src=\"https:\/\/tongkholaptop.vn\/wp-content\/uploads\/2023\/09\/dell_latitude_3410_8rdrh_image_1_e80fc3d815904b16ab26742ad3e84227_grande.jpg\" data-mce-src=\"https:\/\/tongkholaptop.vn\/wp-content\/uploads\/2023\/09\/dell_latitude_3410_8rdrh_image_1_e80fc3d815904b16ab26742ad3e84227_grande.jpg\" title=\"dell_latitude_3410_8rdrh_image_1_e80fc3d815904b16ab26742ad3e84227_grande\" srcset=\"https:\/\/tongkholaptop.vn\/wp-content\/uploads\/2023\/09\/dell_latitude_3410_8rdrh_image_1_e80fc3d815904b16ab26742ad3e84227_grande-300x190.jpg 300w, https:\/\/tongkholaptop.vn\/wp-content\/uploads\/2023\/09\/dell_latitude_3410_8rdrh_image_1_e80fc3d815904b16ab26742ad3e84227_grande.jpg 600w\"><\/p>\n<p><span style=\"font-size: 15pt;\" data-mce-style=\"font-size: 15pt;\"><strong>Trang b\u1ecb Chip Intel th\u1ebf h\u1ec7 10 m\u1edbi nh\u1ea5t<br \/><\/strong><\/span><\/p>\n<p><span style=\"font-size: 11pt;\" data-mce-style=\"font-size: 11pt;\">\u0110<span>\u00e1p \u1ee9ng nhu c\u1ea7u s\u1eed d\u1ee5ng chuy\u00ean bi\u1ec7t cho c\u00f4ng vi\u1ec7c v\u1edbi hi\u1ec7u n\u0103ng m\u1ea1nh m\u1ebd, s\u1eb5n s\u00e0ng ho\u1ea1t \u0111\u1ed9ng li\u00ean t\u1ee5c, nh\u1ea1y b\u00e9n v\u00e0 hi\u1ec7u qu\u1ea3. Latitude 3410 ho\u1ea1t \u0111\u1ed9ng tr\u00ean vi x\u1eed l\u00fd m\u1edbi nh\u1ea5t th\u1ebf h\u1ec7 10 Intel\u00ae Core U s\u1edf h\u1eefu t\u1ed1c \u0111\u1ed9 x\u1eed l\u00fd c\u00f4ng vi\u1ec7c l\u00fd t\u01b0\u1edfng, \u0111\u00e1p \u1ee9ng \u0111\u01b0\u1ee3c nhu c\u1ea7u \u0111\u1ed3 h\u1ecda c\u01a1 b\u1ea3n v\u00e0 \u0111a d\u1ea1ng c\u1ea5u h\u00ecnh i3\/i5\/i7 t\u00f9y theo nhu c\u1ea7u s\u1eed d\u1ee5ng. Ngo\u00e0i ra, b\u00ean c\u1ea1nh l\u1ef1a ch\u1ecdn dung l\u01b0\u1ee3ng cho \u1ed5 c\u1ee9ng SSD ho\u1eb7c HDD, b\u1ed9 nh\u1edb RAM c\u1ee7a d\u00f2ng Latitude 3410 c\u00f2n \u0111\u01b0\u1ee3c h\u1ed7 tr\u1ee3 n\u00e2ng c\u1ea5p l\u00ean \u0111\u1ebfn 32GB, gi\u00fap qu\u00e1 tr\u00ecnh x\u1eed l\u00fd c\u00f4ng vi\u1ec7c nhanh g\u1ecdn, tr\u01a1n tru h\u01a1n.\u00a0<\/span><br \/><\/span><\/p>\n<p><img decoding=\"async\" src=\"https:\/\/tongkholaptop.vn\/wp-content\/uploads\/2023\/09\/unnamed_4ad35010bddd41e390fa302a1a8954d7_grande.png\" data-mce-src=\"https:\/\/tongkholaptop.vn\/wp-content\/uploads\/2023\/09\/unnamed_4ad35010bddd41e390fa302a1a8954d7_grande.png\" title=\"unnamed_4ad35010bddd41e390fa302a1a8954d7_grande\" srcset=\"https:\/\/tongkholaptop.vn\/wp-content\/uploads\/2023\/09\/unnamed_4ad35010bddd41e390fa302a1a8954d7_grande-300x204.png 300w, https:\/\/tongkholaptop.vn\/wp-content\/uploads\/2023\/09\/unnamed_4ad35010bddd41e390fa302a1a8954d7_grande.png 600w\"><\/p>\n<p><span style=\"font-size: 15pt;\" data-mce-style=\"font-size: 15pt;\"><strong>Kh\u1ea3 n\u0103ng k\u1ebft n\u1ed1i nhanh ch\u00f3ng,\u00a0h\u1ec7 \u0111i\u1ec1u h\u00e0nh Windows 10<\/strong> <strong>Pro<\/strong><br \/><\/span><\/p>\n<p>Dell Latitude 3410 \u0111\u01b0\u1ee3c trang b\u1ecb \u0111\u1ea7u \u0111\u1ecdc d\u1ea5u v\u00e2n tay t\u00f9y ch\u1ecdn tr\u00ean n\u00fat ngu\u1ed3n ho\u1eb7c \u0111\u0103ng nh\u1eadp b\u1eb1ng Windows Hello v\u1edbi c\u00f4ng ngh\u1ec7 camera h\u1ed3ng ngo\u1ea1i, mang l\u1ea1i s\u1ef1 an to\u00e0n cho d\u1eef li\u1ec7u c\u1ee7a ng\u01b0\u1eddi d\u00f9ng.<\/p>\n<p><img loading=\"lazy\" decoding=\"async\" src=\"https:\/\/tongkholaptop.vn\/wp-content\/uploads\/2023\/09\/6431_dell_latitude_3410_1_16e3afd19fe74299924d97a7da11e05b_grande.jpg\" data-mce-src=\"https:\/\/tongkholaptop.vn\/wp-content\/uploads\/2023\/09\/6431_dell_latitude_3410_1_16e3afd19fe74299924d97a7da11e05b_grande.jpg\" width=\"603\" height=\"603\" title=\"6431_dell_latitude_3410_1_16e3afd19fe74299924d97a7da11e05b_grande\" srcset=\"https:\/\/tongkholaptop.vn\/wp-content\/uploads\/2023\/09\/6431_dell_latitude_3410_1_16e3afd19fe74299924d97a7da11e05b_grande-300x300.jpg 300w, https:\/\/tongkholaptop.vn\/wp-content\/uploads\/2023\/09\/6431_dell_latitude_3410_1_16e3afd19fe74299924d97a7da11e05b_grande-150x150.jpg 150w, https:\/\/tongkholaptop.vn\/wp-content\/uploads\/2023\/09\/6431_dell_latitude_3410_1_16e3afd19fe74299924d97a7da11e05b_grande-100x100.jpg 100w, https:\/\/tongkholaptop.vn\/wp-content\/uploads\/2023\/09\/6431_dell_latitude_3410_1_16e3afd19fe74299924d97a7da11e05b_grande.jpg 500w\"><\/p>\n<p>B\u1ed9 \u0111\u00f4i\u00a0ho\u1ea1t \u0111\u1ed9ng tr\u00ean H\u1ec7 \u0111i\u1ec1u h\u00e0nh Windows 10 Pro\u00a064bit cho doanh nghi\u1ec7p c\u00f3 h\u1ed7 tr\u1ee3 Ti\u1ebfng Vi\u1ec7t. Ngo\u00e0i ra, \u1ee9ng d\u1ee5ng camera IR v\u00e0 Windows Hello t\u1eeb Windows 10 Pro h\u1ed7 tr\u1ee3 ng\u01b0\u1eddi d\u00f9ng x\u00e1c th\u1ef1c vi\u1ec7c \u0111\u0103ng nh\u1eadp v\u00e0o m\u00e1y th\u00f4ng qua \u0111\u1ea7u \u0111\u1ecdc d\u1ea5u v\u00e2n tay \u0111\u01b0\u1ee3c t\u00edch h\u1ee3p v\u00e0o n\u00fat ngu\u1ed3n gi\u00fap b\u1ea1n b\u1eaft \u0111\u1ea7u ng\u00e0y l\u00e0m vi\u1ec7c nhanh, cho tr\u1ea3i nghi\u1ec7m c\u00f4ng ngh\u1ec7 th\u00f4ng minh h\u01a1n.<\/p>\n<p><img loading=\"lazy\" decoding=\"async\" src=\"https:\/\/tongkholaptop.vn\/wp-content\/uploads\/2023\/09\/6431_dell_latitude_3410_2_4270fb24f75549de9ac7812d311fcae7_grande.jpg\" data-mce-src=\"https:\/\/tongkholaptop.vn\/wp-content\/uploads\/2023\/09\/6431_dell_latitude_3410_2_4270fb24f75549de9ac7812d311fcae7_grande.jpg\" width=\"600\" height=\"600\" title=\"6431_dell_latitude_3410_2_4270fb24f75549de9ac7812d311fcae7_grande\" srcset=\"https:\/\/tongkholaptop.vn\/wp-content\/uploads\/2023\/09\/6431_dell_latitude_3410_2_4270fb24f75549de9ac7812d311fcae7_grande-300x300.jpg 300w, https:\/\/tongkholaptop.vn\/wp-content\/uploads\/2023\/09\/6431_dell_latitude_3410_2_4270fb24f75549de9ac7812d311fcae7_grande-150x150.jpg 150w, https:\/\/tongkholaptop.vn\/wp-content\/uploads\/2023\/09\/6431_dell_latitude_3410_2_4270fb24f75549de9ac7812d311fcae7_grande-100x100.jpg 100w, https:\/\/tongkholaptop.vn\/wp-content\/uploads\/2023\/09\/6431_dell_latitude_3410_2_4270fb24f75549de9ac7812d311fcae7_grande.jpg 500w\"><\/p>\n<p><span style=\"font-size: 15pt;\" data-mce-style=\"font-size: 15pt;\"><strong><\/strong><span style=\"font-size: 11pt;\" data-mce-style=\"font-size: 11pt;\">Dell Latitude 3410 c\u0169ng \u0111\u01b0\u1ee3c trang b\u1ecb \u0111\u1ea7y \u0111\u1ee7 c\u00e1c c\u1ed5ng giao ti\u1ebfp hi\u1ec7n \u0111\u1ea1i \u0111\u1ec3 ng\u01b0\u1eddi d\u00f9ng d\u1ec5 d\u00e0ng chia s\u1ebd d\u1eef li\u1ec7u c\u0169ng nh\u01b0 ph\u1ee5c v\u1ee5 cho nhu c\u1ea7u c\u00f4ng vi\u1ec7c, gi\u1ea3i tr\u00ed c\u1ee7a m\u00ecnh.<\/span><\/span><\/p>\n<p><span style=\"font-size: 15pt;\" data-mce-style=\"font-size: 15pt;\"><strong>K\u1ebft lu\u1eadn<br \/><\/strong><\/span><\/p>\n<p><span style=\"font-size: 11pt;\" data-mce-style=\"font-size: 11pt;\">Dell Latitude 3410 l\u00e0 laptop c\u1ee7a d\u00f2ng\u00a0Dell s\u1edf h\u1eefu \u01b0u \u0111i\u1ec3m \u0111\u1ebfn t\u1eeb thi\u1ebft k\u1ebf \u0111\u1eb9p m\u1eaft, hi\u1ec7u n\u0103ng t\u1ed1t trong t\u1ea7m gi\u00e1, pin h\u1ed7 tr\u1ee3 s\u1ea1c nhanh <\/span><span style=\"font-size: 14.6667px;\" data-mce-style=\"font-size: 14.6667px;\">hi\u1ec7n<\/span><span style=\"font-size: 11pt;\" data-mce-style=\"font-size: 11pt;\">\u00a0\u0111\u1ea1i.\u00a0Dell Latitude 3410 Core i5 s\u1ebd l\u00e0 l\u1ef1a ch\u1ecdn \u0111\u00e1ng c\u00e2n nh\u1eafc cho b\u1ea1n trong th\u1eddi gian t\u1edbi \u0111\u1ec3 \u0111\u00e1p \u1ee9ng t\u1ed1t nhu c\u1ea7u h\u1ecdc t\u1eadp, l\u00e0m vi\u1ec7c v\u00e0 gi\u1ea3i tr\u00ed h\u1eb1ng ng\u00e0y.<\/span><\/p>\n<p><strong>M\u00e1y b\u00e1n c\u00f3 k\u00e8m theo \u0111\u1ea7y \u0111\u1ee7 c\u1eb7p chu\u1ed9t,di chu\u1ed9t v\u00e0 s\u1ea1c zin, b\u1ea3o h\u00e0nh 12 th\u00e1ng 1 \u0111\u1ed5i 1 t\u1ea1i T\u1ed5ng Kho Laptop.<\/strong><\/p>\n<p><strong>N\u1ebfu b\u1ea1n \u0111ang quan t\u00e2m v\u1ec1 s\u1ea3n ph\u1ea9m ho\u1eb7c c\u1ea7n t\u01b0 v\u1ea5n mua h\u00e0ng, Livechat ngay cho Tongkholaptop \u0111\u1ec3 \u0111\u01b0\u1ee3c h\u1ed7 tr\u1ee3 mi\u1ec5n ph\u00ed nh\u00e9!<\/strong><\/p>\n<p><span><\/span><\/p>\n<\/p>\n<\/div>\n","protected":false},"excerpt":{"rendered":"<div class=\"pro-short-desc\">\n<p><span>\ud83d\udcbb<\/span>B\u1ed9 vi x\u1eed l\u00fd:Intel Core i5-10210U<\/p>\n<p><span>\ud83d\udcbbRAM: 8GB<\/span><\/p>\n<p><span>\ud83d\udcbb\u1ed4 \u0111\u0129a c\u1ee9ng: HDD 1 TB<\/span><\/p>\n<p><span>\ud83d\udcbbCard m\u00e0n h\u00ecnh: Intel UHD Graphics 620<\/span><\/p>\n<p><span>\ud83d\udcbb<\/span><span>T\u1ed1c \u0111\u1ed9: 1.6GHz upto 4.2GHz<\/span><\/p>\n<p><span>\ud83d\udcbbM\u00e0n h\u00ecnh:\u00a0 14&#8243; HD<\/span><\/p>\n<p><span>\ud83d\udcbbPin: 3cells\u00a0<\/span><\/p>\n<p><span>\ud83d\udcbbK\u1ebft n\u1ed1i:<\/span>USB 2.0 port; USB 3.2 Gen 1 Type-A port with PowerShare; USB 3.2 Gen 1 Type-A port; HDMI 1.4; USB 3.2 Gen 1 Type-C port with DisplayPort 1.2 Alt mode; Universal Audio Jack<\/p>\n<p><span>\ud83d\udcbbTr\u1ecdng l\u01b0\u1ee3ng: 1.61kg<\/span><span><br \/><\/span><\/p>\n<p><strong><span>\ud83d\udd34<\/span>T\u1eb7ng Full Combo tr\u1ecb gi\u00e1 450k<\/strong><\/p>\n<p><strong><span>\ud83c\udf81<\/span>B\u1ed9 qu\u00e0 Balo<\/strong><\/p>\n<p><strong> <span>\ud83c\udf81<\/span>Chu\u1ed9t kh\u00f4ng d\u00e2y<\/strong><\/p>\n<p><strong><span>\ud83c\udf81<\/span>B\u00e0n di chu\u1ed9t.<\/strong><\/p>\n<p><strong><span>\ud83d\udd34<\/span>B\u1ea3o H\u00e0nh: 1 \u0111\u1ed5i 1 trong v\u00f2ng 12 th\u00e1ng<\/strong><\/p>\n<\/p>\n<\/div>\n","protected":false},"featured_media":731,"comment_status":"open","ping_status":"closed","template":"","meta":[],"thuong-hieu":[],"product_cat":[15,16],"product_tag":[],"class_list":{"0":"post-730","1":"product","2":"type-product","3":"status-publish","4":"has-post-thumbnail","6":"product_cat-laptop-dell","7":"product_cat-laptop-dell-cu-core-i5","9":"first","10":"instock","11":"sale","12":"taxable","13":"shipping-taxable","14":"purchasable","15":"product-type-simple"},"acf":[],"yoast_head":"<!-- This site is optimized with the Yoast SEO plugin v23.4 - https:\/\/yoast.com\/wordpress\/plugins\/seo\/ -->\n<title>Dell Latitude 3410 - Intel Core i5-10210U\/8G\/HDD 1TB\/14 inch HD - T\u1ed5ng Kho Laptop<\/title>\n<meta name=\"robots\" content=\"index, follow, max-snippet:-1, max-image-preview:large, max-video-preview:-1\" \/>\n<link rel=\"canonical\" href=\"https:\/\/tongkholaptop.vn\/?product=dell-latitude-3410-intel-core-i5-10210u-8g-hdd-1tb-14-inch-hd\" \/>\n<meta property=\"og:locale\" content=\"vi_VN\" \/>\n<meta property=\"og:type\" content=\"article\" \/>\n<meta property=\"og:title\" content=\"Dell Latitude 3410 - Intel Core i5-10210U\/8G\/HDD 1TB\/14 inch HD - T\u1ed5ng Kho Laptop\" \/>\n<meta property=\"og:description\" content=\"\ud83d\udcbbB\u1ed9 vi x\u1eed l\u00fd:Intel Core i5-10210U\ud83d\udcbbRAM: 8GB\ud83d\udcbb\u1ed4 \u0111\u0129a c\u1ee9ng: HDD 1 TB\ud83d\udcbbCard m\u00e0n h\u00ecnh: Intel UHD Graphics 620\ud83d\udcbbT\u1ed1c \u0111\u1ed9: 1.6GHz upto 4.2GHz\ud83d\udcbbM\u00e0n h\u00ecnh:\u00a0 14&quot; HD\ud83d\udcbbPin: 3cells\u00a0\ud83d\udcbbK\u1ebft n\u1ed1i:USB 2.0 port; USB 3.2 Gen 1 Type-A port with PowerShare; USB 3.2 Gen 1 Type-A port; HDMI 1.4; USB 3.2 Gen 1 Type-C port with DisplayPort 1.2 Alt mode; Universal Audio Jack\ud83d\udcbbTr\u1ecdng l\u01b0\u1ee3ng: 1.61kg\ud83d\udd34T\u1eb7ng Full Combo tr\u1ecb gi\u00e1 450k\ud83c\udf81B\u1ed9 qu\u00e0 Balo \ud83c\udf81Chu\u1ed9t kh\u00f4ng d\u00e2y\ud83c\udf81B\u00e0n di chu\u1ed9t.\ud83d\udd34B\u1ea3o H\u00e0nh: 1 \u0111\u1ed5i 1 trong v\u00f2ng 12 th\u00e1ng\" \/>\n<meta property=\"og:url\" content=\"https:\/\/tongkholaptop.vn\/?product=dell-latitude-3410-intel-core-i5-10210u-8g-hdd-1tb-14-inch-hd\" \/>\n<meta property=\"og:site_name\" content=\"T\u1ed5ng Kho Laptop\" \/>\n<meta property=\"article:modified_time\" content=\"2023-09-07T10:36:50+00:00\" \/>\n<meta property=\"og:image\" content=\"https:\/\/tongkholaptop.vn\/wp-content\/uploads\/2023\/09\/dell_latitude_3410_8rdrh_image_1_4f9b30ba4df845e4b74bd4d0c1ab6f18_master.jpg\" \/>\n\t<meta property=\"og:image:width\" content=\"1762\" \/>\n\t<meta property=\"og:image:height\" content=\"1116\" \/>\n\t<meta property=\"og:image:type\" content=\"image\/jpeg\" \/>\n<meta name=\"twitter:card\" content=\"summary_large_image\" \/>\n<meta name=\"twitter:label1\" content=\"\u01af\u1edbc t\u00ednh th\u1eddi gian \u0111\u1ecdc\" \/>\n\t<meta name=\"twitter:data1\" content=\"5 ph\u00fat\" \/>\n<script type=\"application\/ld+json\" class=\"yoast-schema-graph\">{\"@context\":\"https:\/\/schema.org\",\"@graph\":[{\"@type\":\"WebPage\",\"@id\":\"https:\/\/tongkholaptop.vn\/?product=dell-latitude-3410-intel-core-i5-10210u-8g-hdd-1tb-14-inch-hd\",\"url\":\"https:\/\/tongkholaptop.vn\/?product=dell-latitude-3410-intel-core-i5-10210u-8g-hdd-1tb-14-inch-hd\",\"name\":\"Dell Latitude 3410 - Intel Core i5-10210U\/8G\/HDD 1TB\/14 inch HD - T\u1ed5ng Kho Laptop\",\"isPartOf\":{\"@id\":\"https:\/\/tongkholaptop.vn\/#website\"},\"primaryImageOfPage\":{\"@id\":\"https:\/\/tongkholaptop.vn\/?product=dell-latitude-3410-intel-core-i5-10210u-8g-hdd-1tb-14-inch-hd#primaryimage\"},\"image\":{\"@id\":\"https:\/\/tongkholaptop.vn\/?product=dell-latitude-3410-intel-core-i5-10210u-8g-hdd-1tb-14-inch-hd#primaryimage\"},\"thumbnailUrl\":\"https:\/\/tongkholaptop.vn\/wp-content\/uploads\/2023\/09\/dell_latitude_3410_8rdrh_image_1_4f9b30ba4df845e4b74bd4d0c1ab6f18_master.jpg\",\"datePublished\":\"2023-09-07T06:53:06+00:00\",\"dateModified\":\"2023-09-07T10:36:50+00:00\",\"breadcrumb\":{\"@id\":\"https:\/\/tongkholaptop.vn\/?product=dell-latitude-3410-intel-core-i5-10210u-8g-hdd-1tb-14-inch-hd#breadcrumb\"},\"inLanguage\":\"vi\",\"potentialAction\":[{\"@type\":\"ReadAction\",\"target\":[\"https:\/\/tongkholaptop.vn\/?product=dell-latitude-3410-intel-core-i5-10210u-8g-hdd-1tb-14-inch-hd\"]}]},{\"@type\":\"ImageObject\",\"inLanguage\":\"vi\",\"@id\":\"https:\/\/tongkholaptop.vn\/?product=dell-latitude-3410-intel-core-i5-10210u-8g-hdd-1tb-14-inch-hd#primaryimage\",\"url\":\"https:\/\/tongkholaptop.vn\/wp-content\/uploads\/2023\/09\/dell_latitude_3410_8rdrh_image_1_4f9b30ba4df845e4b74bd4d0c1ab6f18_master.jpg\",\"contentUrl\":\"https:\/\/tongkholaptop.vn\/wp-content\/uploads\/2023\/09\/dell_latitude_3410_8rdrh_image_1_4f9b30ba4df845e4b74bd4d0c1ab6f18_master.jpg\",\"width\":1762,\"height\":1116,\"caption\":\"Dell Latitude 3410 - Intel Core i5-10210U\/8G\/HDD 1TB\/14 inch HD\"},{\"@type\":\"BreadcrumbList\",\"@id\":\"https:\/\/tongkholaptop.vn\/?product=dell-latitude-3410-intel-core-i5-10210u-8g-hdd-1tb-14-inch-hd#breadcrumb\",\"itemListElement\":[{\"@type\":\"ListItem\",\"position\":1,\"name\":\"Trang ch\u1ee7\",\"item\":\"https:\/\/tongkholaptop.vn\/\"},{\"@type\":\"ListItem\",\"position\":2,\"name\":\"T\u1ea5t c\u1ea3 s\u1ea3n ph\u1ea9m\",\"item\":\"https:\/\/tongkholaptop.vn\/collections\/all\"},{\"@type\":\"ListItem\",\"position\":3,\"name\":\"Dell Latitude 3410 &#8211; Intel Core i5-10210U\/8G\/HDD 1TB\/14 inch HD\"}]},{\"@type\":\"WebSite\",\"@id\":\"https:\/\/tongkholaptop.vn\/#website\",\"url\":\"https:\/\/tongkholaptop.vn\/\",\"name\":\"T\u1ed5ng Kho Laptop\",\"description\":\"\",\"potentialAction\":[{\"@type\":\"SearchAction\",\"target\":{\"@type\":\"EntryPoint\",\"urlTemplate\":\"https:\/\/tongkholaptop.vn\/?s={search_term_string}\"},\"query-input\":{\"@type\":\"PropertyValueSpecification\",\"valueRequired\":true,\"valueName\":\"search_term_string\"}}],\"inLanguage\":\"vi\"}]}<\/script>\n<!-- \/ Yoast SEO plugin. -->","yoast_head_json":{"title":"Dell Latitude 3410 - Intel Core i5-10210U\/8G\/HDD 1TB\/14 inch HD - T\u1ed5ng Kho Laptop","robots":{"index":"index","follow":"follow","max-snippet":"max-snippet:-1","max-image-preview":"max-image-preview:large","max-video-preview":"max-video-preview:-1"},"canonical":"https:\/\/tongkholaptop.vn\/?product=dell-latitude-3410-intel-core-i5-10210u-8g-hdd-1tb-14-inch-hd","og_locale":"vi_VN","og_type":"article","og_title":"Dell Latitude 3410 - Intel Core i5-10210U\/8G\/HDD 1TB\/14 inch HD - T\u1ed5ng Kho Laptop","og_description":"\ud83d\udcbbB\u1ed9 vi x\u1eed l\u00fd:Intel Core i5-10210U\ud83d\udcbbRAM: 8GB\ud83d\udcbb\u1ed4 \u0111\u0129a c\u1ee9ng: HDD 1 TB\ud83d\udcbbCard m\u00e0n h\u00ecnh: Intel UHD Graphics 620\ud83d\udcbbT\u1ed1c \u0111\u1ed9: 1.6GHz upto 4.2GHz\ud83d\udcbbM\u00e0n h\u00ecnh:\u00a0 14\" HD\ud83d\udcbbPin: 3cells\u00a0\ud83d\udcbbK\u1ebft n\u1ed1i:USB 2.0 port; USB 3.2 Gen 1 Type-A port with PowerShare; USB 3.2 Gen 1 Type-A port; HDMI 1.4; USB 3.2 Gen 1 Type-C port with DisplayPort 1.2 Alt mode; Universal Audio Jack\ud83d\udcbbTr\u1ecdng l\u01b0\u1ee3ng: 1.61kg\ud83d\udd34T\u1eb7ng Full Combo tr\u1ecb gi\u00e1 450k\ud83c\udf81B\u1ed9 qu\u00e0 Balo \ud83c\udf81Chu\u1ed9t kh\u00f4ng d\u00e2y\ud83c\udf81B\u00e0n di chu\u1ed9t.\ud83d\udd34B\u1ea3o H\u00e0nh: 1 \u0111\u1ed5i 1 trong v\u00f2ng 12 th\u00e1ng","og_url":"https:\/\/tongkholaptop.vn\/?product=dell-latitude-3410-intel-core-i5-10210u-8g-hdd-1tb-14-inch-hd","og_site_name":"T\u1ed5ng Kho Laptop","article_modified_time":"2023-09-07T10:36:50+00:00","og_image":[{"width":1762,"height":1116,"url":"https:\/\/tongkholaptop.vn\/wp-content\/uploads\/2023\/09\/dell_latitude_3410_8rdrh_image_1_4f9b30ba4df845e4b74bd4d0c1ab6f18_master.jpg","type":"image\/jpeg"}],"twitter_card":"summary_large_image","twitter_misc":{"\u01af\u1edbc t\u00ednh th\u1eddi gian \u0111\u1ecdc":"5 ph\u00fat"},"schema":{"@context":"https:\/\/schema.org","@graph":[{"@type":"WebPage","@id":"https:\/\/tongkholaptop.vn\/?product=dell-latitude-3410-intel-core-i5-10210u-8g-hdd-1tb-14-inch-hd","url":"https:\/\/tongkholaptop.vn\/?product=dell-latitude-3410-intel-core-i5-10210u-8g-hdd-1tb-14-inch-hd","name":"Dell Latitude 3410 - Intel Core i5-10210U\/8G\/HDD 1TB\/14 inch HD - T\u1ed5ng Kho Laptop","isPartOf":{"@id":"https:\/\/tongkholaptop.vn\/#website"},"primaryImageOfPage":{"@id":"https:\/\/tongkholaptop.vn\/?product=dell-latitude-3410-intel-core-i5-10210u-8g-hdd-1tb-14-inch-hd#primaryimage"},"image":{"@id":"https:\/\/tongkholaptop.vn\/?product=dell-latitude-3410-intel-core-i5-10210u-8g-hdd-1tb-14-inch-hd#primaryimage"},"thumbnailUrl":"https:\/\/tongkholaptop.vn\/wp-content\/uploads\/2023\/09\/dell_latitude_3410_8rdrh_image_1_4f9b30ba4df845e4b74bd4d0c1ab6f18_master.jpg","datePublished":"2023-09-07T06:53:06+00:00","dateModified":"2023-09-07T10:36:50+00:00","breadcrumb":{"@id":"https:\/\/tongkholaptop.vn\/?product=dell-latitude-3410-intel-core-i5-10210u-8g-hdd-1tb-14-inch-hd#breadcrumb"},"inLanguage":"vi","potentialAction":[{"@type":"ReadAction","target":["https:\/\/tongkholaptop.vn\/?product=dell-latitude-3410-intel-core-i5-10210u-8g-hdd-1tb-14-inch-hd"]}]},{"@type":"ImageObject","inLanguage":"vi","@id":"https:\/\/tongkholaptop.vn\/?product=dell-latitude-3410-intel-core-i5-10210u-8g-hdd-1tb-14-inch-hd#primaryimage","url":"https:\/\/tongkholaptop.vn\/wp-content\/uploads\/2023\/09\/dell_latitude_3410_8rdrh_image_1_4f9b30ba4df845e4b74bd4d0c1ab6f18_master.jpg","contentUrl":"https:\/\/tongkholaptop.vn\/wp-content\/uploads\/2023\/09\/dell_latitude_3410_8rdrh_image_1_4f9b30ba4df845e4b74bd4d0c1ab6f18_master.jpg","width":1762,"height":1116,"caption":"Dell Latitude 3410 - Intel Core i5-10210U\/8G\/HDD 1TB\/14 inch HD"},{"@type":"BreadcrumbList","@id":"https:\/\/tongkholaptop.vn\/?product=dell-latitude-3410-intel-core-i5-10210u-8g-hdd-1tb-14-inch-hd#breadcrumb","itemListElement":[{"@type":"ListItem","position":1,"name":"Trang ch\u1ee7","item":"https:\/\/tongkholaptop.vn\/"},{"@type":"ListItem","position":2,"name":"T\u1ea5t c\u1ea3 s\u1ea3n ph\u1ea9m","item":"https:\/\/tongkholaptop.vn\/collections\/all"},{"@type":"ListItem","position":3,"name":"Dell Latitude 3410 &#8211; Intel Core i5-10210U\/8G\/HDD 1TB\/14 inch HD"}]},{"@type":"WebSite","@id":"https:\/\/tongkholaptop.vn\/#website","url":"https:\/\/tongkholaptop.vn\/","name":"T\u1ed5ng Kho Laptop","description":"","potentialAction":[{"@type":"SearchAction","target":{"@type":"EntryPoint","urlTemplate":"https:\/\/tongkholaptop.vn\/?s={search_term_string}"},"query-input":{"@type":"PropertyValueSpecification","valueRequired":true,"valueName":"search_term_string"}}],"inLanguage":"vi"}]}},"_links":{"self":[{"href":"https:\/\/tongkholaptop.vn\/index.php?rest_route=\/wp\/v2\/product\/730"}],"collection":[{"href":"https:\/\/tongkholaptop.vn\/index.php?rest_route=\/wp\/v2\/product"}],"about":[{"href":"https:\/\/tongkholaptop.vn\/index.php?rest_route=\/wp\/v2\/types\/product"}],"replies":[{"embeddable":true,"href":"https:\/\/tongkholaptop.vn\/index.php?rest_route=%2Fwp%2Fv2%2Fcomments&post=730"}],"wp:featuredmedia":[{"embeddable":true,"href":"https:\/\/tongkholaptop.vn\/index.php?rest_route=\/wp\/v2\/media\/731"}],"wp:attachment":[{"href":"https:\/\/tongkholaptop.vn\/index.php?rest_route=%2Fwp%2Fv2%2Fmedia&parent=730"}],"wp:term":[{"taxonomy":"thuong-hieu","embeddable":true,"href":"https:\/\/tongkholaptop.vn\/index.php?rest_route=%2Fwp%2Fv2%2Fthuong-hieu&post=730"},{"taxonomy":"product_cat","embeddable":true,"href":"https:\/\/tongkholaptop.vn\/index.php?rest_route=%2Fwp%2Fv2%2Fproduct_cat&post=730"},{"taxonomy":"product_tag","embeddable":true,"href":"https:\/\/tongkholaptop.vn\/index.php?rest_route=%2Fwp%2Fv2%2Fproduct_tag&post=730"}],"curies":[{"name":"wp","href":"https:\/\/api.w.org\/{rel}","templated":true}]}}