{"id":679,"date":"2023-09-07T06:52:04","date_gmt":"2023-09-07T06:52:04","guid":{"rendered":"https:\/\/tongkholaptop.vn\/sanpham\/dell-e5510-i5-ram-4g-250gb\/"},"modified":"2023-09-07T10:37:08","modified_gmt":"2023-09-07T10:37:08","slug":"dell-e5510-i5-ram-4g-250gb","status":"publish","type":"product","link":"https:\/\/tongkholaptop.vn\/?product=dell-e5510-i5-ram-4g-250gb","title":{"rendered":"Dell E5510\/I5\/RAM 4G\/250GB"},"content":{"rendered":"<\/p>\n<div id=\"protab0\" class=\"pro-tabcontent\">\n\t\t\t\t\t\t\t\t<\/p>\n<p><span style=\"font-size: 15pt;\" data-mce-style=\"font-size: 15pt;\"><strong>Laptop Dell Latitude E5510<\/strong><\/span><\/p>\n<p><span style=\"font-size: 11pt;\" data-mce-style=\"font-size: 11pt;\">D<\/span>ell E5510 \u0111\u01b0\u1ee3c thi\u1ebft k\u1ebf d\u1ef1a tr\u00ean \u00fd t\u01b0\u1edfng t\u0103ng c\u01b0\u1eddng n\u0103ng su\u1ea5t k\u1ebft h\u1ee3p v\u1edbi vi\u1ec7c gi\u1ea3m chi ph\u00ed do \u0111\u00f3 m\u00e1y\u00a0s\u1edf h\u1eefu nh\u1eefng \u0111\u1eb7c t\u00ednh m\u1edbi \u1ea5n t\u01b0\u1ee3ng \u0111\u00e3 \u0111\u01b0\u1ee3c c\u1ea3i ti\u1ebfn v\u1ec1 hi\u1ec7u qu\u1ea3 ho\u1ea1t \u0111\u1ed9ng, \u0111\u1ed9 b\u1ec1n, gi\u00e1 r\u1ebb.<br \/>M\u00e0n h\u00ecnh\u00a0Dell Latitude E5510 c\u00f3 k\u00edch c\u1ee1 15.6 inch \u0111\u1ed9 ph\u00e2n gi\u1ea3i 1366\u00d7768 v\u00e0 l\u00e0 m\u00e0n h\u00ecnh ch\u1ed1ng ch\u00f3i.<br \/>C\u1ea1nh ph\u1ea3i laptop\u00a0 Dell Latitude E5510 c\u00f3 2 c\u1ed5ng USB, c\u1ed5ng m\u1ea1ng Ethernet, c\u1ed5ng COM v\u00e0 \u1ed5 \u0111\u0129a quang<\/p>\n<p><img decoding=\"async\" src=\"https:\/\/tongkholaptop.vn\/wp-content\/uploads\/2023\/09\/5510-4.jpg\" data-mce-src=\"https:\/\/tongkholaptop.vn\/wp-content\/uploads\/2023\/09\/5510-4.jpg\" title=\"5510-4\" srcset=\"https:\/\/tongkholaptop.vn\/wp-content\/uploads\/2023\/09\/5510-4-300x300.jpg 300w, https:\/\/tongkholaptop.vn\/wp-content\/uploads\/2023\/09\/5510-4-150x150.jpg 150w, https:\/\/tongkholaptop.vn\/wp-content\/uploads\/2023\/09\/5510-4-100x100.jpg 100w, https:\/\/tongkholaptop.vn\/wp-content\/uploads\/2023\/09\/5510-4.jpg 600w\"><\/p>\n<p><\/p>\n<p><span>C\u1ea1nh tr\u00e1i laptop Dell Latitude E5510 c\u00f3 l\u1ed7 c\u1eafm ngu\u1ed3n, 2 c\u1ed5ng USB, VGA, headphone v\u00e0 microphone, IEEE1394, khe \u0111\u1ecdc th\u1ebb nh\u1edb, c\u1ed5ng PCMCIA m\u1edf r\u1ed9ng.<\/span><span><\/span><\/p>\n<p><span><img decoding=\"async\" src=\"https:\/\/tongkholaptop.vn\/wp-content\/uploads\/2023\/09\/5510-5.jpg\" data-mce-src=\"https:\/\/tongkholaptop.vn\/wp-content\/uploads\/2023\/09\/5510-5.jpg\" title=\"5510-5\" srcset=\"https:\/\/tongkholaptop.vn\/wp-content\/uploads\/2023\/09\/5510-5-300x300.jpg 300w, https:\/\/tongkholaptop.vn\/wp-content\/uploads\/2023\/09\/5510-5-150x150.jpg 150w, https:\/\/tongkholaptop.vn\/wp-content\/uploads\/2023\/09\/5510-5-100x100.jpg 100w, https:\/\/tongkholaptop.vn\/wp-content\/uploads\/2023\/09\/5510-5.jpg 600w\"><\/span>\n\t\t\t\t\t\t\t<\/p>\n<\/div>\n","protected":false},"excerpt":{"rendered":"<div class=\"pro-short-desc\">\n<ul>\n<li>B\u1ed9 vi x\u1eed l\u00fd:\u00a0Intel\u00a0<strong>Core i5 480M<\/strong>\u00a0(2&#215;2.66GHz Turbo Boost 2.93GHz, Cache 3MB, Bus 1333)<\/li>\n<li>Chipset: Intel HM55 Express<\/li>\n<li>B\u1ed9 nh\u1edb trong: 4GB DDR3 1333MHz<\/li>\n<li>\u1ed4 \u0111\u0129a c\u1ee9ng: 250GB SATA<\/li>\n<li>C\u1ea1c m\u00e0n hinh: Intel HD Graphics<\/li>\n<li>M\u00e0n h\u00ecnh: 15.6 inch HD LED (1366&#215;768)<\/li>\n<li>\u1ed4 \u0111\u0129a quang: \u0111\u1ecdc v\u00e0 ghi DVD<\/li>\n<li>Webcam: 1.3 Megapixels<\/li>\n<li>K\u1ebft n\u1ed1i: VGA, USB 2.0, Ethernet (LAN), Card-Reader,<span>\u00a0<\/span><strong>COM<\/strong><\/li>\n<li>Th\u1eddi l\u01b0\u1ee3ng pin: 6 cells (s\u1eed d\u1ee5ng li\u00ean t\u1ee5c \u0111\u01b0\u1ee3c 2-3 gi\u1edd)<\/li>\n<li>K\u00edch c\u1ee1:\u00a0371 x 249 x\u00a033 mm<\/li>\n<li>Tr\u1ecdng l\u01b0\u1ee3ng: 2.59 kg\n<p><span>T\u1eb7ng Full Combo b\u1ed9 qu\u00e0 Balo, Chu\u1ed9t kh\u00f4ng d\u00e2y, b\u00e0n di chu\u1ed9t&#8230; Cam k\u1ebft gi\u00e1 r\u1ebb v\u00f4 \u0111\u1ecbch<\/span><\/p>\n<p><span>B\u1ea3o H\u00e0nh: 1 \u0111\u1ed5i 1 trong v\u00f2ng 12 th\u00e1ng<\/span><\/p>\n<\/li>\n<\/ul>\n<\/div>\n","protected":false},"featured_media":680,"comment_status":"open","ping_status":"closed","template":"","meta":[],"thuong-hieu":[],"product_cat":[15,16],"product_tag":[],"class_list":{"0":"post-679","1":"product","2":"type-product","3":"status-publish","4":"has-post-thumbnail","6":"product_cat-laptop-dell","7":"product_cat-laptop-dell-cu-core-i5","9":"first","10":"instock","11":"sale","12":"taxable","13":"shipping-taxable","14":"purchasable","15":"product-type-simple"},"acf":[],"yoast_head":"<!-- This site is optimized with the Yoast SEO plugin v23.4 - https:\/\/yoast.com\/wordpress\/plugins\/seo\/ -->\n<title>Dell E5510\/I5\/RAM 4G\/250GB - T\u1ed5ng Kho Laptop<\/title>\n<meta name=\"robots\" content=\"index, follow, max-snippet:-1, max-image-preview:large, max-video-preview:-1\" \/>\n<link rel=\"canonical\" href=\"https:\/\/tongkholaptop.vn\/?product=dell-e5510-i5-ram-4g-250gb\" \/>\n<meta property=\"og:locale\" content=\"vi_VN\" \/>\n<meta property=\"og:type\" content=\"article\" \/>\n<meta property=\"og:title\" content=\"Dell E5510\/I5\/RAM 4G\/250GB - T\u1ed5ng Kho Laptop\" \/>\n<meta property=\"og:description\" content=\"B\u1ed9 vi x\u1eed l\u00fd:\u00a0Intel\u00a0Core i5 480M\u00a0(2x2.66GHz Turbo Boost 2.93GHz, Cache 3MB, Bus 1333)Chipset: Intel HM55 ExpressB\u1ed9 nh\u1edb trong: 4GB DDR3 1333MHz\u1ed4 \u0111\u0129a c\u1ee9ng: 250GB SATAC\u1ea1c m\u00e0n hinh: Intel HD GraphicsM\u00e0n h\u00ecnh: 15.6 inch HD LED (1366x768)\u1ed4 \u0111\u0129a quang: \u0111\u1ecdc v\u00e0 ghi DVDWebcam: 1.3 MegapixelsK\u1ebft n\u1ed1i: VGA, USB 2.0, Ethernet (LAN), Card-Reader,\u00a0COMTh\u1eddi l\u01b0\u1ee3ng pin: 6 cells (s\u1eed d\u1ee5ng li\u00ean t\u1ee5c \u0111\u01b0\u1ee3c 2-3 gi\u1edd)K\u00edch c\u1ee1:\u00a0371 x 249 x\u00a033 mmTr\u1ecdng l\u01b0\u1ee3ng: 2.59 kgT\u1eb7ng Full Combo b\u1ed9 qu\u00e0 Balo, Chu\u1ed9t kh\u00f4ng d\u00e2y, b\u00e0n di chu\u1ed9t... Cam k\u1ebft gi\u00e1 r\u1ebb v\u00f4 \u0111\u1ecbchB\u1ea3o H\u00e0nh: 1 \u0111\u1ed5i 1 trong v\u00f2ng 12 th\u00e1ng\" \/>\n<meta property=\"og:url\" content=\"https:\/\/tongkholaptop.vn\/?product=dell-e5510-i5-ram-4g-250gb\" \/>\n<meta property=\"og:site_name\" content=\"T\u1ed5ng Kho Laptop\" \/>\n<meta property=\"article:modified_time\" content=\"2023-09-07T10:37:08+00:00\" \/>\n<meta property=\"og:image\" content=\"https:\/\/tongkholaptop.vn\/wp-content\/uploads\/2023\/09\/5510.jpg\" \/>\n\t<meta property=\"og:image:width\" content=\"720\" \/>\n\t<meta property=\"og:image:height\" content=\"720\" \/>\n\t<meta property=\"og:image:type\" content=\"image\/jpeg\" \/>\n<meta name=\"twitter:card\" content=\"summary_large_image\" \/>\n<meta name=\"twitter:label1\" content=\"\u01af\u1edbc t\u00ednh th\u1eddi gian \u0111\u1ecdc\" \/>\n\t<meta name=\"twitter:data1\" content=\"1 ph\u00fat\" \/>\n<script type=\"application\/ld+json\" class=\"yoast-schema-graph\">{\"@context\":\"https:\/\/schema.org\",\"@graph\":[{\"@type\":\"WebPage\",\"@id\":\"https:\/\/tongkholaptop.vn\/?product=dell-e5510-i5-ram-4g-250gb\",\"url\":\"https:\/\/tongkholaptop.vn\/?product=dell-e5510-i5-ram-4g-250gb\",\"name\":\"Dell E5510\/I5\/RAM 4G\/250GB - T\u1ed5ng Kho Laptop\",\"isPartOf\":{\"@id\":\"https:\/\/tongkholaptop.vn\/#website\"},\"primaryImageOfPage\":{\"@id\":\"https:\/\/tongkholaptop.vn\/?product=dell-e5510-i5-ram-4g-250gb#primaryimage\"},\"image\":{\"@id\":\"https:\/\/tongkholaptop.vn\/?product=dell-e5510-i5-ram-4g-250gb#primaryimage\"},\"thumbnailUrl\":\"https:\/\/tongkholaptop.vn\/wp-content\/uploads\/2023\/09\/5510.jpg\",\"datePublished\":\"2023-09-07T06:52:04+00:00\",\"dateModified\":\"2023-09-07T10:37:08+00:00\",\"breadcrumb\":{\"@id\":\"https:\/\/tongkholaptop.vn\/?product=dell-e5510-i5-ram-4g-250gb#breadcrumb\"},\"inLanguage\":\"vi\",\"potentialAction\":[{\"@type\":\"ReadAction\",\"target\":[\"https:\/\/tongkholaptop.vn\/?product=dell-e5510-i5-ram-4g-250gb\"]}]},{\"@type\":\"ImageObject\",\"inLanguage\":\"vi\",\"@id\":\"https:\/\/tongkholaptop.vn\/?product=dell-e5510-i5-ram-4g-250gb#primaryimage\",\"url\":\"https:\/\/tongkholaptop.vn\/wp-content\/uploads\/2023\/09\/5510.jpg\",\"contentUrl\":\"https:\/\/tongkholaptop.vn\/wp-content\/uploads\/2023\/09\/5510.jpg\",\"width\":720,\"height\":720,\"caption\":\"Dell E5510\/I5\/RAM 4G\/250GB\"},{\"@type\":\"BreadcrumbList\",\"@id\":\"https:\/\/tongkholaptop.vn\/?product=dell-e5510-i5-ram-4g-250gb#breadcrumb\",\"itemListElement\":[{\"@type\":\"ListItem\",\"position\":1,\"name\":\"Trang ch\u1ee7\",\"item\":\"https:\/\/tongkholaptop.vn\/\"},{\"@type\":\"ListItem\",\"position\":2,\"name\":\"T\u1ea5t c\u1ea3 s\u1ea3n ph\u1ea9m\",\"item\":\"https:\/\/tongkholaptop.vn\/collections\/all\"},{\"@type\":\"ListItem\",\"position\":3,\"name\":\"Dell E5510\/I5\/RAM 4G\/250GB\"}]},{\"@type\":\"WebSite\",\"@id\":\"https:\/\/tongkholaptop.vn\/#website\",\"url\":\"https:\/\/tongkholaptop.vn\/\",\"name\":\"T\u1ed5ng Kho Laptop\",\"description\":\"\",\"potentialAction\":[{\"@type\":\"SearchAction\",\"target\":{\"@type\":\"EntryPoint\",\"urlTemplate\":\"https:\/\/tongkholaptop.vn\/?s={search_term_string}\"},\"query-input\":{\"@type\":\"PropertyValueSpecification\",\"valueRequired\":true,\"valueName\":\"search_term_string\"}}],\"inLanguage\":\"vi\"}]}<\/script>\n<!-- \/ Yoast SEO plugin. -->","yoast_head_json":{"title":"Dell E5510\/I5\/RAM 4G\/250GB - T\u1ed5ng Kho Laptop","robots":{"index":"index","follow":"follow","max-snippet":"max-snippet:-1","max-image-preview":"max-image-preview:large","max-video-preview":"max-video-preview:-1"},"canonical":"https:\/\/tongkholaptop.vn\/?product=dell-e5510-i5-ram-4g-250gb","og_locale":"vi_VN","og_type":"article","og_title":"Dell E5510\/I5\/RAM 4G\/250GB - T\u1ed5ng Kho Laptop","og_description":"B\u1ed9 vi x\u1eed l\u00fd:\u00a0Intel\u00a0Core i5 480M\u00a0(2x2.66GHz Turbo Boost 2.93GHz, Cache 3MB, Bus 1333)Chipset: Intel HM55 ExpressB\u1ed9 nh\u1edb trong: 4GB DDR3 1333MHz\u1ed4 \u0111\u0129a c\u1ee9ng: 250GB SATAC\u1ea1c m\u00e0n hinh: Intel HD GraphicsM\u00e0n h\u00ecnh: 15.6 inch HD LED (1366x768)\u1ed4 \u0111\u0129a quang: \u0111\u1ecdc v\u00e0 ghi DVDWebcam: 1.3 MegapixelsK\u1ebft n\u1ed1i: VGA, USB 2.0, Ethernet (LAN), Card-Reader,\u00a0COMTh\u1eddi l\u01b0\u1ee3ng pin: 6 cells (s\u1eed d\u1ee5ng li\u00ean t\u1ee5c \u0111\u01b0\u1ee3c 2-3 gi\u1edd)K\u00edch c\u1ee1:\u00a0371 x 249 x\u00a033 mmTr\u1ecdng l\u01b0\u1ee3ng: 2.59 kgT\u1eb7ng Full Combo b\u1ed9 qu\u00e0 Balo, Chu\u1ed9t kh\u00f4ng d\u00e2y, b\u00e0n di chu\u1ed9t... Cam k\u1ebft gi\u00e1 r\u1ebb v\u00f4 \u0111\u1ecbchB\u1ea3o H\u00e0nh: 1 \u0111\u1ed5i 1 trong v\u00f2ng 12 th\u00e1ng","og_url":"https:\/\/tongkholaptop.vn\/?product=dell-e5510-i5-ram-4g-250gb","og_site_name":"T\u1ed5ng Kho Laptop","article_modified_time":"2023-09-07T10:37:08+00:00","og_image":[{"width":720,"height":720,"url":"https:\/\/tongkholaptop.vn\/wp-content\/uploads\/2023\/09\/5510.jpg","type":"image\/jpeg"}],"twitter_card":"summary_large_image","twitter_misc":{"\u01af\u1edbc t\u00ednh th\u1eddi gian \u0111\u1ecdc":"1 ph\u00fat"},"schema":{"@context":"https:\/\/schema.org","@graph":[{"@type":"WebPage","@id":"https:\/\/tongkholaptop.vn\/?product=dell-e5510-i5-ram-4g-250gb","url":"https:\/\/tongkholaptop.vn\/?product=dell-e5510-i5-ram-4g-250gb","name":"Dell E5510\/I5\/RAM 4G\/250GB - T\u1ed5ng Kho Laptop","isPartOf":{"@id":"https:\/\/tongkholaptop.vn\/#website"},"primaryImageOfPage":{"@id":"https:\/\/tongkholaptop.vn\/?product=dell-e5510-i5-ram-4g-250gb#primaryimage"},"image":{"@id":"https:\/\/tongkholaptop.vn\/?product=dell-e5510-i5-ram-4g-250gb#primaryimage"},"thumbnailUrl":"https:\/\/tongkholaptop.vn\/wp-content\/uploads\/2023\/09\/5510.jpg","datePublished":"2023-09-07T06:52:04+00:00","dateModified":"2023-09-07T10:37:08+00:00","breadcrumb":{"@id":"https:\/\/tongkholaptop.vn\/?product=dell-e5510-i5-ram-4g-250gb#breadcrumb"},"inLanguage":"vi","potentialAction":[{"@type":"ReadAction","target":["https:\/\/tongkholaptop.vn\/?product=dell-e5510-i5-ram-4g-250gb"]}]},{"@type":"ImageObject","inLanguage":"vi","@id":"https:\/\/tongkholaptop.vn\/?product=dell-e5510-i5-ram-4g-250gb#primaryimage","url":"https:\/\/tongkholaptop.vn\/wp-content\/uploads\/2023\/09\/5510.jpg","contentUrl":"https:\/\/tongkholaptop.vn\/wp-content\/uploads\/2023\/09\/5510.jpg","width":720,"height":720,"caption":"Dell E5510\/I5\/RAM 4G\/250GB"},{"@type":"BreadcrumbList","@id":"https:\/\/tongkholaptop.vn\/?product=dell-e5510-i5-ram-4g-250gb#breadcrumb","itemListElement":[{"@type":"ListItem","position":1,"name":"Trang ch\u1ee7","item":"https:\/\/tongkholaptop.vn\/"},{"@type":"ListItem","position":2,"name":"T\u1ea5t c\u1ea3 s\u1ea3n ph\u1ea9m","item":"https:\/\/tongkholaptop.vn\/collections\/all"},{"@type":"ListItem","position":3,"name":"Dell E5510\/I5\/RAM 4G\/250GB"}]},{"@type":"WebSite","@id":"https:\/\/tongkholaptop.vn\/#website","url":"https:\/\/tongkholaptop.vn\/","name":"T\u1ed5ng Kho Laptop","description":"","potentialAction":[{"@type":"SearchAction","target":{"@type":"EntryPoint","urlTemplate":"https:\/\/tongkholaptop.vn\/?s={search_term_string}"},"query-input":{"@type":"PropertyValueSpecification","valueRequired":true,"valueName":"search_term_string"}}],"inLanguage":"vi"}]}},"_links":{"self":[{"href":"https:\/\/tongkholaptop.vn\/index.php?rest_route=\/wp\/v2\/product\/679"}],"collection":[{"href":"https:\/\/tongkholaptop.vn\/index.php?rest_route=\/wp\/v2\/product"}],"about":[{"href":"https:\/\/tongkholaptop.vn\/index.php?rest_route=\/wp\/v2\/types\/product"}],"replies":[{"embeddable":true,"href":"https:\/\/tongkholaptop.vn\/index.php?rest_route=%2Fwp%2Fv2%2Fcomments&post=679"}],"wp:featuredmedia":[{"embeddable":true,"href":"https:\/\/tongkholaptop.vn\/index.php?rest_route=\/wp\/v2\/media\/680"}],"wp:attachment":[{"href":"https:\/\/tongkholaptop.vn\/index.php?rest_route=%2Fwp%2Fv2%2Fmedia&parent=679"}],"wp:term":[{"taxonomy":"thuong-hieu","embeddable":true,"href":"https:\/\/tongkholaptop.vn\/index.php?rest_route=%2Fwp%2Fv2%2Fthuong-hieu&post=679"},{"taxonomy":"product_cat","embeddable":true,"href":"https:\/\/tongkholaptop.vn\/index.php?rest_route=%2Fwp%2Fv2%2Fproduct_cat&post=679"},{"taxonomy":"product_tag","embeddable":true,"href":"https:\/\/tongkholaptop.vn\/index.php?rest_route=%2Fwp%2Fv2%2Fproduct_tag&post=679"}],"curies":[{"name":"wp","href":"https:\/\/api.w.org\/{rel}","templated":true}]}}