{"id":627,"date":"2023-09-07T06:41:51","date_gmt":"2023-09-07T06:41:51","guid":{"rendered":"https:\/\/tongkholaptop.vn\/sanpham\/dell-latitude-e3450-intel-core-i3-5005u-4g-ssd-128gb-14-inch\/"},"modified":"2023-09-07T10:33:31","modified_gmt":"2023-09-07T10:33:31","slug":"dell-latitude-e3450-intel-core-i3-5005u-4g-ssd-128gb-14-inch","status":"publish","type":"product","link":"https:\/\/tongkholaptop.vn\/?product=dell-latitude-e3450-intel-core-i3-5005u-4g-ssd-128gb-14-inch","title":{"rendered":"Dell Latitude E3450 &#8211; Intel Core i3-5005U\/4G\/SSD 128GB\/14 inch"},"content":{"rendered":"<\/p>\n<div id=\"protab0\" class=\"pro-tabcontent\">\n<h2 style=\"text-align: center;\"><span style=\"font-size: 32pt;\"><strong>Dell Latitude E3450<\/strong><\/span><\/h2>\n<h2 style=\"text-align: left;\"><span style=\"font-size: 12pt;\"><strong>\u0110\u00e1nh gi\u00e1 chi ti\u1ebft Dell Latitude 3450<\/strong><\/span><\/h2>\n<p style=\"font-weight: 400;\">To\u00e0n b\u1ed9 l\u1edbp v\u1ecf m\u00e1y c\u1ee7a Dell Latitude 3450 \u0111\u1ec1u \u0111\u01b0\u1ee3c c\u1ea5u t\u1ea1o t\u1eeb ch\u1ea5t li\u1ec7u nh\u1ef1a, \u0111i\u1ec1u n\u00e0y g\u00f3p ph\u1ea7n gi\u00fap m\u00e1y c\u00f3 kh\u1ed1i l\u01b0\u1ee3ng kh\u00e1 nh\u1eb9 nh\u00e0ng ch\u1ec9 1,9 kg. C\u00f9ng v\u1edbi \u0111\u00f3, k\u00edch th\u01b0\u1edbc nh\u1ecf g\u1ecdn mang \u0111\u1ebfn cho Latitude 3450 m\u1ed9t t\u1ed5ng th\u1ec3 c\u00f3 t\u00ednh di \u0111\u1ed9ng cao, thu\u1eadn ti\u1ec7n cho ng\u01b0\u1eddi d\u00f9ng b\u1ecf m\u00e1y v\u00e0o ba l\u00f4 v\u00e0 mang theo b\u00ean m\u00ecnh. T\u1ea5t c\u1ea3 c\u00e1c chi ti\u1ebft b\u00ean ngo\u00e0i c\u00f3 m\u1ee9c \u0111\u1ed9 ho\u00e0n thi\u1ec7n r\u1ea5t t\u1ed1t, v\u1ecb tr\u00ed kh\u1edbp n\u1ed1i ch\u1eafc ch\u1eafn, kh\u00f4ng c\u00f3 hi\u1ec7n t\u01b0\u1ee3ng \u1ecdp \u1eb9p, tuy v\u1ecf m\u00e1y c\u00f3 kh\u00e1 nhi\u1ec1u chi ti\u1ebft nh\u01b0ng kh\u00f4ng l\u00e0m m\u1ea5t \u0111i v\u1ebb li\u1ec1n m\u1ea1ch c\u1ee7a d\u00f2ng s\u1ea3n ph\u1ea9m n\u1ed5i ti\u1ebfng n\u00e0y.<\/p>\n<p><img decoding=\"async\" src=\"https:\/\/tongkholaptop.vn\/wp-content\/uploads\/2023\/09\/img_0135_c2458618f6984570a236b57dd7dea9b7_grande.jpg\" title=\"img_0135_c2458618f6984570a236b57dd7dea9b7_grande\" srcset=\"https:\/\/tongkholaptop.vn\/wp-content\/uploads\/2023\/09\/img_0135_c2458618f6984570a236b57dd7dea9b7_grande-300x300.jpg 300w, https:\/\/tongkholaptop.vn\/wp-content\/uploads\/2023\/09\/img_0135_c2458618f6984570a236b57dd7dea9b7_grande-150x150.jpg 150w, https:\/\/tongkholaptop.vn\/wp-content\/uploads\/2023\/09\/img_0135_c2458618f6984570a236b57dd7dea9b7_grande-100x100.jpg 100w, https:\/\/tongkholaptop.vn\/wp-content\/uploads\/2023\/09\/img_0135_c2458618f6984570a236b57dd7dea9b7_grande.jpg 600w\"><\/p>\n<p style=\"font-weight: 400;\">Ph\u1ea7n m\u1eb7t l\u01b0ng m\u00e0n h\u00ecnh \u0111\u01b0\u1ee3c ph\u1ee7 m\u1ed9t l\u1edbp s\u01a1n nh\u00e1m m\u00e0u x\u00e1m b\u1ea1c mang l\u1ea1i c\u1ea3m gi\u00e1c hi\u1ec7n \u0111\u1ea1i v\u00e0 trang nh\u00e3, tuy nhi\u00ean l\u1edbp s\u01a1n n\u00e0y l\u1ea1i c\u00f3 m\u1ed9t nh\u01b0\u1ee3c \u0111i\u1ec3m nh\u1ecf r\u1ea5t d\u1ec5 b\u1ecb tr\u1ea7y x\u01b0\u1edbc v\u00e0 b\u00e1m b\u1ea9n n\u1ebfu nh\u01b0 kh\u00f4ng \u0111\u01b0\u1ee3c b\u1ea3o v\u1ec7 k\u1ef9. T\u01b0\u01a1ng t\u1ef1, ph\u1ea7n chi\u1ebfu ngh\u1ec9 tay c\u0169ng c\u00f3 th\u1ec3 b\u1ecb b\u00f3ng v\u00e0 \u0111\u1ed5i m\u00e0u sau m\u1ed9t th\u1eddi gian s\u1eed d\u1ee5ng do m\u1ed3 h\u00f4i \u1edf l\u00f2ng b\u00e0n tay ti\u1ebft ra.<\/p>\n<p style=\"font-weight: 400;\"><span style=\"font-size: 12pt;\"><strong>Hi\u1ec7u n\u0103ng<\/strong><\/span><\/p>\n<p style=\"font-weight: 400;\">V\u1edbi vi x\u1eed l\u00fd Intel Core i3 5005U v\u00e0 4GB RAM, nh\u00ecn chung Dell Latitude 3450 \u0111\u00e1p \u1ee9ng t\u1ed1t c\u00e1c nhu c\u1ea7u s\u1eed d\u1ee5ng c\u01a1 b\u1ea3n nh\u01b0 l\u01b0\u1edbt web, so\u1ea1n th\u1ea3o v\u0103n b\u1ea3n hay ch\u01a1i game nh\u1eb9 nh\u00e0ng. Ng\u01b0\u1eddi vi\u1ebft \u0111\u00e3 th\u1eed m\u1edf li\u00ean t\u1ee5c nhi\u1ec1u trang web b\u1eb1ng c\u00e1c tab tr\u00ecnh duy\u1ec7t Chrome v\u00e0 nh\u1eadn th\u1ea5y v\u1edbi kho\u1ea3ng 14-15 tab th\u00ec m\u00e1y v\u1eabn ho\u1ea1t \u0111\u1ed9ng \u1ed5n \u0111\u1ecbnh v\u00e0 kh\u00f4ng b\u1ecb gi\u1eadt lag. V\u1edbi s\u1ed1 l\u01b0\u1ee3ng tab cao h\u01a1n th\u00ec b\u1eaft \u0111\u1ea7u xu\u1ea5t hi\u1ec7n \u0111\u1ed9 tr\u1ec5 nh\u1eb9 nh\u01b0ng v\u1eabn c\u00f3 th\u1ec3 thao t\u00e1c \u0111\u01b0\u1ee3c.<\/p>\n<p style=\"font-weight: 400;\">\u0110i\u1ec3m y\u1ebfu d\u1ec5 nh\u1eadn th\u1ea5y c\u1ee7a Dell Latitude 3450 l\u00e0 n\u00f3 kh\u00f4ng \u0111\u01b0\u1ee3c trang b\u1ecb card \u0111\u1ed3 h\u1ecda r\u1eddi, do \u0111\u00f3 kh\u1ea3 n\u0103ng ch\u1ea1y nh\u1eefng ph\u1ea7n m\u1ec1m \u0111\u1ed3 h\u1ecda chuy\u00ean d\u1ee5ng nh\u01b0 Photoshop, CorelDRAW c\u0169ng nh\u01b0 ch\u01a1i c\u00e1c game 3D \u201cn\u1eb7ng\u201d s\u1ebd b\u1ecb h\u1ea1n ch\u1ebf. Khi th\u1eed ph\u00e1t video 4K tr\u00ean Youtube th\u00ec m\u00e1y c\u0169ng kh\u00f4ng th\u1ec3 th\u1ef1c hi\u1ec7n ho\u00e0n h\u1ea3o v\u00e0 t\u00ecnh tr\u1ea1ng gi\u1eadt ti\u1ebfng, \u0111\u1ee9ng h\u00ecnh li\u00ean t\u1ee5c x\u1ea3y ra. Tuy v\u1eady, tr\u1ea3i nghi\u1ec7m ch\u01a1i game Asphalt 8 t\u1ea3i v\u1ec1 t\u1eeb Windows Store (ng\u01b0\u1eddi vi\u1ebft th\u1eed nghi\u1ec7m m\u00e1y tr\u00ean Windows 8.1) l\u1ea1i r\u1ea5t m\u01b0\u1ee3t m\u00e0, \u1ed5n \u0111\u1ecbnh. \u0110i\u1ec1u n\u00e0y c\u0169ng l\u1eb7p l\u1ea1i v\u1edbi PES 16, nh\u01b0ng t\u1ea5t nhi\u00ean ng\u01b0\u1eddi vi\u1ebft \u0111\u00e3 ph\u1ea3i ch\u1ea5p nh\u1eadn h\u1ea1 m\u1ee9c thi\u1ebft l\u1eadp \u0111\u1ed3 h\u1ecda c\u1ee7a game n\u00e0y xu\u1ed1ng th\u1ea5p.<\/p>\n<p style=\"font-weight: 400;\"><span style=\"font-size: 12pt;\"><strong>M\u00e0n h\u00ecnh<\/strong><\/span><\/p>\n<p style=\"font-weight: 400;\"><span style=\"font-size: 11pt;\"><span>Dell Latitude 3450 \u0111\u01b0\u1ee3c trang b\u1ecb m\u00e0n h\u00ecnh 14 inch \u0111\u1ed9 ph\u00e2n gi\u1ea3i HD 1366 x 768 pixels \u2013 \u0111\u00e2y \u0111\u1ec1u l\u00e0 nh\u1eefng th\u00f4ng s\u1ed1 chu\u1ea9n m\u1ef1c cho c\u00e1c d\u00f2ng laptop ph\u1ed5 th\u00f4ng hi\u1ec7n nay. \u0110i\u1ec3m \u0111\u1eb7c bi\u1ec7t l\u00e0m n\u00ean s\u1ef1 kh\u00e1c bi\u1ec7t cho\u00a0 m\u00e0n h\u00ecnh n\u00e0y ch\u00ednh l\u00e0 vi\u1ec7c n\u00f3 \u0111\u01b0\u1ee3c trang b\u1ecb c\u00f4ng ngh\u1ec7 ch\u1ed1ng ch\u00f3i (Anti-Glare), nh\u1edd \u0111\u00f3 mang \u0111\u1ebfn g\u00f3c nh\u00ecn v\u00e0 \u0111\u1ed9 t\u01b0\u01a1ng ph\u1ea3n t\u1ed1t h\u01a1n, gi\u00fap ng\u01b0\u1eddi d\u00f9ng d\u1ec5 d\u00e0ng quan s\u00e1t trong c\u00e1c \u0111i\u1ec1u ki\u1ec7n \u00e1nh s\u00e1ng kh\u00e1c nhau. Ng\u01b0\u1eddi vi\u1ebft \u0111\u00e3 th\u1eed ti\u1ebfn h\u00e0nh s\u1eed d\u1ee5ng Latitude 3450 \u1edf ngo\u00e0i tr\u1eddi s\u00e1ng v\u00e0 nh\u1eadn th\u1ea5y c\u00e1c h\u00ecnh \u1ea3nh v\u1eabn \u0111\u01b0\u1ee3c th\u1ec3 hi\u1ec7n kh\u00e1 t\u1ed1t, kh\u00f4ng b\u1ecb m\u1edd l\u00f3a g\u00e2y kh\u00f3 ch\u1ecbu. Tuy v\u1eady, v\u1edbi nh\u1eefng ng\u01b0\u1eddi d\u00f9ng k\u1ef9 t\u00ednh th\u00ec m\u00e0u s\u1eafc c\u1ee7a m\u00e0n h\u00ecnh n\u00e0y s\u1ebd kh\u00f4ng \u0111\u01b0\u1ee3c t\u01b0\u01a1i t\u1eafn v\u00e0 r\u1ef1c r\u1ee1 nh\u01b0 m\u1ed9t s\u1ed1 s\u1ea3n ph\u1ea9m kh\u00e1c.\u00a0<\/span><\/span><\/p>\n<p><img decoding=\"async\" src=\"https:\/\/tongkholaptop.vn\/wp-content\/uploads\/2023\/09\/img_0131_201683cbb7674fa884fc3c26fb1d1d19_grande.jpg\" title=\"img_0131_201683cbb7674fa884fc3c26fb1d1d19_grande\" srcset=\"https:\/\/tongkholaptop.vn\/wp-content\/uploads\/2023\/09\/img_0131_201683cbb7674fa884fc3c26fb1d1d19_grande-300x300.jpg 300w, https:\/\/tongkholaptop.vn\/wp-content\/uploads\/2023\/09\/img_0131_201683cbb7674fa884fc3c26fb1d1d19_grande-150x150.jpg 150w, https:\/\/tongkholaptop.vn\/wp-content\/uploads\/2023\/09\/img_0131_201683cbb7674fa884fc3c26fb1d1d19_grande-100x100.jpg 100w, https:\/\/tongkholaptop.vn\/wp-content\/uploads\/2023\/09\/img_0131_201683cbb7674fa884fc3c26fb1d1d19_grande.jpg 600w\"><\/p>\n<p style=\"font-weight: 400;\"><span style=\"font-size: 12pt;\"><strong>B\u00e0n ph\u00edm v\u00e0 Touchpad<\/strong><\/span><\/p>\n<p style=\"font-weight: 400;\">Gi\u1ed1ng nh\u01b0 h\u1ea7u h\u1ebft c\u00e1c s\u1ea3n ph\u1ea9m laptop tr\u00ean th\u1ecb tr\u01b0\u1eddng hi\u1ec7n nay, Dell Latitude 3450 c\u0169ng \u0111\u01b0\u1ee3c trang b\u1ecb b\u00e0n ph\u00edm d\u1ea1ng chiclet. \u01afu \u0111i\u1ec3m c\u1ee7a d\u1ea1ng b\u00e0n ph\u00edm n\u00e0y l\u00e0 c\u00e1c ph\u00edm b\u1ea5m \u0111\u01b0\u1ee3c thi\u1ebft k\u1ebf t\u00e1ch r\u1eddi nhau v\u1edbi kho\u1ea3ng c\u00e1ch h\u1ee3p l\u00fd, gi\u00fap vi\u1ec7c g\u00f5 ph\u00edm tr\u1edf n\u00ean nhanh v\u00e0 ch\u00ednh x\u00e1c h\u01a1n. Th\u1eed nghi\u1ec7m so\u1ea1n th\u1ea3o v\u0103n b\u1ea3n v\u1edbi b\u00e0n ph\u00edm c\u1ee7a Latitude 3450 cho th\u1ea5y \u0111\u1ed9 n\u1ea3y ph\u00edm kh\u00e1 t\u1ed1t, b\u00e0n ph\u00edm v\u1eefng ch\u00e3i, kh\u00f4ng b\u1ecb \u1ecdp \u1eb9p. \u1ede ph\u00eda d\u01b0\u1edbi c\u00e1c ph\u00edm b\u1ea5m, nh\u00e0 s\u1ea3n xu\u1ea5t Dell \u0111\u00e3 t\u00edch h\u1ee3p th\u00eam h\u1ec7 th\u1ed1ng \u0111\u00e8n n\u1ec1n, gi\u00fap cho ng\u01b0\u1eddi d\u00f9ng thao t\u00e1c d\u1ec5 d\u00e0ng trong b\u00f3ng t\u1ed1i.<\/p>\n<p><img decoding=\"async\" src=\"https:\/\/tongkholaptop.vn\/wp-content\/uploads\/2023\/09\/img_0132_35a675ee86d44112bdf7a205489ec396_grande.jpg\" title=\"img_0132_35a675ee86d44112bdf7a205489ec396_grande\" srcset=\"https:\/\/tongkholaptop.vn\/wp-content\/uploads\/2023\/09\/img_0132_35a675ee86d44112bdf7a205489ec396_grande-300x300.jpg 300w, https:\/\/tongkholaptop.vn\/wp-content\/uploads\/2023\/09\/img_0132_35a675ee86d44112bdf7a205489ec396_grande-150x150.jpg 150w, https:\/\/tongkholaptop.vn\/wp-content\/uploads\/2023\/09\/img_0132_35a675ee86d44112bdf7a205489ec396_grande-100x100.jpg 100w, https:\/\/tongkholaptop.vn\/wp-content\/uploads\/2023\/09\/img_0132_35a675ee86d44112bdf7a205489ec396_grande.jpg 600w\"><\/p>\n<p style=\"font-weight: 400;\">Tuy v\u1eady, c\u00e1c ph\u00edm \u0111i\u1ec1u h\u01b0\u1edbng c\u00f3 k\u00edch th\u01b0\u1edbc kh\u00e1 nh\u1ecf, \u0111\u1ed3ng th\u1eddi 2 ph\u00edm ch\u1ee9c n\u0103ng Home v\u00e0 End l\u1ea1i \u0111\u01b0\u1ee3c b\u1ed1 tr\u00ed chung v\u00e0o v\u1ecb tr\u00ed c\u1ee7a ph\u00edm &#8220;sang tr\u00e1i&#8221; v\u00e0 &#8220;sang ph\u1ea3i&#8221;, do \u0111\u00f3 s\u1ebd t\u1ea1o c\u1ea3m gi\u00e1c l\u1ea1 l\u1eabm v\u00e0 kh\u00f3 ch\u1ecbu trong qu\u00e1 tr\u00ecnh l\u00e0m quen ban \u0111\u1ea7u.<span style=\"font-size: 11pt;\"><\/span><\/p>\n<p style=\"font-weight: 400;\">Touchpad c\u00f9ng 2 ph\u00edm b\u1ea5m chu\u1ed9t \u0111\u01b0\u1ee3c thi\u1ebft k\u1ebf li\u1ec1n m\u1ea1ch c\u00f3 \u0111\u1ed9 nh\u1ea1y v\u1eeba ph\u1ea3i v\u00e0 cho c\u1ea3m gi\u00e1c ma s\u00e1t tr\u00ean c\u00e1c \u0111\u1ea7u ng\u00f3n tay kh\u00e1 d\u1ec5 ch\u1ecbu. Ngo\u00e0i ra, touchpad n\u00e0y h\u1ed7 tr\u1ee3 c\u1ea3m \u1ee9ng \u0111a \u0111i\u1ec3m n\u00ean ho\u00e0n to\u00e0n c\u00f3 th\u1ec3 thay th\u1ebf \u0111\u01b0\u1ee3c chu\u1ed9t r\u1eddi trong c\u00e1c tr\u01b0\u1eddng h\u1ee3p c\u1ea7n thi\u1ebft.<\/p>\n<p style=\"font-weight: 400;\"><span style=\"font-size: 12pt;\"><strong>C\u1ed5ng k\u1ebft n\u1ed1i<\/strong><\/span><\/p>\n<p style=\"font-weight: 400;\"><span style=\"font-size: 11pt;\">Dell Latitude 3450 \u0111\u01b0\u1ee3c trang b\u1ecb 2 c\u1ed5ng USB 3.0, khe c\u1eafm jack 3,5 mm v\u00e0 c\u00e1c c\u1ed5ng HDMI, LAN, VGA \u1edf c\u1ea1nh ph\u1ea3i c\u00f9ng 1 c\u1ed5ng USB 2.0 v\u00e0 khe \u0111\u1ecdc th\u1ebb nh\u1edb SD \u1edf c\u1ea1nh tr\u00e1i. \u0110\u1ec3 tinh gi\u1ea3n t\u1ed1i \u0111a k\u00edch th\u01b0\u1edbc c\u1ee7a m\u00e1y, nh\u00e0 s\u1ea3n xu\u1ea5t \u0111\u00e3 lo\u1ea1i b\u1ecf s\u1ef1 c\u00f3 m\u1eb7t c\u1ee7a \u1ed5 \u0111\u0129a DVD, nh\u01b0ng \u0111i\u1ec1u n\u00e0y s\u1ebd kh\u00f4ng g\u00e2y ra nh\u1eefng v\u1ea5n \u0111\u1ec1 l\u1edbn do s\u1ef1 ph\u00e1t tri\u1ec3n c\u1ee7a internet hi\u1ec7n nay.<\/span><\/p>\n<p><img decoding=\"async\" src=\"https:\/\/tongkholaptop.vn\/wp-content\/uploads\/2023\/09\/img_0134_e199688335cf4e2583547798ddca3550_grande.jpg\" title=\"img_0134_e199688335cf4e2583547798ddca3550_grande\" srcset=\"https:\/\/tongkholaptop.vn\/wp-content\/uploads\/2023\/09\/img_0134_e199688335cf4e2583547798ddca3550_grande-300x300.jpg 300w, https:\/\/tongkholaptop.vn\/wp-content\/uploads\/2023\/09\/img_0134_e199688335cf4e2583547798ddca3550_grande-150x150.jpg 150w, https:\/\/tongkholaptop.vn\/wp-content\/uploads\/2023\/09\/img_0134_e199688335cf4e2583547798ddca3550_grande-100x100.jpg 100w, https:\/\/tongkholaptop.vn\/wp-content\/uploads\/2023\/09\/img_0134_e199688335cf4e2583547798ddca3550_grande.jpg 600w\"><\/p>\n<p><img decoding=\"async\" src=\"https:\/\/tongkholaptop.vn\/wp-content\/uploads\/2023\/09\/img_0133_89da41ca20484b32bbfbf841b24b3c22_grande.jpg\" title=\"img_0133_89da41ca20484b32bbfbf841b24b3c22_grande\" srcset=\"https:\/\/tongkholaptop.vn\/wp-content\/uploads\/2023\/09\/img_0133_89da41ca20484b32bbfbf841b24b3c22_grande-300x300.jpg 300w, https:\/\/tongkholaptop.vn\/wp-content\/uploads\/2023\/09\/img_0133_89da41ca20484b32bbfbf841b24b3c22_grande-150x150.jpg 150w, https:\/\/tongkholaptop.vn\/wp-content\/uploads\/2023\/09\/img_0133_89da41ca20484b32bbfbf841b24b3c22_grande-100x100.jpg 100w, https:\/\/tongkholaptop.vn\/wp-content\/uploads\/2023\/09\/img_0133_89da41ca20484b32bbfbf841b24b3c22_grande.jpg 600w\"><\/p>\n<p style=\"font-weight: 400;\"><span style=\"font-size: 12pt;\"><strong>K\u1ebft lu\u1eadn<\/strong><\/span><\/p>\n<p style=\"font-weight: 400;\"><span style=\"font-size: 11pt;\">Nh\u00ecn chung, \u0111i\u1ec3m y\u1ebfu l\u1edbn nh\u1ea5t c\u1ee7a Dell Latitude 3450 l\u00e0 n\u00f3 kh\u00f4ng c\u00f3 card \u0111\u1ed3 h\u1ecda r\u1eddi, do \u0111\u00f3 kh\u00f4ng th\u1ec3 ch\u1ea1y \u0111\u01b0\u1ee3c c\u00e1c ph\u1ea7n m\u1ec1m \u0111\u1ed3 h\u1ecda chuy\u00ean d\u1ee5ng hay c\u00e1c game 3D ch\u1ea5t l\u01b0\u1ee3ng cao. Tuy nhi\u00ean, v\u1edbi m\u1ee9c gi\u00e1 ch\u01b0a \u0111\u1ebfn 10 tri\u1ec7u \u0111\u1ed3ng v\u00e0 vi\u1ec7c s\u1edf h\u1eefu vi x\u1eed l\u00fd Intel Core i3 Broadwell, chi\u1ebfc laptop n\u00e0y v\u1eabn s\u1ebd l\u00e0 s\u1ef1 l\u1ef1a ch\u1ecdn h\u1ee3p l\u00fd cho nh\u1eefng nhu c\u1ea7u h\u1ecdc t\u1eadp v\u00e0 l\u00e0m vi\u1ec7c v\u0103n ph\u00f2ng.<\/span><\/p>\n<p>M\u00e1y b\u00e1n c\u00f3 k\u00e8m theo \u0111\u1ea7y \u0111\u1ee7 c\u1eb7p chu\u1ed9t,di chu\u1ed9t v\u00e0 s\u1ea1c zin, b\u1ea3o h\u00e0nh 12 th\u00e1ng 1 \u0111\u1ed5i 1 t\u1ea1i T\u1ed5ng Kho Laptop.<\/p>\n<p><span>N\u1ebfu b\u1ea1n \u0111ang quan t\u00e2m v\u1ec1 s\u1ea3n ph\u1ea9m ho\u1eb7c c\u1ea7n t\u01b0 v\u1ea5n mua h\u00e0ng, Livechat ngay cho Tongkholaptop \u0111\u1ec3 \u0111\u01b0\u1ee3c h\u1ed7 tr\u1ee3 mi\u1ec5n ph\u00ed nh\u00e9!<\/span><\/p>\n<p><span><\/span><\/p>\n<\/p>\n<\/div>\n","protected":false},"excerpt":{"rendered":"<div class=\"pro-short-desc\">\n<ul>\n<li>B\u1ed9 vi x\u1eed l\u00fd:Intel Core i3-5005U<\/li>\n<li><span>RAM: 4GB<\/span><\/li>\n<li><span>\u1ed4 \u0111\u0129a c\u1ee9ng: SSD 128GB<\/span><\/li>\n<li><span>Card m\u00e0n h\u00ecnh: \u00a0Intel HD Graphics 5500<\/span><\/li>\n<li><span>M\u00e0n h\u00ecnh:\u00a0 14&#8243; HD<\/span><\/li>\n<li><span>Pin: 4-cell<\/span><\/li>\n<li><span><span>K\u1ebft n\u1ed1i:<\/span><\/span>USB 3.0, VGA Out, HDMI\u00a0<\/li>\n<li><span>Tr\u1ecdng l\u01b0\u1ee3ng: 1.9kg<\/span><span><br \/><\/span>\n<p>T\u1eb7ng Full Combo b\u1ed9 qu\u00e0 Balo, Chu\u1ed9t kh\u00f4ng d\u00e2y, b\u00e0n di chu\u1ed9t&#8230; Cam k\u1ebft gi\u00e1 r\u1ebb v\u00f4 \u0111\u1ecbch<\/li>\n<\/ul>\n<p><span>B\u1ea3o H\u00e0nh: 1 \u0111\u1ed5i 1 trong v\u00f2ng 12 th\u00e1ng<\/span><\/p>\n<\/p>\n<\/div>\n","protected":false},"featured_media":628,"comment_status":"open","ping_status":"closed","template":"","meta":[],"thuong-hieu":[],"product_cat":[15,17],"product_tag":[],"class_list":{"0":"post-627","1":"product","2":"type-product","3":"status-publish","4":"has-post-thumbnail","6":"product_cat-laptop-dell","7":"product_cat-laptop-dell-cu-core-i3","9":"first","10":"instock","11":"sale","12":"taxable","13":"shipping-taxable","14":"purchasable","15":"product-type-simple"},"acf":[],"yoast_head":"<!-- This site is optimized with the Yoast SEO plugin v23.4 - https:\/\/yoast.com\/wordpress\/plugins\/seo\/ -->\n<title>Dell Latitude E3450 - Intel Core i3-5005U\/4G\/SSD 128GB\/14 inch - T\u1ed5ng Kho Laptop<\/title>\n<meta name=\"robots\" content=\"index, follow, max-snippet:-1, max-image-preview:large, max-video-preview:-1\" \/>\n<link rel=\"canonical\" href=\"https:\/\/tongkholaptop.vn\/?product=dell-latitude-e3450-intel-core-i3-5005u-4g-ssd-128gb-14-inch\" \/>\n<meta property=\"og:locale\" content=\"vi_VN\" \/>\n<meta property=\"og:type\" content=\"article\" \/>\n<meta property=\"og:title\" content=\"Dell Latitude E3450 - Intel Core i3-5005U\/4G\/SSD 128GB\/14 inch - T\u1ed5ng Kho Laptop\" \/>\n<meta property=\"og:description\" content=\"B\u1ed9 vi x\u1eed l\u00fd:Intel Core i3-5005URAM: 4GB\u1ed4 \u0111\u0129a c\u1ee9ng: SSD 128GBCard m\u00e0n h\u00ecnh: \u00a0Intel HD Graphics 5500M\u00e0n h\u00ecnh:\u00a0 14&quot; HDPin: 4-cellK\u1ebft n\u1ed1i:USB 3.0, VGA Out, HDMI\u00a0Tr\u1ecdng l\u01b0\u1ee3ng: 1.9kgT\u1eb7ng Full Combo b\u1ed9 qu\u00e0 Balo, Chu\u1ed9t kh\u00f4ng d\u00e2y, b\u00e0n di chu\u1ed9t... Cam k\u1ebft gi\u00e1 r\u1ebb v\u00f4 \u0111\u1ecbchB\u1ea3o H\u00e0nh: 1 \u0111\u1ed5i 1 trong v\u00f2ng 12 th\u00e1ng\" \/>\n<meta property=\"og:url\" content=\"https:\/\/tongkholaptop.vn\/?product=dell-latitude-e3450-intel-core-i3-5005u-4g-ssd-128gb-14-inch\" \/>\n<meta property=\"og:site_name\" content=\"T\u1ed5ng Kho Laptop\" \/>\n<meta property=\"article:modified_time\" content=\"2023-09-07T10:33:31+00:00\" \/>\n<meta property=\"og:image\" content=\"https:\/\/tongkholaptop.vn\/wp-content\/uploads\/2023\/09\/dell-latitude-3450_dcf8ff8cd8fd42faac8c958aed3587a3_master.jpg\" \/>\n\t<meta property=\"og:image:width\" content=\"606\" \/>\n\t<meta property=\"og:image:height\" content=\"606\" \/>\n\t<meta property=\"og:image:type\" content=\"image\/jpeg\" \/>\n<meta name=\"twitter:card\" content=\"summary_large_image\" \/>\n<meta name=\"twitter:label1\" content=\"\u01af\u1edbc t\u00ednh th\u1eddi gian \u0111\u1ecdc\" \/>\n\t<meta name=\"twitter:data1\" content=\"7 ph\u00fat\" \/>\n<script type=\"application\/ld+json\" class=\"yoast-schema-graph\">{\"@context\":\"https:\/\/schema.org\",\"@graph\":[{\"@type\":\"WebPage\",\"@id\":\"https:\/\/tongkholaptop.vn\/?product=dell-latitude-e3450-intel-core-i3-5005u-4g-ssd-128gb-14-inch\",\"url\":\"https:\/\/tongkholaptop.vn\/?product=dell-latitude-e3450-intel-core-i3-5005u-4g-ssd-128gb-14-inch\",\"name\":\"Dell Latitude E3450 - Intel Core i3-5005U\/4G\/SSD 128GB\/14 inch - T\u1ed5ng Kho Laptop\",\"isPartOf\":{\"@id\":\"https:\/\/tongkholaptop.vn\/#website\"},\"primaryImageOfPage\":{\"@id\":\"https:\/\/tongkholaptop.vn\/?product=dell-latitude-e3450-intel-core-i3-5005u-4g-ssd-128gb-14-inch#primaryimage\"},\"image\":{\"@id\":\"https:\/\/tongkholaptop.vn\/?product=dell-latitude-e3450-intel-core-i3-5005u-4g-ssd-128gb-14-inch#primaryimage\"},\"thumbnailUrl\":\"https:\/\/tongkholaptop.vn\/wp-content\/uploads\/2023\/09\/dell-latitude-3450_dcf8ff8cd8fd42faac8c958aed3587a3_master.jpg\",\"datePublished\":\"2023-09-07T06:41:51+00:00\",\"dateModified\":\"2023-09-07T10:33:31+00:00\",\"breadcrumb\":{\"@id\":\"https:\/\/tongkholaptop.vn\/?product=dell-latitude-e3450-intel-core-i3-5005u-4g-ssd-128gb-14-inch#breadcrumb\"},\"inLanguage\":\"vi\",\"potentialAction\":[{\"@type\":\"ReadAction\",\"target\":[\"https:\/\/tongkholaptop.vn\/?product=dell-latitude-e3450-intel-core-i3-5005u-4g-ssd-128gb-14-inch\"]}]},{\"@type\":\"ImageObject\",\"inLanguage\":\"vi\",\"@id\":\"https:\/\/tongkholaptop.vn\/?product=dell-latitude-e3450-intel-core-i3-5005u-4g-ssd-128gb-14-inch#primaryimage\",\"url\":\"https:\/\/tongkholaptop.vn\/wp-content\/uploads\/2023\/09\/dell-latitude-3450_dcf8ff8cd8fd42faac8c958aed3587a3_master.jpg\",\"contentUrl\":\"https:\/\/tongkholaptop.vn\/wp-content\/uploads\/2023\/09\/dell-latitude-3450_dcf8ff8cd8fd42faac8c958aed3587a3_master.jpg\",\"width\":606,\"height\":606,\"caption\":\"Dell Latitude E3450 - Intel Core i3-5005U\/4G\/SSD 128GB\/14 inch\"},{\"@type\":\"BreadcrumbList\",\"@id\":\"https:\/\/tongkholaptop.vn\/?product=dell-latitude-e3450-intel-core-i3-5005u-4g-ssd-128gb-14-inch#breadcrumb\",\"itemListElement\":[{\"@type\":\"ListItem\",\"position\":1,\"name\":\"Trang ch\u1ee7\",\"item\":\"https:\/\/tongkholaptop.vn\/\"},{\"@type\":\"ListItem\",\"position\":2,\"name\":\"T\u1ea5t c\u1ea3 s\u1ea3n ph\u1ea9m\",\"item\":\"https:\/\/tongkholaptop.vn\/collections\/all\"},{\"@type\":\"ListItem\",\"position\":3,\"name\":\"Dell Latitude E3450 &#8211; Intel Core i3-5005U\/4G\/SSD 128GB\/14 inch\"}]},{\"@type\":\"WebSite\",\"@id\":\"https:\/\/tongkholaptop.vn\/#website\",\"url\":\"https:\/\/tongkholaptop.vn\/\",\"name\":\"T\u1ed5ng Kho Laptop\",\"description\":\"\",\"potentialAction\":[{\"@type\":\"SearchAction\",\"target\":{\"@type\":\"EntryPoint\",\"urlTemplate\":\"https:\/\/tongkholaptop.vn\/?s={search_term_string}\"},\"query-input\":{\"@type\":\"PropertyValueSpecification\",\"valueRequired\":true,\"valueName\":\"search_term_string\"}}],\"inLanguage\":\"vi\"}]}<\/script>\n<!-- \/ Yoast SEO plugin. -->","yoast_head_json":{"title":"Dell Latitude E3450 - Intel Core i3-5005U\/4G\/SSD 128GB\/14 inch - T\u1ed5ng Kho Laptop","robots":{"index":"index","follow":"follow","max-snippet":"max-snippet:-1","max-image-preview":"max-image-preview:large","max-video-preview":"max-video-preview:-1"},"canonical":"https:\/\/tongkholaptop.vn\/?product=dell-latitude-e3450-intel-core-i3-5005u-4g-ssd-128gb-14-inch","og_locale":"vi_VN","og_type":"article","og_title":"Dell Latitude E3450 - Intel Core i3-5005U\/4G\/SSD 128GB\/14 inch - T\u1ed5ng Kho Laptop","og_description":"B\u1ed9 vi x\u1eed l\u00fd:Intel Core i3-5005URAM: 4GB\u1ed4 \u0111\u0129a c\u1ee9ng: SSD 128GBCard m\u00e0n h\u00ecnh: \u00a0Intel HD Graphics 5500M\u00e0n h\u00ecnh:\u00a0 14\" HDPin: 4-cellK\u1ebft n\u1ed1i:USB 3.0, VGA Out, HDMI\u00a0Tr\u1ecdng l\u01b0\u1ee3ng: 1.9kgT\u1eb7ng Full Combo b\u1ed9 qu\u00e0 Balo, Chu\u1ed9t kh\u00f4ng d\u00e2y, b\u00e0n di chu\u1ed9t... Cam k\u1ebft gi\u00e1 r\u1ebb v\u00f4 \u0111\u1ecbchB\u1ea3o H\u00e0nh: 1 \u0111\u1ed5i 1 trong v\u00f2ng 12 th\u00e1ng","og_url":"https:\/\/tongkholaptop.vn\/?product=dell-latitude-e3450-intel-core-i3-5005u-4g-ssd-128gb-14-inch","og_site_name":"T\u1ed5ng Kho Laptop","article_modified_time":"2023-09-07T10:33:31+00:00","og_image":[{"width":606,"height":606,"url":"https:\/\/tongkholaptop.vn\/wp-content\/uploads\/2023\/09\/dell-latitude-3450_dcf8ff8cd8fd42faac8c958aed3587a3_master.jpg","type":"image\/jpeg"}],"twitter_card":"summary_large_image","twitter_misc":{"\u01af\u1edbc t\u00ednh th\u1eddi gian \u0111\u1ecdc":"7 ph\u00fat"},"schema":{"@context":"https:\/\/schema.org","@graph":[{"@type":"WebPage","@id":"https:\/\/tongkholaptop.vn\/?product=dell-latitude-e3450-intel-core-i3-5005u-4g-ssd-128gb-14-inch","url":"https:\/\/tongkholaptop.vn\/?product=dell-latitude-e3450-intel-core-i3-5005u-4g-ssd-128gb-14-inch","name":"Dell Latitude E3450 - Intel Core i3-5005U\/4G\/SSD 128GB\/14 inch - T\u1ed5ng Kho Laptop","isPartOf":{"@id":"https:\/\/tongkholaptop.vn\/#website"},"primaryImageOfPage":{"@id":"https:\/\/tongkholaptop.vn\/?product=dell-latitude-e3450-intel-core-i3-5005u-4g-ssd-128gb-14-inch#primaryimage"},"image":{"@id":"https:\/\/tongkholaptop.vn\/?product=dell-latitude-e3450-intel-core-i3-5005u-4g-ssd-128gb-14-inch#primaryimage"},"thumbnailUrl":"https:\/\/tongkholaptop.vn\/wp-content\/uploads\/2023\/09\/dell-latitude-3450_dcf8ff8cd8fd42faac8c958aed3587a3_master.jpg","datePublished":"2023-09-07T06:41:51+00:00","dateModified":"2023-09-07T10:33:31+00:00","breadcrumb":{"@id":"https:\/\/tongkholaptop.vn\/?product=dell-latitude-e3450-intel-core-i3-5005u-4g-ssd-128gb-14-inch#breadcrumb"},"inLanguage":"vi","potentialAction":[{"@type":"ReadAction","target":["https:\/\/tongkholaptop.vn\/?product=dell-latitude-e3450-intel-core-i3-5005u-4g-ssd-128gb-14-inch"]}]},{"@type":"ImageObject","inLanguage":"vi","@id":"https:\/\/tongkholaptop.vn\/?product=dell-latitude-e3450-intel-core-i3-5005u-4g-ssd-128gb-14-inch#primaryimage","url":"https:\/\/tongkholaptop.vn\/wp-content\/uploads\/2023\/09\/dell-latitude-3450_dcf8ff8cd8fd42faac8c958aed3587a3_master.jpg","contentUrl":"https:\/\/tongkholaptop.vn\/wp-content\/uploads\/2023\/09\/dell-latitude-3450_dcf8ff8cd8fd42faac8c958aed3587a3_master.jpg","width":606,"height":606,"caption":"Dell Latitude E3450 - Intel Core i3-5005U\/4G\/SSD 128GB\/14 inch"},{"@type":"BreadcrumbList","@id":"https:\/\/tongkholaptop.vn\/?product=dell-latitude-e3450-intel-core-i3-5005u-4g-ssd-128gb-14-inch#breadcrumb","itemListElement":[{"@type":"ListItem","position":1,"name":"Trang ch\u1ee7","item":"https:\/\/tongkholaptop.vn\/"},{"@type":"ListItem","position":2,"name":"T\u1ea5t c\u1ea3 s\u1ea3n ph\u1ea9m","item":"https:\/\/tongkholaptop.vn\/collections\/all"},{"@type":"ListItem","position":3,"name":"Dell Latitude E3450 &#8211; Intel Core i3-5005U\/4G\/SSD 128GB\/14 inch"}]},{"@type":"WebSite","@id":"https:\/\/tongkholaptop.vn\/#website","url":"https:\/\/tongkholaptop.vn\/","name":"T\u1ed5ng Kho Laptop","description":"","potentialAction":[{"@type":"SearchAction","target":{"@type":"EntryPoint","urlTemplate":"https:\/\/tongkholaptop.vn\/?s={search_term_string}"},"query-input":{"@type":"PropertyValueSpecification","valueRequired":true,"valueName":"search_term_string"}}],"inLanguage":"vi"}]}},"_links":{"self":[{"href":"https:\/\/tongkholaptop.vn\/index.php?rest_route=\/wp\/v2\/product\/627"}],"collection":[{"href":"https:\/\/tongkholaptop.vn\/index.php?rest_route=\/wp\/v2\/product"}],"about":[{"href":"https:\/\/tongkholaptop.vn\/index.php?rest_route=\/wp\/v2\/types\/product"}],"replies":[{"embeddable":true,"href":"https:\/\/tongkholaptop.vn\/index.php?rest_route=%2Fwp%2Fv2%2Fcomments&post=627"}],"wp:featuredmedia":[{"embeddable":true,"href":"https:\/\/tongkholaptop.vn\/index.php?rest_route=\/wp\/v2\/media\/628"}],"wp:attachment":[{"href":"https:\/\/tongkholaptop.vn\/index.php?rest_route=%2Fwp%2Fv2%2Fmedia&parent=627"}],"wp:term":[{"taxonomy":"thuong-hieu","embeddable":true,"href":"https:\/\/tongkholaptop.vn\/index.php?rest_route=%2Fwp%2Fv2%2Fthuong-hieu&post=627"},{"taxonomy":"product_cat","embeddable":true,"href":"https:\/\/tongkholaptop.vn\/index.php?rest_route=%2Fwp%2Fv2%2Fproduct_cat&post=627"},{"taxonomy":"product_tag","embeddable":true,"href":"https:\/\/tongkholaptop.vn\/index.php?rest_route=%2Fwp%2Fv2%2Fproduct_tag&post=627"}],"curies":[{"name":"wp","href":"https:\/\/api.w.org\/{rel}","templated":true}]}}