{"id":591,"date":"2023-09-07T06:41:10","date_gmt":"2023-09-07T06:41:10","guid":{"rendered":"https:\/\/tongkholaptop.vn\/sanpham\/dell-latitude-3490-intel-core-i3-6006u-8g-ssd-128gb-14-inch-hd\/"},"modified":"2023-09-07T10:33:44","modified_gmt":"2023-09-07T10:33:44","slug":"dell-latitude-3490-intel-core-i3-6006u-8g-ssd-128gb-14-inch-hd","status":"publish","type":"product","link":"https:\/\/tongkholaptop.vn\/?product=dell-latitude-3490-intel-core-i3-6006u-8g-ssd-128gb-14-inch-hd","title":{"rendered":"Dell Latitude 3490 &#8211; Intel Core i3-6006U\/8G\/SSD 128GB\/14 inch HD"},"content":{"rendered":"<\/p>\n<div id=\"protab0\" class=\"pro-tabcontent\">\n<p style=\"text-align: center;\"><span style=\"font-size:32pt\"><strong>DELL Latitude 3490<\/strong><\/span><\/p>\n<h3 class=\"dgctpro\"><span style=\"font-size:15pt\">\u0110\u00e1nh gi\u00e1 chi ti\u1ebft Dell Latitude 3490<\/span><\/h3>\n<p><span style=\"font-size:11pt\">S\u1ee9c m\u1ea1nh hi\u1ec7u n\u0103ng tuy\u1ec7t \u0111\u1ec9nh, m\u00e0n h\u00ecnh HD s\u1eafc n\u00e9t, kh\u1ea3 n\u0103ng b\u1ea3o m\u1eadt ho\u00e0n h\u1ea3o v\u00e0 \u0111\u1ed9 b\u1ec1n chu\u1ea9n th\u01b0\u01a1ng hi\u1ec7u Dell, Dell Latitude 3490\u00a0 \u0111\u00edch th\u1ef1c l\u00e0 chi\u1ebfc laptop sinh ra \u0111\u1ec3 d\u00e0nh cho c\u00f4ng vi\u1ec7c.<\/span><\/p>\n<p><span style=\"font-size:15pt\"><strong>C\u1ea5u h\u00ecnh m\u1ea1nh m\u1ebd, hi\u1ec7u su\u1ea5t t\u1ed1i \u01b0u<\/strong><\/span><\/p>\n<p><img decoding=\"async\" src=\"https:\/\/tongkholaptop.vn\/wp-content\/uploads\/2023\/09\/dell-vostro-v3490-2_7df56b7a8b4c47ee864b0fe505cbc4f9_grande.jpg\" title=\"dell-vostro-v3490-2_7df56b7a8b4c47ee864b0fe505cbc4f9_grande\" srcset=\"https:\/\/tongkholaptop.vn\/wp-content\/uploads\/2023\/09\/dell-vostro-v3490-2_7df56b7a8b4c47ee864b0fe505cbc4f9_grande-300x169.jpg 300w, https:\/\/tongkholaptop.vn\/wp-content\/uploads\/2023\/09\/dell-vostro-v3490-2_7df56b7a8b4c47ee864b0fe505cbc4f9_grande.jpg 600w\"><\/p>\n<p><span style=\"font-size:11pt\">Dell Latitude 3490 \u0111\u01b0\u1ee3c trang b\u1ecb b\u1ed9 vi x\u1eed l\u00fd Intel Core i3-6006U, con chip thu\u1ed9c th\u1ebf h\u1ec7 th\u1ee9 6\u00a0 Comet Lake.\u00a0Intel Core i3-6006U \u0111\u1ea3m b\u1ea3o \u0111\u1ec3 Latitude 3490\u00a0c\u00f3 th\u1ec3 ch\u1ea1y t\u1ed1t nh\u1eefng t\u00e1c v\u1ee5 c\u00f4ng vi\u1ec7c b\u1ea1n c\u1ea7n, \u0111\u1eb7c bi\u1ec7t l\u00e0 c\u00f4ng vi\u1ec7c v\u0103n ph\u00f2ng. Ngo\u00e0i ra b\u1ea1n c\u00f2n c\u00f3 8GB RAM DDR4, d\u1ec5 d\u00e0ng n\u00e2ng c\u1ea5p v\u1edbi 2 khe c\u1eafm RAM. T\u1ed1c \u0111\u1ed9 c\u1ee7a m\u00e1y t\u00ednh c\u0169ng \u0111\u01b0\u1ee3c n\u00e2ng cao to\u00e0n di\u1ec7n nh\u1edd vi\u1ec7c s\u1eed d\u1ee5ng \u1ed5 c\u1ee9ng SSD 128GB. Dell Latitude 3490 \u0111\u1ee7 m\u1ea1nh m\u1ebd \u0111\u1ec3 \u0111\u00e1p \u1ee9ng t\u1ed1t nhu c\u1ea7u l\u00e0m vi\u1ec7c c\u1ee7a ng\u01b0\u1eddi d\u00f9ng.<\/span><\/p>\n<p><span style=\"font-size:15pt\"><strong>Thi\u1ebft k\u1ebf g\u1ecdn nh\u1eb9, d\u1ec5 d\u00e0ng di chuy\u1ec3n<\/strong><\/span><\/p>\n<p><img decoding=\"async\" src=\"https:\/\/tongkholaptop.vn\/wp-content\/uploads\/2023\/09\/5317_dell_vostro_3490_2n1r82_2_67b46036dc5645c79706e58a8a95fb61_grande.jpg\" title=\"5317_dell_vostro_3490_2n1r82_2_67b46036dc5645c79706e58a8a95fb61_grande\" srcset=\"https:\/\/tongkholaptop.vn\/wp-content\/uploads\/2023\/09\/5317_dell_vostro_3490_2n1r82_2_67b46036dc5645c79706e58a8a95fb61_grande-300x300.jpg 300w, https:\/\/tongkholaptop.vn\/wp-content\/uploads\/2023\/09\/5317_dell_vostro_3490_2n1r82_2_67b46036dc5645c79706e58a8a95fb61_grande-150x150.jpg 150w, https:\/\/tongkholaptop.vn\/wp-content\/uploads\/2023\/09\/5317_dell_vostro_3490_2n1r82_2_67b46036dc5645c79706e58a8a95fb61_grande-100x100.jpg 100w, https:\/\/tongkholaptop.vn\/wp-content\/uploads\/2023\/09\/5317_dell_vostro_3490_2n1r82_2_67b46036dc5645c79706e58a8a95fb61_grande.jpg 600w\"><\/p>\n<p><span style=\"font-size:11pt\">Dell Latitude 3490 \u0111\u01b0\u1ee3c trang b\u1ecb b\u1ed9 vi x\u1eed l\u00fd Intel Core i3-6006U,Dell 3490 c\u00f3 th\u1ec3 ch\u1ea1y t\u1ed1t nh\u1eefng t\u00e1c v\u1ee5 c\u00f4ng vi\u1ec7c b\u1ea1n c\u1ea7n, \u0111\u1eb7c bi\u1ec7t l\u00e0 c\u00f4ng vi\u1ec7c v\u0103n ph\u00f2ng. Ngo\u00e0i ra b\u1ea1n c\u00f2n c\u00f3 8GB RAM DDR4, d\u1ec5 d\u00e0ng n\u00e2ng c\u1ea5p v\u1edbi 2 khe c\u1eafm RAM. T\u1ed1c \u0111\u1ed9 c\u1ee7a m\u00e1y t\u00ednh c\u0169ng \u0111\u01b0\u1ee3c n\u00e2ng cao to\u00e0n di\u1ec7n nh\u1edd vi\u1ec7c s\u1eed d\u1ee5ng \u1ed5 c\u1ee9ng SSD 128GB. Dell Latitude 3490 \u0111\u1ee7 m\u1ea1nh m\u1ebd \u0111\u1ec3 \u0111\u00e1p \u1ee9ng t\u1ed1t nhu c\u1ea7u l\u00e0m vi\u1ec7c c\u1ee7a ng\u01b0\u1eddi d\u00f9ng.<\/span><\/p>\n<p><span style=\"font-size:15pt\"><strong>B\u1ec1n v\u1eefng \u0111\u00e1ng tin c\u1eady<\/strong><\/span><\/p>\n<p>V\u1eadt li\u1ec7u ch\u00ednh l\u00e0m n\u00ean Dell <span style=\"font-size:11pt\">Latitude 3490<\/span> l\u00e0 nh\u1ef1a t\u1ed5ng h\u1ee3p v\u00f4 c\u00f9ng b\u1ec1n v\u1eefng, k\u1ebft c\u1ea5u ch\u1eafc ch\u1eafn v\u00e0 gi\u1ea3m thi\u1ec3u r\u1ee7i ro khi va \u0111\u1eadp. Dell <span style=\"font-size:11pt\">Latitude 3490<\/span> \u0111\u00e3 v\u01b0\u1ee3t qua nh\u1eefng b\u00e0i ki\u1ec3m tra v\u1ec1 \u0111\u1ed9 b\u1ec1n tr\u01b0\u1edbc khi \u0111\u1ebfn tay ng\u01b0\u1eddi d\u00f9ng, ch\u00ednh v\u00ec th\u1ebf b\u1ea1n ho\u00e0n to\u00e0n c\u00f3 th\u1ec3 y\u00ean t\u00e2m s\u1eed d\u1ee5ng.<\/p>\n<p><span style=\"font-size:15pt\"><strong>H\u00ecnh \u1ea3nh s\u1eafc n\u00e9t \u0111\u1ebfn t\u1eebng chi ti\u1ebft<\/strong><\/span><\/p>\n<p><img decoding=\"async\" src=\"https:\/\/tongkholaptop.vn\/wp-content\/uploads\/2023\/09\/10045853-dell-vostro-3490-i5-10210u-14-inch-70207360-1_juor-uj_f21c139fd81e4aa0aebe4a82fff4c1e4_grande.jpg\" title=\"10045853-dell-vostro-3490-i5-10210u-14-inch-70207360-1_juor-uj_f21c139fd81e4aa0aebe4a82fff4c1e4_grande\" srcset=\"https:\/\/tongkholaptop.vn\/wp-content\/uploads\/2023\/09\/10045853-dell-vostro-3490-i5-10210u-14-inch-70207360-1_juor-uj_f21c139fd81e4aa0aebe4a82fff4c1e4_grande-300x225.jpg 300w, https:\/\/tongkholaptop.vn\/wp-content\/uploads\/2023\/09\/10045853-dell-vostro-3490-i5-10210u-14-inch-70207360-1_juor-uj_f21c139fd81e4aa0aebe4a82fff4c1e4_grande.jpg 600w\"><\/p>\n<p><span style=\"font-size:11pt\">Dell Latitude 3490 n\u1ed5i b\u1eadt v\u1edbi m\u00e0n h\u00ecnh 14 inch \u0111\u1ed9 ph\u00e2n gi\u1ea3i HD s\u1eafc n\u00e9t, gi\u00fap cho c\u00f4ng vi\u1ec7c c\u0169ng nh\u01b0 gi\u1ea3i tr\u00ed c\u1ee7a b\u1ea1n tr\u1edf n\u00ean tr\u1ef1c quan h\u01a1n. \u0110\u1ed9 ph\u00e2n gi\u1ea3i cao v\u01b0\u1ee3t tr\u1ed9i c\u0169ng mang \u0111\u1ebfn kh\u00f4ng gian m\u00e0n h\u00ecnh hi\u1ec3n th\u1ecb r\u1ed9ng l\u1edbn h\u01a1n, theo d\u00f5i n\u1ed9i dung v\u00e0 thao t\u00e1c d\u1ec5 d\u00e0ng h\u01a1n, t\u1eeb \u0111\u00f3 b\u1ea1n s\u1ebd ho\u00e0n th\u00e0nh c\u00f4ng vi\u1ec7c m\u1ed9t c\u00e1ch hi\u1ec7u qu\u1ea3.<\/span><\/p>\n<p><span style=\"font-size:15pt\"><strong>B\u1ea3o m\u1eadt an to\u00e0n cho d\u1eef li\u1ec7u c\u1ee7a b\u1ea1n<\/strong><\/span><\/p>\n<p><span style=\"font-size:11pt\">V\u1edbi m\u1ed9t c\u1ea3m bi\u1ebfn v\u00e2n tay t\u00edch h\u1ee3p ngay tr\u00ean ph\u00edm ngu\u1ed3n, b\u1ea1n c\u00f3 th\u1ec3 \u0111\u0103ng nh\u1eadp nhanh ch\u00f3ng v\u00e0 an to\u00e0n ch\u1ec9 v\u1edbi m\u1ed9t c\u00fa ch\u1ea1m. H\u01a1n n\u1eefa Dell Latitude 3490 c\u00f2n mang tr\u00ean m\u00ecnh n\u1ec1n t\u1ea3ng b\u1ea3o m\u1eadt Trusted Platform Module 2.0, t\u00ednh n\u0103ng b\u1ea3o m\u1eadt d\u1ef1a tr\u00ean ph\u1ea7n c\u1ee9ng \u0111\u1ec3 t\u1ea1o v\u00e0 qu\u1ea3n l\u00fd kh\u00f3a m\u00e3 h\u00f3a do m\u00e1y t\u00ednh t\u1ea1o ra. Nh\u1edd v\u1eady b\u1ea1n c\u00f3 th\u1ec3 b\u1ea3o m\u1eadt v\u00e0 m\u00e3 h\u00f3a m\u1eadt kh\u1ea9u, d\u1ea5u v\u00e2n tay v\u00e0 nh\u1eefng th\u00f4ng tin quan tr\u1ecdng kh\u00e1c. Vi\u1ec7c b\u1ea3o m\u1eadt b\u1eb1ng TPM gi\u00fap k\u1ec3 c\u1ea3 b\u1ea1n c\u00f3 b\u1ecb \u0111\u00e1nh c\u1eafp \u1ed5 c\u1ee9ng, nh\u1eefng d\u1eef li\u1ec7u c\u0169ng kh\u00f4ng th\u1ec3 b\u1ecb x\u00e2m nh\u1eadp, h\u1ebft s\u1ee9c an to\u00e0n.<\/span><\/p>\n<p><img decoding=\"async\" src=\"https:\/\/tongkholaptop.vn\/wp-content\/uploads\/2023\/09\/dell-vostro-v3490-3_d0eb2eb2dfe54eddbe682dfd67dc480a_grande.jpg\" title=\"dell-vostro-v3490-3_d0eb2eb2dfe54eddbe682dfd67dc480a_grande\" srcset=\"https:\/\/tongkholaptop.vn\/wp-content\/uploads\/2023\/09\/dell-vostro-v3490-3_d0eb2eb2dfe54eddbe682dfd67dc480a_grande-300x169.jpg 300w, https:\/\/tongkholaptop.vn\/wp-content\/uploads\/2023\/09\/dell-vostro-v3490-3_d0eb2eb2dfe54eddbe682dfd67dc480a_grande.jpg 600w\"><\/p>\n<p>\u00a0<\/p>\n<p><span style=\"font-size:15pt\"><strong>K\u1ebft n\u1ed1i ti\u00ean ti\u1ebfn h\u00e0ng \u0111\u1ea7u<\/strong><\/span><\/p>\n<p><img decoding=\"async\" src=\"https:\/\/tongkholaptop.vn\/wp-content\/uploads\/2023\/09\/dell-vostro-v3490-6_f7823221bd884076b962999b8473af2e_grande.jpg\" title=\"dell-vostro-v3490-6_f7823221bd884076b962999b8473af2e_grande\" srcset=\"https:\/\/tongkholaptop.vn\/wp-content\/uploads\/2023\/09\/dell-vostro-v3490-6_f7823221bd884076b962999b8473af2e_grande-300x169.jpg 300w, https:\/\/tongkholaptop.vn\/wp-content\/uploads\/2023\/09\/dell-vostro-v3490-6_f7823221bd884076b962999b8473af2e_grande.jpg 600w\"><\/p>\n<p><span style=\"font-size:11pt\">V\u1edbi m\u1ee5c \u0111\u00edch ch\u00ednh l\u00e0 ph\u1ee5c v\u1ee5 cho c\u00f4ng vi\u1ec7c, Dell Vostro 3490 c\u00f3 r\u1ea5t nhi\u1ec1u c\u1ed5ng k\u1ebft n\u1ed1i. B\u1ea1n s\u1ebd c\u00f3 3 c\u1ed5ng USB type-A c\u01a1 b\u1ea3n bao g\u1ed3m 2 c\u1ed5ng USB 2.1 Gen 1 v\u00e0 1 c\u1ed5ng USB 2.0. Ngo\u00e0i ra c\u00f2n c\u00f3 c\u1ed5ng m\u1ea1ng, \u0111\u1ea7u \u0111\u1ecdc th\u1ebb micro SD, c\u1ed5ng HDMI v\u00e0 c\u1ea3 c\u1ed5ng VGA v\u1ed1n hi\u1ebfm th\u1ea5y tr\u00ean laptop hi\u1ec7n nay. Nh\u1edd k\u1ebft n\u1ed1i \u0111\u1ea7y \u0111\u1ee7, b\u1ea1n c\u00f3 th\u1ec3 k\u1ebft n\u1ed1i v\u1edbi h\u1ea7u h\u1ebft thi\u1ebft b\u1ecb ngo\u1ea1i vi m\u1ed9t c\u00e1ch ti\u1ec7n l\u1ee3i.<\/span><\/p>\n<p><img decoding=\"async\" src=\"https:\/\/tongkholaptop.vn\/wp-content\/uploads\/2023\/09\/dell-vostro-v3490-7_e2626b45d4b544d8bfa20a384d7c8771_grande.jpg\" title=\"dell-vostro-v3490-7_e2626b45d4b544d8bfa20a384d7c8771_grande\" srcset=\"https:\/\/tongkholaptop.vn\/wp-content\/uploads\/2023\/09\/dell-vostro-v3490-7_e2626b45d4b544d8bfa20a384d7c8771_grande-300x169.jpg 300w, https:\/\/tongkholaptop.vn\/wp-content\/uploads\/2023\/09\/dell-vostro-v3490-7_e2626b45d4b544d8bfa20a384d7c8771_grande.jpg 600w\"><\/p>\n<p><span style=\"font-size:15pt\"><strong>K\u1ebft lu\u1eadn<\/strong><\/span><\/p>\n<p><span><strong>Dell <\/strong><\/span><span style=\"font-size:11pt\">Latitude 3490<\/span><span><strong>\u00a0<\/strong>l\u00e0 s\u1ea3n ph\u1ea9m c\u00f3 m\u1ee9c gi\u00e1 ph\u1ed5 th\u00f4ng, n\u1ebfu b\u1ea1n l\u00e0 ng\u01b0\u1eddi d\u00f9ng \u0111ang c\u00f3 nhu c\u1ea7u h\u01b0\u1edbng t\u1edbi nh\u1eefng d\u00f2ng s\u1ea3n ph\u1ea9m\u00a0laptop gi\u00e1 r\u1ebb\u00a0th\u00ec \u0111\u00e2y l\u00e0 l\u1ef1a ch\u1ecdn kh\u00e1 h\u1ee3p l\u00fd v\u00e0 \u0111i\u1ec3n h\u00ecnh nh\u1ea5t n\u0103m 2020. S\u1edf h\u1eefu \u01b0u \u0111i\u1ec3m: Thi\u1ebft k\u1ebf m\u1ecfng nh\u1eb9, CPU th\u1ebf h\u1ec7 m\u1edbi, c\u00f3 khe c\u1eafm SSD, n\u00e2ng c\u1ea5p \u0111\u01b0\u1ee3c ram v\u00e0 \u1ed5 c\u1ee9ng, \u0111\u1eb7c bi\u1ec7t b\u00e0n ph\u00edm \u0111\u00e1nh kh\u00e1 th\u00edch, m\u00e0n h\u00ecnh ch\u1ed1ng l\u00f3a. B\u00ean c\u1ea1nh \u0111\u00f3 th\u00ec m\u1ed9t s\u1ed1 nh\u01b0\u1ee3c \u0111i\u1ec3m c\u0169ng kh\u00f4ng \u0111\u00e1ng k\u1ec3 l\u1eafm.<\/span><\/p>\n<p>M\u00e1y b\u00e1n c\u00f3 k\u00e8m theo \u0111\u1ea7y \u0111\u1ee7 c\u1eb7p chu\u1ed9t,di chu\u1ed9t v\u00e0 s\u1ea1c zin, b\u1ea3o h\u00e0nh 12 th\u00e1ng 1 \u0111\u1ed5i 1 t\u1ea1i T\u1ed5ng Kho Laptop.<\/p>\n<p><span>N\u1ebfu b\u1ea1n \u0111ang quan t\u00e2m v\u1ec1 s\u1ea3n ph\u1ea9m ho\u1eb7c c\u1ea7n t\u01b0 v\u1ea5n mua h\u00e0ng, Livechat ngay cho Tongkholaptop \u0111\u1ec3 \u0111\u01b0\u1ee3c h\u1ed7 tr\u1ee3 mi\u1ec5n ph\u00ed nh\u00e9!<\/span><\/p>\n<p>\u00a0<\/p>\n<\/p>\n<\/div>\n","protected":false},"excerpt":{"rendered":"<div class=\"pro-short-desc\">\n<ul>\n<li>B\u1ed9 vi x\u1eed l\u00fd:Intel Core i3-6006U<\/li>\n<li><span>RAM: 8GB<\/span><\/li>\n<li><span>\u1ed4 \u0111\u0129a c\u1ee9ng: SSD 128GB<\/span><\/li>\n<li><span>Card m\u00e0n h\u00ecnh: \u00a0Intel UHD Graphics\u00a0<\/span><\/li>\n<li><span>M\u00e0n h\u00ecnh:\u00a0 14&#8243; HD<\/span><\/li>\n<li><span>Pin: 4-cell<\/span><\/li>\n<li><span>K\u1ebft n\u1ed1i:<\/span>USB 3.0, VGA Out, HDMI ,<span>SD Media Card Reader<\/span><\/li>\n<li><span>Tr\u1ecdng l\u01b0\u1ee3ng: 1.72kg<\/span>\n<p>T\u1eb7ng Full Combo b\u1ed9 qu\u00e0 Balo, Chu\u1ed9t kh\u00f4ng d\u00e2y, b\u00e0n di chu\u1ed9t&#8230; Cam k\u1ebft gi\u00e1 r\u1ebb v\u00f4 \u0111\u1ecbch<\/li>\n<\/ul>\n<p><span>B\u1ea3o H\u00e0nh: 1 \u0111\u1ed5i 1 trong v\u00f2ng 12 th\u00e1ng<\/span><\/p>\n<p><span><br \/>\n\t\t\t\t\t\t\t\t\t<\/span><\/p>\n<\/div>\n","protected":false},"featured_media":592,"comment_status":"open","ping_status":"closed","template":"","meta":[],"thuong-hieu":[],"product_cat":[15,17],"product_tag":[],"class_list":{"0":"post-591","1":"product","2":"type-product","3":"status-publish","4":"has-post-thumbnail","6":"product_cat-laptop-dell","7":"product_cat-laptop-dell-cu-core-i3","9":"first","10":"instock","11":"sale","12":"taxable","13":"shipping-taxable","14":"purchasable","15":"product-type-simple"},"acf":[],"yoast_head":"<!-- This site is optimized with the Yoast SEO plugin v23.4 - https:\/\/yoast.com\/wordpress\/plugins\/seo\/ -->\n<title>Dell Latitude 3490 - Intel Core i3-6006U\/8G\/SSD 128GB\/14 inch HD - T\u1ed5ng Kho Laptop<\/title>\n<meta name=\"robots\" content=\"index, follow, max-snippet:-1, max-image-preview:large, max-video-preview:-1\" \/>\n<link rel=\"canonical\" href=\"https:\/\/tongkholaptop.vn\/?product=dell-latitude-3490-intel-core-i3-6006u-8g-ssd-128gb-14-inch-hd\" \/>\n<meta property=\"og:locale\" content=\"vi_VN\" \/>\n<meta property=\"og:type\" content=\"article\" \/>\n<meta property=\"og:title\" content=\"Dell Latitude 3490 - Intel Core i3-6006U\/8G\/SSD 128GB\/14 inch HD - T\u1ed5ng Kho Laptop\" \/>\n<meta property=\"og:description\" content=\"B\u1ed9 vi x\u1eed l\u00fd:Intel Core i3-6006URAM: 8GB\u1ed4 \u0111\u0129a c\u1ee9ng: SSD 128GBCard m\u00e0n h\u00ecnh: \u00a0Intel UHD Graphics\u00a0M\u00e0n h\u00ecnh:\u00a0 14&quot; HDPin: 4-cellK\u1ebft n\u1ed1i:USB 3.0, VGA Out, HDMI ,SD Media Card ReaderTr\u1ecdng l\u01b0\u1ee3ng: 1.72kgT\u1eb7ng Full Combo b\u1ed9 qu\u00e0 Balo, Chu\u1ed9t kh\u00f4ng d\u00e2y, b\u00e0n di chu\u1ed9t... Cam k\u1ebft gi\u00e1 r\u1ebb v\u00f4 \u0111\u1ecbchB\u1ea3o H\u00e0nh: 1 \u0111\u1ed5i 1 trong v\u00f2ng 12 th\u00e1ng\" \/>\n<meta property=\"og:url\" content=\"https:\/\/tongkholaptop.vn\/?product=dell-latitude-3490-intel-core-i3-6006u-8g-ssd-128gb-14-inch-hd\" \/>\n<meta property=\"og:site_name\" content=\"T\u1ed5ng Kho Laptop\" \/>\n<meta property=\"article:modified_time\" content=\"2023-09-07T10:33:44+00:00\" \/>\n<meta property=\"og:image\" content=\"https:\/\/tongkholaptop.vn\/wp-content\/uploads\/2023\/09\/dell-vostro-v3490-4_baa102048acc46fb8bfdd76a82e3f5e4_grande_03014dd8f7054588af11e15283ae0c3b_master.jpg\" \/>\n\t<meta property=\"og:image:width\" content=\"749\" \/>\n\t<meta property=\"og:image:height\" content=\"505\" \/>\n\t<meta property=\"og:image:type\" content=\"image\/jpeg\" \/>\n<meta name=\"twitter:card\" content=\"summary_large_image\" \/>\n<meta name=\"twitter:label1\" content=\"\u01af\u1edbc t\u00ednh th\u1eddi gian \u0111\u1ecdc\" \/>\n\t<meta name=\"twitter:data1\" content=\"5 ph\u00fat\" \/>\n<script type=\"application\/ld+json\" class=\"yoast-schema-graph\">{\"@context\":\"https:\/\/schema.org\",\"@graph\":[{\"@type\":\"WebPage\",\"@id\":\"https:\/\/tongkholaptop.vn\/?product=dell-latitude-3490-intel-core-i3-6006u-8g-ssd-128gb-14-inch-hd\",\"url\":\"https:\/\/tongkholaptop.vn\/?product=dell-latitude-3490-intel-core-i3-6006u-8g-ssd-128gb-14-inch-hd\",\"name\":\"Dell Latitude 3490 - Intel Core i3-6006U\/8G\/SSD 128GB\/14 inch HD - T\u1ed5ng Kho Laptop\",\"isPartOf\":{\"@id\":\"https:\/\/tongkholaptop.vn\/#website\"},\"primaryImageOfPage\":{\"@id\":\"https:\/\/tongkholaptop.vn\/?product=dell-latitude-3490-intel-core-i3-6006u-8g-ssd-128gb-14-inch-hd#primaryimage\"},\"image\":{\"@id\":\"https:\/\/tongkholaptop.vn\/?product=dell-latitude-3490-intel-core-i3-6006u-8g-ssd-128gb-14-inch-hd#primaryimage\"},\"thumbnailUrl\":\"https:\/\/tongkholaptop.vn\/wp-content\/uploads\/2023\/09\/dell-vostro-v3490-4_baa102048acc46fb8bfdd76a82e3f5e4_grande_03014dd8f7054588af11e15283ae0c3b_master.jpg\",\"datePublished\":\"2023-09-07T06:41:10+00:00\",\"dateModified\":\"2023-09-07T10:33:44+00:00\",\"breadcrumb\":{\"@id\":\"https:\/\/tongkholaptop.vn\/?product=dell-latitude-3490-intel-core-i3-6006u-8g-ssd-128gb-14-inch-hd#breadcrumb\"},\"inLanguage\":\"vi\",\"potentialAction\":[{\"@type\":\"ReadAction\",\"target\":[\"https:\/\/tongkholaptop.vn\/?product=dell-latitude-3490-intel-core-i3-6006u-8g-ssd-128gb-14-inch-hd\"]}]},{\"@type\":\"ImageObject\",\"inLanguage\":\"vi\",\"@id\":\"https:\/\/tongkholaptop.vn\/?product=dell-latitude-3490-intel-core-i3-6006u-8g-ssd-128gb-14-inch-hd#primaryimage\",\"url\":\"https:\/\/tongkholaptop.vn\/wp-content\/uploads\/2023\/09\/dell-vostro-v3490-4_baa102048acc46fb8bfdd76a82e3f5e4_grande_03014dd8f7054588af11e15283ae0c3b_master.jpg\",\"contentUrl\":\"https:\/\/tongkholaptop.vn\/wp-content\/uploads\/2023\/09\/dell-vostro-v3490-4_baa102048acc46fb8bfdd76a82e3f5e4_grande_03014dd8f7054588af11e15283ae0c3b_master.jpg\",\"width\":749,\"height\":505,\"caption\":\"Dell Latitude 3490 - Intel Core i3-6006U\/8G\/SSD 128GB\/14 inch HD\"},{\"@type\":\"BreadcrumbList\",\"@id\":\"https:\/\/tongkholaptop.vn\/?product=dell-latitude-3490-intel-core-i3-6006u-8g-ssd-128gb-14-inch-hd#breadcrumb\",\"itemListElement\":[{\"@type\":\"ListItem\",\"position\":1,\"name\":\"Trang ch\u1ee7\",\"item\":\"https:\/\/tongkholaptop.vn\/\"},{\"@type\":\"ListItem\",\"position\":2,\"name\":\"T\u1ea5t c\u1ea3 s\u1ea3n ph\u1ea9m\",\"item\":\"https:\/\/tongkholaptop.vn\/collections\/all\"},{\"@type\":\"ListItem\",\"position\":3,\"name\":\"Dell Latitude 3490 &#8211; Intel Core i3-6006U\/8G\/SSD 128GB\/14 inch HD\"}]},{\"@type\":\"WebSite\",\"@id\":\"https:\/\/tongkholaptop.vn\/#website\",\"url\":\"https:\/\/tongkholaptop.vn\/\",\"name\":\"T\u1ed5ng Kho Laptop\",\"description\":\"\",\"potentialAction\":[{\"@type\":\"SearchAction\",\"target\":{\"@type\":\"EntryPoint\",\"urlTemplate\":\"https:\/\/tongkholaptop.vn\/?s={search_term_string}\"},\"query-input\":{\"@type\":\"PropertyValueSpecification\",\"valueRequired\":true,\"valueName\":\"search_term_string\"}}],\"inLanguage\":\"vi\"}]}<\/script>\n<!-- \/ Yoast SEO plugin. -->","yoast_head_json":{"title":"Dell Latitude 3490 - Intel Core i3-6006U\/8G\/SSD 128GB\/14 inch HD - T\u1ed5ng Kho Laptop","robots":{"index":"index","follow":"follow","max-snippet":"max-snippet:-1","max-image-preview":"max-image-preview:large","max-video-preview":"max-video-preview:-1"},"canonical":"https:\/\/tongkholaptop.vn\/?product=dell-latitude-3490-intel-core-i3-6006u-8g-ssd-128gb-14-inch-hd","og_locale":"vi_VN","og_type":"article","og_title":"Dell Latitude 3490 - Intel Core i3-6006U\/8G\/SSD 128GB\/14 inch HD - T\u1ed5ng Kho Laptop","og_description":"B\u1ed9 vi x\u1eed l\u00fd:Intel Core i3-6006URAM: 8GB\u1ed4 \u0111\u0129a c\u1ee9ng: SSD 128GBCard m\u00e0n h\u00ecnh: \u00a0Intel UHD Graphics\u00a0M\u00e0n h\u00ecnh:\u00a0 14\" HDPin: 4-cellK\u1ebft n\u1ed1i:USB 3.0, VGA Out, HDMI ,SD Media Card ReaderTr\u1ecdng l\u01b0\u1ee3ng: 1.72kgT\u1eb7ng Full Combo b\u1ed9 qu\u00e0 Balo, Chu\u1ed9t kh\u00f4ng d\u00e2y, b\u00e0n di chu\u1ed9t... Cam k\u1ebft gi\u00e1 r\u1ebb v\u00f4 \u0111\u1ecbchB\u1ea3o H\u00e0nh: 1 \u0111\u1ed5i 1 trong v\u00f2ng 12 th\u00e1ng","og_url":"https:\/\/tongkholaptop.vn\/?product=dell-latitude-3490-intel-core-i3-6006u-8g-ssd-128gb-14-inch-hd","og_site_name":"T\u1ed5ng Kho Laptop","article_modified_time":"2023-09-07T10:33:44+00:00","og_image":[{"width":749,"height":505,"url":"https:\/\/tongkholaptop.vn\/wp-content\/uploads\/2023\/09\/dell-vostro-v3490-4_baa102048acc46fb8bfdd76a82e3f5e4_grande_03014dd8f7054588af11e15283ae0c3b_master.jpg","type":"image\/jpeg"}],"twitter_card":"summary_large_image","twitter_misc":{"\u01af\u1edbc t\u00ednh th\u1eddi gian \u0111\u1ecdc":"5 ph\u00fat"},"schema":{"@context":"https:\/\/schema.org","@graph":[{"@type":"WebPage","@id":"https:\/\/tongkholaptop.vn\/?product=dell-latitude-3490-intel-core-i3-6006u-8g-ssd-128gb-14-inch-hd","url":"https:\/\/tongkholaptop.vn\/?product=dell-latitude-3490-intel-core-i3-6006u-8g-ssd-128gb-14-inch-hd","name":"Dell Latitude 3490 - Intel Core i3-6006U\/8G\/SSD 128GB\/14 inch HD - T\u1ed5ng Kho Laptop","isPartOf":{"@id":"https:\/\/tongkholaptop.vn\/#website"},"primaryImageOfPage":{"@id":"https:\/\/tongkholaptop.vn\/?product=dell-latitude-3490-intel-core-i3-6006u-8g-ssd-128gb-14-inch-hd#primaryimage"},"image":{"@id":"https:\/\/tongkholaptop.vn\/?product=dell-latitude-3490-intel-core-i3-6006u-8g-ssd-128gb-14-inch-hd#primaryimage"},"thumbnailUrl":"https:\/\/tongkholaptop.vn\/wp-content\/uploads\/2023\/09\/dell-vostro-v3490-4_baa102048acc46fb8bfdd76a82e3f5e4_grande_03014dd8f7054588af11e15283ae0c3b_master.jpg","datePublished":"2023-09-07T06:41:10+00:00","dateModified":"2023-09-07T10:33:44+00:00","breadcrumb":{"@id":"https:\/\/tongkholaptop.vn\/?product=dell-latitude-3490-intel-core-i3-6006u-8g-ssd-128gb-14-inch-hd#breadcrumb"},"inLanguage":"vi","potentialAction":[{"@type":"ReadAction","target":["https:\/\/tongkholaptop.vn\/?product=dell-latitude-3490-intel-core-i3-6006u-8g-ssd-128gb-14-inch-hd"]}]},{"@type":"ImageObject","inLanguage":"vi","@id":"https:\/\/tongkholaptop.vn\/?product=dell-latitude-3490-intel-core-i3-6006u-8g-ssd-128gb-14-inch-hd#primaryimage","url":"https:\/\/tongkholaptop.vn\/wp-content\/uploads\/2023\/09\/dell-vostro-v3490-4_baa102048acc46fb8bfdd76a82e3f5e4_grande_03014dd8f7054588af11e15283ae0c3b_master.jpg","contentUrl":"https:\/\/tongkholaptop.vn\/wp-content\/uploads\/2023\/09\/dell-vostro-v3490-4_baa102048acc46fb8bfdd76a82e3f5e4_grande_03014dd8f7054588af11e15283ae0c3b_master.jpg","width":749,"height":505,"caption":"Dell Latitude 3490 - Intel Core i3-6006U\/8G\/SSD 128GB\/14 inch HD"},{"@type":"BreadcrumbList","@id":"https:\/\/tongkholaptop.vn\/?product=dell-latitude-3490-intel-core-i3-6006u-8g-ssd-128gb-14-inch-hd#breadcrumb","itemListElement":[{"@type":"ListItem","position":1,"name":"Trang ch\u1ee7","item":"https:\/\/tongkholaptop.vn\/"},{"@type":"ListItem","position":2,"name":"T\u1ea5t c\u1ea3 s\u1ea3n ph\u1ea9m","item":"https:\/\/tongkholaptop.vn\/collections\/all"},{"@type":"ListItem","position":3,"name":"Dell Latitude 3490 &#8211; Intel Core i3-6006U\/8G\/SSD 128GB\/14 inch HD"}]},{"@type":"WebSite","@id":"https:\/\/tongkholaptop.vn\/#website","url":"https:\/\/tongkholaptop.vn\/","name":"T\u1ed5ng Kho Laptop","description":"","potentialAction":[{"@type":"SearchAction","target":{"@type":"EntryPoint","urlTemplate":"https:\/\/tongkholaptop.vn\/?s={search_term_string}"},"query-input":{"@type":"PropertyValueSpecification","valueRequired":true,"valueName":"search_term_string"}}],"inLanguage":"vi"}]}},"_links":{"self":[{"href":"https:\/\/tongkholaptop.vn\/index.php?rest_route=\/wp\/v2\/product\/591"}],"collection":[{"href":"https:\/\/tongkholaptop.vn\/index.php?rest_route=\/wp\/v2\/product"}],"about":[{"href":"https:\/\/tongkholaptop.vn\/index.php?rest_route=\/wp\/v2\/types\/product"}],"replies":[{"embeddable":true,"href":"https:\/\/tongkholaptop.vn\/index.php?rest_route=%2Fwp%2Fv2%2Fcomments&post=591"}],"wp:featuredmedia":[{"embeddable":true,"href":"https:\/\/tongkholaptop.vn\/index.php?rest_route=\/wp\/v2\/media\/592"}],"wp:attachment":[{"href":"https:\/\/tongkholaptop.vn\/index.php?rest_route=%2Fwp%2Fv2%2Fmedia&parent=591"}],"wp:term":[{"taxonomy":"thuong-hieu","embeddable":true,"href":"https:\/\/tongkholaptop.vn\/index.php?rest_route=%2Fwp%2Fv2%2Fthuong-hieu&post=591"},{"taxonomy":"product_cat","embeddable":true,"href":"https:\/\/tongkholaptop.vn\/index.php?rest_route=%2Fwp%2Fv2%2Fproduct_cat&post=591"},{"taxonomy":"product_tag","embeddable":true,"href":"https:\/\/tongkholaptop.vn\/index.php?rest_route=%2Fwp%2Fv2%2Fproduct_tag&post=591"}],"curies":[{"name":"wp","href":"https:\/\/api.w.org\/{rel}","templated":true}]}}