{"id":1359,"date":"2023-09-07T09:34:19","date_gmt":"2023-09-07T09:34:19","guid":{"rendered":"https:\/\/tongkholaptop.vn\/sanpham\/dell-optilexp-7010-i3-4g-250g\/"},"modified":"2023-09-07T09:46:11","modified_gmt":"2023-09-07T09:46:11","slug":"dell-optilexp-7010-i3-4g-250g","status":"publish","type":"product","link":"https:\/\/tongkholaptop.vn\/?product=dell-optilexp-7010-i3-4g-250g","title":{"rendered":"Dell Optilexp 7010\/I3\/4G\/250G"},"content":{"rendered":"<\/p>\n<div id=\"protab0\" class=\"pro-tabcontent\">\n<p>Case Dell Optiplex 7010 \u0111\u1eb9p, l\u00e0 t\u1eeb m\u00e0 \u0111a s\u1ed1 kh\u00e1ch h\u00e0ng th\u1ed1t l\u00ean khi t\u1eadn m\u1eaft ch\u1ea1m v\u00e0o chi\u1ebfc m\u00e1y t\u00ednh \u0111\u1ed3ng b\u1ed9 n\u00e0y. V\u1edbi thi\u1ebft k\u1ebf v\u00f4 c\u00f9ng g\u1ecdn g\u00e0ng v\u00e0 \u00e1p d\u1ee5ng h\u00ecnh th\u1ee9c phi\u00ean b\u1ea3n m\u1edbi c\u1ee7a h\u1ecd m\u00e1y Optiplex, Dell 7010 \u0111\u01b0\u1ee3c s\u1ea3n xu\u1ea5t b\u1eb1ng 1 th\u00e2n v\u1ecf g\u1ecdn g\u00e0ng, ch\u1eafc ch\u1eafn v\u1edbi kim lo\u1ea1i \u0111\u01b0\u1ee3c ph\u1ee7 l\u1edbp t\u0129nh \u0111i\u1ec7n m\u00e0u \u0111en, m\u1eb7t nh\u1ef1a r\u1ea5t \u201d ng\u1ea7u \u201d to\u00e1t l\u00ean s\u1ef1 chuy\u00ean nghi\u1ec7p v\u00e0 gi\u00e1 tr\u1ecb c\u1ee7a s\u1ea3n ph\u1ea9m. B\u00ean trong, vi\u1ec7c t\u1ed1i \u01b0u lu\u1ed3ng kh\u00f4ng kh\u00ed \u0111\u1ed1i l\u01b0u, c\u00f9ng h\u1ec7 th\u1ed1ng l\u00e0m m\u00e1t dung d\u1ecbch \u1ed1ng \u0111\u1ed3ng, gi\u00fap m\u00e1y v\u1eadn h\u00e0nh 24\/24 m\u00e0 kh\u00f4ng lo b\u1ecb n\u00f3ng. Thi\u1ebft k\u1ebf n\u00e0y, gia t\u0103ng \u0111\u00e1ng k\u1ec3 s\u1ee9c b\u1ec1n c\u1ee7a chi\u1ebfc m\u00e1y.<\/p>\n<p>V\u1ec1 n\u0103ng l\u1ef1c, m\u00e1y t\u00ednh Dell Optiplex 7010 \u0111\u01b0\u1ee3c trang b\u1ecb Chipset Q77 \u01b0u vi\u1ec7t, h\u1ed7 tr\u1ee3 CPU intel Core i7, i5, i3 th\u1ebf h\u1ec7 th\u1ee9 3, vi\u1ec7c n\u00e0y c\u0169ng \u0111\u1ed3ng ngh\u0129a v\u1edbi card m\u00e0n h\u00ecnh s\u1ebd l\u00e0 HD2000\/3000\/2500 v\u00e0 HD4000 ( theo t\u1eebng b\u1ed9 vi s\u1eed l\u00fd ). Bo m\u1ea1ch \u0111\u01b0\u1ee3c thi\u1ebft k\u1ebf v\u1edbi 4 ch\u00e2n c\u1eafm ram, up t\u1ed1i \u0111a 32Gb RAM non ECC. H\u1ec7 th\u1ed1ng c\u0169ng h\u1ed7 tr\u1ee3 4 c\u1ed5ng USB 3.0 t\u1ed1c \u0111\u1ed9 cao nh\u1ea5t hi\u1ec7n nay v\u00e0 ch\u00e2n \u1ed5 c\u1ee9ng SATA3. Ti\u1ebfn h\u00e0nh Test th\u1eed v\u1edbi c\u1ea5u h\u00ecnh Core i3 3770, 4Gb ram 128 gb SSD. Dell Optiplex 7010 kh\u1edfi \u0111\u1ed9ng t\u1eeb l\u00fac Bios trao quy\u1ec1n cho t\u1edbi khi v\u00e0o destop m\u1ea5t 4 gi\u00e2y, th\u1ef1c hi\u1ec7n l\u00e0m vi\u1ec7c v\u1edbi AutoCaD, Photoshop m\u01b0\u1ee3t m\u00e0, ph\u00e1t phim \u0111\u1ed9 ph\u00e2n gi\u1ea3i 2K \u1ea5n t\u01b0\u1ee3ng\u2026 \u0111\u00e2y c\u00f3 th\u1ec3 coi l\u00e0 m\u1ed9t chi\u1ebfc m\u00e1y t\u00ednh \u0111\u1ed3ng b\u1ed9 dell \u1ea5n t\u01b0\u1ee3ng.<br \/>Dell Optiplex 7010, m\u00e1y \u0111\u1ed3ng b\u1ed9 \u0111a t\u00ednh n\u0103ng, m\u1ea1nh m\u1ebd, ch\u1ea5t l\u01b0\u1ee3ng, b\u1ea3o h\u00e0nh uy t\u00edn<\/p>\n<p>V\u1edbi ch\u1ea5t l\u01b0\u1ee3ng cao c\u1ea5p t\u1eeb m\u1ed9t h\u1ec7 th\u1ed1ng qua tr\u01b0ng b\u00e0y t\u1eeb Nh\u1eadt. Dell Optiplex 7010 c\u0169 c\u00f3 ch\u1ea5t l\u01b0\u1ee3ng c\u1ef1c m\u1edbi, t\u1edbi 99%, ho\u00e0n to\u00e0n nguy\u00ean b\u1ea3n v\u00e0 \u0111\u01b0\u1ee3c ki\u1ec3m tr\u00e3 k\u1ef9 b\u1edfi h\u1ec7 th\u1ed1ng k\u1ef9 thu\u1eadt c\u1ee7a Th\u1ebf Gi\u1edbi M\u00e1y T\u00ednh ch\u00fang t\u00f4i, ngo\u00e0i ra, m\u00e1y c\u0169ng \u0111\u01b0\u1ee3c ch\u1ea1y v\u00e0 th\u1eed s\u1ee9c v\u1edbi nhi\u1ec1u ph\u1ea7n m\u1ec1m \u0111\u1ed3 h\u1ecda cao c\u1ea5p v\u1edbi c\u1ea5u h\u00ecnh th\u1ea5p nh\u1ea5t m\u00e0 v\u1eabn \u0111em l\u1ea1i s\u1ef1 ng\u1ea1c nhi\u00ean.<\/p>\n<p>M\u1ecdi case Dell Optiplex 7010 c\u0169 m\u00e0 ch\u00fang t\u00f4i b\u00e1n ra nh\u01b0 Optiplex 7010 hay c\u00e1c th\u1ebf h\u1ec7 tr\u01b0\u1edbc, DELL Optiplex 980. DELL Optiplex 790 \u0111\u1ec1u \u0111\u01b0\u1ee3c h\u01b0\u1edfng ch\u1ebf \u0111\u1ed9 b\u1ea3o h\u00e0nh 2 n\u0103m. Ch\u1ebf \u0111\u1ed9 d\u00f9ng th\u1eed trong th\u1eddi gian quy \u0111\u1ecbnh. Sau b\u00e1n h\u00e0ng, d\u1ecbch v\u1ee5 ch\u0103m s\u00f3c v\u00e0 b\u1ea3o tr\u00ec MI\u1ec4N PH\u00cd V\u0128NH VI\u1ec4N c\u0169ng \u0111\u01b0\u1ee3c \u00e1p d\u1ee5ng v\u1edbi s\u1ea3n ph\u1ea9m n\u00e0y. Sau 2 n\u0103m b\u1ea3o h\u00e0nh 1 \u0111\u1ed5i 1. C\u00e1c thi\u1ebft b\u1ecb thay th\u1ebf s\u1ebd \u0111\u01b0\u1ee3c b\u00e1n v\u1edbi gi\u00e1 g\u1ed1c r\u1ebb nh\u1ea5t, gi\u00fap kh\u00e1ch h\u00e0ng y\u00ean t\u00e2m s\u1eed d\u1ee5ng s\u1ea3n ph\u1ea9m d\u00e0i l\u00e2u.<\/p>\n<\/p>\n<\/div>\n","protected":false},"excerpt":{"rendered":"<div class=\"pro-short-desc\">\n<\/div>\n","protected":false},"featured_media":1360,"comment_status":"open","ping_status":"closed","template":"","meta":[],"thuong-hieu":[],"product_cat":[39],"product_tag":[],"class_list":{"0":"post-1359","1":"product","2":"type-product","3":"status-publish","4":"has-post-thumbnail","6":"product_cat-may-tinh-dong-bo-dell","8":"first","9":"instock","10":"sale","11":"taxable","12":"shipping-taxable","13":"purchasable","14":"product-type-simple"},"acf":[],"yoast_head":"<!-- This site is optimized with the Yoast SEO plugin v23.4 - https:\/\/yoast.com\/wordpress\/plugins\/seo\/ -->\n<title>Dell Optilexp 7010\/I3\/4G\/250G - T\u1ed5ng Kho Laptop<\/title>\n<meta name=\"robots\" content=\"index, follow, max-snippet:-1, max-image-preview:large, max-video-preview:-1\" \/>\n<link rel=\"canonical\" href=\"https:\/\/tongkholaptop.vn\/?product=dell-optilexp-7010-i3-4g-250g\" \/>\n<meta property=\"og:locale\" content=\"vi_VN\" \/>\n<meta property=\"og:type\" content=\"article\" \/>\n<meta property=\"og:title\" content=\"Dell Optilexp 7010\/I3\/4G\/250G - T\u1ed5ng Kho Laptop\" \/>\n<meta property=\"og:url\" content=\"https:\/\/tongkholaptop.vn\/?product=dell-optilexp-7010-i3-4g-250g\" \/>\n<meta property=\"og:site_name\" content=\"T\u1ed5ng Kho Laptop\" \/>\n<meta property=\"article:modified_time\" content=\"2023-09-07T09:46:11+00:00\" \/>\n<meta property=\"og:image\" content=\"https:\/\/tongkholaptop.vn\/wp-content\/uploads\/2023\/09\/15_9e4e62e370234ac2893e8be22c4f4120_master.jpg\" \/>\n\t<meta property=\"og:image:width\" content=\"750\" \/>\n\t<meta property=\"og:image:height\" content=\"750\" \/>\n\t<meta property=\"og:image:type\" content=\"image\/jpeg\" \/>\n<meta name=\"twitter:card\" content=\"summary_large_image\" \/>\n<meta name=\"twitter:label1\" content=\"\u01af\u1edbc t\u00ednh th\u1eddi gian \u0111\u1ecdc\" \/>\n\t<meta name=\"twitter:data1\" content=\"3 ph\u00fat\" \/>\n<script type=\"application\/ld+json\" class=\"yoast-schema-graph\">{\"@context\":\"https:\/\/schema.org\",\"@graph\":[{\"@type\":\"WebPage\",\"@id\":\"https:\/\/tongkholaptop.vn\/?product=dell-optilexp-7010-i3-4g-250g\",\"url\":\"https:\/\/tongkholaptop.vn\/?product=dell-optilexp-7010-i3-4g-250g\",\"name\":\"Dell Optilexp 7010\/I3\/4G\/250G - T\u1ed5ng Kho Laptop\",\"isPartOf\":{\"@id\":\"https:\/\/tongkholaptop.vn\/#website\"},\"primaryImageOfPage\":{\"@id\":\"https:\/\/tongkholaptop.vn\/?product=dell-optilexp-7010-i3-4g-250g#primaryimage\"},\"image\":{\"@id\":\"https:\/\/tongkholaptop.vn\/?product=dell-optilexp-7010-i3-4g-250g#primaryimage\"},\"thumbnailUrl\":\"https:\/\/tongkholaptop.vn\/wp-content\/uploads\/2023\/09\/15_9e4e62e370234ac2893e8be22c4f4120_master.jpg\",\"datePublished\":\"2023-09-07T09:34:19+00:00\",\"dateModified\":\"2023-09-07T09:46:11+00:00\",\"breadcrumb\":{\"@id\":\"https:\/\/tongkholaptop.vn\/?product=dell-optilexp-7010-i3-4g-250g#breadcrumb\"},\"inLanguage\":\"vi\",\"potentialAction\":[{\"@type\":\"ReadAction\",\"target\":[\"https:\/\/tongkholaptop.vn\/?product=dell-optilexp-7010-i3-4g-250g\"]}]},{\"@type\":\"ImageObject\",\"inLanguage\":\"vi\",\"@id\":\"https:\/\/tongkholaptop.vn\/?product=dell-optilexp-7010-i3-4g-250g#primaryimage\",\"url\":\"https:\/\/tongkholaptop.vn\/wp-content\/uploads\/2023\/09\/15_9e4e62e370234ac2893e8be22c4f4120_master.jpg\",\"contentUrl\":\"https:\/\/tongkholaptop.vn\/wp-content\/uploads\/2023\/09\/15_9e4e62e370234ac2893e8be22c4f4120_master.jpg\",\"width\":750,\"height\":750,\"caption\":\"Dell Optilexp 7010\/I3\/4G\/250G\"},{\"@type\":\"BreadcrumbList\",\"@id\":\"https:\/\/tongkholaptop.vn\/?product=dell-optilexp-7010-i3-4g-250g#breadcrumb\",\"itemListElement\":[{\"@type\":\"ListItem\",\"position\":1,\"name\":\"Trang ch\u1ee7\",\"item\":\"https:\/\/tongkholaptop.vn\/\"},{\"@type\":\"ListItem\",\"position\":2,\"name\":\"T\u1ea5t c\u1ea3 s\u1ea3n ph\u1ea9m\",\"item\":\"https:\/\/tongkholaptop.vn\/collections\/all\"},{\"@type\":\"ListItem\",\"position\":3,\"name\":\"Dell Optilexp 7010\/I3\/4G\/250G\"}]},{\"@type\":\"WebSite\",\"@id\":\"https:\/\/tongkholaptop.vn\/#website\",\"url\":\"https:\/\/tongkholaptop.vn\/\",\"name\":\"T\u1ed5ng Kho Laptop\",\"description\":\"\",\"potentialAction\":[{\"@type\":\"SearchAction\",\"target\":{\"@type\":\"EntryPoint\",\"urlTemplate\":\"https:\/\/tongkholaptop.vn\/?s={search_term_string}\"},\"query-input\":{\"@type\":\"PropertyValueSpecification\",\"valueRequired\":true,\"valueName\":\"search_term_string\"}}],\"inLanguage\":\"vi\"}]}<\/script>\n<!-- \/ Yoast SEO plugin. -->","yoast_head_json":{"title":"Dell Optilexp 7010\/I3\/4G\/250G - T\u1ed5ng Kho Laptop","robots":{"index":"index","follow":"follow","max-snippet":"max-snippet:-1","max-image-preview":"max-image-preview:large","max-video-preview":"max-video-preview:-1"},"canonical":"https:\/\/tongkholaptop.vn\/?product=dell-optilexp-7010-i3-4g-250g","og_locale":"vi_VN","og_type":"article","og_title":"Dell Optilexp 7010\/I3\/4G\/250G - T\u1ed5ng Kho Laptop","og_url":"https:\/\/tongkholaptop.vn\/?product=dell-optilexp-7010-i3-4g-250g","og_site_name":"T\u1ed5ng Kho Laptop","article_modified_time":"2023-09-07T09:46:11+00:00","og_image":[{"width":750,"height":750,"url":"https:\/\/tongkholaptop.vn\/wp-content\/uploads\/2023\/09\/15_9e4e62e370234ac2893e8be22c4f4120_master.jpg","type":"image\/jpeg"}],"twitter_card":"summary_large_image","twitter_misc":{"\u01af\u1edbc t\u00ednh th\u1eddi gian \u0111\u1ecdc":"3 ph\u00fat"},"schema":{"@context":"https:\/\/schema.org","@graph":[{"@type":"WebPage","@id":"https:\/\/tongkholaptop.vn\/?product=dell-optilexp-7010-i3-4g-250g","url":"https:\/\/tongkholaptop.vn\/?product=dell-optilexp-7010-i3-4g-250g","name":"Dell Optilexp 7010\/I3\/4G\/250G - T\u1ed5ng Kho Laptop","isPartOf":{"@id":"https:\/\/tongkholaptop.vn\/#website"},"primaryImageOfPage":{"@id":"https:\/\/tongkholaptop.vn\/?product=dell-optilexp-7010-i3-4g-250g#primaryimage"},"image":{"@id":"https:\/\/tongkholaptop.vn\/?product=dell-optilexp-7010-i3-4g-250g#primaryimage"},"thumbnailUrl":"https:\/\/tongkholaptop.vn\/wp-content\/uploads\/2023\/09\/15_9e4e62e370234ac2893e8be22c4f4120_master.jpg","datePublished":"2023-09-07T09:34:19+00:00","dateModified":"2023-09-07T09:46:11+00:00","breadcrumb":{"@id":"https:\/\/tongkholaptop.vn\/?product=dell-optilexp-7010-i3-4g-250g#breadcrumb"},"inLanguage":"vi","potentialAction":[{"@type":"ReadAction","target":["https:\/\/tongkholaptop.vn\/?product=dell-optilexp-7010-i3-4g-250g"]}]},{"@type":"ImageObject","inLanguage":"vi","@id":"https:\/\/tongkholaptop.vn\/?product=dell-optilexp-7010-i3-4g-250g#primaryimage","url":"https:\/\/tongkholaptop.vn\/wp-content\/uploads\/2023\/09\/15_9e4e62e370234ac2893e8be22c4f4120_master.jpg","contentUrl":"https:\/\/tongkholaptop.vn\/wp-content\/uploads\/2023\/09\/15_9e4e62e370234ac2893e8be22c4f4120_master.jpg","width":750,"height":750,"caption":"Dell Optilexp 7010\/I3\/4G\/250G"},{"@type":"BreadcrumbList","@id":"https:\/\/tongkholaptop.vn\/?product=dell-optilexp-7010-i3-4g-250g#breadcrumb","itemListElement":[{"@type":"ListItem","position":1,"name":"Trang ch\u1ee7","item":"https:\/\/tongkholaptop.vn\/"},{"@type":"ListItem","position":2,"name":"T\u1ea5t c\u1ea3 s\u1ea3n ph\u1ea9m","item":"https:\/\/tongkholaptop.vn\/collections\/all"},{"@type":"ListItem","position":3,"name":"Dell Optilexp 7010\/I3\/4G\/250G"}]},{"@type":"WebSite","@id":"https:\/\/tongkholaptop.vn\/#website","url":"https:\/\/tongkholaptop.vn\/","name":"T\u1ed5ng Kho Laptop","description":"","potentialAction":[{"@type":"SearchAction","target":{"@type":"EntryPoint","urlTemplate":"https:\/\/tongkholaptop.vn\/?s={search_term_string}"},"query-input":{"@type":"PropertyValueSpecification","valueRequired":true,"valueName":"search_term_string"}}],"inLanguage":"vi"}]}},"_links":{"self":[{"href":"https:\/\/tongkholaptop.vn\/index.php?rest_route=\/wp\/v2\/product\/1359"}],"collection":[{"href":"https:\/\/tongkholaptop.vn\/index.php?rest_route=\/wp\/v2\/product"}],"about":[{"href":"https:\/\/tongkholaptop.vn\/index.php?rest_route=\/wp\/v2\/types\/product"}],"replies":[{"embeddable":true,"href":"https:\/\/tongkholaptop.vn\/index.php?rest_route=%2Fwp%2Fv2%2Fcomments&post=1359"}],"wp:featuredmedia":[{"embeddable":true,"href":"https:\/\/tongkholaptop.vn\/index.php?rest_route=\/wp\/v2\/media\/1360"}],"wp:attachment":[{"href":"https:\/\/tongkholaptop.vn\/index.php?rest_route=%2Fwp%2Fv2%2Fmedia&parent=1359"}],"wp:term":[{"taxonomy":"thuong-hieu","embeddable":true,"href":"https:\/\/tongkholaptop.vn\/index.php?rest_route=%2Fwp%2Fv2%2Fthuong-hieu&post=1359"},{"taxonomy":"product_cat","embeddable":true,"href":"https:\/\/tongkholaptop.vn\/index.php?rest_route=%2Fwp%2Fv2%2Fproduct_cat&post=1359"},{"taxonomy":"product_tag","embeddable":true,"href":"https:\/\/tongkholaptop.vn\/index.php?rest_route=%2Fwp%2Fv2%2Fproduct_tag&post=1359"}],"curies":[{"name":"wp","href":"https:\/\/api.w.org\/{rel}","templated":true}]}}