{"id":1308,"date":"2023-09-07T08:53:49","date_gmt":"2023-09-07T08:53:49","guid":{"rendered":"https:\/\/tongkholaptop.vn\/sanpham\/laptop-hp-zbook-15-g2-intel-core-i7-4810mq-ram-8gb-ssd-256gb\/"},"modified":"2023-09-07T10:40:17","modified_gmt":"2023-09-07T10:40:17","slug":"laptop-hp-zbook-15-g2-intel-core-i7-4810mq-ram-8gb-ssd-256gb","status":"publish","type":"product","link":"https:\/\/tongkholaptop.vn\/?product=laptop-hp-zbook-15-g2-intel-core-i7-4810mq-ram-8gb-ssd-256gb","title":{"rendered":"Laptop HP Zbook 15 G2 &#8211; Intel Core i7-4810MQ\/RAM 8GB\/SSD 256GB"},"content":{"rendered":"<\/p>\n<div id=\"protab0\" class=\"pro-tabcontent\">\n<p style=\"text-align: justify;\"><span><strong><span style=\"font-size:20pt\">\u0110\u00e1nh gi\u00e1 chi ti\u1ebft Laptop HP ZBook 15 G2<\/span><\/strong><\/span><\/p>\n<p style=\"text-align: justify;\"><span>\u00a0<\/span><\/p>\n<p style=\"text-align: justify;\"><span>Nh\u1eafc \u0111\u1ebfn HP, ng\u01b0\u1eddi d\u00f9ng li\u00ean t\u01b0\u1edfng ngay \u0111\u1ebfn HP Elitebook WorkStation, v\u00e0 ch\u1eafc h\u1eb3n ai c\u0169ng bi\u1ebft \u0111\u1ebfn HP Zbook \u2013 Series mang ti\u1ebfng vang m\u1ea1nh m\u1ebd tr\u00ean th\u1ecb tr\u01b0\u1eddng v\u00e0 c\u0169ng \u0111\u00f3ng g\u00f3p kh\u00f4ng nh\u1ecf trong qu\u00e1 tr\u00ecnh thay m\u00e1u cho d\u00f2ng s\u1ea3n ph\u1ea9m HP Elitebook WorkStation.<\/span><\/p>\n<p style=\"text-align: justify;\"><span>Zbook \u0111\u1ecbnh gi\u00e1 tr\u00ean th\u1ecb tr\u01b0\u1eddng v\u1edbi m\u1ee9c gi\u00e1 kh\u00e1 cao, v\u1edbi h\u00ecnh th\u1ee9c \u0111\u01b0\u1ee3c coi l\u00e0 kh\u00e1 c\u1ed3ng k\u1ec1nh v\u00e0 n\u1ebfu kh\u00f4ng c\u00f3 \u0111\u1ed9 b\u1ec1n v\u00e0 \u0111\u1ed9 \u1ed5n \u0111\u1ecbnh c\u0169ng nh\u01b0 hi\u1ec7u n\u0103ng kh\u1ee7ng c\u1ee7a m\u00e1y k\u00e9o l\u1ea1i th\u00ec ch\u1eafc ch\u1eafn d\u00f2ng n\u00e0y \u0111\u00e3 ho\u00e0n to\u00e0n bi\u1ebfn m\u1ea5t tr\u00ean th\u1ecb tr\u01b0\u1eddng<\/span><\/p>\n<p style=\"text-align: justify;\"><span>HP Zbook 15 G2 s\u1ebd ti\u1ebfp t\u1ee5c ch\u1ee9ng minh \u0111\u01b0\u1ee3c s\u1ef1 ph\u00e1t tri\u1ec3n v\u01b0\u1ee3t tr\u1ed9i c\u1ee7a m\u00ecnh khi so v\u1edbi c\u00e1c \u201c\u0111\u00e0n anh \u0111\u00e0n ch\u1ecb\u201d bao g\u1ed3m thi\u1ebft k\u1ebf \u201ch\u1ea7m h\u1ed1\u201d, h\u00ecnh th\u1ee9c b\u00ean ngo\u00e0i quy\u1ebfn r\u0169 v\u00e0 h\u00e0nh tr\u00ecnh ph\u00edm t\u1ed1t. Ngo\u00e0i ra, Model n\u00e0y \u0111\u01b0\u1ee3c trang b\u1ecb c\u00f9ng v\u1edbi CPU Core i7 &#8211; 4810MQ, m\u00e0n h\u00ecnh Full HD, \u0111\u01b0\u1ee3c thi\u1ebft k\u1ebf \u0111a d\u1ea1ng c\u00e1c c\u1ed5ng k\u1ebft n\u1ed1i. Ch\u00fang ta h\u00e3y c\u00f9ng c\u1ea3m nh\u1eadn v\u1ec1 d\u00f2ng s\u1ea3n ph\u1ea9m n\u00e0y nh\u00e9!<\/span><\/p>\n<p style=\"text-align: justify;\">\u00a0<\/p>\n<p style=\"text-align: justify;\"><strong>THI\u1ebeT K\u1ebe M\u1edaI M\u1eba, M\u1ec0M M\u1ea0I H\u01a0N C\u1ee6A HP ZBOOK 15 G2<\/strong><\/p>\n<p style=\"text-align: justify;\">HP Zbook 15 G2 mang tr\u00ean m\u00ecnh m\u1ed9t di\u1ec7n m\u1ea1o ho\u00e0n to\u00e0n m\u1edbi m\u1ebb, v\u1edbi thi\u1ebft k\u1ebf m\u1ec1m m\u1ea1i h\u01a1n nh\u01b0ng c\u0169ng r\u1ea5t v\u1eefng ch\u00e3i v\u00e0 ch\u1eafc ch\u1eafn. Khung m\u00e1y v\u1eabn \u0111\u01b0\u1ee3c c\u1ea5u t\u1ea1o t\u1eeb h\u1ee3p kim magie. Ph\u1ea7n tr\u00ean n\u1eafp capo \u0111\u01b0\u1ee3c chia l\u00e0m 2 ph\u1ea7n, \u1edf gi\u1eefa l\u00e0 kim lo\u1ea1i phay x\u01b0\u1edbc m\u00e0u \u0111en \u00e1nh titan. Bao quanh l\u00e0 vi\u1ec1n \u0111\u01b0\u1ee3c s\u01a1n ph\u1ee7 l\u1edbp nhung \u0111\u1ec3 m\u00e1y kh\u00f4ng b\u1ecb \u0111\u01a1n \u0111i\u1ec7u v\u00e0 cho c\u1ea3m gi\u00e1c c\u1ea7m n\u1eafm ch\u1eafc tay h\u01a1n.<\/p>\n<p style=\"text-align: center;\"><img decoding=\"async\" src=\"https:\/\/tongkholaptop.vn\/wp-content\/uploads\/2023\/09\/zbook15g2-5.jpg\" title=\"zbook15g2-5\" srcset=\"https:\/\/tongkholaptop.vn\/wp-content\/uploads\/2023\/09\/zbook15g2-5-300x300.jpg 300w, https:\/\/tongkholaptop.vn\/wp-content\/uploads\/2023\/09\/zbook15g2-5-150x150.jpg 150w, https:\/\/tongkholaptop.vn\/wp-content\/uploads\/2023\/09\/zbook15g2-5-100x100.jpg 100w, https:\/\/tongkholaptop.vn\/wp-content\/uploads\/2023\/09\/zbook15g2-5.jpg 600w\"><\/p>\n<p style=\"text-align: justify;\"><em>\u1ede gi\u1eefa l\u00e0 logo HP \u0111\u01b0\u1ee3c l\u00e0m b\u00f3ng m\u00e0u \u0111en c\u00f9ng v\u1edbi t\u00f4ng m\u00e0u c\u1ee7a ZBook 15 G2<\/em><\/p>\n<p style=\"text-align: justify;\">Khi m\u1edf m\u00e1y, b\u1ea1n s\u1ebd th\u1ea5y ph\u1ea7n n\u1eafp th\u00e2n m\u00e1y v\u00e0 vi\u1ec1n m\u00e0n h\u00ecnh c\u1ee7a HP Zbook 15 G2 s\u1eed d\u1ee5ng chung m\u1ed9t m\u00e0u \u0111en gi\u1ed1ng nh\u01b0 n\u1eafp \u0111\u1eady. 2 loa \u0111\u1eb7t ph\u00eda tr\u01b0\u1edbc n\u1eb1m ngay ph\u00eda tr\u00ean, b\u00e0n ph\u00edm c\u00f3 \u0111\u00e8n chi\u1ebfu s\u00e1ng.<\/p>\n<p style=\"text-align: justify;\">C\u00e2n n\u1eb7ng 2,82kg<\/p>\n<p style=\"text-align: justify;\">K\u00edch th\u01b0\u1edbc: 38cm x 25,5cm x 3cm<\/p>\n<p style=\"text-align: justify;\">\u0110\u00e2y l\u00e0 kh\u1ed5 k\u00edch th\u01b0\u1edbc v\u00e0 tr\u1ecdng l\u01b0\u1ee3ng trung b\u00ecnh\u00a0HP Zbook 15 G2 cho m\u1ed9t chi\u1ebfc m\u00e1y tr\u1ea1m di \u0111\u1ed9ng ch\u1ea1y Windows. T\u01b0\u01a1ng \u0111\u01b0\u01a1ng v\u1edbi c\u00e1c d\u00f2ng nh\u01b0 Dell Precision M4800 hay ThinkPad W540<\/p>\n<p style=\"text-align: justify;\">HP Zbook 15 G2 ti\u1ec1n th\u00e2n l\u00e0 Zbook 15 \u0111\u00e3 mang m\u1ed9t lu\u1ed3ng gi\u00f3 m\u1edbi \u0111\u1ebfn thi\u1ebft k\u1ebf c\u1ee7a c\u00e1c d\u00f2ng m\u00e1y tr\u1ea1m. Kh\u00f4ng c\u00f2n kh\u00f4 khan, c\u1ee5c m\u1ecbch n\u1eefa. C\u00e1c h\u00e3ng kh\u00e1c nh\u01b0 Dell hay Lenovo sau n\u00e0y c\u0169ng \u0111\u00e3 th\u1ef1c hi\u1ec7n \u0111i\u1ec1u t\u01b0\u01a1ng t\u1ef1 tr\u00ean s\u1ea3n ph\u1ea9m HP Zbook 15 G2 c\u1ee7a m\u00ecnh.<\/p>\n<p style=\"text-align: center;\"><img decoding=\"async\" src=\"https:\/\/tongkholaptop.vn\/wp-content\/uploads\/2023\/09\/zbook15g2-6.jpg\" title=\"zbook15g2-6\" srcset=\"https:\/\/tongkholaptop.vn\/wp-content\/uploads\/2023\/09\/zbook15g2-6-300x300.jpg 300w, https:\/\/tongkholaptop.vn\/wp-content\/uploads\/2023\/09\/zbook15g2-6-150x150.jpg 150w, https:\/\/tongkholaptop.vn\/wp-content\/uploads\/2023\/09\/zbook15g2-6-100x100.jpg 100w, https:\/\/tongkholaptop.vn\/wp-content\/uploads\/2023\/09\/zbook15g2-6.jpg 600w\"><\/p>\n<p style=\"text-align: justify;\"><em>Thi\u1ebft k\u1ebf h\u00e0i h\u00f2a b\u1eb1ng c\u00e1c \u0111\u01b0\u1eddng cong l\u00e0m cho Zbook 15 G2 m\u1ec1m m\u1ea1i h\u01a1n, c\u1ea7m n\u1eafm d\u1ec5 d\u00e0ng h\u01a1n<\/em><\/p>\n<p style=\"text-align: justify;\">\u00a0<\/p>\n<p style=\"text-align: justify;\"><strong>HP ZBook 15 G2 M\u1ea0NH M\u1ebc V\u00c0 BI\u1ec0N B\u1ec8<\/strong><\/p>\n<p style=\"text-align: justify;\">T\u1ef1 tin v\u1edbi chi\u1ebfc ZBook 15 c\u00f3 kh\u1ea3 n\u0103ng ch\u1ecbu \u0111\u1ef1ng \u0111\u01b0\u1ee3c m\u00f4i tr\u01b0\u1eddng l\u00e0m vi\u1ec7c kh\u1eafc nghi\u1ec7t nh\u1ea5t c\u1ee7a doanh nghi\u1ec7p b\u1ea1n v\u1edbi ch\u1ee9ng nh\u1eadn ISV v\u00e0 115.000 gi\u1edd ki\u1ec3m th\u1eed v\u1edbi quy tr\u00ecnh HP Total Test<\/p>\n<p style=\"text-align: justify;\">Ch\u1ea1y c\u00e1c \u1ee9ng d\u1ee5ng \u0111\u1ed3 h\u1ecda chuy\u00ean nghi\u1ec7p v\u1edbi HP ZBook 15 G2 m\u01b0\u1ee3t m\u00e0 nh\u01b0 nh\u1eefng workstations \u0111\u1ec3 b\u00e0n kh\u00e1c. Ch\u1ee9ng nh\u1eadn ISV NVIDIA v\u00e0 AMD FirePro cho ph\u00e9p b\u1ea1n c\u00f3 nhi\u1ec1u l\u1ef1a ch\u1ecdn h\u01a1n v\u1edbi c\u00e1c d\u00f2ng card chuy\u00ean d\u1ee5ng.<\/p>\n<p style=\"text-align: justify;\"><strong>KH\u1ea2 N\u0102NG T\u00d9Y BI\u1ebeN CAO<\/strong><\/p>\n<p style=\"text-align: justify;\">HP Zbook 15 G2 c\u00f3 k\u00edch c\u1ee1 c\u1ed3ng k\u1ec1nh l\u00e0 do HP \u0111\u00e3 c\u1ed1 g\u1eafng t\u1ea1o ra m\u1ed9t chi\u1ebfc laptop c\u00f3 kh\u1ea3 n\u0103ng t\u00f9y bi\u1ebfn cao. Theo HP, b\u1ea1n c\u00f3 th\u1ec3 g\u1eafn t\u1edbi 3 \u1ed5 c\u1ee9ng v\u00e0o th\u00e2n m\u00e1y; ph\u00eda d\u01b0\u1edbi th\u00e2n m\u00e1y c\u0169ng c\u00f3 n\u1eafp \u0111\u1eady cho ph\u00e9p b\u1ea1n d\u1ec5 d\u00e0ng th\u00e1o v\u00e0 g\u1eafn linh ki\u1ec7n.<\/p>\n<p style=\"text-align: center;\"><img decoding=\"async\" src=\"https:\/\/tongkholaptop.vn\/wp-content\/uploads\/2023\/09\/zbook15g2-7.jpg\" title=\"zbook15g2-7\" srcset=\"https:\/\/tongkholaptop.vn\/wp-content\/uploads\/2023\/09\/zbook15g2-7-300x300.jpg 300w, https:\/\/tongkholaptop.vn\/wp-content\/uploads\/2023\/09\/zbook15g2-7-150x150.jpg 150w, https:\/\/tongkholaptop.vn\/wp-content\/uploads\/2023\/09\/zbook15g2-7-100x100.jpg 100w, https:\/\/tongkholaptop.vn\/wp-content\/uploads\/2023\/09\/zbook15g2-7.jpg 600w\"><\/p>\n<p style=\"text-align: justify;\"><strong>M\u00c0N H\u00ccNH \u0110\u1eb8P, M\u00c0U S\u1eaeC CH\u00cdNH X\u00c1C C\u1ee6A\u00a0HP ZBook 15 G2<\/strong><\/p>\n<p style=\"text-align: justify;\">HP Zbook 15 G2 (Gen 2) l\u00e0 s\u1ef1 ho\u00e0n thi\u1ec7n c\u1ee7a d\u00f2ng ZBook th\u1ebf h\u1ec7 \u0111\u1ea7u ti\u00ean c\u00f3 phi\u00ean b\u1ea3n \u0111\u01b0\u1ee3c trang b\u1ecb t\u1ea5m n\u1ec1n IPS l\u00ean m\u00e0n h\u00ecnh. Th\u1ebf h\u1ec7 \u0111\u1ea7u ti\u00ean c\u1ee7a HP Zbook 15 ch\u1ec9 l\u00e0 t\u1ea5m n\u1ec1n LED r\u1ea5t hi\u1ebfm khi c\u00f3 ips. V\u1edbi c\u00f4ng ngh\u1ec7 IPS n\u00e0y th\u00ec m\u00e0u s\u1eafc hi\u1ec3n th\u1ecb tr\u00ean HP Zbook 15 G2 \u0111\u01b0\u1ee3c th\u1ec3 hi\u1ec7n r\u1ea5t t\u1ed1t, m\u00e0u s\u1eafc trung th\u1ef1c v\u00e0 c\u00f3 chi\u1ec1u s\u00e2u. G\u00f3c nh\u00ecn l\u00ean t\u1edbi 170 \u0111\u1ed9. Kh\u1ea3 n\u0103ng l\u00e0m vi\u1ec7c n\u01a1i c\u00f3 \u00e1nh s\u00e1ng m\u1ea1nh chi\u1ebfu v\u00e0o c\u0169ng r\u1ea5t t\u1ed1t.<\/p>\n<p style=\"text-align: justify;\">\u00a0<\/p>\n<p style=\"text-align: justify;\"><strong>C\u1ed4NG K\u1ebeT N\u1ed0I \u0110A D\u1ea0NG<\/strong><\/p>\n<p style=\"text-align: center;\"><img decoding=\"async\" src=\"https:\/\/tongkholaptop.vn\/wp-content\/uploads\/2023\/09\/zbook15g2-8.jpg\" title=\"zbook15g2-8\" srcset=\"https:\/\/tongkholaptop.vn\/wp-content\/uploads\/2023\/09\/zbook15g2-8-300x300.jpg 300w, https:\/\/tongkholaptop.vn\/wp-content\/uploads\/2023\/09\/zbook15g2-8-150x150.jpg 150w, https:\/\/tongkholaptop.vn\/wp-content\/uploads\/2023\/09\/zbook15g2-8-100x100.jpg 100w, https:\/\/tongkholaptop.vn\/wp-content\/uploads\/2023\/09\/zbook15g2-8.jpg 600w\"><\/p>\n<p style=\"text-align: justify;\">\u00a0<\/p>\n<p style=\"text-align: justify;\"><em>HP Zbook 15 G2 c\u00f3 c\u00e1c c\u1ed5ng k\u1ebft n\u1ed1i \u0111\u1ee7 ti\u00eau chu\u1ea9n \u0111\u1ec3 h\u1ed7 tr\u1ee3 b\u1ea1n trong c\u00e1c c\u00f4ng vi\u1ec7c h\u00e0ng ng\u00e0y.<\/em><\/p>\n<p style=\"text-align: justify;\">Bao g\u1ed3m:\u00a01 x ExpressCard\/54, Interfaces VGA DisplayPort Thunderbolt 2 Headphone\/microphone combo jack Battery Dock LAN, 3 x USB 3.0, USB 2.0, SD Card, SDHC Card, SDXC Card, SDXC UHS-II Card )<\/p>\n<p style=\"text-align: justify;\"><strong>HP ZBook 15 G2 C\u1ea4U H\u00ccNH M\u1ea0NH M\u1ebc, HI\u1ec6U N\u0102NG \u0110\u1ed2 H\u1eccA TUY\u1ec6T V\u1edcI<\/strong><\/p>\n<p style=\"text-align: justify;\">\u0110i theo thay \u0111\u1ed5i v\u1ec1 m\u00e0n h\u00ecnh, HP Zbook 15 G2 \u0111\u01b0\u1ee3c n\u00e2ng c\u1ea5p c\u1ea3 v\u1ec1 ph\u1ea7n c\u1ee9ng. V\u1edbi CPU Intel Core i7 4810MQ, b\u1ed9 nh\u1edb RAM 8GB(c\u00f3 th\u1ec3 n\u00e2ng c\u1ea5p l\u00ean t\u1edbi 32GB), v\u00e0 \u0111\u1eb7c bi\u1ec7t t\u00edch h\u1ee3p card \u0111\u1ed3 h\u1ecda cao c\u1ea5p nh\u1ea5t Quadro K1100M tr\u00ean d\u00f2ng laptop 15\u2033.C\u00e1c b\u1ea1n c\u0169ng c\u00f3 th\u1ec3 ch\u1ecdn c\u1ea5u h\u00ecnh card K2100M hi\u1ec7u n\u0103ng s\u1ebd cai h\u01a1n kho\u1ea3ng 30% so v\u1edbi K1100M. Chi\u1ebfc m\u00e1y n\u00e0y s\u1ebd gi\u00fap b\u1ea1n x\u1eed l\u00fd t\u1ed1t c\u00e1c c\u00f4ng vi\u1ec7c \u0111\u1ed3 h\u1ecda chuy\u00ean nghi\u1ec7p 2D v\u00e0 3D. CPU 4810MQ c\u00f3 b\u1ed9 nh\u1edb cache l\u00ean t\u1edbi 6Mb, 8 lu\u1ed3ng x\u1eed l\u00fd th\u1ef1c hi\u1ec7n c\u00f4ng vi\u1ec7c Render video nhanh ch\u00f3ng.<\/p>\n<p style=\"text-align: justify;\">\u00a0<\/p>\n<p style=\"text-align: justify;\">\n<\/div>\n","protected":false},"excerpt":{"rendered":"<div class=\"pro-short-desc\">\n<p style=\"text-align: justify;\"><span><strong>B\u1ed9 x\u1eed l\u00fd:<\/strong>\u00a0Intel Core i7 4810MQ<\/span><\/p>\n<p style=\"text-align: justify;\"><span><strong>Ram:<\/strong>\u00a08GB 1600 MHz<\/span><\/p>\n<p style=\"text-align: justify;\"><span><strong>\u1ed4 \u0111\u0129a c\u1ee9ng:<\/strong>\u00a0SSD 256GB<\/span><\/p>\n<p style=\"text-align: justify;\"><span><strong>C\u1ea1c m\u00e0n h\u00ecnh:<\/strong>\u00a0NVIDIA Quadro K1100M 2GB GDDR5<\/span><\/p>\n<p style=\"text-align: justify;\"><span><strong>M\u00e0n h\u00ecnh:<\/strong>\u00a015.6-inch Full HD (1920x1080p)<\/span><\/p>\n<p style=\"text-align: justify;\"><span><strong>Tr\u1ecdng l\u01b0\u1ee3ng:<\/strong>\u00a02.82kg<\/span><\/p>\n<p style=\"text-align: justify;\">T\u1eb7ng Full Combo b\u1ed9 qu\u00e0 Balo, Chu\u1ed9t kh\u00f4ng d\u00e2y, b\u00e0n di chu\u1ed9t&#8230; Cam k\u1ebft gi\u00e1 r\u1ebb v\u00f4 \u0111\u1ecbch<\/p>\n<p style=\"text-align: justify;\"><span>B\u1ea3o H\u00e0nh: 1 \u0111\u1ed5i 1 trong v\u00f2ng 12 th\u00e1ng<\/span><\/p>\n<p style=\"text-align: justify;\">\n<\/div>\n","protected":false},"featured_media":1309,"comment_status":"open","ping_status":"closed","template":"","meta":[],"thuong-hieu":[],"product_cat":[25,28],"product_tag":[],"class_list":{"0":"post-1308","1":"product","2":"type-product","3":"status-publish","4":"has-post-thumbnail","6":"product_cat-laptop-hp","7":"product_cat-laptop-hp-cu-core-i7","9":"first","10":"instock","11":"sale","12":"taxable","13":"shipping-taxable","14":"purchasable","15":"product-type-simple"},"acf":[],"yoast_head":"<!-- This site is optimized with the Yoast SEO plugin v23.4 - https:\/\/yoast.com\/wordpress\/plugins\/seo\/ -->\n<title>Laptop HP Zbook 15 G2 - Intel Core i7-4810MQ\/RAM 8GB\/SSD 256GB - T\u1ed5ng Kho Laptop<\/title>\n<meta name=\"robots\" content=\"index, follow, max-snippet:-1, max-image-preview:large, max-video-preview:-1\" \/>\n<link rel=\"canonical\" href=\"https:\/\/tongkholaptop.vn\/?product=laptop-hp-zbook-15-g2-intel-core-i7-4810mq-ram-8gb-ssd-256gb\" \/>\n<meta property=\"og:locale\" content=\"vi_VN\" \/>\n<meta property=\"og:type\" content=\"article\" \/>\n<meta property=\"og:title\" content=\"Laptop HP Zbook 15 G2 - Intel Core i7-4810MQ\/RAM 8GB\/SSD 256GB - T\u1ed5ng Kho Laptop\" \/>\n<meta property=\"og:description\" content=\"B\u1ed9 x\u1eed l\u00fd:\u00a0Intel Core i7 4810MQRam:\u00a08GB 1600 MHz\u1ed4 \u0111\u0129a c\u1ee9ng:\u00a0SSD 256GBC\u1ea1c m\u00e0n h\u00ecnh:\u00a0NVIDIA Quadro K1100M 2GB GDDR5M\u00e0n h\u00ecnh:\u00a015.6-inch Full HD (1920x1080p)Tr\u1ecdng l\u01b0\u1ee3ng:\u00a02.82kgT\u1eb7ng Full Combo b\u1ed9 qu\u00e0 Balo, Chu\u1ed9t kh\u00f4ng d\u00e2y, b\u00e0n di chu\u1ed9t... Cam k\u1ebft gi\u00e1 r\u1ebb v\u00f4 \u0111\u1ecbchB\u1ea3o H\u00e0nh: 1 \u0111\u1ed5i 1 trong v\u00f2ng 12 th\u00e1ng\" \/>\n<meta property=\"og:url\" content=\"https:\/\/tongkholaptop.vn\/?product=laptop-hp-zbook-15-g2-intel-core-i7-4810mq-ram-8gb-ssd-256gb\" \/>\n<meta property=\"og:site_name\" content=\"T\u1ed5ng Kho Laptop\" \/>\n<meta property=\"article:modified_time\" content=\"2023-09-07T10:40:17+00:00\" \/>\n<meta property=\"og:image\" content=\"https:\/\/tongkholaptop.vn\/wp-content\/uploads\/2023\/09\/zbook15g2.jpg\" \/>\n\t<meta property=\"og:image:width\" content=\"960\" \/>\n\t<meta property=\"og:image:height\" content=\"960\" \/>\n\t<meta property=\"og:image:type\" content=\"image\/jpeg\" \/>\n<meta name=\"twitter:card\" content=\"summary_large_image\" \/>\n<meta name=\"twitter:label1\" content=\"\u01af\u1edbc t\u00ednh th\u1eddi gian \u0111\u1ecdc\" \/>\n\t<meta name=\"twitter:data1\" content=\"7 ph\u00fat\" \/>\n<script type=\"application\/ld+json\" class=\"yoast-schema-graph\">{\"@context\":\"https:\/\/schema.org\",\"@graph\":[{\"@type\":\"WebPage\",\"@id\":\"https:\/\/tongkholaptop.vn\/?product=laptop-hp-zbook-15-g2-intel-core-i7-4810mq-ram-8gb-ssd-256gb\",\"url\":\"https:\/\/tongkholaptop.vn\/?product=laptop-hp-zbook-15-g2-intel-core-i7-4810mq-ram-8gb-ssd-256gb\",\"name\":\"Laptop HP Zbook 15 G2 - Intel Core i7-4810MQ\/RAM 8GB\/SSD 256GB - T\u1ed5ng Kho Laptop\",\"isPartOf\":{\"@id\":\"https:\/\/tongkholaptop.vn\/#website\"},\"primaryImageOfPage\":{\"@id\":\"https:\/\/tongkholaptop.vn\/?product=laptop-hp-zbook-15-g2-intel-core-i7-4810mq-ram-8gb-ssd-256gb#primaryimage\"},\"image\":{\"@id\":\"https:\/\/tongkholaptop.vn\/?product=laptop-hp-zbook-15-g2-intel-core-i7-4810mq-ram-8gb-ssd-256gb#primaryimage\"},\"thumbnailUrl\":\"https:\/\/tongkholaptop.vn\/wp-content\/uploads\/2023\/09\/zbook15g2.jpg\",\"datePublished\":\"2023-09-07T08:53:49+00:00\",\"dateModified\":\"2023-09-07T10:40:17+00:00\",\"breadcrumb\":{\"@id\":\"https:\/\/tongkholaptop.vn\/?product=laptop-hp-zbook-15-g2-intel-core-i7-4810mq-ram-8gb-ssd-256gb#breadcrumb\"},\"inLanguage\":\"vi\",\"potentialAction\":[{\"@type\":\"ReadAction\",\"target\":[\"https:\/\/tongkholaptop.vn\/?product=laptop-hp-zbook-15-g2-intel-core-i7-4810mq-ram-8gb-ssd-256gb\"]}]},{\"@type\":\"ImageObject\",\"inLanguage\":\"vi\",\"@id\":\"https:\/\/tongkholaptop.vn\/?product=laptop-hp-zbook-15-g2-intel-core-i7-4810mq-ram-8gb-ssd-256gb#primaryimage\",\"url\":\"https:\/\/tongkholaptop.vn\/wp-content\/uploads\/2023\/09\/zbook15g2.jpg\",\"contentUrl\":\"https:\/\/tongkholaptop.vn\/wp-content\/uploads\/2023\/09\/zbook15g2.jpg\",\"width\":960,\"height\":960,\"caption\":\"Laptop HP Zbook 15 G2 - Intel Core i7-4810MQ\/RAM 8GB\/SSD 256GB\"},{\"@type\":\"BreadcrumbList\",\"@id\":\"https:\/\/tongkholaptop.vn\/?product=laptop-hp-zbook-15-g2-intel-core-i7-4810mq-ram-8gb-ssd-256gb#breadcrumb\",\"itemListElement\":[{\"@type\":\"ListItem\",\"position\":1,\"name\":\"Trang ch\u1ee7\",\"item\":\"https:\/\/tongkholaptop.vn\/\"},{\"@type\":\"ListItem\",\"position\":2,\"name\":\"T\u1ea5t c\u1ea3 s\u1ea3n ph\u1ea9m\",\"item\":\"https:\/\/tongkholaptop.vn\/collections\/all\"},{\"@type\":\"ListItem\",\"position\":3,\"name\":\"Laptop HP Zbook 15 G2 &#8211; Intel Core i7-4810MQ\/RAM 8GB\/SSD 256GB\"}]},{\"@type\":\"WebSite\",\"@id\":\"https:\/\/tongkholaptop.vn\/#website\",\"url\":\"https:\/\/tongkholaptop.vn\/\",\"name\":\"T\u1ed5ng Kho Laptop\",\"description\":\"\",\"potentialAction\":[{\"@type\":\"SearchAction\",\"target\":{\"@type\":\"EntryPoint\",\"urlTemplate\":\"https:\/\/tongkholaptop.vn\/?s={search_term_string}\"},\"query-input\":{\"@type\":\"PropertyValueSpecification\",\"valueRequired\":true,\"valueName\":\"search_term_string\"}}],\"inLanguage\":\"vi\"}]}<\/script>\n<!-- \/ Yoast SEO plugin. -->","yoast_head_json":{"title":"Laptop HP Zbook 15 G2 - Intel Core i7-4810MQ\/RAM 8GB\/SSD 256GB - T\u1ed5ng Kho Laptop","robots":{"index":"index","follow":"follow","max-snippet":"max-snippet:-1","max-image-preview":"max-image-preview:large","max-video-preview":"max-video-preview:-1"},"canonical":"https:\/\/tongkholaptop.vn\/?product=laptop-hp-zbook-15-g2-intel-core-i7-4810mq-ram-8gb-ssd-256gb","og_locale":"vi_VN","og_type":"article","og_title":"Laptop HP Zbook 15 G2 - Intel Core i7-4810MQ\/RAM 8GB\/SSD 256GB - T\u1ed5ng Kho Laptop","og_description":"B\u1ed9 x\u1eed l\u00fd:\u00a0Intel Core i7 4810MQRam:\u00a08GB 1600 MHz\u1ed4 \u0111\u0129a c\u1ee9ng:\u00a0SSD 256GBC\u1ea1c m\u00e0n h\u00ecnh:\u00a0NVIDIA Quadro K1100M 2GB GDDR5M\u00e0n h\u00ecnh:\u00a015.6-inch Full HD (1920x1080p)Tr\u1ecdng l\u01b0\u1ee3ng:\u00a02.82kgT\u1eb7ng Full Combo b\u1ed9 qu\u00e0 Balo, Chu\u1ed9t kh\u00f4ng d\u00e2y, b\u00e0n di chu\u1ed9t... Cam k\u1ebft gi\u00e1 r\u1ebb v\u00f4 \u0111\u1ecbchB\u1ea3o H\u00e0nh: 1 \u0111\u1ed5i 1 trong v\u00f2ng 12 th\u00e1ng","og_url":"https:\/\/tongkholaptop.vn\/?product=laptop-hp-zbook-15-g2-intel-core-i7-4810mq-ram-8gb-ssd-256gb","og_site_name":"T\u1ed5ng Kho Laptop","article_modified_time":"2023-09-07T10:40:17+00:00","og_image":[{"width":960,"height":960,"url":"https:\/\/tongkholaptop.vn\/wp-content\/uploads\/2023\/09\/zbook15g2.jpg","type":"image\/jpeg"}],"twitter_card":"summary_large_image","twitter_misc":{"\u01af\u1edbc t\u00ednh th\u1eddi gian \u0111\u1ecdc":"7 ph\u00fat"},"schema":{"@context":"https:\/\/schema.org","@graph":[{"@type":"WebPage","@id":"https:\/\/tongkholaptop.vn\/?product=laptop-hp-zbook-15-g2-intel-core-i7-4810mq-ram-8gb-ssd-256gb","url":"https:\/\/tongkholaptop.vn\/?product=laptop-hp-zbook-15-g2-intel-core-i7-4810mq-ram-8gb-ssd-256gb","name":"Laptop HP Zbook 15 G2 - Intel Core i7-4810MQ\/RAM 8GB\/SSD 256GB - T\u1ed5ng Kho Laptop","isPartOf":{"@id":"https:\/\/tongkholaptop.vn\/#website"},"primaryImageOfPage":{"@id":"https:\/\/tongkholaptop.vn\/?product=laptop-hp-zbook-15-g2-intel-core-i7-4810mq-ram-8gb-ssd-256gb#primaryimage"},"image":{"@id":"https:\/\/tongkholaptop.vn\/?product=laptop-hp-zbook-15-g2-intel-core-i7-4810mq-ram-8gb-ssd-256gb#primaryimage"},"thumbnailUrl":"https:\/\/tongkholaptop.vn\/wp-content\/uploads\/2023\/09\/zbook15g2.jpg","datePublished":"2023-09-07T08:53:49+00:00","dateModified":"2023-09-07T10:40:17+00:00","breadcrumb":{"@id":"https:\/\/tongkholaptop.vn\/?product=laptop-hp-zbook-15-g2-intel-core-i7-4810mq-ram-8gb-ssd-256gb#breadcrumb"},"inLanguage":"vi","potentialAction":[{"@type":"ReadAction","target":["https:\/\/tongkholaptop.vn\/?product=laptop-hp-zbook-15-g2-intel-core-i7-4810mq-ram-8gb-ssd-256gb"]}]},{"@type":"ImageObject","inLanguage":"vi","@id":"https:\/\/tongkholaptop.vn\/?product=laptop-hp-zbook-15-g2-intel-core-i7-4810mq-ram-8gb-ssd-256gb#primaryimage","url":"https:\/\/tongkholaptop.vn\/wp-content\/uploads\/2023\/09\/zbook15g2.jpg","contentUrl":"https:\/\/tongkholaptop.vn\/wp-content\/uploads\/2023\/09\/zbook15g2.jpg","width":960,"height":960,"caption":"Laptop HP Zbook 15 G2 - Intel Core i7-4810MQ\/RAM 8GB\/SSD 256GB"},{"@type":"BreadcrumbList","@id":"https:\/\/tongkholaptop.vn\/?product=laptop-hp-zbook-15-g2-intel-core-i7-4810mq-ram-8gb-ssd-256gb#breadcrumb","itemListElement":[{"@type":"ListItem","position":1,"name":"Trang ch\u1ee7","item":"https:\/\/tongkholaptop.vn\/"},{"@type":"ListItem","position":2,"name":"T\u1ea5t c\u1ea3 s\u1ea3n ph\u1ea9m","item":"https:\/\/tongkholaptop.vn\/collections\/all"},{"@type":"ListItem","position":3,"name":"Laptop HP Zbook 15 G2 &#8211; Intel Core i7-4810MQ\/RAM 8GB\/SSD 256GB"}]},{"@type":"WebSite","@id":"https:\/\/tongkholaptop.vn\/#website","url":"https:\/\/tongkholaptop.vn\/","name":"T\u1ed5ng Kho Laptop","description":"","potentialAction":[{"@type":"SearchAction","target":{"@type":"EntryPoint","urlTemplate":"https:\/\/tongkholaptop.vn\/?s={search_term_string}"},"query-input":{"@type":"PropertyValueSpecification","valueRequired":true,"valueName":"search_term_string"}}],"inLanguage":"vi"}]}},"_links":{"self":[{"href":"https:\/\/tongkholaptop.vn\/index.php?rest_route=\/wp\/v2\/product\/1308"}],"collection":[{"href":"https:\/\/tongkholaptop.vn\/index.php?rest_route=\/wp\/v2\/product"}],"about":[{"href":"https:\/\/tongkholaptop.vn\/index.php?rest_route=\/wp\/v2\/types\/product"}],"replies":[{"embeddable":true,"href":"https:\/\/tongkholaptop.vn\/index.php?rest_route=%2Fwp%2Fv2%2Fcomments&post=1308"}],"wp:featuredmedia":[{"embeddable":true,"href":"https:\/\/tongkholaptop.vn\/index.php?rest_route=\/wp\/v2\/media\/1309"}],"wp:attachment":[{"href":"https:\/\/tongkholaptop.vn\/index.php?rest_route=%2Fwp%2Fv2%2Fmedia&parent=1308"}],"wp:term":[{"taxonomy":"thuong-hieu","embeddable":true,"href":"https:\/\/tongkholaptop.vn\/index.php?rest_route=%2Fwp%2Fv2%2Fthuong-hieu&post=1308"},{"taxonomy":"product_cat","embeddable":true,"href":"https:\/\/tongkholaptop.vn\/index.php?rest_route=%2Fwp%2Fv2%2Fproduct_cat&post=1308"},{"taxonomy":"product_tag","embeddable":true,"href":"https:\/\/tongkholaptop.vn\/index.php?rest_route=%2Fwp%2Fv2%2Fproduct_tag&post=1308"}],"curies":[{"name":"wp","href":"https:\/\/api.w.org\/{rel}","templated":true}]}}