{"id":1289,"date":"2023-09-07T08:53:20","date_gmt":"2023-09-07T08:53:20","guid":{"rendered":"https:\/\/tongkholaptop.vn\/sanpham\/laptop-hp-elitebook-840-g3-intel-core-i7-6600u-ram-8gb-ssd-256gb\/"},"modified":"2023-09-07T10:40:27","modified_gmt":"2023-09-07T10:40:27","slug":"laptop-hp-elitebook-840-g3-intel-core-i7-6600u-ram-8gb-ssd-256gb","status":"publish","type":"product","link":"https:\/\/tongkholaptop.vn\/?product=laptop-hp-elitebook-840-g3-intel-core-i7-6600u-ram-8gb-ssd-256gb","title":{"rendered":"Laptop HP Elitebook 840 G3 &#8211; Intel Core i7 &#8211; 6600U\/RAM 8GB\/SSD 256GB"},"content":{"rendered":"<\/p>\n<div id=\"protab0\" class=\"pro-tabcontent\">\n<p><strong>HP Elitebook 840 G3 &#8211; Laptop \u0111\u1eb3ng c\u1ea5p cho doanh nh\u00e2n<\/strong><\/p>\n<p>D\u00f2ng m\u00e1y Elitebook c\u1ee7a HP t\u1eeb l\u00e2u \u0111\u00e3 tr\u1edf n\u00ean quen thu\u1ed9c v\u1edbi ng\u01b0\u1eddi d\u00f9ng doanh nh\u00e2n nh\u1edd nh\u1eefng \u01b0u \u0111i\u1ec3m v\u01b0\u1ee3t tr\u1ed9i v\u00e0 HP Elitebook 840 G3 c\u0169ng kh\u00f4ng ph\u1ea3i ngo\u1ea1i l\u1ec7. M\u00e1y s\u1edf h\u1eefu trong m\u00ecnh thi\u1ebft k\u1ebf kh\u00e1 m\u1ecfng v\u00e0 cao c\u1ea5p nh\u01b0ng c\u0169ng r\u1ea5t c\u1ee9ng c\u00e1p, b\u1ec1n b\u1ec9, th\u1eddi l\u01b0\u1ee3ng pin kh\u1ee7ng v\u00e0 m\u1ed9t c\u1ea5u h\u00ecnh \u0111\u1ee7 t\u1ed1t \u0111\u1ec3 gi\u1ea3i quy\u1ebft h\u1ea7u h\u1ebft m\u1ecdi t\u00e1c v\u1ee5 c\u00f4ng vi\u1ec7c, gi\u1ea3i tr\u00ed nh\u1eb9 nh\u00e0ng hi\u1ec7n nay c\u00f9ng v\u1edbi c\u01a1 ch\u1ebf b\u1ea3o m\u1eadt d\u1eef li\u1ec7u \u1ea5n t\u01b0\u1ee3ng c\u1ee7a HP.<\/p>\n<p><img decoding=\"async\" src=\"https:\/\/tongkholaptop.vn\/wp-content\/uploads\/2023\/09\/840g3i5-7.jpg\" title=\"840g3i5-7\" srcset=\"https:\/\/tongkholaptop.vn\/wp-content\/uploads\/2023\/09\/840g3i5-7-300x300.jpg 300w, https:\/\/tongkholaptop.vn\/wp-content\/uploads\/2023\/09\/840g3i5-7-150x150.jpg 150w, https:\/\/tongkholaptop.vn\/wp-content\/uploads\/2023\/09\/840g3i5-7-100x100.jpg 100w, https:\/\/tongkholaptop.vn\/wp-content\/uploads\/2023\/09\/840g3i5-7.jpg 600w\"><\/p>\n<p><strong>Thi\u1ebft k\u1ebf m\u1ecfng nh\u1eb9, ch\u1eafc ch\u1eafc \u0111\u1ea1t ti\u00eau chu\u1ea9n qu\u00e2n \u0111\u1ed9i M\u1ef9<\/strong><\/p>\n<p>\u0110\u00e2y \u0111\u00e3 l\u00e0 phi\u00ean b\u1ea3n th\u1ee9 3 trong d\u00f2ng Elitebook 840 v\u00e0 HP ti\u1ebfp t\u1ee5c gi\u1eef nguy\u00ean t\u00ean g\u1ecdi n\u00e0y v\u00e0 th\u00eam k\u00ed hi\u1ec7u G3 \u1edf \u0111\u1eb1ng sau. Nh\u00ecn chung, ki\u1ec3u d\u00e1ng t\u1ed5ng th\u1ec3 c\u1ee7a Elitebook 840 G3 c\u0169ng kh\u00f4ng c\u00f3 nhi\u1ec1u kh\u00e1c bi\u1ec7t so v\u1edbi ng\u01b0\u1eddi ti\u1ec1n nhi\u1ec7m, m\u00e1y v\u1eabn gi\u1eef \u0111\u01b0\u1ee3c thi\u1ebft k\u1ebf si\u00eau m\u1ecfng nh\u1eb9, v\u1edbi t\u1ec9 l\u1ec7 c\u00e1c chi\u1ec1u d\u00e0i, r\u1ed9ng, cao l\u1ea7n l\u01b0\u1ee3t l\u00e0 33,7 x 22,7x 1,89 cm v\u00e0 tr\u1ecdng l\u01b0\u1ee3ng ch\u1ec9 l\u00e0 1,5 kg.<\/p>\n<p>M\u1eb7t l\u01b0ng c\u1ee7a Elitebook 840 G3 \u0111\u01b0\u1ee3c c\u1ea5u t\u1ea1o t\u1eeb h\u1ee3p kim magie m\u00e0u b\u1ea1c c\u00f9ng kh\u1ea3 n\u0103ng ch\u1ed1ng x\u01b0\u1edbc kh\u00e1 b\u1eaft m\u1eaft v\u00e0 cao c\u1ea5p. B\u00ean c\u1ea1nh \u0111\u00f3, d\u00f9 kh\u00e1 m\u1ecfng nh\u1eb9 nh\u01b0ng khi c\u1ea7m tr\u00ean tay m\u00e1y v\u1eabn cho c\u1ea3m gi\u00e1c c\u1ee9ng c\u00e1p v\u00e0 b\u1ec1n b\u1ec9 nh\u1edd \u0111\u1ea1t ti\u00eau chu\u1ea9n qu\u00e2n \u0111\u1ed9i M\u1ef9 MIL- STD 810G c\u00f3 kh\u1ea3 n\u1eb7ng ch\u1ecbu \u0111\u01b0\u1ee3c l\u1ef1c va \u0111\u1eadp r\u1ea5t t\u1ed1t, \u0111\u1ed3ng th\u1eddi ch\u1ecbu \u0111\u01b0\u1ee3c m\u1ee9c nhi\u1ec7t \u0111\u1ed9 kh\u1eafc nghi\u1ec7t, \u00e1p su\u1ea5t cao, ch\u1ed1ng r\u01a1i, ch\u1ed1ng va \u0111\u1eadp, ch\u1ed1ng \u1ea9m \u01b0\u1edbt t\u1ed1t h\u01a1n nhi\u1ec1u so v\u1edbi nh\u1eefng chi\u1ebfc laptop th\u00f4ng th\u01b0\u1eddng.<\/p>\n<p><strong>C\u1ed5ng k\u1ebft n\u1ed1i<\/strong><\/p>\n<p>Tuy m\u1ecfng nh\u1eb9 nh\u01b0ng HP elitebook 840 G3 v\u1eabn \u0111\u01b0\u1ee3c trang b\u1ecb \u0111\u1ea7y \u0111\u1ee7 c\u00e1c c\u1ed5ng k\u1ebft n\u1ed1i.<\/p>\n<p>Ph\u00eda c\u1ea1nh tr\u00e1i s\u1ebd c\u00f3 c\u1ed5ng VGA, c\u1ed5ng USB 3.0, kh\u00f3a Kensington, khe t\u1ea3n nhi\u1ec7t, khe th\u1ebb SmartCard.<\/p>\n<p><img decoding=\"async\" src=\"https:\/\/tongkholaptop.vn\/wp-content\/uploads\/2023\/09\/840g3i5-8.jpg\" title=\"840g3i5-8\" srcset=\"https:\/\/tongkholaptop.vn\/wp-content\/uploads\/2023\/09\/840g3i5-8-300x300.jpg 300w, https:\/\/tongkholaptop.vn\/wp-content\/uploads\/2023\/09\/840g3i5-8-150x150.jpg 150w, https:\/\/tongkholaptop.vn\/wp-content\/uploads\/2023\/09\/840g3i5-8-100x100.jpg 100w, https:\/\/tongkholaptop.vn\/wp-content\/uploads\/2023\/09\/840g3i5-8.jpg 600w\"><\/p>\n<p>B\u00ean c\u1ea1nh ph\u1ea3i l\u00e0 v\u1ecb tr\u00ed c\u1ee7a c\u1ed5ng USB 3.1 Type-C, c\u1ed5ng DisplayPort, combo jack tai nghe 3.5, USB 3.0, c\u1ed5ng m\u1ea1ng LAN, docking port v\u00e0 khe c\u1eafm SIM.<\/p>\n<p><img decoding=\"async\" src=\"https:\/\/tongkholaptop.vn\/wp-content\/uploads\/2023\/09\/840g3i5-9.jpg\" title=\"840g3i5-9\" srcset=\"https:\/\/tongkholaptop.vn\/wp-content\/uploads\/2023\/09\/840g3i5-9-300x300.jpg 300w, https:\/\/tongkholaptop.vn\/wp-content\/uploads\/2023\/09\/840g3i5-9-150x150.jpg 150w, https:\/\/tongkholaptop.vn\/wp-content\/uploads\/2023\/09\/840g3i5-9-100x100.jpg 100w, https:\/\/tongkholaptop.vn\/wp-content\/uploads\/2023\/09\/840g3i5-9.jpg 600w\"><\/p>\n<p><strong>B\u00e0n ph\u00edm v\u00e0 Touchpad<\/strong><\/p>\n<p><img decoding=\"async\" src=\"https:\/\/tongkholaptop.vn\/wp-content\/uploads\/2023\/09\/840g3i5-10.jpg\" title=\"840g3i5-10\" srcset=\"https:\/\/tongkholaptop.vn\/wp-content\/uploads\/2023\/09\/840g3i5-10-300x300.jpg 300w, https:\/\/tongkholaptop.vn\/wp-content\/uploads\/2023\/09\/840g3i5-10-150x150.jpg 150w, https:\/\/tongkholaptop.vn\/wp-content\/uploads\/2023\/09\/840g3i5-10-100x100.jpg 100w, https:\/\/tongkholaptop.vn\/wp-content\/uploads\/2023\/09\/840g3i5-10.jpg 600w\"><\/p>\n<p>HP Elitebook 840 G3 \u0111\u01b0\u1ee3c trang b\u1ecb b\u00e0n ph\u00edm chicled c\u00f3 kh\u1ea3 n\u0103ng ch\u1ed1ng tr\u00e0n c\u00f9ng h\u1ec7 th\u1ed1ng \u0111\u00e8n n\u1ec1n gi\u00fap ng\u01b0\u1eddi d\u00f9ng d\u1ec5 d\u00e0ng s\u1eed d\u1ee5ng trong m\u00f4i tr\u01b0\u1eddng thi\u1ebfu s\u00e1ng. B\u00e0n ph\u00edm c\u00f3 kho\u1ea3ng c\u00e1ch h\u1ee3p l\u00fd, b\u1ea5m \u00eam tay nh\u1eefng v\u1eabn c\u00f3 m\u1ed9t ch\u00fat flex ph\u00edm khi g\u00f5.<\/p>\n<p>Touchpad c\u00f3 k\u00edch th\u01b0\u1edbc v\u1eeba ph\u1ea3i, kh\u00f4ng qu\u00e1 l\u1edbn, kh\u00e1 nh\u1ea1y v\u00e0 ch\u00ednh x\u00e1c. 2 ph\u00edm chu\u1ed9t tr\u00e1i, ph\u1ea3i cho \u0111\u1ed9 ph\u1ea3n h\u1ed3i t\u1ed1t, touchpad \u0111\u01b0\u1ee3c ph\u1ee7 m\u1ed9t l\u1edbp k\u00ednh m\u1edd, c\u00f3 c\u1ea3m gi\u00e1c h\u01a1i r\u00edt tay khi di chuy\u1ec3n ng\u00f3n tay n\u1ebfu tay d\u00ednh m\u1ed3 h\u00f4i.<\/p>\n<p>\u200b<strong>M\u00e0n h\u00ecnh v\u00e0 Loa<\/strong><\/p>\n<p>Phi\u00ean b\u1ea3n \u0111\u00e1nh gi\u00e1 HP Elitebook 840 G3 trong b\u00e0i vi\u1ebft n\u00e0y c\u00f3 m\u00e0n h\u00ecnh c\u00f3 \u0111\u1ed9 ph\u00e2n gi\u1ea3i Full Hd 1920&#215;1080 pixel, m\u00e1y s\u1edf h\u1eefu t\u1ea5m n\u1ec1n IPS cho g\u00f3c nh\u00ecn r\u1ed9ng. D\u1ea3i m\u00e0u m\u00e0n h\u00ecnh \u0111\u1ea1t m\u1ee9c 74% sRGB, \u0111em l\u1ea1i ch\u1ea5t l\u01b0\u1ee3ng h\u00ecnh \u1ea3nh r\u1ea5t tuy\u1ec7t v\u1eddi cho c\u1ea3 c\u00f4ng vi\u1ec7c l\u1eabn trong nhu c\u1ea7u gi\u1ea3i tr\u00ed khi c\u00e1c ch\u1eef c\u00e1i, h\u00ecnh \u1ea3nh \u0111\u01b0\u1ee3c t\u00e1i t\u1ea1o s\u1eafc n\u00e9t, \u0111\u1ed9 chi ti\u1ebft cao tr\u00ean m\u00e0n h\u00ecnh c\u1ee7a m\u00e1y.<\/p>\n<p>Ngo\u00e0i ra, m\u00e0n h\u00ecnh c\u1ee7a m\u00e1y c\u00f2n c\u00f3 g\u00f3c nh\u00ecn kh\u00e1 r\u1ed9ng v\u00e0 \u0111\u1ed9 s\u00e1ng cao c\u00f9ng c\u00f4ng ngh\u1ec7 ch\u1ed1ng l\u00f3a n\u00ean ng\u01b0\u1eddi d\u00f9ng c\u00f3 th\u1ec3 tho\u1ea3i m\u00e1i s\u1eed d\u1ee5ng m\u00e1y trong \u0111i\u1ec1u ki\u1ec7n \u00e1nh s\u00e1ng m\u1ea1nh hay ngo\u00e0i tr\u1eddi n\u1eafng.<\/p>\n<p>H\u1ec7 th\u1ed1ng loa tr\u00ean HP Elitebook 840 G3 kh\u00f4ng \u0111\u01b0\u1ee3c trang b\u1ecb c\u00f4ng ngh\u1ec7 g\u00ec n\u1ed5i b\u1eadt, ch\u1ea5t l\u01b0\u1ee3ng \u00e2m thanh \u1edf m\u1ee9c v\u1eeba \u0111\u1ee7 nghe trong c\u0103n ph\u00f2ng nh\u1ecf, chi ti\u1ebft \u00e2m kh\u00f4ng qu\u00e1 t\u00e1ch b\u1ea1ch.<\/p>\n<p><strong>C\u1ea5u h\u00ecnh <\/strong><\/p>\n<p>Phi\u00ean b\u1ea3n Elitebook 840 G3 \u0111ang \u0111\u01b0\u1ee3c \u0111\u00e1nh gi\u00e1 trong b\u00e0i c\u00f3 m\u1ed9t c\u1ea5u h\u00ecnh ph\u1ea7n c\u1ee9ng kh\u00e1 t\u1ed1t khi s\u1edf h\u1eefu b\u1ed9 vi x\u1eed l\u00fd Core i7-6600U, RAM 8GB DDR4 v\u00e0 \u1ed5 c\u1ee9ng SSD dung l\u01b0\u1ee3ng 240 GB. V\u1edbi c\u1ea5u h\u00ecnh n\u00e0y m\u00e1y c\u00f3 th\u1ec3 gi\u00fap b\u1ea1n th\u1ef1c hi\u1ec7n t\u1ed1t c\u00e1c c\u00f4ng vi\u1ec7c h\u00e0ng ng\u00e0y c\u1ee7a m\u1ed9t doanh nh\u00e2n, nh\u1eefng nhu c\u1ea7u gi\u1ea3i tr\u00ed c\u01a1 b\u1ea3n nh\u01b0 xem phim, nghe nh\u1ea1c v\u00e0 ch\u01a1i game.<\/p>\n<p>B\u00ean c\u1ea1nh \u0111\u00f3, v\u1edbi \u0111\u1ed3 h\u1ecda t\u00edch h\u1ee3p Intel HD Graphics 520, m\u00e1y c\u00f3 th\u1ec3 ch\u1ea1y m\u01b0\u1ee3t c\u00f9ng l\u00fac nhi\u1ec1u \u1ee9ng d\u1ee5ng v\u0103n ph\u00f2ng th\u00f4ng th\u01b0\u1eddng, th\u1eadm ch\u00ed c\u00f2n c\u00f3 th\u1ec3 d\u00f9ng \u0111\u01b0\u1ee3c c\u00e1c ph\u1ea7n m\u1ec1m \u0111\u1ed3 h\u1ecda nh\u01b0 Photoshop v\u00e0 Lightroom.<\/p>\n<p>Ngo\u00e0i ra HP Elitebook 840 G3 c\u00f3 th\u1ec3 c\u00e2n t\u1ed1t \u0111\u01b0\u1ee3c m\u1ed9t s\u1ed1 t\u1ef1a game online \u0111\u00ecnh \u0111\u00e1m hi\u1ec7n nay nh\u01b0 Dota 2, LOL, CSgo. Khi ch\u01a1i game LOL v\u1edbi \u0111\u1ed9 ph\u00e2n gi\u1ea3i Full Hd v\u00e0 thi\u1ebft l\u1eadp \u1edf m\u1ee9c max setting m\u1ee9c khung h\u00ecnh \u0111\u1ea1t \u0111\u01b0\u1ee3c l\u00e0 80 FPS, nhi\u1ec7t \u0111\u1ed9 CPU \u1edf m\u1ee9c 70 \u0111\u1ed9, kh\u00e1 \u1ed5n. V\u1edbi game CSgo v\u1edbi m\u1ee9c thi\u1ebft l\u1eadp medium th\u00ec m\u00e1y \u0111\u1ea1t m\u1ee9c khung h\u00ecnh 60 FPS kh\u00f4ng c\u00f3 hi\u1ec7n t\u01b0\u1ee3ng b\u1ecb lag gi\u1eadt hay t\u1ee5t khung h\u00ecnh.<\/p>\n<p><strong>Th\u1eddi l\u01b0\u1ee3ng Pin<\/strong><\/p>\n<p>Th\u1eddi l\u01b0\u1ee3ng pin tr\u00ean m\u00e1y c\u0169ng \u0111\u01b0\u1ee3c ng\u01b0\u1eddi d\u00f9ng \u0111\u00e1nh gi\u00e1 r\u1ea5t cao, tr\u1ee5 \u0111\u01b0\u1ee3c kho\u1ea3ng h\u01a1n 5 ti\u1ebfng trong su\u1ed1t qu\u00e1 tr\u00ecnh l\u00e0m vi\u1ec7c v\u1edbi c\u00e1c t\u00e1c v\u1ee5 v\u0103n ph\u00f2ng th\u00f4ng th\u01b0\u1eddng, xem phim, ch\u01a1i game gi\u1ea3i tr\u00ed m\u00e0 kh\u00f4ng ph\u1ea3i lo s\u1ea1c pin.<\/p>\n<p><strong>B\u1ea3o m\u1eadt d\u1eef li\u1ec7u<\/strong><\/p>\n<p>L\u00e0 m\u1eabu laptop h\u01b0\u1edbng \u0111\u1ebfn \u0111\u1ed1i t\u01b0\u1ee3ng kh\u00e1ch h\u00e0ng l\u00e0 doanh nh\u00e2n, th\u1ebf n\u00ean b\u1ea3o m\u1eadt d\u1eef li\u1ec7u l\u00e0 y\u1ebfu t\u1ed1 kh\u00f4ng th\u1ec3 thi\u1ebfu v\u1edbi HP Elitebook 840 G3. C\u1ee5 th\u1ec3 m\u00e1y s\u1eed d\u1ee5ng c\u00f4ng ngh\u1ec7 m\u1edbi v\u1ec1 b\u1ea3o m\u1eadt th\u00f4ng tin: B\u1ea3o v\u1ec7, ph\u00e1t hi\u1ec7n v\u00e0 ph\u1ee5c h\u1ed3i t\u1eeb c\u00e1c cu\u1ed9c t\u1ea5n c\u00f4ng \u0111\u1ed9c h\u1ea1i BIOS. HP elitebook \u0111i \u0111\u1ea7u trong vi\u1ec7c t\u1ef1 ph\u1ee5c h\u1ed3i BIOS v\u00e0 s\u1eeda ch\u1eefa BIOS m\u1edbi nh\u1ea5t trong 15 ph\u00fat update. Cu\u1ed1i c\u00f9ng l\u00e0 c\u00f4ng ngh\u1ec7 b\u1ea3o m\u1eadt v\u00e2n tay gi\u00fap b\u1ea3o v\u1ec7 d\u1eef li\u1ec7u ng\u01b0\u1eddi d\u00f9ng t\u1ed1t v\u00e0 an to\u00e0n h\u01a1n.<\/p>\n<p>\u200b<strong>T\u1ed5ng k\u1ebft<\/strong><\/p>\n<p>HP elitebook 840 G3 l\u00e0 m\u1ed9t trong nh\u1eefng m\u1eabu ultrabook c\u00f3 m\u1ee9c gi\u00e1 v\u1eeba ph\u1ea3i t\u1ed1t nh\u1ea5t, m\u00e1y s\u1edf h\u1eefu m\u1ed9t thi\u1ebft k\u1ebf nh\u1ecf g\u1ecdn, sang tr\u1ecdng, nh\u01b0ng v\u1eabn \u0111\u1ea3m b\u1ea3o \u0111\u01b0\u1ee3c s\u1ef1 c\u1ee9ng c\u00e1p ch\u1eafc ch\u1eafn, m\u1ed9t c\u1ea5u h\u00ecnh \u0111\u1ee7 t\u1ed1t \u0111\u1ec3 gi\u00fap c\u00e1c b\u1ea1n th\u1ef1c hi\u1ec7n c\u00e1c t\u00e1c v\u1ee5 v\u0103n ph\u00f2ng c\u01a1 b\u1ea3n h\u00e0ng ng\u00e0y c\u1ee7a m\u1ed9t doanh nh\u00e2n hay d\u00f9ng \u0111\u1ec3 gi\u1ea3i tr\u00ed v\u1edbi c\u00e1c b\u1ed9 phim bom t\u1ea5n v\u00e0 chi\u1ebfn t\u1ed1t c\u00e1c game ph\u1ed5 th\u00f4ng tr\u00ean th\u1ecb tr\u01b0\u1eddng hi\u1ec7n nay, c\u00f9ng v\u1edbi \u0111\u00f3 l\u00e0 c\u01a1 ch\u1ebf b\u1ea3o m\u1eadt m\u1ea1nh m\u1ebd, \u1ea5n t\u01b0\u1ee3ng c\u1ee7a HP ch\u1eafc ch\u1eafn s\u1ebd l\u00e0m b\u1ea1n h\u00e0i l\u00f2ng.<\/p>\n<\/p>\n<\/div>\n","protected":false},"excerpt":{"rendered":"<div class=\"pro-short-desc\">\n<ul>\n<li><strong>B\u1ed9 x\u1eed l\u00fd:<\/strong>\u00a0Intel Core i7\u00a06600U<\/li>\n<li><strong>B\u1ed9 nh\u1edb trong:<\/strong>\u00a08GB<\/li>\n<li><strong>\u1ed4 \u0111\u0129a c\u1ee9ng:<\/strong>\u00a0SSD 256 GB<\/li>\n<li><strong>M\u00e0n h\u00ecnh:<\/strong>\u00a014 inch\u00a0<\/li>\n<li><strong>Tr\u1ecdng l\u01b0\u1ee3ng:<\/strong>\u00a01.48kg\u00a0\n<p>T\u1eb7ng Full Combo b\u1ed9 qu\u00e0 Balo, Chu\u1ed9t kh\u00f4ng d\u00e2y, b\u00e0n di chu\u1ed9t&#8230; Cam k\u1ebft gi\u00e1 r\u1ebb v\u00f4 \u0111\u1ecbch<\/p>\n<p>B\u1ea3o H\u00e0nh: 1 \u0111\u1ed5i 1 trong v\u00f2ng 12 th\u00e1ng<\/p>\n<\/li>\n<\/ul>\n<\/div>\n","protected":false},"featured_media":1290,"comment_status":"open","ping_status":"closed","template":"","meta":[],"thuong-hieu":[],"product_cat":[25,28],"product_tag":[],"class_list":{"0":"post-1289","1":"product","2":"type-product","3":"status-publish","4":"has-post-thumbnail","6":"product_cat-laptop-hp","7":"product_cat-laptop-hp-cu-core-i7","9":"first","10":"instock","11":"sale","12":"taxable","13":"shipping-taxable","14":"purchasable","15":"product-type-simple"},"acf":[],"yoast_head":"<!-- This site is optimized with the Yoast SEO plugin v23.4 - https:\/\/yoast.com\/wordpress\/plugins\/seo\/ -->\n<title>Laptop HP Elitebook 840 G3 - Intel Core i7 - 6600U\/RAM 8GB\/SSD 256GB - T\u1ed5ng Kho Laptop<\/title>\n<meta name=\"robots\" content=\"index, follow, max-snippet:-1, max-image-preview:large, max-video-preview:-1\" \/>\n<link rel=\"canonical\" href=\"https:\/\/tongkholaptop.vn\/?product=laptop-hp-elitebook-840-g3-intel-core-i7-6600u-ram-8gb-ssd-256gb\" \/>\n<meta property=\"og:locale\" content=\"vi_VN\" \/>\n<meta property=\"og:type\" content=\"article\" \/>\n<meta property=\"og:title\" content=\"Laptop HP Elitebook 840 G3 - Intel Core i7 - 6600U\/RAM 8GB\/SSD 256GB - T\u1ed5ng Kho Laptop\" \/>\n<meta property=\"og:description\" content=\"B\u1ed9 x\u1eed l\u00fd:\u00a0Intel Core i7\u00a06600UB\u1ed9 nh\u1edb trong:\u00a08GB\u1ed4 \u0111\u0129a c\u1ee9ng:\u00a0SSD 256 GBM\u00e0n h\u00ecnh:\u00a014 inch\u00a0Tr\u1ecdng l\u01b0\u1ee3ng:\u00a01.48kg\u00a0T\u1eb7ng Full Combo b\u1ed9 qu\u00e0 Balo, Chu\u1ed9t kh\u00f4ng d\u00e2y, b\u00e0n di chu\u1ed9t... Cam k\u1ebft gi\u00e1 r\u1ebb v\u00f4 \u0111\u1ecbchB\u1ea3o H\u00e0nh: 1 \u0111\u1ed5i 1 trong v\u00f2ng 12 th\u00e1ng\" \/>\n<meta property=\"og:url\" content=\"https:\/\/tongkholaptop.vn\/?product=laptop-hp-elitebook-840-g3-intel-core-i7-6600u-ram-8gb-ssd-256gb\" \/>\n<meta property=\"og:site_name\" content=\"T\u1ed5ng Kho Laptop\" \/>\n<meta property=\"article:modified_time\" content=\"2023-09-07T10:40:27+00:00\" \/>\n<meta property=\"og:image\" content=\"https:\/\/tongkholaptop.vn\/wp-content\/uploads\/2023\/09\/6-1_7828c87cb1854acf93e25ad7ccc97182_master.jpg\" \/>\n\t<meta property=\"og:image:width\" content=\"890\" \/>\n\t<meta property=\"og:image:height\" content=\"577\" \/>\n\t<meta property=\"og:image:type\" content=\"image\/jpeg\" \/>\n<meta name=\"twitter:card\" content=\"summary_large_image\" \/>\n<meta name=\"twitter:label1\" content=\"\u01af\u1edbc t\u00ednh th\u1eddi gian \u0111\u1ecdc\" \/>\n\t<meta name=\"twitter:data1\" content=\"8 ph\u00fat\" \/>\n<script type=\"application\/ld+json\" class=\"yoast-schema-graph\">{\"@context\":\"https:\/\/schema.org\",\"@graph\":[{\"@type\":\"WebPage\",\"@id\":\"https:\/\/tongkholaptop.vn\/?product=laptop-hp-elitebook-840-g3-intel-core-i7-6600u-ram-8gb-ssd-256gb\",\"url\":\"https:\/\/tongkholaptop.vn\/?product=laptop-hp-elitebook-840-g3-intel-core-i7-6600u-ram-8gb-ssd-256gb\",\"name\":\"Laptop HP Elitebook 840 G3 - Intel Core i7 - 6600U\/RAM 8GB\/SSD 256GB - T\u1ed5ng Kho Laptop\",\"isPartOf\":{\"@id\":\"https:\/\/tongkholaptop.vn\/#website\"},\"primaryImageOfPage\":{\"@id\":\"https:\/\/tongkholaptop.vn\/?product=laptop-hp-elitebook-840-g3-intel-core-i7-6600u-ram-8gb-ssd-256gb#primaryimage\"},\"image\":{\"@id\":\"https:\/\/tongkholaptop.vn\/?product=laptop-hp-elitebook-840-g3-intel-core-i7-6600u-ram-8gb-ssd-256gb#primaryimage\"},\"thumbnailUrl\":\"https:\/\/tongkholaptop.vn\/wp-content\/uploads\/2023\/09\/6-1_7828c87cb1854acf93e25ad7ccc97182_master.jpg\",\"datePublished\":\"2023-09-07T08:53:20+00:00\",\"dateModified\":\"2023-09-07T10:40:27+00:00\",\"breadcrumb\":{\"@id\":\"https:\/\/tongkholaptop.vn\/?product=laptop-hp-elitebook-840-g3-intel-core-i7-6600u-ram-8gb-ssd-256gb#breadcrumb\"},\"inLanguage\":\"vi\",\"potentialAction\":[{\"@type\":\"ReadAction\",\"target\":[\"https:\/\/tongkholaptop.vn\/?product=laptop-hp-elitebook-840-g3-intel-core-i7-6600u-ram-8gb-ssd-256gb\"]}]},{\"@type\":\"ImageObject\",\"inLanguage\":\"vi\",\"@id\":\"https:\/\/tongkholaptop.vn\/?product=laptop-hp-elitebook-840-g3-intel-core-i7-6600u-ram-8gb-ssd-256gb#primaryimage\",\"url\":\"https:\/\/tongkholaptop.vn\/wp-content\/uploads\/2023\/09\/6-1_7828c87cb1854acf93e25ad7ccc97182_master.jpg\",\"contentUrl\":\"https:\/\/tongkholaptop.vn\/wp-content\/uploads\/2023\/09\/6-1_7828c87cb1854acf93e25ad7ccc97182_master.jpg\",\"width\":890,\"height\":577,\"caption\":\"Laptop HP Elitebook 840 G3 - Intel Core i7 - 6600U\/RAM 8GB\/SSD 256GB\"},{\"@type\":\"BreadcrumbList\",\"@id\":\"https:\/\/tongkholaptop.vn\/?product=laptop-hp-elitebook-840-g3-intel-core-i7-6600u-ram-8gb-ssd-256gb#breadcrumb\",\"itemListElement\":[{\"@type\":\"ListItem\",\"position\":1,\"name\":\"Trang ch\u1ee7\",\"item\":\"https:\/\/tongkholaptop.vn\/\"},{\"@type\":\"ListItem\",\"position\":2,\"name\":\"T\u1ea5t c\u1ea3 s\u1ea3n ph\u1ea9m\",\"item\":\"https:\/\/tongkholaptop.vn\/collections\/all\"},{\"@type\":\"ListItem\",\"position\":3,\"name\":\"Laptop HP Elitebook 840 G3 &#8211; Intel Core i7 &#8211; 6600U\/RAM 8GB\/SSD 256GB\"}]},{\"@type\":\"WebSite\",\"@id\":\"https:\/\/tongkholaptop.vn\/#website\",\"url\":\"https:\/\/tongkholaptop.vn\/\",\"name\":\"T\u1ed5ng Kho Laptop\",\"description\":\"\",\"potentialAction\":[{\"@type\":\"SearchAction\",\"target\":{\"@type\":\"EntryPoint\",\"urlTemplate\":\"https:\/\/tongkholaptop.vn\/?s={search_term_string}\"},\"query-input\":{\"@type\":\"PropertyValueSpecification\",\"valueRequired\":true,\"valueName\":\"search_term_string\"}}],\"inLanguage\":\"vi\"}]}<\/script>\n<!-- \/ Yoast SEO plugin. -->","yoast_head_json":{"title":"Laptop HP Elitebook 840 G3 - Intel Core i7 - 6600U\/RAM 8GB\/SSD 256GB - T\u1ed5ng Kho Laptop","robots":{"index":"index","follow":"follow","max-snippet":"max-snippet:-1","max-image-preview":"max-image-preview:large","max-video-preview":"max-video-preview:-1"},"canonical":"https:\/\/tongkholaptop.vn\/?product=laptop-hp-elitebook-840-g3-intel-core-i7-6600u-ram-8gb-ssd-256gb","og_locale":"vi_VN","og_type":"article","og_title":"Laptop HP Elitebook 840 G3 - Intel Core i7 - 6600U\/RAM 8GB\/SSD 256GB - T\u1ed5ng Kho Laptop","og_description":"B\u1ed9 x\u1eed l\u00fd:\u00a0Intel Core i7\u00a06600UB\u1ed9 nh\u1edb trong:\u00a08GB\u1ed4 \u0111\u0129a c\u1ee9ng:\u00a0SSD 256 GBM\u00e0n h\u00ecnh:\u00a014 inch\u00a0Tr\u1ecdng l\u01b0\u1ee3ng:\u00a01.48kg\u00a0T\u1eb7ng Full Combo b\u1ed9 qu\u00e0 Balo, Chu\u1ed9t kh\u00f4ng d\u00e2y, b\u00e0n di chu\u1ed9t... Cam k\u1ebft gi\u00e1 r\u1ebb v\u00f4 \u0111\u1ecbchB\u1ea3o H\u00e0nh: 1 \u0111\u1ed5i 1 trong v\u00f2ng 12 th\u00e1ng","og_url":"https:\/\/tongkholaptop.vn\/?product=laptop-hp-elitebook-840-g3-intel-core-i7-6600u-ram-8gb-ssd-256gb","og_site_name":"T\u1ed5ng Kho Laptop","article_modified_time":"2023-09-07T10:40:27+00:00","og_image":[{"width":890,"height":577,"url":"https:\/\/tongkholaptop.vn\/wp-content\/uploads\/2023\/09\/6-1_7828c87cb1854acf93e25ad7ccc97182_master.jpg","type":"image\/jpeg"}],"twitter_card":"summary_large_image","twitter_misc":{"\u01af\u1edbc t\u00ednh th\u1eddi gian \u0111\u1ecdc":"8 ph\u00fat"},"schema":{"@context":"https:\/\/schema.org","@graph":[{"@type":"WebPage","@id":"https:\/\/tongkholaptop.vn\/?product=laptop-hp-elitebook-840-g3-intel-core-i7-6600u-ram-8gb-ssd-256gb","url":"https:\/\/tongkholaptop.vn\/?product=laptop-hp-elitebook-840-g3-intel-core-i7-6600u-ram-8gb-ssd-256gb","name":"Laptop HP Elitebook 840 G3 - Intel Core i7 - 6600U\/RAM 8GB\/SSD 256GB - T\u1ed5ng Kho Laptop","isPartOf":{"@id":"https:\/\/tongkholaptop.vn\/#website"},"primaryImageOfPage":{"@id":"https:\/\/tongkholaptop.vn\/?product=laptop-hp-elitebook-840-g3-intel-core-i7-6600u-ram-8gb-ssd-256gb#primaryimage"},"image":{"@id":"https:\/\/tongkholaptop.vn\/?product=laptop-hp-elitebook-840-g3-intel-core-i7-6600u-ram-8gb-ssd-256gb#primaryimage"},"thumbnailUrl":"https:\/\/tongkholaptop.vn\/wp-content\/uploads\/2023\/09\/6-1_7828c87cb1854acf93e25ad7ccc97182_master.jpg","datePublished":"2023-09-07T08:53:20+00:00","dateModified":"2023-09-07T10:40:27+00:00","breadcrumb":{"@id":"https:\/\/tongkholaptop.vn\/?product=laptop-hp-elitebook-840-g3-intel-core-i7-6600u-ram-8gb-ssd-256gb#breadcrumb"},"inLanguage":"vi","potentialAction":[{"@type":"ReadAction","target":["https:\/\/tongkholaptop.vn\/?product=laptop-hp-elitebook-840-g3-intel-core-i7-6600u-ram-8gb-ssd-256gb"]}]},{"@type":"ImageObject","inLanguage":"vi","@id":"https:\/\/tongkholaptop.vn\/?product=laptop-hp-elitebook-840-g3-intel-core-i7-6600u-ram-8gb-ssd-256gb#primaryimage","url":"https:\/\/tongkholaptop.vn\/wp-content\/uploads\/2023\/09\/6-1_7828c87cb1854acf93e25ad7ccc97182_master.jpg","contentUrl":"https:\/\/tongkholaptop.vn\/wp-content\/uploads\/2023\/09\/6-1_7828c87cb1854acf93e25ad7ccc97182_master.jpg","width":890,"height":577,"caption":"Laptop HP Elitebook 840 G3 - Intel Core i7 - 6600U\/RAM 8GB\/SSD 256GB"},{"@type":"BreadcrumbList","@id":"https:\/\/tongkholaptop.vn\/?product=laptop-hp-elitebook-840-g3-intel-core-i7-6600u-ram-8gb-ssd-256gb#breadcrumb","itemListElement":[{"@type":"ListItem","position":1,"name":"Trang ch\u1ee7","item":"https:\/\/tongkholaptop.vn\/"},{"@type":"ListItem","position":2,"name":"T\u1ea5t c\u1ea3 s\u1ea3n ph\u1ea9m","item":"https:\/\/tongkholaptop.vn\/collections\/all"},{"@type":"ListItem","position":3,"name":"Laptop HP Elitebook 840 G3 &#8211; Intel Core i7 &#8211; 6600U\/RAM 8GB\/SSD 256GB"}]},{"@type":"WebSite","@id":"https:\/\/tongkholaptop.vn\/#website","url":"https:\/\/tongkholaptop.vn\/","name":"T\u1ed5ng Kho Laptop","description":"","potentialAction":[{"@type":"SearchAction","target":{"@type":"EntryPoint","urlTemplate":"https:\/\/tongkholaptop.vn\/?s={search_term_string}"},"query-input":{"@type":"PropertyValueSpecification","valueRequired":true,"valueName":"search_term_string"}}],"inLanguage":"vi"}]}},"_links":{"self":[{"href":"https:\/\/tongkholaptop.vn\/index.php?rest_route=\/wp\/v2\/product\/1289"}],"collection":[{"href":"https:\/\/tongkholaptop.vn\/index.php?rest_route=\/wp\/v2\/product"}],"about":[{"href":"https:\/\/tongkholaptop.vn\/index.php?rest_route=\/wp\/v2\/types\/product"}],"replies":[{"embeddable":true,"href":"https:\/\/tongkholaptop.vn\/index.php?rest_route=%2Fwp%2Fv2%2Fcomments&post=1289"}],"wp:featuredmedia":[{"embeddable":true,"href":"https:\/\/tongkholaptop.vn\/index.php?rest_route=\/wp\/v2\/media\/1290"}],"wp:attachment":[{"href":"https:\/\/tongkholaptop.vn\/index.php?rest_route=%2Fwp%2Fv2%2Fmedia&parent=1289"}],"wp:term":[{"taxonomy":"thuong-hieu","embeddable":true,"href":"https:\/\/tongkholaptop.vn\/index.php?rest_route=%2Fwp%2Fv2%2Fthuong-hieu&post=1289"},{"taxonomy":"product_cat","embeddable":true,"href":"https:\/\/tongkholaptop.vn\/index.php?rest_route=%2Fwp%2Fv2%2Fproduct_cat&post=1289"},{"taxonomy":"product_tag","embeddable":true,"href":"https:\/\/tongkholaptop.vn\/index.php?rest_route=%2Fwp%2Fv2%2Fproduct_tag&post=1289"}],"curies":[{"name":"wp","href":"https:\/\/api.w.org\/{rel}","templated":true}]}}