{"id":1241,"date":"2023-09-07T08:32:58","date_gmt":"2023-09-07T08:32:58","guid":{"rendered":"https:\/\/tongkholaptop.vn\/sanpham\/laptop-hp-probook-640-g2-cu-core-i5-6300u-may-tinh-xach-tay-moi-99-gia-sieu-re\/"},"modified":"2023-09-07T11:07:32","modified_gmt":"2023-09-07T11:07:32","slug":"laptop-hp-probook-640-g2-cu-core-i5-6300u-may-tinh-xach-tay-moi-99-gia-sieu-re","status":"publish","type":"product","link":"https:\/\/tongkholaptop.vn\/?product=laptop-hp-probook-640-g2-cu-core-i5-6300u-may-tinh-xach-tay-moi-99-gia-sieu-re","title":{"rendered":"Laptop HP Probook 640 G2 c\u0169 core i5 6300U | M\u00e1y t\u00ednh x\u00e1ch tay m\u1edbi 99% gi\u00e1 si\u00eau r\u1ebb"},"content":{"rendered":"<\/p>\n<div id=\"protab0\" class=\"pro-tabcontent\">\n<p><\/p>\n<\/p>\n<\/div>\n","protected":false},"excerpt":{"rendered":"<div class=\"pro-short-desc\">\n<ul>\n<li><strong>CPU:<\/strong>\u00a06th Gen Intel\u00ae\u00a0<span><strong>Core\u2122 i5 6300U<\/strong><\/span>\u00a0<\/li>\n<li><strong>RAM:\u00a0<\/strong>8GB<\/li>\n<li><strong>\u0110\u0129a c\u1ee9ng:\u00a0<\/strong>SSD 256GB<\/li>\n<li><strong>M\u00e0n h\u00ecnh:<\/strong>\u00a014 inch<\/li>\n<li><span><strong>VGA<\/strong>: intel HD 4400 Graphics<\/span><\/li>\n<\/ul>\n<p><span>T\u1eb7ng Full Combo b\u1ed9 qu\u00e0 Balo, Chu\u1ed9t kh\u00f4ng d\u00e2y, b\u00e0n di chu\u1ed9t&#8230; Cam k\u1ebft gi\u00e1 r\u1ebb v\u00f4 \u0111\u1ecbch<\/span><\/p>\n<p><span>B\u1ea3o H\u00e0nh: 1 \u0111\u1ed5i 1 trong v\u00f2ng 12 th\u00e1ng<\/span><\/p>\n<p><span><\/span><\/p>\n<\/p>\n<\/div>\n","protected":false},"featured_media":1242,"comment_status":"open","ping_status":"closed","template":"","meta":[],"thuong-hieu":[],"product_cat":[25,27],"product_tag":[],"class_list":{"0":"post-1241","1":"product","2":"type-product","3":"status-publish","4":"has-post-thumbnail","6":"product_cat-laptop-hp","7":"product_cat-laptop-hp-cu-core-i5","9":"first","10":"instock","11":"taxable","12":"shipping-taxable","13":"purchasable","14":"product-type-simple"},"acf":[],"yoast_head":"<!-- This site is optimized with the Yoast SEO plugin v23.4 - https:\/\/yoast.com\/wordpress\/plugins\/seo\/ -->\n<title>Laptop HP Probook 640 G2 c\u0169 core i5 6300U | M\u00e1y t\u00ednh x\u00e1ch tay m\u1edbi 99% gi\u00e1 si\u00eau r\u1ebb - T\u1ed5ng Kho Laptop<\/title>\n<meta name=\"robots\" content=\"index, follow, max-snippet:-1, max-image-preview:large, max-video-preview:-1\" \/>\n<link rel=\"canonical\" href=\"https:\/\/tongkholaptop.vn\/?product=laptop-hp-probook-640-g2-cu-core-i5-6300u-may-tinh-xach-tay-moi-99-gia-sieu-re\" \/>\n<meta property=\"og:locale\" content=\"vi_VN\" \/>\n<meta property=\"og:type\" content=\"article\" \/>\n<meta property=\"og:title\" content=\"Laptop HP Probook 640 G2 c\u0169 core i5 6300U | M\u00e1y t\u00ednh x\u00e1ch tay m\u1edbi 99% gi\u00e1 si\u00eau r\u1ebb - T\u1ed5ng Kho Laptop\" \/>\n<meta property=\"og:description\" content=\"CPU:\u00a06th Gen Intel\u00ae\u00a0Core\u2122 i5 6300U\u00a0RAM:\u00a08GB\u0110\u0129a c\u1ee9ng:\u00a0SSD 256GBM\u00e0n h\u00ecnh:\u00a014 inchVGA: intel HD 4400 GraphicsT\u1eb7ng Full Combo b\u1ed9 qu\u00e0 Balo, Chu\u1ed9t kh\u00f4ng d\u00e2y, b\u00e0n di chu\u1ed9t... Cam k\u1ebft gi\u00e1 r\u1ebb v\u00f4 \u0111\u1ecbchB\u1ea3o H\u00e0nh: 1 \u0111\u1ed5i 1 trong v\u00f2ng 12 th\u00e1ng\" \/>\n<meta property=\"og:url\" content=\"https:\/\/tongkholaptop.vn\/?product=laptop-hp-probook-640-g2-cu-core-i5-6300u-may-tinh-xach-tay-moi-99-gia-sieu-re\" \/>\n<meta property=\"og:site_name\" content=\"T\u1ed5ng Kho Laptop\" \/>\n<meta property=\"article:modified_time\" content=\"2023-09-07T11:07:32+00:00\" \/>\n<meta property=\"og:image\" content=\"https:\/\/tongkholaptop.vn\/wp-content\/uploads\/2023\/09\/probook-640_4431949f89a3482f8c85739b1775fce2_master.jpg\" \/>\n\t<meta property=\"og:image:width\" content=\"700\" \/>\n\t<meta property=\"og:image:height\" content=\"700\" \/>\n\t<meta property=\"og:image:type\" content=\"image\/jpeg\" \/>\n<meta name=\"twitter:card\" content=\"summary_large_image\" \/>\n<script type=\"application\/ld+json\" class=\"yoast-schema-graph\">{\"@context\":\"https:\/\/schema.org\",\"@graph\":[{\"@type\":\"WebPage\",\"@id\":\"https:\/\/tongkholaptop.vn\/?product=laptop-hp-probook-640-g2-cu-core-i5-6300u-may-tinh-xach-tay-moi-99-gia-sieu-re\",\"url\":\"https:\/\/tongkholaptop.vn\/?product=laptop-hp-probook-640-g2-cu-core-i5-6300u-may-tinh-xach-tay-moi-99-gia-sieu-re\",\"name\":\"Laptop HP Probook 640 G2 c\u0169 core i5 6300U | M\u00e1y t\u00ednh x\u00e1ch tay m\u1edbi 99% gi\u00e1 si\u00eau r\u1ebb - T\u1ed5ng Kho Laptop\",\"isPartOf\":{\"@id\":\"https:\/\/tongkholaptop.vn\/#website\"},\"primaryImageOfPage\":{\"@id\":\"https:\/\/tongkholaptop.vn\/?product=laptop-hp-probook-640-g2-cu-core-i5-6300u-may-tinh-xach-tay-moi-99-gia-sieu-re#primaryimage\"},\"image\":{\"@id\":\"https:\/\/tongkholaptop.vn\/?product=laptop-hp-probook-640-g2-cu-core-i5-6300u-may-tinh-xach-tay-moi-99-gia-sieu-re#primaryimage\"},\"thumbnailUrl\":\"https:\/\/tongkholaptop.vn\/wp-content\/uploads\/2023\/09\/probook-640_4431949f89a3482f8c85739b1775fce2_master.jpg\",\"datePublished\":\"2023-09-07T08:32:58+00:00\",\"dateModified\":\"2023-09-07T11:07:32+00:00\",\"breadcrumb\":{\"@id\":\"https:\/\/tongkholaptop.vn\/?product=laptop-hp-probook-640-g2-cu-core-i5-6300u-may-tinh-xach-tay-moi-99-gia-sieu-re#breadcrumb\"},\"inLanguage\":\"vi\",\"potentialAction\":[{\"@type\":\"ReadAction\",\"target\":[\"https:\/\/tongkholaptop.vn\/?product=laptop-hp-probook-640-g2-cu-core-i5-6300u-may-tinh-xach-tay-moi-99-gia-sieu-re\"]}]},{\"@type\":\"ImageObject\",\"inLanguage\":\"vi\",\"@id\":\"https:\/\/tongkholaptop.vn\/?product=laptop-hp-probook-640-g2-cu-core-i5-6300u-may-tinh-xach-tay-moi-99-gia-sieu-re#primaryimage\",\"url\":\"https:\/\/tongkholaptop.vn\/wp-content\/uploads\/2023\/09\/probook-640_4431949f89a3482f8c85739b1775fce2_master.jpg\",\"contentUrl\":\"https:\/\/tongkholaptop.vn\/wp-content\/uploads\/2023\/09\/probook-640_4431949f89a3482f8c85739b1775fce2_master.jpg\",\"width\":700,\"height\":700,\"caption\":\"Laptop HP Probook 640 G2 c\u0169 core i5 6300U | M\u00e1y t\u00ednh x\u00e1ch tay m\u1edbi 99% gi\u00e1 si\u00eau r\u1ebb\"},{\"@type\":\"BreadcrumbList\",\"@id\":\"https:\/\/tongkholaptop.vn\/?product=laptop-hp-probook-640-g2-cu-core-i5-6300u-may-tinh-xach-tay-moi-99-gia-sieu-re#breadcrumb\",\"itemListElement\":[{\"@type\":\"ListItem\",\"position\":1,\"name\":\"Trang ch\u1ee7\",\"item\":\"https:\/\/tongkholaptop.vn\/\"},{\"@type\":\"ListItem\",\"position\":2,\"name\":\"T\u1ea5t c\u1ea3 s\u1ea3n ph\u1ea9m\",\"item\":\"https:\/\/tongkholaptop.vn\/collections\/all\"},{\"@type\":\"ListItem\",\"position\":3,\"name\":\"Laptop HP Probook 640 G2 c\u0169 core i5 6300U | M\u00e1y t\u00ednh x\u00e1ch tay m\u1edbi 99% gi\u00e1 si\u00eau r\u1ebb\"}]},{\"@type\":\"WebSite\",\"@id\":\"https:\/\/tongkholaptop.vn\/#website\",\"url\":\"https:\/\/tongkholaptop.vn\/\",\"name\":\"T\u1ed5ng Kho Laptop\",\"description\":\"\",\"potentialAction\":[{\"@type\":\"SearchAction\",\"target\":{\"@type\":\"EntryPoint\",\"urlTemplate\":\"https:\/\/tongkholaptop.vn\/?s={search_term_string}\"},\"query-input\":{\"@type\":\"PropertyValueSpecification\",\"valueRequired\":true,\"valueName\":\"search_term_string\"}}],\"inLanguage\":\"vi\"}]}<\/script>\n<!-- \/ Yoast SEO plugin. -->","yoast_head_json":{"title":"Laptop HP Probook 640 G2 c\u0169 core i5 6300U | M\u00e1y t\u00ednh x\u00e1ch tay m\u1edbi 99% gi\u00e1 si\u00eau r\u1ebb - T\u1ed5ng Kho Laptop","robots":{"index":"index","follow":"follow","max-snippet":"max-snippet:-1","max-image-preview":"max-image-preview:large","max-video-preview":"max-video-preview:-1"},"canonical":"https:\/\/tongkholaptop.vn\/?product=laptop-hp-probook-640-g2-cu-core-i5-6300u-may-tinh-xach-tay-moi-99-gia-sieu-re","og_locale":"vi_VN","og_type":"article","og_title":"Laptop HP Probook 640 G2 c\u0169 core i5 6300U | M\u00e1y t\u00ednh x\u00e1ch tay m\u1edbi 99% gi\u00e1 si\u00eau r\u1ebb - T\u1ed5ng Kho Laptop","og_description":"CPU:\u00a06th Gen Intel\u00ae\u00a0Core\u2122 i5 6300U\u00a0RAM:\u00a08GB\u0110\u0129a c\u1ee9ng:\u00a0SSD 256GBM\u00e0n h\u00ecnh:\u00a014 inchVGA: intel HD 4400 GraphicsT\u1eb7ng Full Combo b\u1ed9 qu\u00e0 Balo, Chu\u1ed9t kh\u00f4ng d\u00e2y, b\u00e0n di chu\u1ed9t... Cam k\u1ebft gi\u00e1 r\u1ebb v\u00f4 \u0111\u1ecbchB\u1ea3o H\u00e0nh: 1 \u0111\u1ed5i 1 trong v\u00f2ng 12 th\u00e1ng","og_url":"https:\/\/tongkholaptop.vn\/?product=laptop-hp-probook-640-g2-cu-core-i5-6300u-may-tinh-xach-tay-moi-99-gia-sieu-re","og_site_name":"T\u1ed5ng Kho Laptop","article_modified_time":"2023-09-07T11:07:32+00:00","og_image":[{"width":700,"height":700,"url":"https:\/\/tongkholaptop.vn\/wp-content\/uploads\/2023\/09\/probook-640_4431949f89a3482f8c85739b1775fce2_master.jpg","type":"image\/jpeg"}],"twitter_card":"summary_large_image","schema":{"@context":"https:\/\/schema.org","@graph":[{"@type":"WebPage","@id":"https:\/\/tongkholaptop.vn\/?product=laptop-hp-probook-640-g2-cu-core-i5-6300u-may-tinh-xach-tay-moi-99-gia-sieu-re","url":"https:\/\/tongkholaptop.vn\/?product=laptop-hp-probook-640-g2-cu-core-i5-6300u-may-tinh-xach-tay-moi-99-gia-sieu-re","name":"Laptop HP Probook 640 G2 c\u0169 core i5 6300U | M\u00e1y t\u00ednh x\u00e1ch tay m\u1edbi 99% gi\u00e1 si\u00eau r\u1ebb - T\u1ed5ng Kho Laptop","isPartOf":{"@id":"https:\/\/tongkholaptop.vn\/#website"},"primaryImageOfPage":{"@id":"https:\/\/tongkholaptop.vn\/?product=laptop-hp-probook-640-g2-cu-core-i5-6300u-may-tinh-xach-tay-moi-99-gia-sieu-re#primaryimage"},"image":{"@id":"https:\/\/tongkholaptop.vn\/?product=laptop-hp-probook-640-g2-cu-core-i5-6300u-may-tinh-xach-tay-moi-99-gia-sieu-re#primaryimage"},"thumbnailUrl":"https:\/\/tongkholaptop.vn\/wp-content\/uploads\/2023\/09\/probook-640_4431949f89a3482f8c85739b1775fce2_master.jpg","datePublished":"2023-09-07T08:32:58+00:00","dateModified":"2023-09-07T11:07:32+00:00","breadcrumb":{"@id":"https:\/\/tongkholaptop.vn\/?product=laptop-hp-probook-640-g2-cu-core-i5-6300u-may-tinh-xach-tay-moi-99-gia-sieu-re#breadcrumb"},"inLanguage":"vi","potentialAction":[{"@type":"ReadAction","target":["https:\/\/tongkholaptop.vn\/?product=laptop-hp-probook-640-g2-cu-core-i5-6300u-may-tinh-xach-tay-moi-99-gia-sieu-re"]}]},{"@type":"ImageObject","inLanguage":"vi","@id":"https:\/\/tongkholaptop.vn\/?product=laptop-hp-probook-640-g2-cu-core-i5-6300u-may-tinh-xach-tay-moi-99-gia-sieu-re#primaryimage","url":"https:\/\/tongkholaptop.vn\/wp-content\/uploads\/2023\/09\/probook-640_4431949f89a3482f8c85739b1775fce2_master.jpg","contentUrl":"https:\/\/tongkholaptop.vn\/wp-content\/uploads\/2023\/09\/probook-640_4431949f89a3482f8c85739b1775fce2_master.jpg","width":700,"height":700,"caption":"Laptop HP Probook 640 G2 c\u0169 core i5 6300U | M\u00e1y t\u00ednh x\u00e1ch tay m\u1edbi 99% gi\u00e1 si\u00eau r\u1ebb"},{"@type":"BreadcrumbList","@id":"https:\/\/tongkholaptop.vn\/?product=laptop-hp-probook-640-g2-cu-core-i5-6300u-may-tinh-xach-tay-moi-99-gia-sieu-re#breadcrumb","itemListElement":[{"@type":"ListItem","position":1,"name":"Trang ch\u1ee7","item":"https:\/\/tongkholaptop.vn\/"},{"@type":"ListItem","position":2,"name":"T\u1ea5t c\u1ea3 s\u1ea3n ph\u1ea9m","item":"https:\/\/tongkholaptop.vn\/collections\/all"},{"@type":"ListItem","position":3,"name":"Laptop HP Probook 640 G2 c\u0169 core i5 6300U | M\u00e1y t\u00ednh x\u00e1ch tay m\u1edbi 99% gi\u00e1 si\u00eau r\u1ebb"}]},{"@type":"WebSite","@id":"https:\/\/tongkholaptop.vn\/#website","url":"https:\/\/tongkholaptop.vn\/","name":"T\u1ed5ng Kho Laptop","description":"","potentialAction":[{"@type":"SearchAction","target":{"@type":"EntryPoint","urlTemplate":"https:\/\/tongkholaptop.vn\/?s={search_term_string}"},"query-input":{"@type":"PropertyValueSpecification","valueRequired":true,"valueName":"search_term_string"}}],"inLanguage":"vi"}]}},"_links":{"self":[{"href":"https:\/\/tongkholaptop.vn\/index.php?rest_route=\/wp\/v2\/product\/1241"}],"collection":[{"href":"https:\/\/tongkholaptop.vn\/index.php?rest_route=\/wp\/v2\/product"}],"about":[{"href":"https:\/\/tongkholaptop.vn\/index.php?rest_route=\/wp\/v2\/types\/product"}],"replies":[{"embeddable":true,"href":"https:\/\/tongkholaptop.vn\/index.php?rest_route=%2Fwp%2Fv2%2Fcomments&post=1241"}],"wp:featuredmedia":[{"embeddable":true,"href":"https:\/\/tongkholaptop.vn\/index.php?rest_route=\/wp\/v2\/media\/1242"}],"wp:attachment":[{"href":"https:\/\/tongkholaptop.vn\/index.php?rest_route=%2Fwp%2Fv2%2Fmedia&parent=1241"}],"wp:term":[{"taxonomy":"thuong-hieu","embeddable":true,"href":"https:\/\/tongkholaptop.vn\/index.php?rest_route=%2Fwp%2Fv2%2Fthuong-hieu&post=1241"},{"taxonomy":"product_cat","embeddable":true,"href":"https:\/\/tongkholaptop.vn\/index.php?rest_route=%2Fwp%2Fv2%2Fproduct_cat&post=1241"},{"taxonomy":"product_tag","embeddable":true,"href":"https:\/\/tongkholaptop.vn\/index.php?rest_route=%2Fwp%2Fv2%2Fproduct_tag&post=1241"}],"curies":[{"name":"wp","href":"https:\/\/api.w.org\/{rel}","templated":true}]}}