{"id":1218,"date":"2023-09-07T08:06:07","date_gmt":"2023-09-07T08:06:07","guid":{"rendered":"https:\/\/tongkholaptop.vn\/sanpham\/laptop-hp-elitebook-folio-9480m-cu-core-i5-4300u-may-tinh-xach-tay-moi-99-gia-sieu-re\/"},"modified":"2023-09-07T10:38:48","modified_gmt":"2023-09-07T10:38:48","slug":"laptop-hp-elitebook-folio-9480m-cu-core-i5-4300u-may-tinh-xach-tay-moi-99-gia-sieu-re","status":"publish","type":"product","link":"https:\/\/tongkholaptop.vn\/?product=laptop-hp-elitebook-folio-9480m-cu-core-i5-4300u-may-tinh-xach-tay-moi-99-gia-sieu-re","title":{"rendered":"Laptop HP Elitebook Folio 9480m c\u0169 Core i5 4300U | M\u00e1y t\u00ednh x\u00e1ch tay m\u1edbi 99% gi\u00e1 si\u00eau r\u1ebb"},"content":{"rendered":"<\/p>\n<div id=\"protab0\" class=\"pro-tabcontent\">\n<p><span style=\"font-size: 15pt;\"><strong>HP Elitebook Folio 9480M \u2013 Macbook ch\u1ea1y window<\/strong><\/span><\/p>\n<p><span>Nh\u1eefng n\u0103m g\u1ea7n \u0111\u00e2y, ng\u01b0\u1eddi d\u00f9ng c\u00f4ng ngh\u1ec7, \u0111\u1eb7c bi\u1ec7t l\u00e0 laptop c\u00f3 xu h\u01b0\u1edbng \u01b0a chu\u1ed9ng nh\u1eefng m\u1eabu c\u00f3 ki\u1ec3u d\u00e1ng m\u1ecfng nh\u1eb9, thu\u1eadn ti\u1ec7n cho c\u00f4ng vi\u1ec7c ph\u1ea3i di chuy\u1ec3n. V\u00e0 HP Elitebook Folio 9480M l\u00e0 m\u1ed9t s\u1ea3n ph\u1ea9m h\u1ed9i t\u1ee5 \u0111\u01b0\u1ee3c \u0111\u1ea7y \u0111\u1ee7 nh\u1eefng y\u00eau c\u1ea7u nh\u01b0 th\u1ebf.<\/span><\/p>\n<p><span> Folio 9480M s\u1edf h\u1eefu v\u1ebb ngo\u00e0i nh\u01b0 m\u1ed9t chi\u1ebfc Macbook ch\u1ea1y window b\u1edfi n\u00f3 kh\u00f4ng ch\u1ec9 c\u00f3 nhi\u1ec1u t\u01b0\u01a1ng \u0111\u1ed3ng v\u1ec1 thi\u1ebft k\u1ebf v\u1edbi Macbook m\u00e0 c\u00f2n b\u1edfi c\u1ea5u h\u00ecnh t\u1ed1i \u01b0u cho v\u0103n ph\u00f2ng, cho tr\u1ea3i nghi\u1ec7m ng\u01b0\u1eddi d\u00f9ng t\u1ed1t, tr\u1edf th\u00e0nh m\u1ed9t m\u1eabu laptop \u0111\u01b0\u1ee3c y\u00eau th\u00edch trong h\u00e0ng ng\u0169 Ultrabook c\u1ee7a HP.<\/span><\/p>\n<p><img decoding=\"async\" src=\"https:\/\/tongkholaptop.vn\/wp-content\/uploads\/2023\/09\/9480mi5-4.jpg\" title=\"9480mi5-4\" srcset=\"https:\/\/tongkholaptop.vn\/wp-content\/uploads\/2023\/09\/9480mi5-4-300x300.jpg 300w, https:\/\/tongkholaptop.vn\/wp-content\/uploads\/2023\/09\/9480mi5-4-150x150.jpg 150w, https:\/\/tongkholaptop.vn\/wp-content\/uploads\/2023\/09\/9480mi5-4-100x100.jpg 100w, https:\/\/tongkholaptop.vn\/wp-content\/uploads\/2023\/09\/9480mi5-4.jpg 600w\"><\/p>\n<p><strong><span><\/span><\/strong><span><\/span><\/p>\n<p><strong><span>Thi\u1ebft k\u1ebf<\/span><\/strong><\/p>\n<p><span>HP Folio 9480M l\u00e0 d\u00f2ng Ultrabook cao c\u1ea5p c\u1ee7a HP, \u0111\u01b0\u1ee3c thi\u1ebft k\u1ebf \u0111\u1eb9p m\u1eaft t\u1eeb b\u00ean trong ra b\u00ean ngo\u00e0i, s\u1ef1 ch\u1eafc ch\u1eafn c\u1ee7a khung h\u1ee3p kim magie b\u00ean trong v\u00e0 v\u1ecf nh\u00f4m phay l\u00e0m cho chi\u1ebfc m\u00e1y th\u00eam ph\u1ea7n sang tr\u1ecdng v\u00e0 l\u1ecbch l\u00e3m. C\u00f3 th\u1ec3 n\u00f3i \u0111\u00e2y l\u00e0 m\u1ed9t chi\u1ebfc macbook ch\u1ea1y window b\u1edfi n\u00f3 c\u00f3 nhi\u1ec1u t\u01b0\u01a1ng \u0111\u1ed3ng v\u1ec1 thi\u1ebft k\u1ebf v\u1edbi macbook m\u00e0 c\u00f2n b\u1edfi \u0111\u1ed9 ho\u00e0n thi\u1ec7n c\u1ee7a chi\u1ebfc m\u00e1y n\u00e0y r\u1ea5t l\u00e0 t\u1ed1t. B\u00ean ngo\u00e0i HP Folio 9480M \u0111\u01b0\u1ee3c s\u01a1n ph\u1ee7 m\u1ed9t l\u1edbp s\u01a1n t\u0129nh \u0111i\u1ec7n m\u00e0u b\u1ea1c, l\u1edbp s\u01a1n h\u01a1i nh\u00e1m s\u1ebd gi\u00fap kh\u00f4ng b\u1ecb b\u00e1m v\u00e2n tay trong qu\u00e1 tr\u00ecnh s\u1eed d\u1ee5ng. Ch\u00ednh gi\u1eefa n\u1eafp m\u00e1y c\u00f3 logo c\u1ee7a HP \u0111\u01b0\u1ee3c m\u1ea1 crom s\u00e1ng v\u00e0 n\u1ed5i b\u1eadt. 4 g\u00f3c c\u1ee7a 9480M \u0111\u01b0\u1ee3c bo tr\u00f2n \u0111\u1ec1u, g\u00f3c bo m\u1ec1m m\u1ea1i, h\u1ee3p l\u00fd. <\/span><\/p>\n<p><span>Chi\u1ebfc m\u00e1y n\u00e0y s\u1edf h\u1eefu s\u1ed1 \u0111o 3 v\u00f2ng d\u00e0i, r\u1ed9ng, cao l\u1ea7n l\u01b0\u1ee3t l\u00e0 33,6 x 23,1 x 1,89 cm<\/span><span>\u00a0<\/span><span>n\u1eb7ng 1,62KG, b\u1eb1ng tr\u1ecdng l\u01b0\u1ee3ng c\u1ee7a chi\u1ebfc Macbook Pro 13 inch trong khi \u0111\u00f3 chi\u1ebfc m\u00e1y n\u00e0y c\u00f3 k\u00edch th\u01b0\u1edbc m\u00e0n h\u00ecnh l\u00ean t\u1edbi 14 inch.<\/span><\/p>\n<p><span>Theo HP c\u00f4ng b\u1ed1 th\u00ec Folio 9480m \u0111\u1ea1t ti\u00eau chu\u1ea9n qu\u00e2n s\u1ef1 M\u1ef9 MIL-STD 810G v\u1ec1 b\u1ee5i, va \u0111\u1eadp, rung \u0111\u1ed9ng, s\u1ed1c v\u00e0 nhi\u1ec7t \u0111\u1ed9 kh\u1eafc nghi\u1ec7t.<\/span><\/p>\n<p><img decoding=\"async\" src=\"https:\/\/tongkholaptop.vn\/wp-content\/uploads\/2023\/09\/9480mi5-5.jpg\" title=\"9480mi5-5\" srcset=\"https:\/\/tongkholaptop.vn\/wp-content\/uploads\/2023\/09\/9480mi5-5-300x300.jpg 300w, https:\/\/tongkholaptop.vn\/wp-content\/uploads\/2023\/09\/9480mi5-5-150x150.jpg 150w, https:\/\/tongkholaptop.vn\/wp-content\/uploads\/2023\/09\/9480mi5-5-100x100.jpg 100w, https:\/\/tongkholaptop.vn\/wp-content\/uploads\/2023\/09\/9480mi5-5.jpg 600w\"><\/p>\n<p><strong><span>B\u00e0n ph\u00edm v\u00e0 Touchpad<\/span><\/strong><\/p>\n<p><span>B\u00e0n ph\u00edm c\u1ee7a HP Folio 9480m \u0111\u01b0\u1ee3c thi\u1ebft k\u1ebf theo d\u1ea1ng chiclet, c\u00e1c ph\u00edm t\u00e1ch r\u1eddi, c\u00f3 \u0111\u1ed9 \u0111\u00e0n h\u1ed3i t\u1ed1t, nh\u1edd \u0111\u01b0\u1ee3c \u0111\u1eb7t tr\u00ean khung h\u1ee3p kim n\u00ean c\u1ea3m gi\u00e1c g\u00f5 r\u1ea5t ch\u1eafc ch\u1eafn v\u00e0 \u0111\u1ea7m tay. B\u00e0n ph\u00edm c\u00f3 \u0111\u00e8n backlit ti\u1ec7n l\u1ee3i khi ch\u00fang ta ph\u1ea3i l\u00e0m vi\u1ec7c v\u00e0o ban \u0111\u00eam. <\/span><\/p>\n<p><span>Ngay ph\u00eda d\u01b0\u1edbi b\u00e0n ph\u00edm l\u00e0 Touchpad v\u1edbi \u0111\u1ed9 r\u1ed9ng v\u1eeba ph\u1ea3i, di \u0111a \u0111i\u1ec3m hay cu\u1ed9n trang ch\u00ednh x\u00e1c, \u0111\u1ed3ng th\u1eddi b\u1ed9 ph\u00edm c\u0169ng c\u00f3 th\u00eam n\u00fat track point v\u00e0 chu\u1ed9t tr\u00e1i, ph\u1ea3i \u0111i k\u00e8m. B\u00ean ph\u1ea3i Touchpad l\u00e0 khe ch\u1edd s\u1eb5n cho t\u00ednh n\u0103ng b\u1ea3o m\u1eadt v\u00e2n tay, ngo\u00e0i ra c\u00f2n c\u00f3 n\u00fat ngu\u1ed3n \u1edf ph\u00eda tr\u00ean b\u00e0n ph\u00edm \u0111\u01b0\u1ee3c thi\u1ebft k\u1ebf \u0111\u1eb9p m\u1eaft, th\u1eb3ng h\u00e0ng n\u00fat ngu\u1ed3n c\u00f2n c\u00f3 th\u00eam 2 n\u00fat c\u1ee9ng b\u1eadt t\u1eaft loa v\u00e0 wifi.<\/span><\/p>\n<p><img decoding=\"async\" src=\"https:\/\/tongkholaptop.vn\/wp-content\/uploads\/2023\/09\/9480mi5-6.jpg\" title=\"9480mi5-6\" srcset=\"https:\/\/tongkholaptop.vn\/wp-content\/uploads\/2023\/09\/9480mi5-6-300x300.jpg 300w, https:\/\/tongkholaptop.vn\/wp-content\/uploads\/2023\/09\/9480mi5-6-150x150.jpg 150w, https:\/\/tongkholaptop.vn\/wp-content\/uploads\/2023\/09\/9480mi5-6-100x100.jpg 100w, https:\/\/tongkholaptop.vn\/wp-content\/uploads\/2023\/09\/9480mi5-6.jpg 600w\"><\/p>\n<p><strong><span>C\u1ed5ng k\u1ebft n\u1ed1i<\/span><\/strong><\/p>\n<p><span>V\u1edbi th\u00e2n h\u00ecnh m\u1ecfng nh\u1eb9 n\u00ean HP Folio 9480M kh\u00f4ng \u0111\u01b0\u1ee3c t\u00edch h\u1ee3p nhi\u1ec1u c\u00e1c c\u1ed5ng k\u1ebft n\u1ed1i, tuy nhi\u00ean c\u00e1c c\u1ed5ng k\u1ebft n\u1ed1i c\u1ea7n thi\u1ebft v\u1eabn \u0111\u01b0\u1ee3c b\u1ed1 tr\u00ed \u0111\u1ea7y \u0111\u1ee7 \u1edf c\u00e1c c\u1ea1nh c\u1ee7a m\u00e1y. \u00a0<\/span><\/p>\n<p><span>C\u1ea1nh b\u00ean tr\u00e1i l\u00e0 n\u01a1i b\u1ed1 tr\u00ed c\u1ee7a th\u1ebb EC, jack tai nghe 3.5, c\u1ed5ng USB 3.0, khe t\u1ea3n nhi\u1ec7t v\u00e0 c\u1ed5ng s\u1ea1c.<\/span><\/p>\n<p><img decoding=\"async\" src=\"https:\/\/tongkholaptop.vn\/wp-content\/uploads\/2023\/09\/9480mi5-7.jpg\" title=\"9480mi5-7\" srcset=\"https:\/\/tongkholaptop.vn\/wp-content\/uploads\/2023\/09\/9480mi5-7-300x300.jpg 300w, https:\/\/tongkholaptop.vn\/wp-content\/uploads\/2023\/09\/9480mi5-7-150x150.jpg 150w, https:\/\/tongkholaptop.vn\/wp-content\/uploads\/2023\/09\/9480mi5-7-100x100.jpg 100w, https:\/\/tongkholaptop.vn\/wp-content\/uploads\/2023\/09\/9480mi5-7.jpg 600w\"><\/p>\n<p><span>B\u00ean c\u1ea1nh ph\u1ea3i c\u1ee7a m\u00e1y c\u00f3 2 c\u1ed5ng USB 3.0, c\u1ed5ng Display port xu\u1ea5t \u00e2m thanh, h\u00ecnh \u1ea3nh, c\u1ed5ng VGA, khe th\u1ebb SD v\u00e0 c\u1ed5ng m\u1ea1ng RJ 45.<\/span><\/p>\n<p><img decoding=\"async\" src=\"https:\/\/tongkholaptop.vn\/wp-content\/uploads\/2023\/09\/9480mi5-8.jpg\" title=\"9480mi5-8\" srcset=\"https:\/\/tongkholaptop.vn\/wp-content\/uploads\/2023\/09\/9480mi5-8-300x300.jpg 300w, https:\/\/tongkholaptop.vn\/wp-content\/uploads\/2023\/09\/9480mi5-8-150x150.jpg 150w, https:\/\/tongkholaptop.vn\/wp-content\/uploads\/2023\/09\/9480mi5-8-100x100.jpg 100w, https:\/\/tongkholaptop.vn\/wp-content\/uploads\/2023\/09\/9480mi5-8.jpg 600w\"><\/p>\n<p><span>Ph\u00eda tr\u01b0\u1edbc \u0111\u01b0\u1ee3c thi\u1ebft k\u1ebf tr\u01a1n v\u00e0 c\u00f3 l\u1eaby \u0111\u1ec3 m\u1edf m\u00e1y d\u1ec5 d\u00e0ng h\u01a1n. Ngo\u00e0i ra c\u1ea1nh tr\u01b0\u1edbc c\u00f2n c\u00f3 c\u00e1c \u0111\u00e8n t\u00edn hi\u1ec7u wifi, s\u1ea1c, ngu\u1ed3n.<\/span><\/p>\n<p><span>C\u1ea1nh ph\u00eda sau c\u00f3 t\u00ean \u0111\u1ea7y \u0111\u1ee7 c\u1ee7a nh\u00e0 s\u1ea3n xu\u1ea5t Hewlett Packard, t\u00ean c\u1ee7a hai nh\u00e0 s\u00e1ng l\u1eadp ra h\u00e3ng m\u00e1y t\u00ednh HP.<\/span><\/p>\n<p><img decoding=\"async\" src=\"https:\/\/tongkholaptop.vn\/wp-content\/uploads\/2023\/09\/9480mi5-9.jpg\" title=\"9480mi5-9\" srcset=\"https:\/\/tongkholaptop.vn\/wp-content\/uploads\/2023\/09\/9480mi5-9-300x300.jpg 300w, https:\/\/tongkholaptop.vn\/wp-content\/uploads\/2023\/09\/9480mi5-9-150x150.jpg 150w, https:\/\/tongkholaptop.vn\/wp-content\/uploads\/2023\/09\/9480mi5-9-100x100.jpg 100w, https:\/\/tongkholaptop.vn\/wp-content\/uploads\/2023\/09\/9480mi5-9.jpg 600w\"><\/p>\n<p><span>\u1ede ph\u1ea7n \u0111\u00e1y m\u00e1y v\u1eabn l\u00e0 l\u1edbp nh\u1ef1a c\u1ee9ng \u0111\u01b0\u1ee3c s\u01a1n ph\u1ee7 m\u00e0u \u0111en, m\u00e0u \u0111en n\u00e0y s\u1ebd gi\u00fap m\u00e1y s\u1ea1ch s\u1ebd trong qu\u00e1 tr\u00ecnh \u0111\u1eb7t m\u00e1y xu\u1ed1ng b\u1ea5t k\u00ec v\u1ecb tr\u00ed n\u00e0o \u0111\u1ec3 l\u00e0m vi\u1ec7c. 4 g\u00f3c c\u1ee7a m\u1eb7t \u0111\u00e1y c\u00f3 4 ch\u00e2n cao su v\u00e0 c\u1ed5ng docking station \u00a0m\u1edf r\u1ed9ng c\u00f9ng ch\u1ed1t g\u1ea1t m\u1edf pin.<\/span><\/p>\n<p><strong><span>M\u00e0n h\u00ecnh v\u00e0 \u00e2m thanh<\/span><\/strong><\/p>\n<p><span>M\u00e0n h\u00ecnh kh\u00f4ng ph\u1ea3i \u0111i\u1ec3m m\u1ea1nh c\u1ee7a 9480M, d\u00f9 s\u1edf h\u1eefu \u0111\u1ed9 ph\u00e2n gi\u1ea3i HD+ \u00a01600&#215;900, m\u00e1y ch\u1ec9 \u0111\u1ea1t kho\u1ea3ng 63 % sRGB v\u00e0 48% Adobe RGB. Tuy nhi\u00ean HP Folio 9480M l\u1ea1i s\u1edf h\u1eefu m\u1ed9t l\u1edbp ph\u1ee7 ch\u1ed1ng ch\u00f3i, n\u00f3 gi\u00fap ng\u01b0\u1eddi d\u00f9ng h\u1ea1n ch\u1ebf b\u1ecb m\u1ecfi m\u1eaft, v\u00e0 c\u00f3 kh\u1ea3 n\u0103ng l\u00e0m vi\u1ec7c \u1edf nh\u1eefng m\u00f4i tr\u01b0\u1eddng c\u00f3 \u00e1nh s\u00e1ng m\u1ea1nh nh\u01b0 ngo\u00e0i tr\u1eddi. <\/span><\/p>\n<p><span>V\u1ec1 \u00e2m thanh, th\u00ec loa c\u1ee7a Hp Folio 9480M cho \u00e2m l\u01b0\u1ee3ng l\u1edbn, r\u00f5 r\u00e0ng, \u0111\u1ee7 l\u1ea5p \u0111\u1ea7y trong m\u1ed9t c\u0103n ph\u00f2ng v\u1eeba ph\u1ea3i, ch\u1ea5t l\u01b0\u1ee3ng \u00e2m thanh \u0111\u01b0\u1ee3c \u0111\u00e1nh gi\u00e1 \u1edf m\u1ee9c trung b\u00ecnh, \u0111\u1eb7c \u0111i\u1ec3m chung c\u1ee7a h\u1ea7u h\u1ebft c\u00e1c m\u00e1y business. <\/span><\/p>\n<p><strong><span>C\u1ea5u h\u00ecnh<\/span><\/strong><\/p>\n<p><span>M\u00e1y c\u00f3 kh\u1ea3 n\u0103ng n\u00e2ng c\u1ea5p RAM l\u00ean t\u1edbi 16GB, \u1ed5 c\u1ee9ng SSD 128GB, c\u00f9ng chip \u0111\u1ed3 h\u1ecda Intel HD4400 v\u00e0 4GB RAM DDR3 khi k\u1ebft h\u1ee3p v\u1edbi m\u00e0n h\u00ecnh HD + 1600 x 900 n\u00ean cho nh\u1eefng h\u00ecnh \u1ea3nh r\u1ea5t \u0111\u1eb9p, \u0111\u1ed3ng th\u1eddi m\u00e1y c\u00f3 th\u1ec3 ch\u1ea1y m\u01b0\u1ee3t m\u00e0 nh\u1eefng ch\u01b0\u01a1ng tr\u00ecnh l\u00e0m vi\u1ec7c th\u00f4ng d\u1ee5ng tr\u00ean m\u00e1y t\u00ednh hi\u1ec7n nay.<\/span><strong>\u00a0<\/strong><\/p>\n<p><span>Hi\u1ec7u n\u0103ng c\u1ee7a chi\u1ebfc m\u00e1y n\u00e0y khi tr\u00ecnh chi\u1ebfu 4K HP Elitebook Folio 9480M \u0111\u00e1p \u1ee9ng t\u1ed1t kh\u1ea3 n\u0103ng tr\u00ecnh chi\u1ebfu phim 4K, c\u00e1c b\u1ea1n c\u00f3 th\u1ec3 xem phim v\u1edbi \u0111\u1ed9 ph\u00e2n gi\u1ea3i cao.<\/span><\/p>\n<p><span>HP Folio 9480m c\u00f3 1 khe c\u1eafm \u1ed5 c\u1ee9ng 2,5 inch 7mm (slim) v\u00e0 1 khe mSATA. \u1ed4 c\u1ee9ng SSD 120GB gi\u00fap cho t\u1ed1c \u0111\u1ed9 kh\u1edfi \u0111\u1ed9ng h\u1ec7 th\u1ed1ng v\u00e0 \u1ee9ng d\u1ee5ng nhanh h\u01a1n nhi\u1ec1u l\u1ea7n. <\/span><\/p>\n<p><span>HP Folio 9480m c\u00f3 th\u1ec3 ho\u00e0n th\u00e0nh t\u1ed1t m\u1ecdi t\u00e1c v\u1ee5 v\u0103n ph\u00f2ng, tr\u00ecnh chi\u1ebfu, x\u1eed l\u00fd c\u00e1c c\u00f4ng vi\u1ec7c \u0111\u1ed3 h\u1ecda nh\u1eb9, 2D. CPU Haswell t\u00edch h\u1ee3p card \u0111\u1ed3 h\u1ecda Intel HD Graphics 4400 \u0111\u1ee7 s\u1ee9c \u0111\u1ec3 ch\u01a1i c\u00e1c t\u1ef1a game online ph\u1ed5 th\u00f4ng.<\/span><\/p>\n<p><strong><span>Nhi\u1ec7t \u0111\u1ed9<\/span><\/strong><\/p>\n<p><span>Nhi\u1ec7t \u0111\u1ed9 s\u1eed d\u1ee5ng m\u00e1y \u1edf c\u00e1c t\u00e1c v\u1ee5 th\u00f4ng th\u01b0\u1eddng l\u00e0 kho\u1ea3ng 40 \u0111\u1ed9 C, m\u1ed9t m\u1ee9c nhi\u1ec7t \u0111\u1ed9 l\u00fd t\u01b0\u1edfng cho chi\u1ebfc m\u00e1y m\u1ecfng nh\u1eb9. Khi l\u00e0m vi\u1ec7c v\u1edbi c\u01b0\u1eddng \u0111\u1ed9 cao h\u01a1n, s\u1eed d\u1ee5ng nhi\u1ec1u t\u00e1c v\u1ee5, ph\u1ea7n m\u1ec1m th\u00ec nhi\u1ec7t \u0111\u1ed9 m\u00e1y n\u00f3ng nh\u1ea5t c\u0169ng ch\u1ec9 l\u00ean t\u1edbi 46 \u0111\u1ed9 C, kh\u00f4ng g\u00e2y kh\u00f3 ch\u1ecbu cho ng\u01b0\u1eddi s\u1eed d\u1ee5ng, b\u1ea1n c\u00f3 th\u1ec3 tho\u1ea3i m\u00e1i k\u00ea m\u00e1y tr\u00ean \u0111\u00f9i l\u00e0m vi\u1ec7c su\u1ed1t ng\u00e0y d\u00e0i.<\/span><\/p>\n<p><strong><span>Th\u1eddi l\u01b0\u1ee3ng Pin<\/span><\/strong><\/p>\n<p><span>Pin l\u00e0 m\u1ed9t \u0111i\u1ec3m m\u1ea1nh c\u1ee7a 9480M, v\u1edbi pin 6 cell, tuy kh\u00f4ng ph\u1ea3i dung l\u01b0\u1ee3ng qu\u00e1 l\u1edbn nh\u01b0ng v\u1edbi c\u00f4ng ngh\u1ec7 chip si\u00eau ti\u1ebft ki\u1ec7m \u0111i\u1ec7n \u0111\u01b0\u1ee3c s\u1eed d\u1ee5ng tr\u00ean c\u00e1c d\u00f2ng Ultrabook s\u1eed d\u1ee5ng v\u1edbi t\u00e1c v\u1ee5 th\u00f4ng th\u01b0\u1eddng l\u00ean t\u1edbi 4h30, b\u1ea1n s\u1ebd kh\u00f4ng ph\u1ea3i qu\u00e1 lo l\u1eafng v\u1ec1 pin trong su\u1ed1t qu\u00e1 tr\u00ecnh l\u00e0m vi\u1ec7c.<\/span><\/p>\n<p><strong><span>K\u1ebft lu\u1eadn<\/span><\/strong><\/p>\n<p><span>Nh\u00ecn v\u1ec1 t\u1ed5ng th\u1ec3 th\u00ec HP Folio 9480M \u0111\u00e1p \u1ee9ng t\u1ed1t cho nh\u1eefng kh\u00e1ch h\u00e0ng \u01b0a th\u1ea9m m\u1ef9 cao, ph\u00f9 h\u1ee3p cho nh\u1eefng doanh nh\u00e2n c\u1ea7n chi\u1ebfc m\u00e1y sang tr\u1ecdng, b\u1ec1n b\u1ec9 c\u0169ng nh\u01b0 kh\u1ea3 n\u0103ng di \u0111\u1ed9ng cao.<\/span><\/p>\n<p><span>V\u1edbi m\u1ed9t m\u1ee9c gi\u00e1 qu\u00e1 t\u1ed1t ch\u1ec9 h\u01a1n 8 tri\u1ec7u \u0111\u1ed3ng cho m\u1ed9t s\u1ea3n ph\u1ea9m laptop nh\u1eadp kh\u1ea9u si\u00eau cao c\u1ea5p nh\u01b0 HP Folio 9480m th\u00ec th\u1ef1c s\u1ef1 l\u00e0 m\u1ed9t l\u1ef1a ch\u1ecdn \u0111\u00e1ng \u0111\u1ed3ng ti\u1ec1n cho ng\u01b0\u1eddi ti\u00eau d\u00f9ng trong th\u1eddi \u0111i\u1ec3m hi\u1ec7n t\u1ea1i<\/span><\/p>\n<\/p>\n<\/div>\n","protected":false},"excerpt":{"rendered":"<div class=\"pro-short-desc\">\n<p>CPU: Intel Core i5-4300U<\/p>\n<p>Ram: 4GB<\/p>\n<p>\u1ed4 C\u1ee9ng: SSD 128GB<\/p>\n<p>Card \u0110\u1ed3 H\u1ecda: Card onboard Intel HD 4400<\/p>\n<p>M\u00e0n h\u00ecnh: 14inch<\/p>\n<p>C\u00e2n n\u1eb7ng: 1,62kg<\/p>\n<p>T\u1eb7ng Full Combo b\u1ed9 qu\u00e0 Balo, Chu\u1ed9t kh\u00f4ng d\u00e2y, b\u00e0n di chu\u1ed9t&#8230; Cam k\u1ebft gi\u00e1 r\u1ebb v\u00f4 \u0111\u1ecbch<\/p>\n<p><span>B\u1ea3o H\u00e0nh: 1 \u0111\u1ed5i 1 trong v\u00f2ng 12 th\u00e1ng<\/span><\/p>\n<p><\/p>\n<\/p>\n<\/div>\n","protected":false},"featured_media":1219,"comment_status":"open","ping_status":"closed","template":"","meta":[],"thuong-hieu":[],"product_cat":[25,27],"product_tag":[],"class_list":{"0":"post-1218","1":"product","2":"type-product","3":"status-publish","4":"has-post-thumbnail","6":"product_cat-laptop-hp","7":"product_cat-laptop-hp-cu-core-i5","9":"first","10":"instock","11":"sale","12":"taxable","13":"shipping-taxable","14":"purchasable","15":"product-type-simple"},"acf":[],"yoast_head":"<!-- This site is optimized with the Yoast SEO plugin v23.4 - https:\/\/yoast.com\/wordpress\/plugins\/seo\/ -->\n<title>Laptop HP Elitebook Folio 9480m c\u0169 Core i5 4300U | M\u00e1y t\u00ednh x\u00e1ch tay m\u1edbi 99% gi\u00e1 si\u00eau r\u1ebb - T\u1ed5ng Kho Laptop<\/title>\n<meta name=\"robots\" content=\"index, follow, max-snippet:-1, max-image-preview:large, max-video-preview:-1\" \/>\n<link rel=\"canonical\" href=\"https:\/\/tongkholaptop.vn\/?product=laptop-hp-elitebook-folio-9480m-cu-core-i5-4300u-may-tinh-xach-tay-moi-99-gia-sieu-re\" \/>\n<meta property=\"og:locale\" content=\"vi_VN\" \/>\n<meta property=\"og:type\" content=\"article\" \/>\n<meta property=\"og:title\" content=\"Laptop HP Elitebook Folio 9480m c\u0169 Core i5 4300U | M\u00e1y t\u00ednh x\u00e1ch tay m\u1edbi 99% gi\u00e1 si\u00eau r\u1ebb - T\u1ed5ng Kho Laptop\" \/>\n<meta property=\"og:description\" content=\"CPU: Intel Core i5-4300URam: 4GB\u1ed4 C\u1ee9ng: SSD 128GBCard \u0110\u1ed3 H\u1ecda: Card onboard Intel HD 4400M\u00e0n h\u00ecnh: 14inchC\u00e2n n\u1eb7ng: 1,62kgT\u1eb7ng Full Combo b\u1ed9 qu\u00e0 Balo, Chu\u1ed9t kh\u00f4ng d\u00e2y, b\u00e0n di chu\u1ed9t... Cam k\u1ebft gi\u00e1 r\u1ebb v\u00f4 \u0111\u1ecbchB\u1ea3o H\u00e0nh: 1 \u0111\u1ed5i 1 trong v\u00f2ng 12 th\u00e1ng\" \/>\n<meta property=\"og:url\" content=\"https:\/\/tongkholaptop.vn\/?product=laptop-hp-elitebook-folio-9480m-cu-core-i5-4300u-may-tinh-xach-tay-moi-99-gia-sieu-re\" \/>\n<meta property=\"og:site_name\" content=\"T\u1ed5ng Kho Laptop\" \/>\n<meta property=\"article:modified_time\" content=\"2023-09-07T10:38:48+00:00\" \/>\n<meta property=\"og:image\" content=\"https:\/\/tongkholaptop.vn\/wp-content\/uploads\/2023\/09\/9480_5081ccfce53142cf9d969abc9de48d91_master.png\" \/>\n\t<meta property=\"og:image:width\" content=\"600\" \/>\n\t<meta property=\"og:image:height\" content=\"600\" \/>\n\t<meta property=\"og:image:type\" content=\"image\/png\" \/>\n<meta name=\"twitter:card\" content=\"summary_large_image\" \/>\n<meta name=\"twitter:label1\" content=\"\u01af\u1edbc t\u00ednh th\u1eddi gian \u0111\u1ecdc\" \/>\n\t<meta name=\"twitter:data1\" content=\"9 ph\u00fat\" \/>\n<script type=\"application\/ld+json\" class=\"yoast-schema-graph\">{\"@context\":\"https:\/\/schema.org\",\"@graph\":[{\"@type\":\"WebPage\",\"@id\":\"https:\/\/tongkholaptop.vn\/?product=laptop-hp-elitebook-folio-9480m-cu-core-i5-4300u-may-tinh-xach-tay-moi-99-gia-sieu-re\",\"url\":\"https:\/\/tongkholaptop.vn\/?product=laptop-hp-elitebook-folio-9480m-cu-core-i5-4300u-may-tinh-xach-tay-moi-99-gia-sieu-re\",\"name\":\"Laptop HP Elitebook Folio 9480m c\u0169 Core i5 4300U | M\u00e1y t\u00ednh x\u00e1ch tay m\u1edbi 99% gi\u00e1 si\u00eau r\u1ebb - T\u1ed5ng Kho Laptop\",\"isPartOf\":{\"@id\":\"https:\/\/tongkholaptop.vn\/#website\"},\"primaryImageOfPage\":{\"@id\":\"https:\/\/tongkholaptop.vn\/?product=laptop-hp-elitebook-folio-9480m-cu-core-i5-4300u-may-tinh-xach-tay-moi-99-gia-sieu-re#primaryimage\"},\"image\":{\"@id\":\"https:\/\/tongkholaptop.vn\/?product=laptop-hp-elitebook-folio-9480m-cu-core-i5-4300u-may-tinh-xach-tay-moi-99-gia-sieu-re#primaryimage\"},\"thumbnailUrl\":\"https:\/\/tongkholaptop.vn\/wp-content\/uploads\/2023\/09\/9480_5081ccfce53142cf9d969abc9de48d91_master.png\",\"datePublished\":\"2023-09-07T08:06:07+00:00\",\"dateModified\":\"2023-09-07T10:38:48+00:00\",\"breadcrumb\":{\"@id\":\"https:\/\/tongkholaptop.vn\/?product=laptop-hp-elitebook-folio-9480m-cu-core-i5-4300u-may-tinh-xach-tay-moi-99-gia-sieu-re#breadcrumb\"},\"inLanguage\":\"vi\",\"potentialAction\":[{\"@type\":\"ReadAction\",\"target\":[\"https:\/\/tongkholaptop.vn\/?product=laptop-hp-elitebook-folio-9480m-cu-core-i5-4300u-may-tinh-xach-tay-moi-99-gia-sieu-re\"]}]},{\"@type\":\"ImageObject\",\"inLanguage\":\"vi\",\"@id\":\"https:\/\/tongkholaptop.vn\/?product=laptop-hp-elitebook-folio-9480m-cu-core-i5-4300u-may-tinh-xach-tay-moi-99-gia-sieu-re#primaryimage\",\"url\":\"https:\/\/tongkholaptop.vn\/wp-content\/uploads\/2023\/09\/9480_5081ccfce53142cf9d969abc9de48d91_master.png\",\"contentUrl\":\"https:\/\/tongkholaptop.vn\/wp-content\/uploads\/2023\/09\/9480_5081ccfce53142cf9d969abc9de48d91_master.png\",\"width\":600,\"height\":600,\"caption\":\"Laptop HP Elitebook Folio 9480m c\u0169 Core i5 4300U | M\u00e1y t\u00ednh x\u00e1ch tay m\u1edbi 99% gi\u00e1 si\u00eau r\u1ebb\"},{\"@type\":\"BreadcrumbList\",\"@id\":\"https:\/\/tongkholaptop.vn\/?product=laptop-hp-elitebook-folio-9480m-cu-core-i5-4300u-may-tinh-xach-tay-moi-99-gia-sieu-re#breadcrumb\",\"itemListElement\":[{\"@type\":\"ListItem\",\"position\":1,\"name\":\"Trang ch\u1ee7\",\"item\":\"https:\/\/tongkholaptop.vn\/\"},{\"@type\":\"ListItem\",\"position\":2,\"name\":\"T\u1ea5t c\u1ea3 s\u1ea3n ph\u1ea9m\",\"item\":\"https:\/\/tongkholaptop.vn\/collections\/all\"},{\"@type\":\"ListItem\",\"position\":3,\"name\":\"Laptop HP Elitebook Folio 9480m c\u0169 Core i5 4300U | M\u00e1y t\u00ednh x\u00e1ch tay m\u1edbi 99% gi\u00e1 si\u00eau r\u1ebb\"}]},{\"@type\":\"WebSite\",\"@id\":\"https:\/\/tongkholaptop.vn\/#website\",\"url\":\"https:\/\/tongkholaptop.vn\/\",\"name\":\"T\u1ed5ng Kho Laptop\",\"description\":\"\",\"potentialAction\":[{\"@type\":\"SearchAction\",\"target\":{\"@type\":\"EntryPoint\",\"urlTemplate\":\"https:\/\/tongkholaptop.vn\/?s={search_term_string}\"},\"query-input\":{\"@type\":\"PropertyValueSpecification\",\"valueRequired\":true,\"valueName\":\"search_term_string\"}}],\"inLanguage\":\"vi\"}]}<\/script>\n<!-- \/ Yoast SEO plugin. -->","yoast_head_json":{"title":"Laptop HP Elitebook Folio 9480m c\u0169 Core i5 4300U | M\u00e1y t\u00ednh x\u00e1ch tay m\u1edbi 99% gi\u00e1 si\u00eau r\u1ebb - T\u1ed5ng Kho Laptop","robots":{"index":"index","follow":"follow","max-snippet":"max-snippet:-1","max-image-preview":"max-image-preview:large","max-video-preview":"max-video-preview:-1"},"canonical":"https:\/\/tongkholaptop.vn\/?product=laptop-hp-elitebook-folio-9480m-cu-core-i5-4300u-may-tinh-xach-tay-moi-99-gia-sieu-re","og_locale":"vi_VN","og_type":"article","og_title":"Laptop HP Elitebook Folio 9480m c\u0169 Core i5 4300U | M\u00e1y t\u00ednh x\u00e1ch tay m\u1edbi 99% gi\u00e1 si\u00eau r\u1ebb - T\u1ed5ng Kho Laptop","og_description":"CPU: Intel Core i5-4300URam: 4GB\u1ed4 C\u1ee9ng: SSD 128GBCard \u0110\u1ed3 H\u1ecda: Card onboard Intel HD 4400M\u00e0n h\u00ecnh: 14inchC\u00e2n n\u1eb7ng: 1,62kgT\u1eb7ng Full Combo b\u1ed9 qu\u00e0 Balo, Chu\u1ed9t kh\u00f4ng d\u00e2y, b\u00e0n di chu\u1ed9t... Cam k\u1ebft gi\u00e1 r\u1ebb v\u00f4 \u0111\u1ecbchB\u1ea3o H\u00e0nh: 1 \u0111\u1ed5i 1 trong v\u00f2ng 12 th\u00e1ng","og_url":"https:\/\/tongkholaptop.vn\/?product=laptop-hp-elitebook-folio-9480m-cu-core-i5-4300u-may-tinh-xach-tay-moi-99-gia-sieu-re","og_site_name":"T\u1ed5ng Kho Laptop","article_modified_time":"2023-09-07T10:38:48+00:00","og_image":[{"width":600,"height":600,"url":"https:\/\/tongkholaptop.vn\/wp-content\/uploads\/2023\/09\/9480_5081ccfce53142cf9d969abc9de48d91_master.png","type":"image\/png"}],"twitter_card":"summary_large_image","twitter_misc":{"\u01af\u1edbc t\u00ednh th\u1eddi gian \u0111\u1ecdc":"9 ph\u00fat"},"schema":{"@context":"https:\/\/schema.org","@graph":[{"@type":"WebPage","@id":"https:\/\/tongkholaptop.vn\/?product=laptop-hp-elitebook-folio-9480m-cu-core-i5-4300u-may-tinh-xach-tay-moi-99-gia-sieu-re","url":"https:\/\/tongkholaptop.vn\/?product=laptop-hp-elitebook-folio-9480m-cu-core-i5-4300u-may-tinh-xach-tay-moi-99-gia-sieu-re","name":"Laptop HP Elitebook Folio 9480m c\u0169 Core i5 4300U | M\u00e1y t\u00ednh x\u00e1ch tay m\u1edbi 99% gi\u00e1 si\u00eau r\u1ebb - T\u1ed5ng Kho Laptop","isPartOf":{"@id":"https:\/\/tongkholaptop.vn\/#website"},"primaryImageOfPage":{"@id":"https:\/\/tongkholaptop.vn\/?product=laptop-hp-elitebook-folio-9480m-cu-core-i5-4300u-may-tinh-xach-tay-moi-99-gia-sieu-re#primaryimage"},"image":{"@id":"https:\/\/tongkholaptop.vn\/?product=laptop-hp-elitebook-folio-9480m-cu-core-i5-4300u-may-tinh-xach-tay-moi-99-gia-sieu-re#primaryimage"},"thumbnailUrl":"https:\/\/tongkholaptop.vn\/wp-content\/uploads\/2023\/09\/9480_5081ccfce53142cf9d969abc9de48d91_master.png","datePublished":"2023-09-07T08:06:07+00:00","dateModified":"2023-09-07T10:38:48+00:00","breadcrumb":{"@id":"https:\/\/tongkholaptop.vn\/?product=laptop-hp-elitebook-folio-9480m-cu-core-i5-4300u-may-tinh-xach-tay-moi-99-gia-sieu-re#breadcrumb"},"inLanguage":"vi","potentialAction":[{"@type":"ReadAction","target":["https:\/\/tongkholaptop.vn\/?product=laptop-hp-elitebook-folio-9480m-cu-core-i5-4300u-may-tinh-xach-tay-moi-99-gia-sieu-re"]}]},{"@type":"ImageObject","inLanguage":"vi","@id":"https:\/\/tongkholaptop.vn\/?product=laptop-hp-elitebook-folio-9480m-cu-core-i5-4300u-may-tinh-xach-tay-moi-99-gia-sieu-re#primaryimage","url":"https:\/\/tongkholaptop.vn\/wp-content\/uploads\/2023\/09\/9480_5081ccfce53142cf9d969abc9de48d91_master.png","contentUrl":"https:\/\/tongkholaptop.vn\/wp-content\/uploads\/2023\/09\/9480_5081ccfce53142cf9d969abc9de48d91_master.png","width":600,"height":600,"caption":"Laptop HP Elitebook Folio 9480m c\u0169 Core i5 4300U | M\u00e1y t\u00ednh x\u00e1ch tay m\u1edbi 99% gi\u00e1 si\u00eau r\u1ebb"},{"@type":"BreadcrumbList","@id":"https:\/\/tongkholaptop.vn\/?product=laptop-hp-elitebook-folio-9480m-cu-core-i5-4300u-may-tinh-xach-tay-moi-99-gia-sieu-re#breadcrumb","itemListElement":[{"@type":"ListItem","position":1,"name":"Trang ch\u1ee7","item":"https:\/\/tongkholaptop.vn\/"},{"@type":"ListItem","position":2,"name":"T\u1ea5t c\u1ea3 s\u1ea3n ph\u1ea9m","item":"https:\/\/tongkholaptop.vn\/collections\/all"},{"@type":"ListItem","position":3,"name":"Laptop HP Elitebook Folio 9480m c\u0169 Core i5 4300U | M\u00e1y t\u00ednh x\u00e1ch tay m\u1edbi 99% gi\u00e1 si\u00eau r\u1ebb"}]},{"@type":"WebSite","@id":"https:\/\/tongkholaptop.vn\/#website","url":"https:\/\/tongkholaptop.vn\/","name":"T\u1ed5ng Kho Laptop","description":"","potentialAction":[{"@type":"SearchAction","target":{"@type":"EntryPoint","urlTemplate":"https:\/\/tongkholaptop.vn\/?s={search_term_string}"},"query-input":{"@type":"PropertyValueSpecification","valueRequired":true,"valueName":"search_term_string"}}],"inLanguage":"vi"}]}},"_links":{"self":[{"href":"https:\/\/tongkholaptop.vn\/index.php?rest_route=\/wp\/v2\/product\/1218"}],"collection":[{"href":"https:\/\/tongkholaptop.vn\/index.php?rest_route=\/wp\/v2\/product"}],"about":[{"href":"https:\/\/tongkholaptop.vn\/index.php?rest_route=\/wp\/v2\/types\/product"}],"replies":[{"embeddable":true,"href":"https:\/\/tongkholaptop.vn\/index.php?rest_route=%2Fwp%2Fv2%2Fcomments&post=1218"}],"wp:featuredmedia":[{"embeddable":true,"href":"https:\/\/tongkholaptop.vn\/index.php?rest_route=\/wp\/v2\/media\/1219"}],"wp:attachment":[{"href":"https:\/\/tongkholaptop.vn\/index.php?rest_route=%2Fwp%2Fv2%2Fmedia&parent=1218"}],"wp:term":[{"taxonomy":"thuong-hieu","embeddable":true,"href":"https:\/\/tongkholaptop.vn\/index.php?rest_route=%2Fwp%2Fv2%2Fthuong-hieu&post=1218"},{"taxonomy":"product_cat","embeddable":true,"href":"https:\/\/tongkholaptop.vn\/index.php?rest_route=%2Fwp%2Fv2%2Fproduct_cat&post=1218"},{"taxonomy":"product_tag","embeddable":true,"href":"https:\/\/tongkholaptop.vn\/index.php?rest_route=%2Fwp%2Fv2%2Fproduct_tag&post=1218"}],"curies":[{"name":"wp","href":"https:\/\/api.w.org\/{rel}","templated":true}]}}