{"id":1089,"date":"2023-09-07T08:02:46","date_gmt":"2023-09-07T08:02:46","guid":{"rendered":"https:\/\/tongkholaptop.vn\/sanpham\/hp-elitebook-folio-1040-g2-i5-5300u-8gb-ssd-256gb\/"},"modified":"2023-09-07T10:39:40","modified_gmt":"2023-09-07T10:39:40","slug":"hp-elitebook-folio-1040-g2-i5-5300u-8gb-ssd-256gb","status":"publish","type":"product","link":"https:\/\/tongkholaptop.vn\/?product=hp-elitebook-folio-1040-g2-i5-5300u-8gb-ssd-256gb","title":{"rendered":"HP EliteBook Folio 1040 G2\/ i5-5300U\/ 8GB\/ SSD 256GB"},"content":{"rendered":"<\/p>\n<div id=\"protab0\" class=\"pro-tabcontent\">\n<p><span style=\"font-size:15pt\"><strong>HP EliteBook Folio 1040 G2 &#8211; Thi\u1ebft k\u1ebf \u0111\u1eb9p, hi\u1ec7u n\u0103ng \u1ed5n \u0111\u1ecbnh, x\u1ee9ng t\u1ea7m doanh nh\u00e2n<\/strong><\/span><\/p>\n<p><span><strong>Thi\u1ebft k\u1ebf<\/strong><\/span><\/p>\n<p><span>M\u00e1y n\u1eb7ng 1,4kg k\u1ebft h\u1ee3p v\u1edbi b\u1ed9 khung m\u1ecfng v\u00e0 c\u00e1c g\u00f3c \u0111\u01b0\u1ee3c bo tr\u00f2n c\u1ee7a HP EliteBook 1040 G2 cho ph\u00e9p ng\u01b0\u1eddi d\u00f9ng c\u00f3 th\u1ec3 nh\u00e9t m\u00e1y v\u00e0o t\u00fai m\u1ed9t c\u00e1ch d\u1ec5 d\u00e0ng v\u00e0 mang theo b\u00ean m\u00ecnh trong c\u00e1c chuy\u1ebfn c\u00f4ng t\u00e1c d\u00e0i ng\u00e0y. <\/span><\/p>\n<p><span>V\u1ecf nh\u00f4m m\u00e0u x\u00e1m \u0111en c\u00f3 logo HP in \u1edf ch\u00ednh gi\u1eefa v\u00e0 vi\u1ec1n bezel b\u00ean d\u01b0\u1edbi m\u00e0n h\u00ecnh gi\u00fap cho m\u00e1y c\u00f3 v\u1ebb ngo\u00e0i th\u1ef1c s\u1ef1 sang tr\u1ecdng v\u00e0 l\u1ecbch l\u00e3m. N\u1ec1n b\u00e0n ph\u00edm c\u0169ng c\u00f3 m\u00e0u x\u00e1m \u0111en gi\u1ed1ng nh\u01b0 c\u1ee7a l\u1edbp v\u1ecf m\u00e1y gi\u00fap mang \u0111\u1ebfn v\u1ebb thu\u1ea7n nh\u1ea5t v\u1ec1 m\u00e0u s\u1eafc tr\u00ean thi\u1ebft b\u1ecb, \u0111\u01b0\u1ee3c b\u1ed1 tr\u00ed khoa h\u1ecdc v\u1edbi ph\u00eda tr\u00ean l\u00e0 h\u1ec7 th\u1ed1ng loa cao c\u1ea5p v\u00e0 n\u00fat ngu\u1ed3n \u1edf g\u00f3c tr\u00e1i, ph\u00eda d\u01b0\u1edbi l\u00e0 b\u00e0n r\u00ea chu\u1ed9t c\u1ea3m \u1ee9ng l\u1ef1c ForcePad \u0111\u1eb7t l\u1ec7ch tr\u00e1i v\u00e0 khe nh\u1eadn di\u1ec7n d\u1ea5u v\u00e2n tay n\u1eb1m \u1edf g\u00f3c ph\u1ea3i.<\/span><\/p>\n<p><img decoding=\"async\" src=\"https:\/\/tongkholaptop.vn\/wp-content\/uploads\/2023\/09\/1040g2i5-3.jpg\" title=\"1040g2i5-3\" srcset=\"https:\/\/tongkholaptop.vn\/wp-content\/uploads\/2023\/09\/1040g2i5-3-300x300.jpg 300w, https:\/\/tongkholaptop.vn\/wp-content\/uploads\/2023\/09\/1040g2i5-3-150x150.jpg 150w, https:\/\/tongkholaptop.vn\/wp-content\/uploads\/2023\/09\/1040g2i5-3-100x100.jpg 100w, https:\/\/tongkholaptop.vn\/wp-content\/uploads\/2023\/09\/1040g2i5-3.jpg 600w\"><\/p>\n<p><span>HP EliteBook Folio 1040 G2 s\u1edf h\u1eefu \u0111\u1ed9 b\u1ec1n kh\u00e1 \u1ea5n t\u01b0\u1ee3ng, v\u1edbi th\u00e2n m\u00e1y b\u1eb1ng h\u1ee3p kim n\u00f3 kh\u00f4ng nh\u1eefng nh\u1eb9, m\u00e0 c\u00f2n khi\u1ebfn n\u01b0\u1edbc kh\u00f3 c\u00f3 th\u1ec3 x\u00e2m nh\u1eadp. M\u00e1y \u0111\u00e1p \u1ee9ng \u0111\u01b0\u1ee3c \u0111\u1ed9 b\u1ec1n v\u1edbi ti\u00eau chu\u1ea9n 810G v\u1ec1 ch\u1ed1ng \u1ea9m m\u1ed1c v\u00e0 nhi\u1ec7t \u0111\u1ed9 cao. HP EliteBook Folio 1040 G2 s\u1ebd khi\u1ebfn b\u1ea1n ng\u1ea5t ng\u00e2y v\u1edbi thi\u1ebft k\u1ebf \u0111\u1eb9p, b\u1ec1n ch\u1eafc ch\u1eafn c\u1ee7a m\u00e1y.<\/span><\/p>\n<p>\u00a0<\/p>\n<p><span><strong>B\u1ea3o m\u1eadt<\/strong><\/span><\/p>\n<p><span>T\u00ednh n\u0103ng HP Sure Start cho ph\u00e9p m\u00e1y c\u00f3 kh\u1ea3 n\u0103ng t\u1ef1 b\u1ea3o v\u1ec7 kh\u1ecfi c\u00e1c cu\u1ed9c t\u1ea5n c\u00f4ng BIOS. Ngay sau khi ph\u00e1t hi\u1ec7n ra BIOS m\u00e1y b\u1ecb x\u00e2m nh\u1eadp, Sure Start s\u1ebd ti\u1ebfn h\u00e0nh ph\u1ee5c h\u1ed3i n\u00f3 v\u1edbi m\u1ed9t b\u1ea3n thi\u1ebft l\u1eadp s\u1ea1ch v\u00e0 an to\u00e0n, \u0111\u1ed3ng th\u1eddi ghi ch\u00e9p c\u00e1c l\u1ed7i m\u00e0 m\u00e1y ph\u00e1t hi\u1ec7n \u0111\u01b0\u1ee3c.<\/span><\/p>\n<p><span>HP EliteBook Folio 1040 G2 c\u0169ng cho ph\u00e9p ng\u01b0\u1eddi d\u00f9ng \u0111\u0103ng k\u00fd t\u1ed1i \u0111a l\u00ean t\u1edbi 10 m\u1eabu d\u1ea5u v\u00e2n tay cho m\u1ed7i username \u0111\u01b0\u1ee3c s\u1eed d\u1ee5ng. V\u1edbi 5 username, m\u1ed7i m\u00e1y \u0111\u01b0\u1ee3c \u0111\u0103ng k\u00fd t\u1ed1i \u0111a l\u00ean t\u1edbi 50 m\u1eabu v\u00e2n tay, \u0111\u1ea3m b\u1ea3o c\u00e1c ch\u1ebf \u0111\u1ed9 \u0111\u0103ng nh\u1eadp an to\u00e0n. T\u00ednh n\u0103ng nh\u1eadn di\u1ec7n d\u1ea5u v\u00e2n tay c\u00e0ng \u0111\u01b0\u1ee3c c\u1ea3i ti\u1ebfn th\u00ec ho\u1ea1t \u0111\u1ed9ng c\u1ee7a n\u00f3 c\u00e0ng nhanh nh\u1ea1y v\u00e0 ng\u01b0\u1eddi d\u00f9ng c\u00f3 th\u1ec3 m\u1edf kh\u00f3a m\u00e1y m\u1ed9t c\u00e1ch \u0111\u01a1n gi\u1ea3n v\u1edbi ch\u1ec9 m\u1ed9t c\u00fa l\u01b0\u1edbt ng\u00f3n tay. \u0110\u01b0\u01a1ng nhi\u00ean l\u00e0 \u0111\u1ed9 an to\u00e0n c\u1ee7a m\u00e1y khi \u0111\u01b0\u1ee3c b\u1ea3o m\u1eadt b\u1eb1ng t\u00ednh n\u0103ng n\u00e0y s\u1ebd \u0111\u01b0\u1ee3c \u0111\u1ea3m b\u1ea3o \u1edf m\u1ee9c cao v\u1edbi nhi\u1ec1u b\u01b0\u1edbc thi\u1ebft l\u1eadp. Ng\u01b0\u1eddi d\u00f9ng c\u00f3 th\u1ec3 ti\u1ebfn h\u00e0nh \u0111\u0103ng k\u00fd d\u1ea5u v\u00e2n tay v\u00e0 password theo c\u00e1c h\u01b0\u1edbng d\u1eabn c\u1ee5 th\u1ec3 trong ch\u01b0\u01a1ng tr\u00ecnh HP Client Security c\u1ee7a m\u00e1y.<\/span><\/p>\n<p><span>HP EliteBook Folio 1040 G2 c\u00f2n t\u00edch h\u1ee3p m\u1ed9t \u0111\u1ea7u \u0111\u1ecdc th\u1ebb th\u00f4ng minh h\u1ed7 tr\u1ee3 c\u00e1c ho\u1ea1t \u0111\u1ed9ng truy c\u1eadp th\u00f4ng qua m\u00e3 h\u00f3a. Trong khi \u0111\u00f3, bo m\u1ea1ch ch\u1ee7 c\u1ee7a m\u00e1y \u0111\u01b0\u1ee3c g\u1eafn m\u1ed9t vi m\u1ea1ch Trusted Platform Module (TMP 1.2\/2.0 compliant) \u0111\u1ea3m b\u1ea3o c\u00f4ng t\u00e1c l\u01b0u tr\u1eef d\u1eef li\u1ec7u an to\u00e0n h\u01a1n v\u1edbi vi\u1ec7c m\u00e3 h\u00f3a th\u00f4ng qua t\u1eeb kh\u00f3a, password v\u00e0 c\u00e1c ch\u1ee9ng nh\u1eadn. <\/span><\/p>\n<p>\u00a0<\/p>\n<p><span><strong>B\u00e0n ph\u00edm &#8211; Touchpad<\/strong><\/span><\/p>\n<p><span>HP EliteBook Folio 1040 G2 \u0111\u01b0\u1ee3c bi\u1ebft \u0111\u1ebfn v\u1edbi m\u1ed9t b\u00e0n ph\u00edm kh\u00e1 nh\u1ecf nh\u1eafn nh\u01b0ng r\u1ea5t khoa h\u1ecdc v\u1ec1 thi\u1ebft k\u1ebf, ph\u00eda tr\u00ean l\u00e0 h\u1ec7 th\u1ed1ng loa cao c\u1ea5p, b\u00ean tr\u00e1i l\u00e0 n\u00fat ngu\u1ed3n, \u1ea9n s\u00e2u trong \u0111\u00f3 l\u00e0 nh\u1eefng ph\u00edm cao su \u0111en v\u1edbi k\u00edch th\u01b0\u1edbc v\u1eeba ph\u1ea3i \u0111em l\u1ea1i \u0111\u1ed9 n\u1ea3y c\u1ea7n thi\u1ebft khi\u1ebfn b\u1ea1n c\u00f3 nh\u1eefng thao t\u00e1c x\u1eed l\u00fd c\u1ef1c t\u1ed1t khi nh\u1eadp d\u1eef li\u1ec7u, ch\u01a1i tr\u00f2 ch\u01a1i\u2026b\u00ean m\u00e1y.<\/span><\/p>\n<p><img decoding=\"async\" src=\"https:\/\/tongkholaptop.vn\/wp-content\/uploads\/2023\/09\/1040g2i5-4.jpg\" title=\"1040g2i5-4\" srcset=\"https:\/\/tongkholaptop.vn\/wp-content\/uploads\/2023\/09\/1040g2i5-4-300x300.jpg 300w, https:\/\/tongkholaptop.vn\/wp-content\/uploads\/2023\/09\/1040g2i5-4-150x150.jpg 150w, https:\/\/tongkholaptop.vn\/wp-content\/uploads\/2023\/09\/1040g2i5-4-100x100.jpg 100w, https:\/\/tongkholaptop.vn\/wp-content\/uploads\/2023\/09\/1040g2i5-4.jpg 600w\"><\/p>\n<p><span>Touchpad c\u1ee7a EliteBook Folio 1040 G2 \u0111\u01b0\u1ee3c thi\u1ebft k\u1ebf r\u1ed9ng r\u00e3i, l\u1ec7ch nh\u1eb9 v\u1ec1 b\u00ean tr\u00e1i m\u1ed9t ch\u00fat x\u00edu \u0111em l\u1ea1i cho b\u1ea1n s\u1ef1 thu\u1eadn ti\u1ec7n, s\u1ef1 m\u1ec1m m\u1ea1i v\u00e0 chu\u1ea9n x\u00e1c l\u00e0 \u0111i\u1ec1u b\u1ea1n c\u00f3 th\u1ec3 th\u1ea5y khi s\u1eed d\u1ee5ng. nh\u1eefng c\u00fa nh\u1ea5p chu\u1ed9t v\u1edbi \u0111\u1ed9 n\u1ea3y tay nh\u1eb9 nh\u00e0ng s\u1ebd khi\u1ebfn b\u1ea1n y\u00ean t\u00e2m h\u01a1n khi s\u1eed d\u1ee5ng.<\/span><\/p>\n<p>\u00a0<\/p>\n<p><span><strong>Hi\u1ec7u n\u0103ng<\/strong><\/span><\/p>\n<p><span>EliteBook Folio 1040 G2 l\u00e0 chi\u1ebfc Ultrabook c\u1ef1c k\u1ef3 m\u1ea1nh m\u1ebd \u0111\u00e1p \u1ee9ng cho nh\u1eefng doanh nh\u00e2n hay nh\u1eefng ng\u01b0\u1eddi c\u00f3 y\u00eau c\u1ea7u c\u00f4ng vi\u1ec7c cao. EliteBook Folio 1040 G2 \u0111\u01b0\u1ee3c bi\u1ebft \u0111\u1ebfn v\u1edbi b\u1ed9 vi x\u1eed l\u00fd Intel Core i5-5300U, dung l\u01b0\u1ee3ng RAM 8GB v\u00e0 \u1ed5 c\u1ee9ng SSD 240GB khi\u1ebfn b\u1ea1n c\u00f3 m\u1ed9t kh\u00f4ng gian l\u01b0u tr\u1eef m\u00eanh m\u00f4ng, ch\u01a1i game tho\u1ea3i m\u00e1i, l\u01b0u tr\u1eef \u1ea5n t\u01b0\u1ee3ng l\u00e0 \u0111i\u1ec1u m\u00e0 chi\u1ebfc m\u00e1y n\u00e0y c\u00f3 th\u1ec3 \u0111em t\u1edbi cho b\u1ea1n khi s\u1eed d\u1ee5ng.<\/span><\/p>\n<p><img decoding=\"async\" src=\"https:\/\/tongkholaptop.vn\/wp-content\/uploads\/2023\/09\/1040g2i5-5.jpg\" title=\"1040g2i5-5\" srcset=\"https:\/\/tongkholaptop.vn\/wp-content\/uploads\/2023\/09\/1040g2i5-5-300x300.jpg 300w, https:\/\/tongkholaptop.vn\/wp-content\/uploads\/2023\/09\/1040g2i5-5-150x150.jpg 150w, https:\/\/tongkholaptop.vn\/wp-content\/uploads\/2023\/09\/1040g2i5-5-100x100.jpg 100w, https:\/\/tongkholaptop.vn\/wp-content\/uploads\/2023\/09\/1040g2i5-5.jpg 600w\"><\/p>\n<p><span>Laptop EliteBook Folio 1040 G2 \u0111\u01b0\u1ee3c thi\u1ebft k\u1ebf v\u1edbi \u0111\u1ed3 h\u1ecda Intel HD Graphics 5500 cao c\u1ea5p c\u1ee7a m\u00ecnh, v\u1edbi nh\u1eefng tr\u00f2 ch\u01a1i \u0111\u1ed3 h\u1ecda cao hay nh\u1eefng ph\u1ea7n m\u1ec1m thi\u1ebft k\u1ebf chuy\u00ean d\u1ee5ng, \u00a0s\u1ebd \u0111em \u0111\u1ebfn b\u1ea1n nh\u1eefng gi\u00e2y ph\u00fat \u1ea5n t\u01b0\u1ee3ng v\u00e0 kh\u00f4ng th\u1ec3 tuy\u1ec7t v\u1eddi h\u01a1n.<\/span><\/p>\n<p>\u00a0<\/p>\n<p><span><strong>M\u00e0n h\u00ecnh<\/strong><\/span><\/p>\n<p><span>Laptop EliteBook Folio 1040 G2 \u0111\u01b0\u1ee3c bi\u1ebft \u0111\u1ebfn v\u1edbi m\u1ed9t m\u00e0n h\u00ecnh 14-inch xinh x\u1eafn, \u0111\u1ed9 ph\u00e2n gi\u1ea3i Full HD 1920&#215;1080 pixel khi\u1ebfn nh\u1eefng h\u00ecnh \u1ea3nh hi\u1ec7n n\u00ean kh\u00e1 t\u1ed1t. B\u1ea1n c\u00f3 th\u1ec3 \u0111\u1ecdc b\u00e1o, ch\u01a1i game hay so\u1ea1n th\u1ea3o v\u0103n b\u1ea3n v\u1edbi m\u00e1y v\u1edbi ch\u1ea5t l\u01b0\u1ee3ng h\u00ecnh \u1ea3nh t\u1ed1t nh\u1ea5t.<\/span><\/p>\n<p><span>HP EliteBook Folio 1040 G2 s\u1edf h\u1eefu m\u00e0n h\u00ecnh c\u00f3 \u0111\u1ed9 s\u00e1ng 264 nits, cao h\u01a1n kh\u00e1 nhi\u1ec1u chi\u1ebfc E7450 Latitude v\u00e0 Thinkpad T450s. V\u1edbi g\u00f3c nh\u00ecn r\u1ed9ng, \u0111\u1ed9 c\u00e2n b\u1eb1ng \u00e1nh s\u00e1ng cao, b\u1ea1n c\u00f3 th\u1ec3 c\u00f3 \u0111\u01b0\u1ee3c nh\u1eefng tr\u1ea3i nghi\u1ec7m tuy\u1ec7t v\u1eddi b\u00ean m\u00e1y khi s\u1eed d\u1ee5ng.<\/span><\/p>\n<p>\u00a0<\/p>\n<p><span><strong>C\u1ed5ng k\u1ebft n\u1ed1i<\/strong><\/span><\/p>\n<p><img decoding=\"async\" src=\"https:\/\/tongkholaptop.vn\/wp-content\/uploads\/2023\/09\/1040g2i5-6.jpg\" title=\"1040g2i5-6\" srcset=\"https:\/\/tongkholaptop.vn\/wp-content\/uploads\/2023\/09\/1040g2i5-6-300x300.jpg 300w, https:\/\/tongkholaptop.vn\/wp-content\/uploads\/2023\/09\/1040g2i5-6-150x150.jpg 150w, https:\/\/tongkholaptop.vn\/wp-content\/uploads\/2023\/09\/1040g2i5-6-100x100.jpg 100w, https:\/\/tongkholaptop.vn\/wp-content\/uploads\/2023\/09\/1040g2i5-6.jpg 600w\"><\/p>\n<p><img decoding=\"async\" src=\"https:\/\/tongkholaptop.vn\/wp-content\/uploads\/2023\/09\/1040g2i5-7.jpg\" title=\"1040g2i5-7\" srcset=\"https:\/\/tongkholaptop.vn\/wp-content\/uploads\/2023\/09\/1040g2i5-7-300x300.jpg 300w, https:\/\/tongkholaptop.vn\/wp-content\/uploads\/2023\/09\/1040g2i5-7-150x150.jpg 150w, https:\/\/tongkholaptop.vn\/wp-content\/uploads\/2023\/09\/1040g2i5-7-100x100.jpg 100w, https:\/\/tongkholaptop.vn\/wp-content\/uploads\/2023\/09\/1040g2i5-7.jpg 600w\"><\/p>\n<p><span>EliteBook Folio 1040 \u0111\u01b0\u1ee3c thi\u1ebft k\u1ebf v\u1edbi c\u1ed5ng c\u1eafm USB 3.0 b\u00ean tr\u00e1i th\u00e2n m\u00e1y, 2 khe c\u1eafm USB 3.0 b\u00ean ph\u1ea3i th\u00e2n m\u00e1y, m\u1ed9t c\u1ed5ng tai nghe, m\u1ed9t c\u1ed5ng DisplayPort khi\u1ebfn b\u1ea1n c\u00f3 th\u1ec3 k\u1ebft n\u1ed1i v\u1edbi c\u00e1c thi\u1ebft b\u1ecb ngo\u1ea1i vi b\u00ean ngo\u00e0i nh\u01b0 loa, TV, m\u00e1y chi\u1ebfu m\u1ed9t c\u00e1ch nhanh g\u1ecdn nh\u1ea5t.<\/span><\/p>\n<p>\u00a0<\/p>\n<p><span><strong>T\u1ed5ng k\u1ebft<\/strong><\/span><\/p>\n<p><span>\u0110i\u1ec3m m\u1ea1nh:<\/span><\/p>\n<p><span>&#8211; Thi\u1ebft k\u1ebf m\u1ecfng, th\u1eddi trang.<\/span><\/p>\n<p><span>&#8211; Th\u1eddi l\u01b0\u1ee3ng pin t\u1ed1t.<\/span><\/p>\n<p><span>&#8211; M\u00e0n h\u00ecnh s\u00e1ng.<\/span><\/p>\n<p><span>&#8211; Nhi\u1ec1u t\u00f9y ch\u1ecdn b\u1ea3o m\u1eadt m\u1ea1nh m\u1ebd.<\/span><\/p>\n<p>\u00a0<\/p>\n<p><span>\u0110i\u1ec3m y\u1ebfu:<\/span><\/p>\n<p><span>&#8211; Touchpad kh\u00f4ng c\u00f3 ph\u1ea3n h\u1ed3i l\u1ef1c.<\/span><\/p>\n<p><span>&#8211; Loa c\u00f3 ch\u1ea5t l\u01b0\u1ee3ng kh\u00f4ng cao.<\/span><\/p>\n<p><span>&#8211; Th\u00e2n m\u00e1y h\u01a1i n\u00f3ng khi ho\u1ea1t \u0111\u1ed9ng.<\/span><\/p>\n<p>\u00a0<\/p>\n<\/p>\n<\/div>\n","protected":false},"excerpt":{"rendered":"<div class=\"pro-short-desc\">\n<p><span>B\u1ed9 vi x\u1eed l\u00fd: Intel Core i5 5300U (2&#215;2.3 GHz Turbo Boost 2.9Ghz, 3M Cache)<\/span><\/p>\n<p><span>B\u1ed9 nh\u1edb trong: 8GB DDR3L<\/span><\/p>\n<p><span>\u1ed4 \u0111\u0129a c\u1ee9ng: SSD 256GB<\/span><\/p>\n<p><span>C\u1ea1c m\u00e0n hinh: Intel HD Graphics 5500<\/span><\/p>\n<p><span>M\u00e0n h\u00ecnh: 14 inch HD\u00a0<\/span><\/p>\n<p><span>Webcam: 1.3 Megapixels<\/span><\/p>\n<p><span>K\u1ebft n\u1ed1i: DisplayPort, USB 3.0, Card-Reader<\/span><\/p>\n<p><span>Th\u1eddi l\u01b0\u1ee3ng pin: 6 cells (s\u1eed d\u1ee5ng li\u00ean t\u1ee5c \u0111\u01b0\u1ee3c 3-4 gi\u1edd)<\/span><\/p>\n<p><span>Tr\u1ecdng l\u01b0\u1ee3ng: 1.4 kg<\/span><\/p>\n<p>T\u1eb7ng Full Combo b\u1ed9 qu\u00e0 Balo, Chu\u1ed9t kh\u00f4ng d\u00e2y, b\u00e0n di chu\u1ed9t&#8230; Cam k\u1ebft gi\u00e1 r\u1ebb v\u00f4 \u0111\u1ecbch<\/p>\n<p><span>B\u1ea3o H\u00e0nh: 1 \u0111\u1ed5i 1 trong v\u00f2ng 12 th\u00e1ng<\/span><\/p>\n<\/p>\n<\/div>\n","protected":false},"featured_media":1090,"comment_status":"open","ping_status":"closed","template":"","meta":[],"thuong-hieu":[],"product_cat":[25,27],"product_tag":[],"class_list":{"0":"post-1089","1":"product","2":"type-product","3":"status-publish","4":"has-post-thumbnail","6":"product_cat-laptop-hp","7":"product_cat-laptop-hp-cu-core-i5","9":"first","10":"instock","11":"sale","12":"taxable","13":"shipping-taxable","14":"purchasable","15":"product-type-simple"},"acf":[],"yoast_head":"<!-- This site is optimized with the Yoast SEO plugin v23.4 - https:\/\/yoast.com\/wordpress\/plugins\/seo\/ -->\n<title>HP EliteBook Folio 1040 G2\/ i5-5300U\/ 8GB\/ SSD 256GB - T\u1ed5ng Kho Laptop<\/title>\n<meta name=\"robots\" content=\"index, follow, max-snippet:-1, max-image-preview:large, max-video-preview:-1\" \/>\n<link rel=\"canonical\" href=\"https:\/\/tongkholaptop.vn\/?product=hp-elitebook-folio-1040-g2-i5-5300u-8gb-ssd-256gb\" \/>\n<meta property=\"og:locale\" content=\"vi_VN\" \/>\n<meta property=\"og:type\" content=\"article\" \/>\n<meta property=\"og:title\" content=\"HP EliteBook Folio 1040 G2\/ i5-5300U\/ 8GB\/ SSD 256GB - T\u1ed5ng Kho Laptop\" \/>\n<meta property=\"og:description\" content=\"B\u1ed9 vi x\u1eed l\u00fd: Intel Core i5 5300U (2x2.3 GHz Turbo Boost 2.9Ghz, 3M Cache)B\u1ed9 nh\u1edb trong: 8GB DDR3L\u1ed4 \u0111\u0129a c\u1ee9ng: SSD 256GBC\u1ea1c m\u00e0n hinh: Intel HD Graphics 5500M\u00e0n h\u00ecnh: 14 inch HD\u00a0Webcam: 1.3 MegapixelsK\u1ebft n\u1ed1i: DisplayPort, USB 3.0, Card-ReaderTh\u1eddi l\u01b0\u1ee3ng pin: 6 cells (s\u1eed d\u1ee5ng li\u00ean t\u1ee5c \u0111\u01b0\u1ee3c 3-4 gi\u1edd)Tr\u1ecdng l\u01b0\u1ee3ng: 1.4 kgT\u1eb7ng Full Combo b\u1ed9 qu\u00e0 Balo, Chu\u1ed9t kh\u00f4ng d\u00e2y, b\u00e0n di chu\u1ed9t... Cam k\u1ebft gi\u00e1 r\u1ebb v\u00f4 \u0111\u1ecbchB\u1ea3o H\u00e0nh: 1 \u0111\u1ed5i 1 trong v\u00f2ng 12 th\u00e1ng\" \/>\n<meta property=\"og:url\" content=\"https:\/\/tongkholaptop.vn\/?product=hp-elitebook-folio-1040-g2-i5-5300u-8gb-ssd-256gb\" \/>\n<meta property=\"og:site_name\" content=\"T\u1ed5ng Kho Laptop\" \/>\n<meta property=\"article:modified_time\" content=\"2023-09-07T10:39:40+00:00\" \/>\n<meta property=\"og:image\" content=\"https:\/\/tongkholaptop.vn\/wp-content\/uploads\/2023\/09\/hp-1040_a2e2dc9478024541af8d0799dd1a9ba1_master.jpg\" \/>\n\t<meta property=\"og:image:width\" content=\"600\" \/>\n\t<meta property=\"og:image:height\" content=\"600\" \/>\n\t<meta property=\"og:image:type\" content=\"image\/jpeg\" \/>\n<meta name=\"twitter:card\" content=\"summary_large_image\" \/>\n<meta name=\"twitter:label1\" content=\"\u01af\u1edbc t\u00ednh th\u1eddi gian \u0111\u1ecdc\" \/>\n\t<meta name=\"twitter:data1\" content=\"7 ph\u00fat\" \/>\n<script type=\"application\/ld+json\" class=\"yoast-schema-graph\">{\"@context\":\"https:\/\/schema.org\",\"@graph\":[{\"@type\":\"WebPage\",\"@id\":\"https:\/\/tongkholaptop.vn\/?product=hp-elitebook-folio-1040-g2-i5-5300u-8gb-ssd-256gb\",\"url\":\"https:\/\/tongkholaptop.vn\/?product=hp-elitebook-folio-1040-g2-i5-5300u-8gb-ssd-256gb\",\"name\":\"HP EliteBook Folio 1040 G2\/ i5-5300U\/ 8GB\/ SSD 256GB - T\u1ed5ng Kho Laptop\",\"isPartOf\":{\"@id\":\"https:\/\/tongkholaptop.vn\/#website\"},\"primaryImageOfPage\":{\"@id\":\"https:\/\/tongkholaptop.vn\/?product=hp-elitebook-folio-1040-g2-i5-5300u-8gb-ssd-256gb#primaryimage\"},\"image\":{\"@id\":\"https:\/\/tongkholaptop.vn\/?product=hp-elitebook-folio-1040-g2-i5-5300u-8gb-ssd-256gb#primaryimage\"},\"thumbnailUrl\":\"https:\/\/tongkholaptop.vn\/wp-content\/uploads\/2023\/09\/hp-1040_a2e2dc9478024541af8d0799dd1a9ba1_master.jpg\",\"datePublished\":\"2023-09-07T08:02:46+00:00\",\"dateModified\":\"2023-09-07T10:39:40+00:00\",\"breadcrumb\":{\"@id\":\"https:\/\/tongkholaptop.vn\/?product=hp-elitebook-folio-1040-g2-i5-5300u-8gb-ssd-256gb#breadcrumb\"},\"inLanguage\":\"vi\",\"potentialAction\":[{\"@type\":\"ReadAction\",\"target\":[\"https:\/\/tongkholaptop.vn\/?product=hp-elitebook-folio-1040-g2-i5-5300u-8gb-ssd-256gb\"]}]},{\"@type\":\"ImageObject\",\"inLanguage\":\"vi\",\"@id\":\"https:\/\/tongkholaptop.vn\/?product=hp-elitebook-folio-1040-g2-i5-5300u-8gb-ssd-256gb#primaryimage\",\"url\":\"https:\/\/tongkholaptop.vn\/wp-content\/uploads\/2023\/09\/hp-1040_a2e2dc9478024541af8d0799dd1a9ba1_master.jpg\",\"contentUrl\":\"https:\/\/tongkholaptop.vn\/wp-content\/uploads\/2023\/09\/hp-1040_a2e2dc9478024541af8d0799dd1a9ba1_master.jpg\",\"width\":600,\"height\":600,\"caption\":\"HP EliteBook Folio 1040 G2\/ i5-5300U\/ 8GB\/ SSD 256GB\"},{\"@type\":\"BreadcrumbList\",\"@id\":\"https:\/\/tongkholaptop.vn\/?product=hp-elitebook-folio-1040-g2-i5-5300u-8gb-ssd-256gb#breadcrumb\",\"itemListElement\":[{\"@type\":\"ListItem\",\"position\":1,\"name\":\"Trang ch\u1ee7\",\"item\":\"https:\/\/tongkholaptop.vn\/\"},{\"@type\":\"ListItem\",\"position\":2,\"name\":\"T\u1ea5t c\u1ea3 s\u1ea3n ph\u1ea9m\",\"item\":\"https:\/\/tongkholaptop.vn\/collections\/all\"},{\"@type\":\"ListItem\",\"position\":3,\"name\":\"HP EliteBook Folio 1040 G2\/ i5-5300U\/ 8GB\/ SSD 256GB\"}]},{\"@type\":\"WebSite\",\"@id\":\"https:\/\/tongkholaptop.vn\/#website\",\"url\":\"https:\/\/tongkholaptop.vn\/\",\"name\":\"T\u1ed5ng Kho Laptop\",\"description\":\"\",\"potentialAction\":[{\"@type\":\"SearchAction\",\"target\":{\"@type\":\"EntryPoint\",\"urlTemplate\":\"https:\/\/tongkholaptop.vn\/?s={search_term_string}\"},\"query-input\":{\"@type\":\"PropertyValueSpecification\",\"valueRequired\":true,\"valueName\":\"search_term_string\"}}],\"inLanguage\":\"vi\"}]}<\/script>\n<!-- \/ Yoast SEO plugin. -->","yoast_head_json":{"title":"HP EliteBook Folio 1040 G2\/ i5-5300U\/ 8GB\/ SSD 256GB - T\u1ed5ng Kho Laptop","robots":{"index":"index","follow":"follow","max-snippet":"max-snippet:-1","max-image-preview":"max-image-preview:large","max-video-preview":"max-video-preview:-1"},"canonical":"https:\/\/tongkholaptop.vn\/?product=hp-elitebook-folio-1040-g2-i5-5300u-8gb-ssd-256gb","og_locale":"vi_VN","og_type":"article","og_title":"HP EliteBook Folio 1040 G2\/ i5-5300U\/ 8GB\/ SSD 256GB - T\u1ed5ng Kho Laptop","og_description":"B\u1ed9 vi x\u1eed l\u00fd: Intel Core i5 5300U (2x2.3 GHz Turbo Boost 2.9Ghz, 3M Cache)B\u1ed9 nh\u1edb trong: 8GB DDR3L\u1ed4 \u0111\u0129a c\u1ee9ng: SSD 256GBC\u1ea1c m\u00e0n hinh: Intel HD Graphics 5500M\u00e0n h\u00ecnh: 14 inch HD\u00a0Webcam: 1.3 MegapixelsK\u1ebft n\u1ed1i: DisplayPort, USB 3.0, Card-ReaderTh\u1eddi l\u01b0\u1ee3ng pin: 6 cells (s\u1eed d\u1ee5ng li\u00ean t\u1ee5c \u0111\u01b0\u1ee3c 3-4 gi\u1edd)Tr\u1ecdng l\u01b0\u1ee3ng: 1.4 kgT\u1eb7ng Full Combo b\u1ed9 qu\u00e0 Balo, Chu\u1ed9t kh\u00f4ng d\u00e2y, b\u00e0n di chu\u1ed9t... Cam k\u1ebft gi\u00e1 r\u1ebb v\u00f4 \u0111\u1ecbchB\u1ea3o H\u00e0nh: 1 \u0111\u1ed5i 1 trong v\u00f2ng 12 th\u00e1ng","og_url":"https:\/\/tongkholaptop.vn\/?product=hp-elitebook-folio-1040-g2-i5-5300u-8gb-ssd-256gb","og_site_name":"T\u1ed5ng Kho Laptop","article_modified_time":"2023-09-07T10:39:40+00:00","og_image":[{"width":600,"height":600,"url":"https:\/\/tongkholaptop.vn\/wp-content\/uploads\/2023\/09\/hp-1040_a2e2dc9478024541af8d0799dd1a9ba1_master.jpg","type":"image\/jpeg"}],"twitter_card":"summary_large_image","twitter_misc":{"\u01af\u1edbc t\u00ednh th\u1eddi gian \u0111\u1ecdc":"7 ph\u00fat"},"schema":{"@context":"https:\/\/schema.org","@graph":[{"@type":"WebPage","@id":"https:\/\/tongkholaptop.vn\/?product=hp-elitebook-folio-1040-g2-i5-5300u-8gb-ssd-256gb","url":"https:\/\/tongkholaptop.vn\/?product=hp-elitebook-folio-1040-g2-i5-5300u-8gb-ssd-256gb","name":"HP EliteBook Folio 1040 G2\/ i5-5300U\/ 8GB\/ SSD 256GB - T\u1ed5ng Kho Laptop","isPartOf":{"@id":"https:\/\/tongkholaptop.vn\/#website"},"primaryImageOfPage":{"@id":"https:\/\/tongkholaptop.vn\/?product=hp-elitebook-folio-1040-g2-i5-5300u-8gb-ssd-256gb#primaryimage"},"image":{"@id":"https:\/\/tongkholaptop.vn\/?product=hp-elitebook-folio-1040-g2-i5-5300u-8gb-ssd-256gb#primaryimage"},"thumbnailUrl":"https:\/\/tongkholaptop.vn\/wp-content\/uploads\/2023\/09\/hp-1040_a2e2dc9478024541af8d0799dd1a9ba1_master.jpg","datePublished":"2023-09-07T08:02:46+00:00","dateModified":"2023-09-07T10:39:40+00:00","breadcrumb":{"@id":"https:\/\/tongkholaptop.vn\/?product=hp-elitebook-folio-1040-g2-i5-5300u-8gb-ssd-256gb#breadcrumb"},"inLanguage":"vi","potentialAction":[{"@type":"ReadAction","target":["https:\/\/tongkholaptop.vn\/?product=hp-elitebook-folio-1040-g2-i5-5300u-8gb-ssd-256gb"]}]},{"@type":"ImageObject","inLanguage":"vi","@id":"https:\/\/tongkholaptop.vn\/?product=hp-elitebook-folio-1040-g2-i5-5300u-8gb-ssd-256gb#primaryimage","url":"https:\/\/tongkholaptop.vn\/wp-content\/uploads\/2023\/09\/hp-1040_a2e2dc9478024541af8d0799dd1a9ba1_master.jpg","contentUrl":"https:\/\/tongkholaptop.vn\/wp-content\/uploads\/2023\/09\/hp-1040_a2e2dc9478024541af8d0799dd1a9ba1_master.jpg","width":600,"height":600,"caption":"HP EliteBook Folio 1040 G2\/ i5-5300U\/ 8GB\/ SSD 256GB"},{"@type":"BreadcrumbList","@id":"https:\/\/tongkholaptop.vn\/?product=hp-elitebook-folio-1040-g2-i5-5300u-8gb-ssd-256gb#breadcrumb","itemListElement":[{"@type":"ListItem","position":1,"name":"Trang ch\u1ee7","item":"https:\/\/tongkholaptop.vn\/"},{"@type":"ListItem","position":2,"name":"T\u1ea5t c\u1ea3 s\u1ea3n ph\u1ea9m","item":"https:\/\/tongkholaptop.vn\/collections\/all"},{"@type":"ListItem","position":3,"name":"HP EliteBook Folio 1040 G2\/ i5-5300U\/ 8GB\/ SSD 256GB"}]},{"@type":"WebSite","@id":"https:\/\/tongkholaptop.vn\/#website","url":"https:\/\/tongkholaptop.vn\/","name":"T\u1ed5ng Kho Laptop","description":"","potentialAction":[{"@type":"SearchAction","target":{"@type":"EntryPoint","urlTemplate":"https:\/\/tongkholaptop.vn\/?s={search_term_string}"},"query-input":{"@type":"PropertyValueSpecification","valueRequired":true,"valueName":"search_term_string"}}],"inLanguage":"vi"}]}},"_links":{"self":[{"href":"https:\/\/tongkholaptop.vn\/index.php?rest_route=\/wp\/v2\/product\/1089"}],"collection":[{"href":"https:\/\/tongkholaptop.vn\/index.php?rest_route=\/wp\/v2\/product"}],"about":[{"href":"https:\/\/tongkholaptop.vn\/index.php?rest_route=\/wp\/v2\/types\/product"}],"replies":[{"embeddable":true,"href":"https:\/\/tongkholaptop.vn\/index.php?rest_route=%2Fwp%2Fv2%2Fcomments&post=1089"}],"wp:featuredmedia":[{"embeddable":true,"href":"https:\/\/tongkholaptop.vn\/index.php?rest_route=\/wp\/v2\/media\/1090"}],"wp:attachment":[{"href":"https:\/\/tongkholaptop.vn\/index.php?rest_route=%2Fwp%2Fv2%2Fmedia&parent=1089"}],"wp:term":[{"taxonomy":"thuong-hieu","embeddable":true,"href":"https:\/\/tongkholaptop.vn\/index.php?rest_route=%2Fwp%2Fv2%2Fthuong-hieu&post=1089"},{"taxonomy":"product_cat","embeddable":true,"href":"https:\/\/tongkholaptop.vn\/index.php?rest_route=%2Fwp%2Fv2%2Fproduct_cat&post=1089"},{"taxonomy":"product_tag","embeddable":true,"href":"https:\/\/tongkholaptop.vn\/index.php?rest_route=%2Fwp%2Fv2%2Fproduct_tag&post=1089"}],"curies":[{"name":"wp","href":"https:\/\/api.w.org\/{rel}","templated":true}]}}