{"id":1063,"date":"2023-09-07T08:01:58","date_gmt":"2023-09-07T08:01:58","guid":{"rendered":"https:\/\/tongkholaptop.vn\/sanpham\/hp-elitebook-840-g2-core-i5-ram-4gb-ssd-128gb\/"},"modified":"2023-09-07T11:10:01","modified_gmt":"2023-09-07T11:10:01","slug":"hp-elitebook-840-g2-core-i5-ram-4gb-ssd-128gb","status":"publish","type":"product","link":"https:\/\/tongkholaptop.vn\/?product=hp-elitebook-840-g2-core-i5-ram-4gb-ssd-128gb","title":{"rendered":"HP EliteBook 840 G2 Core i5\/RAM 4GB\/ SSD 128GB"},"content":{"rendered":"<\/p>\n<div id=\"protab0\" class=\"pro-tabcontent\">\n<p style=\"text-align: center;\"><span style=\"font-size: 15pt;\"><strong>HP EliteBook 840 G2<\/strong>\u00a0&#8211;\u00a0<strong>Laptop \u0111\u1eb3ng c\u1ea5p doanh nh\u00e2n<\/strong><\/span><span style=\"font-size: 15pt;\"><strong><\/strong><\/span><\/p>\n<p><span>HP EliteBook 840 G2 l\u00e0 d\u00f2ng m\u00e1y t\u00ednh x\u00e1ch tay cho doanh nh\u00e2n, c\u00f3 thi\u1ebft k\u1ebf c\u1ee9ng c\u00e1p c\u00f9ng v\u1edbi m\u00e0n h\u00ecnh 14 inch cho \u0111\u1ed9 s\u00e1ng t\u1ed1t, c\u1ed5ng k\u1ebft n\u1ed1i \u0111a d\u1ea1ng, c\u1ea5u h\u00ecnh cho hi\u1ec7u su\u1ea5t t\u1ed1t gi\u00fap ng\u01b0\u1eddi d\u00f9ng d\u1ec5 d\u00e0ng l\u00e0m vi\u1ec7c v\u00e0 h\u1ecdc t\u1eadp h\u01a1n.<\/span><\/p>\n<p><span><strong>Thi\u1ebft k\u1ebf<\/strong><\/span><\/p>\n<p><span>Chi\u1ebfc HP EliteBook 840 G2 m\u00e1y t\u00ednh x\u00e1ch tay m\u1ecfng v\u00e0 nh\u1eb9. M\u1eb7c d\u00f9 c\u00f3 k\u00edch th\u01b0\u1edbc nh\u1ecf g\u1ecdn nh\u01b0ng m\u00e1y c\u00f3 ph\u1ea7n khung v\u00f4 c\u00f9ng c\u1ee9ng c\u00e1p v\u1ecf nhung sang tr\u1ecdng \u0111\u1eb3ng c\u1ea5p. Th\u00e2n d\u01b0\u1edbi c\u1ee7a m\u00e1y \u0111\u01b0\u1ee3c l\u00e0m t\u1eeb ch\u1ea5t li\u1ec7u magie, l\u00e0m t\u0103ng th\u00eam s\u1ef1 ch\u1eafc ch\u1eafn cho m\u00e1y. V\u1edbi k\u00edch c\u1ee1 37,5 x 25,4 x 2,13 cm v\u00e0 c\u00e2n n\u1eb7ng ch\u1ec9 1.7kg, c\u1ef1c ti\u1ec7n l\u1ee3i cho c\u00e1c chuy\u1ebfn c\u00f4ng t\u00e1c, c\u00e1c doanh nh\u00e2n c\u1ea7n di chuy\u1ec3n li\u00ean t\u1ee5c.<\/span><\/p>\n<p><span>EliteBook 840 G2 \u0111\u1ea1t \u0111\u01b0\u1ee3c ti\u00eau chu\u1ea9n c\u1ee7a qu\u00e2n \u0111\u1ed9i M\u1ef9 cho n\u00ean ch\u1ecbu \u0111\u01b0\u1ee3c va \u0111\u1eadp r\u1ea5t t\u1ed1t, \u0111\u1ed3ng th\u1eddi n\u00f3 c\u0169ng ch\u1ecbu \u0111\u01b0\u1ee3c nhi\u1ec7t \u0111\u1ed9 kh\u1eafc nghi\u1ec7t, \u00e1p su\u1ea5t cao, ch\u1ed1ng r\u01a1i, ch\u1ed1ng va \u0111\u1eadp v\u00e0 ch\u1ed1ng \u1ea9m t\u1ed1t h\u01a1n r\u1ea5t nhi\u1ec1u so v\u1edbi nh\u1eefng chi\u1ebfc laptop th\u00f4ng th\u01b0\u1eddng.<\/span><\/p>\n<p><span><strong>M\u00e0n h\u00ecnh<\/strong><\/span><\/p>\n<p><span>HP EliteBook 840 G2 \u0111\u01b0\u1ee3c trang b\u1ecb m\u00e0n h\u00ecnh 14 inch s\u1ebd kh\u00f4ng l\u00e0m b\u1ea1n th\u1ea5t v\u1ecdng v\u1edbi m\u00e0n h\u00ecnh hi\u1ec3n th\u1ecb \u0111\u1ed9 ph\u00e2n gi\u1ea3i HD(1366&#215;768) mang \u0111\u1ebfn cho b\u1ea1n h\u00ecnh \u1ea3nh s\u1eafc n\u00e9t t\u01b0\u01a1i s\u00e1ng v\u1edbi g\u00f3c nh\u00ecn to\u00e0n di\u1ec7n xu\u1ea5t s\u1eafc. M\u00e0n h\u00ecnh hi\u1ec3n th\u1ecb r\u1ea5t \u0111\u1eb9p khi xem c\u00e1c b\u1ed9 phim HD, ph\u00f9 h\u1ee3p v\u1edbi c\u00e1c b\u00e0i thuy\u1ebft tr\u00ecnh kinh doanh ho\u1eb7c c\u00e1c \u1ee9ng d\u1ee5ng \u0111\u1ed3 h\u1ecda ho\u1eb7c ch\u01b0\u01a1ng tr\u00ecnh ch\u1ec9nh s\u1eeda video.<\/span><\/p>\n<p><span>M\u00e0n h\u00ecnh HP EliteBook 840 G2 c\u0169ng \u0111\u01b0\u1ee3c t\u00edch h\u1ee3p t\u1ea5m n\u1ec1n ch\u1ed1ng ch\u00f3i, gi\u00fap vi\u1ec7c s\u1eed d\u1ee5ng ngo\u00e0i tr\u1eddi thu\u1eadn ti\u1ec7n h\u01a1n kh\u00f4ng b\u1ecb m\u1edd hay l\u00f3a khi quan s\u00e1t t\u1eeb m\u1ecdi ph\u00eda. \u0110\u1ed9 s\u00e1ng c\u1ee7a m\u00e0n h\u00ecnh c\u0169ng r\u1ea5t \u1ea5n t\u01b0\u1ee3ng: 300 lux \u1edf m\u1ee9c t\u1ed1i \u0111a. M\u1ee9c trung b\u00ecnh c\u1ee7a ph\u00e2n kh\u00fac ch\u00ednh th\u1ed1ng l\u00e0 207 lux.<\/span><\/p>\n<p><span><strong>B\u00e0n ph\u00edm ch\u1ed1ng n\u01b0\u1edbc<\/strong><\/span><\/p>\n<p><span>840 G2 \u0111\u01b0\u1ee3c trang b\u1ecb b\u00e0n ph\u00edm c\u00f3 kh\u1ea3 n\u0103ng ch\u1ed1ng n\u01b0\u1edbc c\u00f9ng v\u1edbi h\u1ec7 th\u1ed1ng \u0111\u00e8n n\u1ec1n gi\u00fap b\u1ea1n c\u00f3 th\u1ec3 d\u1ec5 d\u00e0ng s\u1eed d\u1ee5ng b\u00e0n ph\u00edm trong m\u00f4i tr\u01b0\u1eddng thi\u1ebfu s\u00e1ng, khung b\u00e0n ph\u00edm ch\u1eafc ch\u1eafn v\u00e0 kh\u00f4ng b\u1ecb l\u00fan trong th\u1eddi gian d\u00e0i s\u1eed d\u1ee5ng. Ph\u00edm \u1ea5n nh\u1eb9 \u00eam mang l\u1ea1i c\u1ea3m gi\u00e1c tho\u1ea3i m\u00e1i khi \u0111\u00e1nh, t\u1ed1c \u0111\u1ed9 so\u1ea1n th\u1ea3o v\u0103n b\u1ea3n trong th\u1eed nghi\u1ec7m \u0111\u1ea1t 65 t\u1eeb, \u0111\u00e2y l\u00e0 ch\u1ec9 s\u1ed1 \u0111\u01b0\u1ee3c \u0111\u00e1nh gi\u00e1 cao so v\u1edbi chi\u1ebfc laptop ph\u1ee5c v\u1ee5 c\u00f4ng vi\u1ec7c.<\/span><\/p>\n<p><span><strong>C\u00e1c c\u1ed5ng v\u00e0 k\u1ebft n\u1ed1i<\/strong><\/span><\/p>\n<p><span>HP EliteBook 840 G2 \u0111\u01b0\u1ee3c trang b\u1ecb \u0111\u1ea7y \u0111\u1ee7 c\u00e1c c\u1ed5ng k\u1ebft n\u1ed1i th\u00f4ng d\u1ee5ng nh\u1ea5t hi\u1ec7n nay, ph\u1ee5c v\u1ee5 c\u00f4ng vi\u1ec7c c\u1ee7a b\u1ea1n tr\u1edf n\u00ean tr\u01a1n tru, ti\u1ec7n l\u1ee3i.<\/span><\/p>\n<p><span>Ph\u00eda b\u00ean ph\u1ea3i c\u1ee7a HP EliteBook 840 G2 c\u00f3 c\u1ed5ng DisplayPort, b\u00ean c\u1ea1nh \u0111\u00f3 l\u00e0 hai c\u1ed5ng USB 3.0, jack combo \u00e2m thanh v\u00e0 m\u1ed9t giao di\u1ec7n m\u1ea1ng RJ-45, c\u1ed5ng s\u1ea1c v\u00e0 docking k\u1ebft n\u1ed1i dock. C\u00e1c \u0111\u1ea7u \u0111\u1ecdc th\u1ebb (SD \/ SDHC \/ SDXC) c\u0169ng \u0111\u1eb7t \u1edf ph\u00eda b\u00ean ph\u1ea3i nh\u01b0ng \u1edf m\u1ed9t g\u00f3c xi\u00ean.<\/span><\/p>\n<p><span>Ph\u00eda b\u00ean tr\u00e1i c\u00f3 hai c\u1ed5ng USB 3.0, m\u1ed9t khe c\u1eafm th\u1ebb th\u00f4ng minh v\u00e0 m\u1ed9t kh\u00f3a Kensington. C\u00f2n c\u00f3 m\u1ed9t l\u1ed7 th\u00f4ng h\u01a1i m\u00e0 kh\u00ed n\u00f3ng b\u00ean trong tho\u00e1t ra ngo\u1ea1i.<\/span><\/p>\n<p><span><strong>C\u1ea5u h\u00ecnh<\/strong><\/span><\/p>\n<p><span>Chi\u1ebfc HP EliteBook 840 G2 \u0111\u01b0\u1ee3c trang b\u1ecb b\u1ed9 vi x\u1eed l\u00fd Core i5 5200U, \u0111\u00e2y l\u00e0 b\u1ed9 vi x\u1eed l\u00fd c\u00f3 m\u1ee9c ti\u00eau th\u1ee5 \u0111i\u1ec7n n\u0103ng th\u1ea5p gi\u00fap ti\u1ebft ki\u1ec7n \u0111i\u1ec7n n\u0103ng. V\u1edbi m\u1ed9t c\u1ea5u kh\u00e1 m\u1ea1nh Hp Elitebook 840 G2 gi\u00fap b\u1ea1n ch\u1ea1y nhi\u1ec1u \u1ee9ng d\u1ee5ng c\u00f9ng l\u00fac m\u01b0\u1ee3t m\u00e0 h\u01a1n.<\/span><\/p>\n<p><span>B\u1ed9 nh\u1edb RAM c\u00f3 dung l\u01b0\u1ee3ng\u00a08 GB chu\u1ea9n DDR3L-1600 MHz, v\u00e0 c\u00f3 c\u00e1c khe RAM tr\u1ed1ng c\u00f3 th\u1ec3 n\u00e2ng c\u1ea5p l\u00ean t\u1ed1i \u0111a 16GB. Ngo\u00e0i ra m\u00e1y c\u00f2n s\u1edf h\u1eefu \u1ed5 c\u1ee9ng SSD si\u00eau t\u1ed1c 128 GB, gi\u00fap c\u00e1c thao t\u00e1c l\u00e0m vi\u1ec7c c\u1ee7a b\u1ea1n tr\u1edf l\u00ean nhanh ch\u00f3ng, m\u01b0\u1ee3t m\u00e0. Tuy nhi\u00ean khi ng\u01b0\u1eddi d\u00f9ng 840 G2 ch\u01a1i nh\u1eefng g<\/span><span>ame hi\u1ec7n \u0111\u1ea1i ch\u1ec9 n\u00ean c\u00e0i \u0111\u1eb7t \u0111\u1ed3 h\u1ecda \u1edf m\u1ee9c trung b\u00ecnh l\u00e0 ph\u00f9 h\u1ee3p v\u00ec \u0111\u00e2y kh\u00f4ng ph\u1ea3i d\u00f2ng m\u00e1y th\u00edch h\u1ee3p cho vi\u1ec7c ch\u01a1i game.<\/span><\/p>\n<p><span><strong>K\u1ebft lu\u1eadn<\/strong><\/span><\/p>\n<p><span>N\u1ebfu b\u1ea1n c\u1ea7n mua m\u1eabu laptop v\u0103n ph\u00f2ng m\u1ecfng nh\u1eb9, c\u1ea5u h\u00ecnh \u1ed5n \u0111\u1ecbnh th\u00ec HP Elitebook 840 G2 th\u1ef1c s\u1ef1 l\u00e0 m\u1ed9t chi\u1ebfc laptop b\u1ea1n n\u00ean mua ngay t\u1ea1i th\u1eddi \u0111i\u1ec3m n\u00e0y nh\u1edd nh\u1eefng t\u00ednh n\u0103ng v\u01b0\u1ee3t tr\u1ed9i, thi\u1ebft k\u1ebf b\u1ec1n b\u1ec9, m\u00e0n h\u00ecnh s\u1eafc n\u00e9t, hi\u1ec7u su\u1ea5t l\u00e0m vi\u1ec7c tuy\u1ec7t v\u1eddi. 840 G2 s\u1ebd gi\u00fap cho c\u00f4ng vi\u1ec7c c\u1ee7a b\u1ea1n tr\u1edf n\u00ean nhanh ch\u00f3ng, tr\u01a1n tru, deadline kh\u00f4ng c\u00f2n l\u00e0 n\u1ed7i lo c\u1ee7a b\u1ea1n m\u1ed7i khi v\u00e0o l\u00e0m vi\u1ec7c n\u1eefa.<\/span><\/p>\n<\/p>\n<\/div>\n","protected":false},"excerpt":{"rendered":"<div class=\"pro-short-desc\">\n<p><span>&#8211;\u00a0<em>B\u1ed9 vi x\u1eed l\u00fd<\/em>: Intel Core i5-5200U 2.2 GHz<\/span><\/p>\n<p><span>&#8211;\u00a0<em>Card \u0111\u1ed3 h\u1ecda<\/em>: Intel HD Graphics 5500<\/span><\/p>\n<p><span>&#8211;\u00a0<em>B\u1ed9 nh\u1edb<\/em>: 4GB<\/span><\/p>\n<p><span>&#8211;\u00a0<em>M\u00e0n h\u00ecnh<\/em>: 14.0 inch HD<\/span><\/p>\n<p><span>&#8211;\u00a0<em>\u1ed4 c\u1ee9ng<\/em>: SSD 128GB<\/span><\/p>\n<p><span>&#8211;\u00a0<em>Tr\u1ecdng l\u01b0\u1ee3ng<\/em>: 1.7 kg<\/span><\/p>\n<p>T\u1eb7ng Full Combo b\u1ed9 qu\u00e0 Balo, Chu\u1ed9t kh\u00f4ng d\u00e2y, b\u00e0n di chu\u1ed9t&#8230; Cam k\u1ebft gi\u00e1 r\u1ebb v\u00f4 \u0111\u1ecbch<\/p>\n<p><span>B\u1ea3o H\u00e0nh: 1 \u0111\u1ed5i 1 trong v\u00f2ng 12 th\u00e1ng<\/span><\/p>\n<p><span><\/span>\n\t\t\t\t\t\t\t\t\t<\/p>\n<\/div>\n","protected":false},"featured_media":1064,"comment_status":"open","ping_status":"closed","template":"","meta":[],"thuong-hieu":[],"product_cat":[25,27],"product_tag":[],"class_list":{"0":"post-1063","1":"product","2":"type-product","3":"status-publish","4":"has-post-thumbnail","6":"product_cat-laptop-hp","7":"product_cat-laptop-hp-cu-core-i5","9":"first","10":"instock","11":"taxable","12":"shipping-taxable","13":"purchasable","14":"product-type-simple"},"acf":[],"yoast_head":"<!-- This site is optimized with the Yoast SEO plugin v23.4 - https:\/\/yoast.com\/wordpress\/plugins\/seo\/ -->\n<title>HP EliteBook 840 G2 Core i5\/RAM 4GB\/ SSD 128GB - T\u1ed5ng Kho Laptop<\/title>\n<meta name=\"robots\" content=\"index, follow, max-snippet:-1, max-image-preview:large, max-video-preview:-1\" \/>\n<link rel=\"canonical\" href=\"https:\/\/tongkholaptop.vn\/?product=hp-elitebook-840-g2-core-i5-ram-4gb-ssd-128gb\" \/>\n<meta property=\"og:locale\" content=\"vi_VN\" \/>\n<meta property=\"og:type\" content=\"article\" \/>\n<meta property=\"og:title\" content=\"HP EliteBook 840 G2 Core i5\/RAM 4GB\/ SSD 128GB - T\u1ed5ng Kho Laptop\" \/>\n<meta property=\"og:description\" content=\"-\u00a0B\u1ed9 vi x\u1eed l\u00fd: Intel Core i5-5200U 2.2 GHz-\u00a0Card \u0111\u1ed3 h\u1ecda: Intel HD Graphics 5500-\u00a0B\u1ed9 nh\u1edb: 4GB-\u00a0M\u00e0n h\u00ecnh: 14.0 inch HD-\u00a0\u1ed4 c\u1ee9ng: SSD 128GB-\u00a0Tr\u1ecdng l\u01b0\u1ee3ng: 1.7 kgT\u1eb7ng Full Combo b\u1ed9 qu\u00e0 Balo, Chu\u1ed9t kh\u00f4ng d\u00e2y, b\u00e0n di chu\u1ed9t... Cam k\u1ebft gi\u00e1 r\u1ebb v\u00f4 \u0111\u1ecbchB\u1ea3o H\u00e0nh: 1 \u0111\u1ed5i 1 trong v\u00f2ng 12 th\u00e1ng\" \/>\n<meta property=\"og:url\" content=\"https:\/\/tongkholaptop.vn\/?product=hp-elitebook-840-g2-core-i5-ram-4gb-ssd-128gb\" \/>\n<meta property=\"og:site_name\" content=\"T\u1ed5ng Kho Laptop\" \/>\n<meta property=\"article:modified_time\" content=\"2023-09-07T11:10:01+00:00\" \/>\n<meta property=\"og:image\" content=\"https:\/\/tongkholaptop.vn\/wp-content\/uploads\/2023\/09\/7277_may_tinh_xach_tay_hp_probook_450_g3_t1a15pa_66ca843b5f4245778ab6623c075bc4b8_master.jpg\" \/>\n\t<meta property=\"og:image:width\" content=\"1500\" \/>\n\t<meta property=\"og:image:height\" content=\"1500\" \/>\n\t<meta property=\"og:image:type\" content=\"image\/jpeg\" \/>\n<meta name=\"twitter:card\" content=\"summary_large_image\" \/>\n<meta name=\"twitter:label1\" content=\"\u01af\u1edbc t\u00ednh th\u1eddi gian \u0111\u1ecdc\" \/>\n\t<meta name=\"twitter:data1\" content=\"6 ph\u00fat\" \/>\n<script type=\"application\/ld+json\" class=\"yoast-schema-graph\">{\"@context\":\"https:\/\/schema.org\",\"@graph\":[{\"@type\":\"WebPage\",\"@id\":\"https:\/\/tongkholaptop.vn\/?product=hp-elitebook-840-g2-core-i5-ram-4gb-ssd-128gb\",\"url\":\"https:\/\/tongkholaptop.vn\/?product=hp-elitebook-840-g2-core-i5-ram-4gb-ssd-128gb\",\"name\":\"HP EliteBook 840 G2 Core i5\/RAM 4GB\/ SSD 128GB - T\u1ed5ng Kho Laptop\",\"isPartOf\":{\"@id\":\"https:\/\/tongkholaptop.vn\/#website\"},\"primaryImageOfPage\":{\"@id\":\"https:\/\/tongkholaptop.vn\/?product=hp-elitebook-840-g2-core-i5-ram-4gb-ssd-128gb#primaryimage\"},\"image\":{\"@id\":\"https:\/\/tongkholaptop.vn\/?product=hp-elitebook-840-g2-core-i5-ram-4gb-ssd-128gb#primaryimage\"},\"thumbnailUrl\":\"https:\/\/tongkholaptop.vn\/wp-content\/uploads\/2023\/09\/7277_may_tinh_xach_tay_hp_probook_450_g3_t1a15pa_66ca843b5f4245778ab6623c075bc4b8_master.jpg\",\"datePublished\":\"2023-09-07T08:01:58+00:00\",\"dateModified\":\"2023-09-07T11:10:01+00:00\",\"breadcrumb\":{\"@id\":\"https:\/\/tongkholaptop.vn\/?product=hp-elitebook-840-g2-core-i5-ram-4gb-ssd-128gb#breadcrumb\"},\"inLanguage\":\"vi\",\"potentialAction\":[{\"@type\":\"ReadAction\",\"target\":[\"https:\/\/tongkholaptop.vn\/?product=hp-elitebook-840-g2-core-i5-ram-4gb-ssd-128gb\"]}]},{\"@type\":\"ImageObject\",\"inLanguage\":\"vi\",\"@id\":\"https:\/\/tongkholaptop.vn\/?product=hp-elitebook-840-g2-core-i5-ram-4gb-ssd-128gb#primaryimage\",\"url\":\"https:\/\/tongkholaptop.vn\/wp-content\/uploads\/2023\/09\/7277_may_tinh_xach_tay_hp_probook_450_g3_t1a15pa_66ca843b5f4245778ab6623c075bc4b8_master.jpg\",\"contentUrl\":\"https:\/\/tongkholaptop.vn\/wp-content\/uploads\/2023\/09\/7277_may_tinh_xach_tay_hp_probook_450_g3_t1a15pa_66ca843b5f4245778ab6623c075bc4b8_master.jpg\",\"width\":1500,\"height\":1500,\"caption\":\"HP EliteBook 840 G2 Core i5\/RAM 4GB\/ SSD 128GB\"},{\"@type\":\"BreadcrumbList\",\"@id\":\"https:\/\/tongkholaptop.vn\/?product=hp-elitebook-840-g2-core-i5-ram-4gb-ssd-128gb#breadcrumb\",\"itemListElement\":[{\"@type\":\"ListItem\",\"position\":1,\"name\":\"Trang ch\u1ee7\",\"item\":\"https:\/\/tongkholaptop.vn\/\"},{\"@type\":\"ListItem\",\"position\":2,\"name\":\"T\u1ea5t c\u1ea3 s\u1ea3n ph\u1ea9m\",\"item\":\"https:\/\/tongkholaptop.vn\/collections\/all\"},{\"@type\":\"ListItem\",\"position\":3,\"name\":\"HP EliteBook 840 G2 Core i5\/RAM 4GB\/ SSD 128GB\"}]},{\"@type\":\"WebSite\",\"@id\":\"https:\/\/tongkholaptop.vn\/#website\",\"url\":\"https:\/\/tongkholaptop.vn\/\",\"name\":\"T\u1ed5ng Kho Laptop\",\"description\":\"\",\"potentialAction\":[{\"@type\":\"SearchAction\",\"target\":{\"@type\":\"EntryPoint\",\"urlTemplate\":\"https:\/\/tongkholaptop.vn\/?s={search_term_string}\"},\"query-input\":{\"@type\":\"PropertyValueSpecification\",\"valueRequired\":true,\"valueName\":\"search_term_string\"}}],\"inLanguage\":\"vi\"}]}<\/script>\n<!-- \/ Yoast SEO plugin. -->","yoast_head_json":{"title":"HP EliteBook 840 G2 Core i5\/RAM 4GB\/ SSD 128GB - T\u1ed5ng Kho Laptop","robots":{"index":"index","follow":"follow","max-snippet":"max-snippet:-1","max-image-preview":"max-image-preview:large","max-video-preview":"max-video-preview:-1"},"canonical":"https:\/\/tongkholaptop.vn\/?product=hp-elitebook-840-g2-core-i5-ram-4gb-ssd-128gb","og_locale":"vi_VN","og_type":"article","og_title":"HP EliteBook 840 G2 Core i5\/RAM 4GB\/ SSD 128GB - T\u1ed5ng Kho Laptop","og_description":"-\u00a0B\u1ed9 vi x\u1eed l\u00fd: Intel Core i5-5200U 2.2 GHz-\u00a0Card \u0111\u1ed3 h\u1ecda: Intel HD Graphics 5500-\u00a0B\u1ed9 nh\u1edb: 4GB-\u00a0M\u00e0n h\u00ecnh: 14.0 inch HD-\u00a0\u1ed4 c\u1ee9ng: SSD 128GB-\u00a0Tr\u1ecdng l\u01b0\u1ee3ng: 1.7 kgT\u1eb7ng Full Combo b\u1ed9 qu\u00e0 Balo, Chu\u1ed9t kh\u00f4ng d\u00e2y, b\u00e0n di chu\u1ed9t... Cam k\u1ebft gi\u00e1 r\u1ebb v\u00f4 \u0111\u1ecbchB\u1ea3o H\u00e0nh: 1 \u0111\u1ed5i 1 trong v\u00f2ng 12 th\u00e1ng","og_url":"https:\/\/tongkholaptop.vn\/?product=hp-elitebook-840-g2-core-i5-ram-4gb-ssd-128gb","og_site_name":"T\u1ed5ng Kho Laptop","article_modified_time":"2023-09-07T11:10:01+00:00","og_image":[{"width":1500,"height":1500,"url":"https:\/\/tongkholaptop.vn\/wp-content\/uploads\/2023\/09\/7277_may_tinh_xach_tay_hp_probook_450_g3_t1a15pa_66ca843b5f4245778ab6623c075bc4b8_master.jpg","type":"image\/jpeg"}],"twitter_card":"summary_large_image","twitter_misc":{"\u01af\u1edbc t\u00ednh th\u1eddi gian \u0111\u1ecdc":"6 ph\u00fat"},"schema":{"@context":"https:\/\/schema.org","@graph":[{"@type":"WebPage","@id":"https:\/\/tongkholaptop.vn\/?product=hp-elitebook-840-g2-core-i5-ram-4gb-ssd-128gb","url":"https:\/\/tongkholaptop.vn\/?product=hp-elitebook-840-g2-core-i5-ram-4gb-ssd-128gb","name":"HP EliteBook 840 G2 Core i5\/RAM 4GB\/ SSD 128GB - T\u1ed5ng Kho Laptop","isPartOf":{"@id":"https:\/\/tongkholaptop.vn\/#website"},"primaryImageOfPage":{"@id":"https:\/\/tongkholaptop.vn\/?product=hp-elitebook-840-g2-core-i5-ram-4gb-ssd-128gb#primaryimage"},"image":{"@id":"https:\/\/tongkholaptop.vn\/?product=hp-elitebook-840-g2-core-i5-ram-4gb-ssd-128gb#primaryimage"},"thumbnailUrl":"https:\/\/tongkholaptop.vn\/wp-content\/uploads\/2023\/09\/7277_may_tinh_xach_tay_hp_probook_450_g3_t1a15pa_66ca843b5f4245778ab6623c075bc4b8_master.jpg","datePublished":"2023-09-07T08:01:58+00:00","dateModified":"2023-09-07T11:10:01+00:00","breadcrumb":{"@id":"https:\/\/tongkholaptop.vn\/?product=hp-elitebook-840-g2-core-i5-ram-4gb-ssd-128gb#breadcrumb"},"inLanguage":"vi","potentialAction":[{"@type":"ReadAction","target":["https:\/\/tongkholaptop.vn\/?product=hp-elitebook-840-g2-core-i5-ram-4gb-ssd-128gb"]}]},{"@type":"ImageObject","inLanguage":"vi","@id":"https:\/\/tongkholaptop.vn\/?product=hp-elitebook-840-g2-core-i5-ram-4gb-ssd-128gb#primaryimage","url":"https:\/\/tongkholaptop.vn\/wp-content\/uploads\/2023\/09\/7277_may_tinh_xach_tay_hp_probook_450_g3_t1a15pa_66ca843b5f4245778ab6623c075bc4b8_master.jpg","contentUrl":"https:\/\/tongkholaptop.vn\/wp-content\/uploads\/2023\/09\/7277_may_tinh_xach_tay_hp_probook_450_g3_t1a15pa_66ca843b5f4245778ab6623c075bc4b8_master.jpg","width":1500,"height":1500,"caption":"HP EliteBook 840 G2 Core i5\/RAM 4GB\/ SSD 128GB"},{"@type":"BreadcrumbList","@id":"https:\/\/tongkholaptop.vn\/?product=hp-elitebook-840-g2-core-i5-ram-4gb-ssd-128gb#breadcrumb","itemListElement":[{"@type":"ListItem","position":1,"name":"Trang ch\u1ee7","item":"https:\/\/tongkholaptop.vn\/"},{"@type":"ListItem","position":2,"name":"T\u1ea5t c\u1ea3 s\u1ea3n ph\u1ea9m","item":"https:\/\/tongkholaptop.vn\/collections\/all"},{"@type":"ListItem","position":3,"name":"HP EliteBook 840 G2 Core i5\/RAM 4GB\/ SSD 128GB"}]},{"@type":"WebSite","@id":"https:\/\/tongkholaptop.vn\/#website","url":"https:\/\/tongkholaptop.vn\/","name":"T\u1ed5ng Kho Laptop","description":"","potentialAction":[{"@type":"SearchAction","target":{"@type":"EntryPoint","urlTemplate":"https:\/\/tongkholaptop.vn\/?s={search_term_string}"},"query-input":{"@type":"PropertyValueSpecification","valueRequired":true,"valueName":"search_term_string"}}],"inLanguage":"vi"}]}},"_links":{"self":[{"href":"https:\/\/tongkholaptop.vn\/index.php?rest_route=\/wp\/v2\/product\/1063"}],"collection":[{"href":"https:\/\/tongkholaptop.vn\/index.php?rest_route=\/wp\/v2\/product"}],"about":[{"href":"https:\/\/tongkholaptop.vn\/index.php?rest_route=\/wp\/v2\/types\/product"}],"replies":[{"embeddable":true,"href":"https:\/\/tongkholaptop.vn\/index.php?rest_route=%2Fwp%2Fv2%2Fcomments&post=1063"}],"wp:featuredmedia":[{"embeddable":true,"href":"https:\/\/tongkholaptop.vn\/index.php?rest_route=\/wp\/v2\/media\/1064"}],"wp:attachment":[{"href":"https:\/\/tongkholaptop.vn\/index.php?rest_route=%2Fwp%2Fv2%2Fmedia&parent=1063"}],"wp:term":[{"taxonomy":"thuong-hieu","embeddable":true,"href":"https:\/\/tongkholaptop.vn\/index.php?rest_route=%2Fwp%2Fv2%2Fthuong-hieu&post=1063"},{"taxonomy":"product_cat","embeddable":true,"href":"https:\/\/tongkholaptop.vn\/index.php?rest_route=%2Fwp%2Fv2%2Fproduct_cat&post=1063"},{"taxonomy":"product_tag","embeddable":true,"href":"https:\/\/tongkholaptop.vn\/index.php?rest_route=%2Fwp%2Fv2%2Fproduct_tag&post=1063"}],"curies":[{"name":"wp","href":"https:\/\/api.w.org\/{rel}","templated":true}]}}